{"id":3764,"date":"2023-10-31T16:32:14","date_gmt":"2023-10-31T08:32:14","guid":{"rendered":"http:\/\/www3.laiko.net\/?post_type=product&#038;p=3764"},"modified":"2023-10-31T16:36:18","modified_gmt":"2023-10-31T08:36:18","slug":"tri-pack","status":"publish","type":"product","link":"https:\/\/www.laiko.net\/fr\/produit\/tri-pack\/","title":{"rendered":"Tri Pack"},"content":{"rendered":"<h2>Param\u00e8tres du Tri Pack<\/h2>\n<div class=\"overflow_x\">\n<table>\n<tbody>\n<tr class=\"firstRow\">\n<td colspan=\"2\" height=\"14\">Taille en pouces<\/td>\n<td colspan=\"2\" height=\"14\">1<\/td>\n<td colspan=\"2\" height=\"14\">2<\/td>\n<td colspan=\"2\" height=\"14\">3 1\/2<\/td>\n<\/tr>\n<tr>\n<td colspan=\"2\" height=\"14\">Surface g\u00e9om\u00e9trique (ft2\/ft3)<\/td>\n<td colspan=\"2\" height=\"14\">85<\/td>\n<td colspan=\"2\" height=\"14\">48<\/td>\n<td colspan=\"2\" height=\"14\">38<\/td>\n<\/tr>\n<tr>\n<td colspan=\"2\" height=\"14\">Facteur d'emballage<\/td>\n<td colspan=\"2\" height=\"14\">28<\/td>\n<td colspan=\"2\" height=\"14\">16<\/td>\n<td colspan=\"2\" height=\"14\">12<\/td>\n<\/tr>\n<tr>\n<td colspan=\"2\" height=\"14\">Ration de vide (%)<\/td>\n<td colspan=\"2\" height=\"14\">90<\/td>\n<td colspan=\"2\" height=\"14\">93.5<\/td>\n<td colspan=\"2\" height=\"14\">95<\/td>\n<\/tr>\n<tr>\n<td colspan=\"2\" height=\"14\">Poids (lb\/ft3)<\/td>\n<td colspan=\"2\" height=\"14\">6.2<\/td>\n<td colspan=\"2\" height=\"14\">4.2<\/td>\n<td colspan=\"2\" height=\"14\">3.3<\/td>\n<\/tr>\n<tr>\n<td colspan=\"2\" height=\"14\">Nombre\/pi3<\/td>\n<td colspan=\"2\" height=\"14\">2300<\/td>\n<td colspan=\"2\" height=\"14\">380<\/td>\n<td colspan=\"2\" height=\"14\">48<\/td>\n<\/tr>\n<\/tbody>\n<\/table>\n<\/div>\n<h2>Avantages du Tri Pack<\/h2>\n<ul class=\"list-paddingleft-2\">\n<li>Efficacit\u00e9 \u00e9lev\u00e9e de l'\u00e9puration<\/li>\n<li>Profondeur totale minimale d'emballage requise<\/li>\n<li>Traitement de l'eau<\/li>\n<li>Transfert de chaleur<\/li>\n<\/ul>\n<h2>Caract\u00e9ristiques des tri packs jaeger<\/h2>\n<p>L'emballage de colonnes Tri-Pack pr\u00e9sente plusieurs avantages, notamment par rapport \u00e0 d'autres options. Les avantages du Tri-Pack sont les suivants<\/p>\n<ul class=\"list-paddingleft-2\">\n<li>Grande surface. Sa forme sph\u00e9rique offre un rapport surface\/vide plus efficace que celui d'un anneau pall\u00e9al, ce qui se traduit par une grande surface active.<\/li>\n<li>Perte de charge extr\u00eamement faible, distribution uniforme du gaz et du liquide. Des entretoises, des barres d'\u00e9gouttement et des nervures uniques permettent au garnissage de l'\u00e9purateur tri-pack de maintenir une distribution uniforme du liquide dans l'ensemble du lit. Cela permet d'obtenir une perte de charge extr\u00eamement faible et de maximiser la capacit\u00e9 de fonctionnement.<\/li>\n<li>Facile \u00e0 installer, \u00e9vite les embo\u00eetements et facilite la s\u00e9paration. Comme le tri-pack n'a pas de surfaces planes ou de petites ouvertures pour pi\u00e9ger les particules, il y a peu de nidification ou de tassement, ce qui facilite l'enl\u00e8vement et l'installation de cet emballage.<\/li>\n<li>Le tri-packing \u00e9vite les blocages par compression et les points secs qui provoquent des passages d'air et de liquide, ce qui est courant dans les packing plus traditionnels et r\u00e9duit l'efficacit\u00e9 du m\u00e9dia.<\/li>\n<li>L'emballage en tour Tri-Packs \u00e9limine \u00e9galement les flaques d'eau car il ne comporte ni coins ni vall\u00e9es et minimise le gaspillage de liquide qui s'\u00e9coule le long de la surface du mur.<\/li>\n<li>Les tri-packs ronds g\u00e9n\u00e8rent des donn\u00e9es de performance pr\u00e9visibles qui facilitent la conception des colonnes.<\/li>\n<\/ul>\n<h2>Mat\u00e9riaux disponibles pour la colonne tri-packs<\/h2>\n<h2>l'emballage comprend :<\/h2>\n<p>Polypropyl\u00e8ne (PP).<\/p>\n<p>Poly\u00e9thyl\u00e8ne (PE).<\/p>\n<p>Chlorure de polyvinyle (PVC).<\/p>\n<p>Chlorure de polyvinyle chlor\u00e9 (CPVC).<\/p>\n<p>Fluorure de polyvinylid\u00e8ne (PVDF).<\/p>\n<p>Polypropyl\u00e8ne renforc\u00e9 (RPP).<\/p>\n<h2>Applications du tri-pack en plastique<\/h2>\n<p>En tant que fabricant exp\u00e9riment\u00e9 de tri-packs, Naike Chemical propose des tri-packs couramment utilis\u00e9s dans les services et applications li\u00e9s \u00e0 la pollution de l'eau et de l'air. Par exemple, le lavage, la distillation, le d\u00e9capage, le traitement biologique, l'\u00e9limination des brouillards, la s\u00e9paration des gaz et des liquides et les tours de refroidissement.<\/p>","protected":false},"excerpt":{"rendered":"<p>Le garnissage de tour Tri Pack en plastique offre une surface de contact maximale entre le gaz et le liquide de lavage en facilitant la formation continue de gouttelettes dans l'ensemble du lit garni. Cela permet d'obtenir une grande efficacit\u00e9 de lavage et de minimiser la profondeur totale du garnissage n\u00e9cessaire.<\/p>\n<p>Le Tri-pack, \u00e9galement connu sous le nom de Hackectten packing, a \u00e9t\u00e9 d\u00e9velopp\u00e9 en 1978 par R.A.Jaeger. Le Tri-pack est compos\u00e9 de plusieurs branches de grille, en raison de la forme sph\u00e9rique unique, il est facile \u00e0 mouiller et \u00e0 former une membrane liquide sur la surface, r\u00e9duisant la r\u00e9sistance du flux d'air \u00e0 travers le corps du lit, particuli\u00e8rement adapt\u00e9 \u00e0 l'absorption de gaz, au dispositif d'\u00e9puration des gaz d'\u00e9chappement, permettant d'appliquer une faible charge de liquide.<\/p>","protected":false},"featured_media":1354,"template":"","meta":{"_seopress_robots_primary_cat":"","_monsterinsights_skip_tracking":false,"_monsterinsights_sitenote_active":false,"_monsterinsights_sitenote_note":"","_monsterinsights_sitenote_category":0,"_joinchat":[]},"product_cat":[104],"product_tag":[],"class_list":["post-3764","product","type-product","status-publish","has-post-thumbnail","hentry","product_cat-plastic-tower-packing"],"featured_image_urls":{"full":["https:\/\/www.laiko.net\/wp-content\/uploads\/2023\/10\/frc-a8ae794df32c6d8e3e0acf27f05aff56.jpg",600,350,false],"thumbnail":["https:\/\/www.laiko.net\/wp-content\/uploads\/2023\/10\/frc-a8ae794df32c6d8e3e0acf27f05aff56-150x150.jpg",150,150,true],"medium":["https:\/\/www.laiko.net\/wp-content\/uploads\/2023\/10\/frc-a8ae794df32c6d8e3e0acf27f05aff56-300x175.jpg",300,175,true],"medium_large":["https:\/\/www.laiko.net\/wp-content\/uploads\/2023\/10\/frc-a8ae794df32c6d8e3e0acf27f05aff56.jpg",600,350,false],"large":["https:\/\/www.laiko.net\/wp-content\/uploads\/2023\/10\/frc-a8ae794df32c6d8e3e0acf27f05aff56.jpg",600,350,false],"1536x1536":["https:\/\/www.laiko.net\/wp-content\/uploads\/2023\/10\/frc-a8ae794df32c6d8e3e0acf27f05aff56.jpg",600,350,false],"2048x2048":["https:\/\/www.laiko.net\/wp-content\/uploads\/2023\/10\/frc-a8ae794df32c6d8e3e0acf27f05aff56.jpg",600,350,false],"trp-custom-language-flag":["https:\/\/www.laiko.net\/wp-content\/uploads\/2023\/10\/frc-a8ae794df32c6d8e3e0acf27f05aff56.jpg",18,12,false],"woocommerce_thumbnail":["https:\/\/www.laiko.net\/wp-content\/uploads\/2023\/10\/frc-a8ae794df32c6d8e3e0acf27f05aff56-300x175.jpg",300,175,true],"woocommerce_single":["https:\/\/www.laiko.net\/wp-content\/uploads\/2023\/10\/frc-a8ae794df32c6d8e3e0acf27f05aff56.jpg",600,350,false],"woocommerce_gallery_thumbnail":["https:\/\/www.laiko.net\/wp-content\/uploads\/2023\/10\/frc-a8ae794df32c6d8e3e0acf27f05aff56-100x100.jpg",100,100,true]},"post_excerpt_stackable":"<p>Plastic Tri Pack tower packing provides maximum surface contact between the gas and the scrubbing liquid by facilitating continuous formation of droplets throughout the packed bed. This results in high scrubbing efficiency, and minimizes total packing depth required.<\/p>\n<p>Tri-pack is also known as Hackectten packing, was developed in 1978 by R.A.Jaeger. Tri-pack is composed of many branches of grille, because of the unique spherical shape, it is easy to be wetting and form a liquid membrane on the surface, reduce the resistance of the airflow through the bed body, especially suitable for gas absorption, exhaust gas purification device, \u00a0enable to apply at low liquid load<\/p>\n","category_list":"","author_info":{"name":"","url":""},"comments_num":"0 commentaire","_links":{"self":[{"href":"https:\/\/www.laiko.net\/fr\/wp-json\/wp\/v2\/product\/3764","targetHints":{"allow":["GET"]}}],"collection":[{"href":"https:\/\/www.laiko.net\/fr\/wp-json\/wp\/v2\/product"}],"about":[{"href":"https:\/\/www.laiko.net\/fr\/wp-json\/wp\/v2\/types\/product"}],"wp:featuredmedia":[{"embeddable":true,"href":"https:\/\/www.laiko.net\/fr\/wp-json\/wp\/v2\/media\/1354"}],"wp:attachment":[{"href":"https:\/\/www.laiko.net\/fr\/wp-json\/wp\/v2\/media?parent=3764"}],"wp:term":[{"taxonomy":"product_cat","embeddable":true,"href":"https:\/\/www.laiko.net\/fr\/wp-json\/wp\/v2\/product_cat?post=3764"},{"taxonomy":"product_tag","embeddable":true,"href":"https:\/\/www.laiko.net\/fr\/wp-json\/wp\/v2\/product_tag?post=3764"}],"curies":[{"name":"wp","href":"https:\/\/api.w.org\/{rel}","templated":true}]}}