{"id":3540,"date":"2023-10-28T15:45:12","date_gmt":"2023-10-28T07:45:12","guid":{"rendered":"http:\/\/www3.laiko.net\/?post_type=product&#038;p=3540"},"modified":"2023-10-31T16:55:47","modified_gmt":"2023-10-31T08:55:47","slug":"lanpack","status":"publish","type":"product","link":"https:\/\/www.laiko.net\/fr\/produit\/sac-a-dos\/","title":{"rendered":"Lanpack"},"content":{"rendered":"<h2>Param\u00e8tres de Lanpack<\/h2>\n<div class=\"overflow_x\">\n<table width=\"432\" cellspacing=\"0\" cellpadding=\"0\">\n<colgroup>\n<col span=\"6\" width=\"72\" \/><\/colgroup>\n<tbody>\n<tr class=\"firstRow\">\n<td width=\"72\" height=\"32\">Taille<\/td>\n<td width=\"72\">Surface<\/td>\n<td width=\"72\">Taux d'annulation<\/td>\n<td width=\"72\">Num\u00e9ro d'emballage<\/td>\n<td width=\"72\">Densit\u00e9 d'emballage<\/td>\n<td width=\"72\">Facteur d'emballage \u00e0 sec<\/td>\n<\/tr>\n<tr>\n<td width=\"72\" height=\"18\">mm<\/td>\n<td width=\"72\">m2\/m3<\/td>\n<td width=\"72\">%<\/td>\n<td width=\"72\">pi\u00e8ce\/m3<\/td>\n<td width=\"72\">k\/m3<\/td>\n<td width=\"72\">m-1<\/td>\n<\/tr>\n<tr>\n<td width=\"72\" height=\"18\">60<\/td>\n<td width=\"72\">222<\/td>\n<td width=\"72\">89<\/td>\n<td width=\"72\">7060<\/td>\n<td width=\"72\">84<\/td>\n<td width=\"72\">69<\/td>\n<\/tr>\n<tr>\n<td width=\"72\" height=\"18\">90<\/td>\n<td width=\"72\">144<\/td>\n<td width=\"72\">92.5<\/td>\n<td width=\"72\">1760<\/td>\n<td width=\"72\">56<\/td>\n<td width=\"72\">46<\/td>\n<\/tr>\n<\/tbody>\n<\/table>\n<\/div>\n<h2>Caract\u00e9ristiques de Lanpack<\/h2>\n<ul class=\"list-paddingleft-2\">\n<li>Capacit\u00e9 \u00e9lev\u00e9e de d\u00e9bit de gaz et de liquide<\/li>\n<li>Perte de charge extr\u00eamement faible<\/li>\n<li>Chargement \u00e9lev\u00e9 de liquides<\/li>\n<li>Efficacit\u00e9 de s\u00e9paration \u00e9lev\u00e9e<\/li>\n<li>Efficacit\u00e9 \u00e9lev\u00e9e du transfert de masse<\/li>\n<\/ul>\n<h2>Application de l'emballage Lanpac<\/h2>\n<p>Avant de comprendre l'application de l'emballage Lanpac, il convient tout d'abord de pr\u00e9senter bri\u00e8vement les avantages structurels de l'emballage Lanpac, ce qui facilitera la compr\u00e9hension de son application.<\/p>\n<p>La conception g\u00e9om\u00e9trique innovante de Lanpac Packing a une structure d'\u00e9coulement plus raisonnable, une faible chute de r\u00e9sistance, une forte capacit\u00e9 de traitement, un effet de transfert de masse \u00e9lev\u00e9, une grande \u00e9lasticit\u00e9 de la charge, une plus grande force de la structure de conception de l'emballage, une dur\u00e9e de vie plus longue, et le m\u00eame mat\u00e9riau pour maintenir l'emballage ne se d\u00e9forme pas la temp\u00e9rature d'application est plus \u00e9lev\u00e9e, la structure de forme lisse et le rapport de vide \u00e9lev\u00e9, a d'excellentes caract\u00e9ristiques anti-calcaire et anti-colmatage, am\u00e9liorant de mani\u00e8re significative la zone de contact gaz\/liquide \u00e9quivalente. Lanpac Packing a une conception unique qui permet un acc\u00e8s en surface aux liquides d'\u00e9chappement et de lavage. Le produit a une efficacit\u00e9 de purge tr\u00e8s \u00e9lev\u00e9e et s'est av\u00e9r\u00e9 \u00eatre un excellent garnissage de tour pour les applications avec des charges liquides \u00e9lev\u00e9es.<\/p>\n<p>Les principales applications de Lanpac Packing se situent dans les domaines suivants :<\/p>\n<p>1. Lanpac Packing est utilis\u00e9 dans les syst\u00e8mes d'absorption de r\u00e9g\u00e9n\u00e9ration d'acide des aci\u00e9ries, ainsi que dans les cuves de d\u00e9capage, les cuves d'\u00e9lectrolyse, les cuves de stockage et divers autres endroits sp\u00e9ciaux. Lanpac Packing est \u00e9galement largement utilis\u00e9 dans les industries chimiques, pharmaceutiques, alimentaires et de protection de l'environnement, notamment pour la purification en profondeur de l'eau potable, des eaux us\u00e9es, le traitement des gaz d'\u00e9chappement et l'extraction des m\u00e9taux pr\u00e9cieux, la r\u00e9cup\u00e9ration des solvants, etc.<\/p>\n<p>2. Lanpac Packing est \u00e9galement utilis\u00e9 dans l'extraction de gaz Tour de garnissage pour \u00e9liminer le PCE des eaux souterraines.<\/p>\n<p>3. Le garnissage Lanpac est utilis\u00e9 pour r\u00e9soudre le probl\u00e8me de la distillation m\u00e9thanol\/eau pour les fabricants de produits pharmaceutiques. Apr\u00e8s l'application du garnissage, le d\u00e9bit d'alimentation peut \u00eatre doubl\u00e9, la chute de pression est r\u00e9duite et l'efficacit\u00e9 du transfert de masse est am\u00e9lior\u00e9e ;<\/p>\n<p>4. Lanpac Packing est \u00e9galement utilis\u00e9 dans les papeteries pour augmenter le d\u00e9bit de gaz dans la tour de lavage de l'usine de p\u00e2te \u00e0 papier de 40%, ce qui permet de r\u00e9duire le colmatage.<\/p>\n<p><img decoding=\"async\" title=\"lanpac-emballage-en-transit.jpg\" src=\"https:\/\/laiko.net\/uploads\/image\/20220802\/lanpac-packing-in-transit.jpg\" alt=\"lanpac-emballage-en-transit.jpg\" \/><\/p>","protected":false},"excerpt":{"rendered":"<p>Emballage Lanpack en plastique L'emballage de la tour est la caract\u00e9ristique la plus distinctive. Cette conception permet d'obtenir une efficacit\u00e9 de lavage extraordinairement \u00e9lev\u00e9e tout en minimisant la quantit\u00e9 de m\u00e9dia et la profondeur de garnissage n\u00e9cessaires. Par ailleurs, l'espacement r\u00e9gulier des tiges permet d'\u00e9liminer en grande partie le colmatage. La distribution verticale descendante des tiges de chaque couche permet non seulement de briser les grosses gouttelettes, mais aussi de former de nombreuses zones de contact gaz-liquide. L'efficacit\u00e9 de la s\u00e9paration s'en trouve am\u00e9lior\u00e9e. Les emballages Lanpack en plastique sont largement utilis\u00e9s dans les laveurs humides et les \u00e9purateurs de gaz.<\/p>","protected":false},"featured_media":2518,"template":"","meta":{"_seopress_robots_primary_cat":"","_monsterinsights_skip_tracking":false,"_monsterinsights_sitenote_active":false,"_monsterinsights_sitenote_note":"","_monsterinsights_sitenote_category":0,"_joinchat":[]},"product_cat":[106,104],"product_tag":[],"class_list":["post-3540","product","type-product","status-publish","has-post-thumbnail","hentry","product_cat-lanpack","product_cat-plastic-tower-packing"],"featured_image_urls":{"full":["https:\/\/www.laiko.net\/wp-content\/uploads\/2023\/10\/frc-1c9593058c81c068e00c33cab25d2e42.jpg",600,350,false],"thumbnail":["https:\/\/www.laiko.net\/wp-content\/uploads\/2023\/10\/frc-1c9593058c81c068e00c33cab25d2e42-150x150.jpg",150,150,true],"medium":["https:\/\/www.laiko.net\/wp-content\/uploads\/2023\/10\/frc-1c9593058c81c068e00c33cab25d2e42-300x175.jpg",300,175,true],"medium_large":["https:\/\/www.laiko.net\/wp-content\/uploads\/2023\/10\/frc-1c9593058c81c068e00c33cab25d2e42.jpg",600,350,false],"large":["https:\/\/www.laiko.net\/wp-content\/uploads\/2023\/10\/frc-1c9593058c81c068e00c33cab25d2e42.jpg",600,350,false],"1536x1536":["https:\/\/www.laiko.net\/wp-content\/uploads\/2023\/10\/frc-1c9593058c81c068e00c33cab25d2e42.jpg",600,350,false],"2048x2048":["https:\/\/www.laiko.net\/wp-content\/uploads\/2023\/10\/frc-1c9593058c81c068e00c33cab25d2e42.jpg",600,350,false],"trp-custom-language-flag":["https:\/\/www.laiko.net\/wp-content\/uploads\/2023\/10\/frc-1c9593058c81c068e00c33cab25d2e42.jpg",18,12,false],"woocommerce_thumbnail":["https:\/\/www.laiko.net\/wp-content\/uploads\/2023\/10\/frc-1c9593058c81c068e00c33cab25d2e42-300x175.jpg",300,175,true],"woocommerce_single":["https:\/\/www.laiko.net\/wp-content\/uploads\/2023\/10\/frc-1c9593058c81c068e00c33cab25d2e42.jpg",600,350,false],"woocommerce_gallery_thumbnail":["https:\/\/www.laiko.net\/wp-content\/uploads\/2023\/10\/frc-1c9593058c81c068e00c33cab25d2e42-100x100.jpg",100,100,true]},"post_excerpt_stackable":"<p>Plastic Lanpack Packing For Tower Packing is the most distinguishing feature. This design enables an extraordinarily high scrubbing efficiency while minimizing the amount of media and packing depth required. Meanwhile, Evenly spaced rod design can largely eliminate clogging. Each layer&#8217;s vertical downward rod&#8217;s distribution is not only broken large droplet, but also form many gas-liquid contacting areas. It will improve separation efficiency. Plastic Lanpack Packing is widely used in wet scrubber &amp; gas stripping.<\/p>\n","category_list":"","author_info":{"name":"","url":""},"comments_num":"0 commentaire","_links":{"self":[{"href":"https:\/\/www.laiko.net\/fr\/wp-json\/wp\/v2\/product\/3540","targetHints":{"allow":["GET"]}}],"collection":[{"href":"https:\/\/www.laiko.net\/fr\/wp-json\/wp\/v2\/product"}],"about":[{"href":"https:\/\/www.laiko.net\/fr\/wp-json\/wp\/v2\/types\/product"}],"wp:featuredmedia":[{"embeddable":true,"href":"https:\/\/www.laiko.net\/fr\/wp-json\/wp\/v2\/media\/2518"}],"wp:attachment":[{"href":"https:\/\/www.laiko.net\/fr\/wp-json\/wp\/v2\/media?parent=3540"}],"wp:term":[{"taxonomy":"product_cat","embeddable":true,"href":"https:\/\/www.laiko.net\/fr\/wp-json\/wp\/v2\/product_cat?post=3540"},{"taxonomy":"product_tag","embeddable":true,"href":"https:\/\/www.laiko.net\/fr\/wp-json\/wp\/v2\/product_tag?post=3540"}],"curies":[{"name":"wp","href":"https:\/\/api.w.org\/{rel}","templated":true}]}}