{"id":3538,"date":"2023-10-28T15:45:25","date_gmt":"2023-10-28T07:45:25","guid":{"rendered":"http:\/\/www3.laiko.net\/?post_type=product&#038;p=3538"},"modified":"2023-10-31T15:57:37","modified_gmt":"2023-10-31T07:57:37","slug":"ceramic-grinding-ball","status":"publish","type":"product","link":"https:\/\/www.laiko.net\/fr\/produit\/bille-de-broyage-en-ceramique\/","title":{"rendered":"Boule de broyage en c\u00e9ramique"},"content":{"rendered":"<h2>Avantages des billes de broyage en c\u00e9ramique<\/h2>\n<ul class=\"list-paddingleft-2\">\n<li>R\u00e9sister et tuer les staphylocoques dor\u00e9s\u226590%<\/li>\n<li>R\u00e9sister et tuer le bacille de Coli \u226590%<\/li>\n<li>Quantit\u00e9 d'ions n\u00e9gatifs g\u00e9n\u00e9r\u00e9s : 150\uff5e300p\/s.cm3<\/li>\n<li>Substance min\u00e9rale insoluble, se lib\u00e9rant progressivement<\/li>\n<\/ul>\n<h2>Principaux ingr\u00e9dients des billes c\u00e9ramiques<\/h2>\n<ul class=\"list-paddingleft-2\">\n<li>Poudre de nano-argent : 1%<\/li>\n<li>Pierre de Maifan : 50\uff5e60%<\/li>\n<li>Oxyde de zinc : environ 2,5%<\/li>\n<li>Kaolin : 10\uff5e15%<\/li>\n<li>Poudre infrarouge lointain : 10%<\/li>\n<li>Argile de qualit\u00e9 sup\u00e9rieure : 20\uff5e30%<\/li>\n<\/ul>\n<p>&nbsp;<\/p>\n<h2>Sp\u00e9cifications des billes de broyage en c\u00e9ramique<\/h2>\n<p>2-4mm, 3-5mm, 5-8mm, ou sur mesure.\u00a0<a href=\"https:\/\/www.laiko.net\/products\/ceramic-ball\/\" target=\"_self\" rel=\"noopener\">mat\u00e9riau d'emballage en c\u00e9ramique<\/a>.<\/p>\n<h2>Emballage et stockage des abrasifs c\u00e9ramiques<\/h2>\n<p>Emballage dans des sacs en plastique, 25 kg\/sac, ou sur mesure<\/p>\n<p>Prot\u00e9ger de la pluie et de l'humidit\u00e9. Stocker dans un endroit sec.<\/p>\n<h2>Instructions d'utilisation des billes de broyage en c\u00e9ramique<\/h2>\n<ol class=\"list-paddingleft-2\">\n<li>Doit \u00eatre lav\u00e9 avec de l'eau propre pour deux fois dans le premier, puis peut \u00eatre directement utilis\u00e9 pour le traitement de l'eau potable. Note : la temp\u00e9rature maximale d'utilisation est de 950\u2103.<\/li>\n<li>Avant le bain, afin d'\u00e9viter que les petites billes de c\u00e9ramique ne glissent de la buse et ne provoquent des ecchymoses sur le corps humain, il est pr\u00e9f\u00e9rable de placer \u00e0 l'int\u00e9rieur une membrane filtrante en coton PP d'un diam\u00e8tre int\u00e9rieur d'environ 5 \u00b5m.<\/li>\n<li>Il est pr\u00e9f\u00e9rable de ne pas utiliser de shampoing et de lotion de bain liquides acides afin d'\u00e9viter que la neutralisation entre l'eau alcalivore apr\u00e8s traitement par les billes de c\u00e9ramique et le liquide de bain acide n'influence l'effet du bain.<\/li>\n<\/ol>","protected":false},"excerpt":{"rendered":"<div class=\"summary\">\n<p>Il s'agit d'un type de bille pour la protection de l'environnement et les soins de sant\u00e9 qui est principalement compos\u00e9 de tourmaline, min\u00e9ral non m\u00e9tallique naturel, d'argile de porcelaine et d'argile de qualit\u00e9 sup\u00e9rieure par une technologie de broyage nanom\u00e9trique, une formule sp\u00e9ciale et des techniques d'agglom\u00e9ration, et qui est utilis\u00e9 avec la bille en c\u00e9ramique pour \u00e9liminer les bact\u00e9ries des purificateurs d'eau, des fibres textiles, etc.<\/p>\n<\/div>","protected":false},"featured_media":1308,"template":"","meta":{"_seopress_robots_primary_cat":"","_monsterinsights_skip_tracking":false,"_monsterinsights_sitenote_active":false,"_monsterinsights_sitenote_note":"","_monsterinsights_sitenote_category":0,"_joinchat":[]},"product_cat":[84,102],"product_tag":[],"class_list":["post-3538","product","type-product","status-publish","has-post-thumbnail","hentry","product_cat-ceramic-ball","product_cat-ceramic-tower-packing"],"featured_image_urls":{"full":["https:\/\/www.laiko.net\/wp-content\/uploads\/2023\/10\/frc-f49035de06940ffd536d485737c8d5a1.jpg",600,350,false],"thumbnail":["https:\/\/www.laiko.net\/wp-content\/uploads\/2023\/10\/frc-f49035de06940ffd536d485737c8d5a1-150x150.jpg",150,150,true],"medium":["https:\/\/www.laiko.net\/wp-content\/uploads\/2023\/10\/frc-f49035de06940ffd536d485737c8d5a1-300x175.jpg",300,175,true],"medium_large":["https:\/\/www.laiko.net\/wp-content\/uploads\/2023\/10\/frc-f49035de06940ffd536d485737c8d5a1.jpg",600,350,false],"large":["https:\/\/www.laiko.net\/wp-content\/uploads\/2023\/10\/frc-f49035de06940ffd536d485737c8d5a1.jpg",600,350,false],"1536x1536":["https:\/\/www.laiko.net\/wp-content\/uploads\/2023\/10\/frc-f49035de06940ffd536d485737c8d5a1.jpg",600,350,false],"2048x2048":["https:\/\/www.laiko.net\/wp-content\/uploads\/2023\/10\/frc-f49035de06940ffd536d485737c8d5a1.jpg",600,350,false],"trp-custom-language-flag":["https:\/\/www.laiko.net\/wp-content\/uploads\/2023\/10\/frc-f49035de06940ffd536d485737c8d5a1.jpg",18,12,false],"woocommerce_thumbnail":["https:\/\/www.laiko.net\/wp-content\/uploads\/2023\/10\/frc-f49035de06940ffd536d485737c8d5a1-300x175.jpg",300,175,true],"woocommerce_single":["https:\/\/www.laiko.net\/wp-content\/uploads\/2023\/10\/frc-f49035de06940ffd536d485737c8d5a1.jpg",600,350,false],"woocommerce_gallery_thumbnail":["https:\/\/www.laiko.net\/wp-content\/uploads\/2023\/10\/frc-f49035de06940ffd536d485737c8d5a1-100x100.jpg",100,100,true]},"post_excerpt_stackable":"<div class=\"summary\">\n<p>One kind of environmental protection and health care ball that is mainly made of the natural nonmetal mineral tourmaline, porcelain clay and high-grade clay by nanometer comminution technology, special formula and agglomeration techniques, and used with the ceramic ball for eliminating bacterium of water purifiers, textile fiber, etc.<\/p>\n<\/div>\n","category_list":"","author_info":{"name":"","url":""},"comments_num":"0 commentaire","_links":{"self":[{"href":"https:\/\/www.laiko.net\/fr\/wp-json\/wp\/v2\/product\/3538","targetHints":{"allow":["GET"]}}],"collection":[{"href":"https:\/\/www.laiko.net\/fr\/wp-json\/wp\/v2\/product"}],"about":[{"href":"https:\/\/www.laiko.net\/fr\/wp-json\/wp\/v2\/types\/product"}],"wp:featuredmedia":[{"embeddable":true,"href":"https:\/\/www.laiko.net\/fr\/wp-json\/wp\/v2\/media\/1308"}],"wp:attachment":[{"href":"https:\/\/www.laiko.net\/fr\/wp-json\/wp\/v2\/media?parent=3538"}],"wp:term":[{"taxonomy":"product_cat","embeddable":true,"href":"https:\/\/www.laiko.net\/fr\/wp-json\/wp\/v2\/product_cat?post=3538"},{"taxonomy":"product_tag","embeddable":true,"href":"https:\/\/www.laiko.net\/fr\/wp-json\/wp\/v2\/product_tag?post=3538"}],"curies":[{"name":"wp","href":"https:\/\/api.w.org\/{rel}","templated":true}]}}