{"id":3532,"date":"2023-10-28T15:23:32","date_gmt":"2023-10-28T07:23:32","guid":{"rendered":"http:\/\/www3.laiko.net\/?post_type=product&#038;p=3532"},"modified":"2023-10-28T15:23:33","modified_gmt":"2023-10-28T07:23:33","slug":"water-removal-agent-for-lithium-ion-battery-electrolytes","status":"publish","type":"product","link":"https:\/\/www.laiko.net\/fr\/produit\/agent-delimination-de-leau-pour-les-electrolytes-de-batteries-au-lithium-ion\/","title":{"rendered":"Agent d'\u00e9limination de l'eau pour les \u00e9lectrolytes de batteries au lithium-ion"},"content":{"rendered":"<h2>Application :<\/h2>\n<p>Naike Chemical a mis au point un nouveau mat\u00e9riau physique d'\u00e9limination de l'eau sp\u00e9cialement con\u00e7u pour l'industrie des batteries au lithium. Ce mat\u00e9riau poreux \u00e0 base de lithium reste stable et ne r\u00e9agit pas chimiquement avec l'\u00e9lectrolyte. Au lieu de cela, il adsorbe l'eau contenue dans l'\u00e9lectrolyte de la batterie lithium-ion. Id\u00e9alement, des rendements d'\u00e9limination de l'eau inf\u00e9rieurs \u00e0 10 ppm peuvent \u00eatre obtenus avec notre mat\u00e9riau physique d'\u00e9limination de l'eau mis \u00e0 jour. Cela garantira la puret\u00e9 de l'\u00e9lectrolyte en n'introduisant pas de grandes quantit\u00e9s d'impuret\u00e9s pendant la d\u00e9shydratation. Naike Chemical propose notamment des services de recyclage apr\u00e8s utilisation qui permettent d'\u00e9changer les mat\u00e9riaux usag\u00e9s contre des mat\u00e9riaux neufs, de sorte que les mat\u00e9riaux physiques d'\u00e9limination de l'eau peuvent \u00eatre r\u00e9utilis\u00e9s plusieurs fois. Dans certaines conditions, le mat\u00e9riau devrait \u00eatre recycl\u00e9 plus de dix fois, ce qui le rend non seulement \u00e9cologique et \u00e9conome en \u00e9nergie, mais r\u00e9duit \u00e9galement le co\u00fbt de fabrication des \u00e9lectrolytes pour batteries lithium-ion.<\/p>\n<h2>Avantages de notre syst\u00e8me physique actualis\u00e9<\/h2>\n<h2>le mat\u00e9riel d'\u00e9limination de l'eau :<\/h2>\n<div class=\"overflow_x\">\n<table cellspacing=\"0\" cellpadding=\"0\">\n<colgroup>\n<col width=\"85\" \/>\n<col width=\"72\" \/>\n<col width=\"83\" \/>\n<col span=\"3\" width=\"72\" \/>\n<col width=\"42\" \/>\n<col span=\"2\" width=\"72\" \/>\n<col width=\"91\" \/><\/colgroup>\n<tbody>\n<tr class=\"firstRow\">\n<td colspan=\"3\">Articles<\/td>\n<td colspan=\"4\">Mise \u00e0 jour du mat\u00e9riel d'\u00e9limination physique de l'eau<\/td>\n<td colspan=\"3\">Agents chimiques d'\u00e9limination de l'eau<\/td>\n<\/tr>\n<tr>\n<td colspan=\"3\">Effets de l'\u00e9limination de l'eau<\/td>\n<td colspan=\"4\">Inf\u00e9rieur \u00e0 10PPM<\/td>\n<td colspan=\"3\">Inf\u00e9rieur \u00e0 10PPM<\/td>\n<\/tr>\n<tr>\n<td colspan=\"3\">Impuret\u00e9<\/td>\n<td colspan=\"4\">\u00a0Traces d'ions<\/td>\n<td colspan=\"3\">Grandes quantit\u00e9s d'ions<\/td>\n<\/tr>\n<tr>\n<td colspan=\"3\">Puret\u00e9 de l'\u00e9lectrolyte<\/td>\n<td colspan=\"4\">Haut<\/td>\n<td colspan=\"3\">Faible<\/td>\n<\/tr>\n<tr>\n<td colspan=\"3\">Processus de cristallisation<\/td>\n<td colspan=\"4\">Commodit\u00e9<\/td>\n<td colspan=\"3\">Complexit\u00e9<\/td>\n<\/tr>\n<tr>\n<td colspan=\"3\">Dur\u00e9e de vie<\/td>\n<td colspan=\"4\">Utilisation cyclique \u00e0 long terme<\/td>\n<td colspan=\"3\">Jetable<\/td>\n<\/tr>\n<tr>\n<td colspan=\"3\">Co\u00fbt initial<\/td>\n<td colspan=\"4\">Mod\u00e9r\u00e9<\/td>\n<td colspan=\"3\">Co\u00fbteux<\/td>\n<\/tr>\n<tr>\n<td colspan=\"3\">Co\u00fbt final<\/td>\n<td colspan=\"4\">Faible<\/td>\n<td colspan=\"3\">Haut<\/td>\n<\/tr>\n<\/tbody>\n<\/table>\n<\/div>\n<h2>Avantages de notre syst\u00e8me physique actualis\u00e9<\/h2>\n<h2>le mat\u00e9riel d'\u00e9limination de l'eau :<\/h2>\n<div class=\"overflow_x\">\n<table width=\"733\" cellspacing=\"0\" cellpadding=\"0\">\n<colgroup>\n<col width=\"85\" \/>\n<col width=\"72\" \/>\n<col width=\"83\" \/>\n<col span=\"3\" width=\"72\" \/>\n<col width=\"42\" \/>\n<col span=\"2\" width=\"72\" \/>\n<col width=\"91\" \/><\/colgroup>\n<tbody>\n<tr class=\"firstRow\">\n<td colspan=\"3\" width=\"240\" height=\"39\">Articles<\/td>\n<td colspan=\"4\" width=\"258\">\u00a0Mise \u00e0 jour du mat\u00e9riel d'\u00e9limination physique de l'eau<\/td>\n<td colspan=\"3\" width=\"235\">Mat\u00e9riaux traditionnels d'\u00e9limination physique de l'eau<\/td>\n<\/tr>\n<tr>\n<td colspan=\"3\" width=\"240\" height=\"27\">Effets de l'\u00e9limination de l'eau<\/td>\n<td colspan=\"4\" width=\"258\">Inf\u00e9rieur \u00e0 10PPM<\/td>\n<td colspan=\"3\" width=\"235\">Inf\u00e9rieur \u00e0 10PPM<\/td>\n<\/tr>\n<tr>\n<td colspan=\"3\" width=\"240\" height=\"27\">Taux d'absorption du liquide d'origine<\/td>\n<td colspan=\"4\" width=\"258\">\u00a0Aucun<\/td>\n<td colspan=\"3\" width=\"235\">Un certain montant ou plus<\/td>\n<\/tr>\n<tr>\n<td colspan=\"3\" width=\"240\" height=\"27\">Impuret\u00e9<\/td>\n<td colspan=\"4\" width=\"258\">\u00a0Traces de cations<\/td>\n<td colspan=\"3\" width=\"235\">Grandes quantit\u00e9s d'anions<\/td>\n<\/tr>\n<tr>\n<td colspan=\"3\" width=\"240\" height=\"27\">Cristallisation<\/td>\n<td colspan=\"4\" width=\"258\">Haut<\/td>\n<td colspan=\"3\" width=\"235\">\u00a0Moyen<\/td>\n<\/tr>\n<tr>\n<td colspan=\"3\" width=\"240\" height=\"27\">Dur\u00e9e de vie<\/td>\n<td colspan=\"4\" width=\"258\">Utilisation cyclique \u00e0 long terme<\/td>\n<td colspan=\"3\" width=\"235\">Utilisation cyclique \u00e0 long terme<\/td>\n<\/tr>\n<tr>\n<td colspan=\"3\" width=\"240\" height=\"27\">Co\u00fbt initial<\/td>\n<td colspan=\"4\" width=\"258\">Haut<\/td>\n<td colspan=\"3\" width=\"235\">Faible<\/td>\n<\/tr>\n<tr>\n<td colspan=\"3\" width=\"240\" height=\"27\">Co\u00fbt final<\/td>\n<td colspan=\"4\" width=\"258\">Faible<\/td>\n<td colspan=\"3\" width=\"235\">Haut<\/td>\n<\/tr>\n<\/tbody>\n<\/table>\n<\/div>\n<h2>Sp\u00e9cification :<\/h2>\n<p>L'impact significatif de notre nouvel agent physique d'\u00e9limination de l'eau sur l'am\u00e9lioration des performances des batteries lithium-ion est principalement d\u00e9montr\u00e9 par :<\/p>\n<p>1. Stabilit\u00e9 thermique plus \u00e9lev\u00e9e<\/p>\n<p>2. Conductivit\u00e9 \u00e9lectrique plus \u00e9lev\u00e9e<\/p>\n<p>3. Meilleure r\u00e9sistance \u00e0 l'hydrolyse<\/p>\n<p>4. Meilleure performance \u00e0 basse temp\u00e9rature<\/p>","protected":false},"excerpt":{"rendered":"<p>Les \u00e9lectrolytes \u00e9tant tr\u00e8s sensibles \u00e0 l'humidit\u00e9, l'\u00e9limination de l'eau est un \u00e9l\u00e9ment crucial dans la production d'\u00e9lectrolytes pour les batteries lithium-ion. Actuellement, les m\u00e9thodes d'\u00e9limination de l'eau pour les \u00e9lectrolytes des batteries Li-ion sont principalement physiques et chimiques. L'\u00e9limination chimique de l'eau utilise des agents chimiques pour \u00e9liminer l'eau des \u00e9lectrolytes. Cependant, elle introduit \u00e9galement d'autres impuret\u00e9s, ce qui complique la purification. En outre, les agents chimiques de d\u00e9shydratation sont des consommables co\u00fbteux qui ne peuvent pas \u00eatre recycl\u00e9s et qui augmentent le co\u00fbt de fabrication des \u00e9lectrolytes de batteries lithium-ion.<\/p>","protected":false},"featured_media":3533,"template":"","meta":{"_seopress_robots_primary_cat":"","_monsterinsights_skip_tracking":false,"_monsterinsights_sitenote_active":false,"_monsterinsights_sitenote_note":"","_monsterinsights_sitenote_category":0,"_joinchat":[]},"product_cat":[97],"product_tag":[],"class_list":["post-3532","product","type-product","status-publish","has-post-thumbnail","hentry","product_cat-water-removal-agent-for-lithium-ion-battery-electrolytes"],"featured_image_urls":{"full":["https:\/\/www.laiko.net\/wp-content\/uploads\/2023\/10\/6R4A2787-scaled.jpg",2560,1707,false],"thumbnail":["https:\/\/www.laiko.net\/wp-content\/uploads\/2023\/10\/6R4A2787-150x150.jpg",150,150,true],"medium":["https:\/\/www.laiko.net\/wp-content\/uploads\/2023\/10\/6R4A2787-300x200.jpg",300,200,true],"medium_large":["https:\/\/www.laiko.net\/wp-content\/uploads\/2023\/10\/6R4A2787-768x512.jpg",768,512,true],"large":["https:\/\/www.laiko.net\/wp-content\/uploads\/2023\/10\/6R4A2787-1024x683.jpg",1024,683,true],"1536x1536":["https:\/\/www.laiko.net\/wp-content\/uploads\/2023\/10\/6R4A2787-1536x1024.jpg",1536,1024,true],"2048x2048":["https:\/\/www.laiko.net\/wp-content\/uploads\/2023\/10\/6R4A2787-2048x1365.jpg",2048,1365,true],"trp-custom-language-flag":["https:\/\/www.laiko.net\/wp-content\/uploads\/2023\/10\/6R4A2787-scaled.jpg",18,12,false],"woocommerce_thumbnail":["https:\/\/www.laiko.net\/wp-content\/uploads\/2023\/10\/6R4A2787-300x200.jpg",300,200,true],"woocommerce_single":["https:\/\/www.laiko.net\/wp-content\/uploads\/2023\/10\/6R4A2787-600x400.jpg",600,400,true],"woocommerce_gallery_thumbnail":["https:\/\/www.laiko.net\/wp-content\/uploads\/2023\/10\/6R4A2787-100x100.jpg",100,100,true]},"post_excerpt_stackable":"<p>As electrolytes are highly sensitive to moisture, water removal is a crucial component in the production of electrolytes for lithium-ion batteries. Currently, water removal methods for Li-ion battery electrolytes are mainly physical and chemical water removal. Chemical water removal uses chemical agents to remove water from electrolytes. However, it will also introduces other impurities, making purification more complicated. In addition, chemical dewatering agents are expensive consumables that cannot be recycled and will increase the manufacturing cost of lithium-ion battery electrolytes.<\/p>\n","category_list":"","author_info":{"name":"","url":""},"comments_num":"0 commentaire","_links":{"self":[{"href":"https:\/\/www.laiko.net\/fr\/wp-json\/wp\/v2\/product\/3532","targetHints":{"allow":["GET"]}}],"collection":[{"href":"https:\/\/www.laiko.net\/fr\/wp-json\/wp\/v2\/product"}],"about":[{"href":"https:\/\/www.laiko.net\/fr\/wp-json\/wp\/v2\/types\/product"}],"wp:featuredmedia":[{"embeddable":true,"href":"https:\/\/www.laiko.net\/fr\/wp-json\/wp\/v2\/media\/3533"}],"wp:attachment":[{"href":"https:\/\/www.laiko.net\/fr\/wp-json\/wp\/v2\/media?parent=3532"}],"wp:term":[{"taxonomy":"product_cat","embeddable":true,"href":"https:\/\/www.laiko.net\/fr\/wp-json\/wp\/v2\/product_cat?post=3532"},{"taxonomy":"product_tag","embeddable":true,"href":"https:\/\/www.laiko.net\/fr\/wp-json\/wp\/v2\/product_tag?post=3532"}],"curies":[{"name":"wp","href":"https:\/\/api.w.org\/{rel}","templated":true}]}}