{"id":3528,"date":"2023-10-28T14:59:51","date_gmt":"2023-10-28T06:59:51","guid":{"rendered":"http:\/\/www3.laiko.net\/?post_type=product&#038;p=3528"},"modified":"2023-10-31T16:53:35","modified_gmt":"2023-10-31T08:53:35","slug":"plastic-snowflake-ring","status":"publish","type":"product","link":"https:\/\/www.laiko.net\/fr\/produit\/anneau-de-flocon-de-neige-en-plastique\/","title":{"rendered":"Anneau en plastique en forme de flocon de neige"},"content":{"rendered":"<h2>Param\u00e8tres de la bague flocon de neige en plastique<\/h2>\n<div class=\"overflow_x\">\n<table>\n<colgroup>\n<col \/>\n<col \/>\n<col \/>\n<col \/>\n<col \/>\n<col \/>\n<col \/>\n<col \/>\n<col \/><\/colgroup>\n<tbody>\n<tr class=\"firstRow\">\n<td colspan=\"2\" height=\"14\">Performance\/Mat\u00e9riel<\/td>\n<td height=\"14\">PE<\/td>\n<td height=\"14\">PP<\/td>\n<td height=\"14\">RPP<\/td>\n<td height=\"14\">PVC<\/td>\n<td height=\"14\">CPVC<\/td>\n<td colspan=\"2\" height=\"14\">PVDF<\/td>\n<\/tr>\n<tr>\n<td colspan=\"2\" height=\"14\">Densit\u00e9 (g\/cm3)<\/td>\n<td height=\"14\">0.94-0.96<\/td>\n<td height=\"14\">0.89-0.91<\/td>\n<td height=\"14\">0.93-0.94<\/td>\n<td height=\"14\">1.32-1.44<\/td>\n<td height=\"14\">1.50-1.54<\/td>\n<td colspan=\"2\" height=\"14\">1.75-1.78<\/td>\n<\/tr>\n<tr>\n<td colspan=\"2\" height=\"14\">Temp\u00e9rature de fonctionnement (\u2103)<\/td>\n<td height=\"14\">90<\/td>\n<td height=\"14\">&gt;100<\/td>\n<td height=\"14\">&gt;120<\/td>\n<td height=\"14\">&gt;60<\/td>\n<td height=\"14\">&gt;90<\/td>\n<td colspan=\"2\" height=\"14\">&gt;150<\/td>\n<\/tr>\n<tr>\n<td colspan=\"2\" height=\"14\">R\u00e9sistance \u00e0 la corrosion chimique<\/td>\n<td height=\"14\">Bon<\/td>\n<td height=\"14\">Bon<\/td>\n<td height=\"14\">Bon<\/td>\n<td height=\"14\">Bon<\/td>\n<td height=\"14\">Bon<\/td>\n<td colspan=\"2\" height=\"14\">Bon<\/td>\n<\/tr>\n<tr>\n<td colspan=\"2\" height=\"14\">R\u00e9sistance \u00e0 la compression (MPa)<\/td>\n<td height=\"14\">&gt;6.0<\/td>\n<td height=\"14\">&gt;6.5<\/td>\n<td height=\"14\">&gt;7.0<\/td>\n<td height=\"14\">&gt;6.0<\/td>\n<td height=\"14\">&gt;8.0<\/td>\n<td colspan=\"2\" height=\"14\">&gt;10.0<\/td>\n<\/tr>\n<\/tbody>\n<\/table>\n<\/div>\n<h2>Avantages de l'anneau en plastique en forme de flocon de neige<\/h2>\n<ul class=\"list-paddingleft-2\">\n<li>Volume libre \u00e9lev\u00e9<\/li>\n<li>Faible perte de charge<\/li>\n<li>Faible hauteur de l'unit\u00e9 de transfert de masse<\/li>\n<li>Point d'inondation \u00e9lev\u00e9<\/li>\n<li>Faible gravit\u00e9 sp\u00e9cifique<\/li>\n<li>Efficacit\u00e9 \u00e9lev\u00e9e du transfert de masse<\/li>\n<\/ul>","protected":false},"excerpt":{"rendered":"<p>Pour une tour de performance maximale, l'anneau Snowflake offre une combinaison unique d'efficacit\u00e9 de s\u00e9paration sup\u00e9rieure et de capacit\u00e9 \u00e9lev\u00e9e. Il est largement utilis\u00e9 dans l'industrie chimique, notamment pour la production de chlore et de brome. C'est le dispositif de transfert de masse pr\u00e9f\u00e9r\u00e9 pour les laveurs d'urgence dans les processus impliquant des halog\u00e8nes en raison de ses performances sup\u00e9rieures sur une large plage de fonctionnement. Il est souvent utilis\u00e9 dans des applications environnementales, telles que le lavage et le d\u00e9capage.<\/p>","protected":false},"featured_media":3062,"template":"","meta":{"_seopress_robots_primary_cat":"","_monsterinsights_skip_tracking":false,"_monsterinsights_sitenote_active":false,"_monsterinsights_sitenote_note":"","_monsterinsights_sitenote_category":0,"_joinchat":[]},"product_cat":[104,105],"product_tag":[],"class_list":["post-3528","product","type-product","status-publish","has-post-thumbnail","hentry","product_cat-plastic-tower-packing","product_cat-snowflake-ring-packing"],"featured_image_urls":{"full":["https:\/\/www.laiko.net\/wp-content\/uploads\/2023\/10\/frc-86973adffb2bda8473e9b028ca6531f4.jpg",600,350,false],"thumbnail":["https:\/\/www.laiko.net\/wp-content\/uploads\/2023\/10\/frc-86973adffb2bda8473e9b028ca6531f4-150x150.jpg",150,150,true],"medium":["https:\/\/www.laiko.net\/wp-content\/uploads\/2023\/10\/frc-86973adffb2bda8473e9b028ca6531f4-300x175.jpg",300,175,true],"medium_large":["https:\/\/www.laiko.net\/wp-content\/uploads\/2023\/10\/frc-86973adffb2bda8473e9b028ca6531f4.jpg",600,350,false],"large":["https:\/\/www.laiko.net\/wp-content\/uploads\/2023\/10\/frc-86973adffb2bda8473e9b028ca6531f4.jpg",600,350,false],"1536x1536":["https:\/\/www.laiko.net\/wp-content\/uploads\/2023\/10\/frc-86973adffb2bda8473e9b028ca6531f4.jpg",600,350,false],"2048x2048":["https:\/\/www.laiko.net\/wp-content\/uploads\/2023\/10\/frc-86973adffb2bda8473e9b028ca6531f4.jpg",600,350,false],"trp-custom-language-flag":["https:\/\/www.laiko.net\/wp-content\/uploads\/2023\/10\/frc-86973adffb2bda8473e9b028ca6531f4.jpg",18,12,false],"woocommerce_thumbnail":["https:\/\/www.laiko.net\/wp-content\/uploads\/2023\/10\/frc-86973adffb2bda8473e9b028ca6531f4-300x175.jpg",300,175,true],"woocommerce_single":["https:\/\/www.laiko.net\/wp-content\/uploads\/2023\/10\/frc-86973adffb2bda8473e9b028ca6531f4.jpg",600,350,false],"woocommerce_gallery_thumbnail":["https:\/\/www.laiko.net\/wp-content\/uploads\/2023\/10\/frc-86973adffb2bda8473e9b028ca6531f4-100x100.jpg",100,100,true]},"post_excerpt_stackable":"<p>For the maximum tower of performance, Snowflake Ring offers a unique combination of superior separation efficiency and high capacity. It is widely applied in the Chemical Processing Industry, including Chlorine and Bromine Production. It is the preferred mass transfer device for emergency scrubbers in processes involving halogens because of its superior performance over a wide operating range. It is often used in environmental applications, such as scrubbing and stripping.<\/p>\n","category_list":"","author_info":{"name":"","url":""},"comments_num":"0 commentaire","_links":{"self":[{"href":"https:\/\/www.laiko.net\/fr\/wp-json\/wp\/v2\/product\/3528","targetHints":{"allow":["GET"]}}],"collection":[{"href":"https:\/\/www.laiko.net\/fr\/wp-json\/wp\/v2\/product"}],"about":[{"href":"https:\/\/www.laiko.net\/fr\/wp-json\/wp\/v2\/types\/product"}],"wp:featuredmedia":[{"embeddable":true,"href":"https:\/\/www.laiko.net\/fr\/wp-json\/wp\/v2\/media\/3062"}],"wp:attachment":[{"href":"https:\/\/www.laiko.net\/fr\/wp-json\/wp\/v2\/media?parent=3528"}],"wp:term":[{"taxonomy":"product_cat","embeddable":true,"href":"https:\/\/www.laiko.net\/fr\/wp-json\/wp\/v2\/product_cat?post=3528"},{"taxonomy":"product_tag","embeddable":true,"href":"https:\/\/www.laiko.net\/fr\/wp-json\/wp\/v2\/product_tag?post=3528"}],"curies":[{"name":"wp","href":"https:\/\/api.w.org\/{rel}","templated":true}]}}