{"id":3527,"date":"2023-10-28T15:11:44","date_gmt":"2023-10-28T07:11:44","guid":{"rendered":"http:\/\/www3.laiko.net\/?post_type=product&#038;p=3527"},"modified":"2023-10-28T15:11:45","modified_gmt":"2023-10-28T07:11:45","slug":"lithium-carbonates","status":"publish","type":"product","link":"https:\/\/www.laiko.net\/fr\/produit\/carbonates-de-lithium\/","title":{"rendered":"Carbonates de lithium"},"content":{"rendered":"<h2>Param\u00e8tres des carbonates de lithium \u00e0 vendre<\/h2>\n<div class=\"overflow_x\">\n<table cellspacing=\"0\">\n<tbody>\n<tr class=\"firstRow\">\n<td>Propri\u00e9t\u00e9s chimiques<\/td>\n<td>Sp\u00e9cification(wt%)<\/td>\n<td>\u00a0Type Valeur(wt%)<\/td>\n<\/tr>\n<tr>\n<td>Li2CO3<\/td>\n<td>\u226599.5<\/td>\n<td>99.5<\/td>\n<\/tr>\n<tr>\n<td>Na<\/td>\n<td>\u22640.025<\/td>\n<td>0.015<\/td>\n<\/tr>\n<tr>\n<td>K<\/td>\n<td>\u22640.001<\/td>\n<td>0.0003<\/td>\n<\/tr>\n<tr>\n<td>Mg<\/td>\n<td>\u22640.008<\/td>\n<td>0.001<\/td>\n<\/tr>\n<tr>\n<td>Ca<\/td>\n<td>\u22640.005<\/td>\n<td>0.0030<\/td>\n<\/tr>\n<tr>\n<td>Al<\/td>\n<td>\u22640.001<\/td>\n<td>0.0005<\/td>\n<\/tr>\n<tr>\n<td>Fe<\/td>\n<td>\u22640.001<\/td>\n<td>0.0005<\/td>\n<\/tr>\n<tr>\n<td>Ni<\/td>\n<td>\u22640.001<\/td>\n<td>0.0001<\/td>\n<\/tr>\n<tr>\n<td>Cu<\/td>\n<td>\u22640.0003<\/td>\n<td>0.0001<\/td>\n<\/tr>\n<tr>\n<td>Pb<\/td>\n<td>\u22640.0003<\/td>\n<td>0.0001<\/td>\n<\/tr>\n<tr>\n<td>SO42-<\/td>\n<td>\u22640.080<\/td>\n<td>0.015<\/td>\n<\/tr>\n<tr>\n<td>Cl<\/td>\n<td>\u22640.003<\/td>\n<td>0.002<\/td>\n<\/tr>\n<tr>\n<td>Mn<\/td>\n<td>\u22640.0003<\/td>\n<td>0.0001<\/td>\n<\/tr>\n<tr>\n<td>Si<\/td>\n<td>\u22640.003<\/td>\n<td>0.002<\/td>\n<\/tr>\n<tr>\n<td>Zn<\/td>\n<td>\u22640.0003<\/td>\n<td>0.0001<\/td>\n<\/tr>\n<tr>\n<td>H2O<\/td>\n<td>\u22640.25<\/td>\n<td>0.15<\/td>\n<\/tr>\n<tr>\n<td>D50(um)<\/td>\n<td>\u22646um<\/td>\n<td>5um<\/td>\n<\/tr>\n<\/tbody>\n<\/table>\n<\/div>\n<h2>La s\u00e9curit\u00e9 :<\/h2>\n<p>Tenir \u00e0 l'\u00e9cart de la chaleur. Tenir \u00e0 l'\u00e9cart des sources d'inflammation. Mettre \u00e0 la terre tout \u00e9quipement contenant du mat\u00e9riel. Ne pas ing\u00e9rer. Ne pas respirer les poussi\u00e8res. En cas d'ingestion, consulter imm\u00e9diatement un m\u00e9decin et lui montrer le r\u00e9cipient ou l'\u00e9tiquette. Tenir \u00e0 l'\u00e9cart des produits incompatibles tels que les agents oxydants. Avant d'utiliser ce produit, consulter la fiche technique pour conna\u00eetre toutes les consignes de s\u00e9curit\u00e9 et de manipulation.<\/p>\n<h2>Stockage de carbonate de lithium \u00e0 vendre :<\/h2>\n<p>Garder le r\u00e9cipient bien ferm\u00e9. Conserver le r\u00e9cipient dans un endroit frais et bien ventil\u00e9. Air sensible \u00e0 la lumi\u00e8re. Stocker dans des conteneurs r\u00e9sistants \u00e0 la lumi\u00e8re. Doit \u00eatre stock\u00e9 \u00e0 l'int\u00e9rieur sur des palettes \u00e0 des temp\u00e9ratures normales. Si le produit est stock\u00e9 conform\u00e9ment aux recommandations, sa dur\u00e9e de conservation maximale est de trois ans.<\/p>\n<h2>Emballage du carbonate de lithium pour la vente :<\/h2>\n<p>En sac papier kraft de 25 kg \/ 20 kg, en sac en vrac de 500 kg ou en f\u00fbt de 100 kg.<\/p>\n<p>Transport : Le produit n'est pas class\u00e9 comme produit chimique dangereux, il convient au transport maritime, ferroviaire, a\u00e9rien et routier. Veillez \u00e0 ce qu'il soit r\u00e9sistant \u00e0 l'humidit\u00e9 et \u00e0 l'acide pendant le transport.<\/p>","protected":false},"excerpt":{"rendered":"<p><strong>Carbonates de lithium 99.5% Niveau de batterie ou li2co3 de qualit\u00e9 industrielle<\/strong>\u00a0est principalement utilis\u00e9 pour les mat\u00e9riaux synth\u00e9tiques du p\u00f4le positif des batteries au lithium-ion, tels que le cobaltate de lithium (LiCoO2), l'oxyde de mangan\u00e8se de lithium (LiMn2O4), le phosphate de fer ternaire et de lithium (LiFePO4\/LFP). Ils sont \u00e9galement utilis\u00e9s dans les secteurs des semi-conducteurs, de la t\u00e9l\u00e9vision, de l'\u00e9nergie, de la c\u00e9ramique, des catalyseurs et autres.<\/p>","protected":false},"featured_media":3530,"template":"","meta":{"_seopress_robots_primary_cat":"","_monsterinsights_skip_tracking":false,"_monsterinsights_sitenote_active":false,"_monsterinsights_sitenote_note":"","_monsterinsights_sitenote_category":0,"_joinchat":[]},"product_cat":[95],"product_tag":[],"class_list":["post-3527","product","type-product","status-publish","has-post-thumbnail","hentry","product_cat-lithium-carbonates"],"featured_image_urls":{"full":["https:\/\/www.laiko.net\/wp-content\/uploads\/2023\/10\/B9M2DZNZQTTUBF@0Z4AJ.png",366,300,false],"thumbnail":["https:\/\/www.laiko.net\/wp-content\/uploads\/2023\/10\/B9M2DZNZQTTUBF@0Z4AJ-150x150.png",150,150,true],"medium":["https:\/\/www.laiko.net\/wp-content\/uploads\/2023\/10\/B9M2DZNZQTTUBF@0Z4AJ-300x246.png",300,246,true],"medium_large":["https:\/\/www.laiko.net\/wp-content\/uploads\/2023\/10\/B9M2DZNZQTTUBF@0Z4AJ.png",366,300,false],"large":["https:\/\/www.laiko.net\/wp-content\/uploads\/2023\/10\/B9M2DZNZQTTUBF@0Z4AJ.png",366,300,false],"1536x1536":["https:\/\/www.laiko.net\/wp-content\/uploads\/2023\/10\/B9M2DZNZQTTUBF@0Z4AJ.png",366,300,false],"2048x2048":["https:\/\/www.laiko.net\/wp-content\/uploads\/2023\/10\/B9M2DZNZQTTUBF@0Z4AJ.png",366,300,false],"trp-custom-language-flag":["https:\/\/www.laiko.net\/wp-content\/uploads\/2023\/10\/B9M2DZNZQTTUBF@0Z4AJ.png",15,12,false],"woocommerce_thumbnail":["https:\/\/www.laiko.net\/wp-content\/uploads\/2023\/10\/B9M2DZNZQTTUBF@0Z4AJ-300x246.png",300,246,true],"woocommerce_single":["https:\/\/www.laiko.net\/wp-content\/uploads\/2023\/10\/B9M2DZNZQTTUBF@0Z4AJ.png",366,300,false],"woocommerce_gallery_thumbnail":["https:\/\/www.laiko.net\/wp-content\/uploads\/2023\/10\/B9M2DZNZQTTUBF@0Z4AJ-100x100.png",100,100,true]},"post_excerpt_stackable":"<p><strong>lithium Carbonates 99.5% Battery Level or Industry grade li2co3<\/strong>\u00a0is mainly used for synthetic lithium -ion battery positive pole material such as Lithium cobaltate(LiCoO2),\u00a0Lithium manganese oxide(LiMn2O4),\u00a0Ternary and Lithium iron phosphate(LiFePO4\/LFP). Also used in semiconductor, television, energy, ceramics,\u00a0 catalyst and other sectors.<\/p>\n","category_list":"","author_info":{"name":"","url":""},"comments_num":"0 commentaire","_links":{"self":[{"href":"https:\/\/www.laiko.net\/fr\/wp-json\/wp\/v2\/product\/3527","targetHints":{"allow":["GET"]}}],"collection":[{"href":"https:\/\/www.laiko.net\/fr\/wp-json\/wp\/v2\/product"}],"about":[{"href":"https:\/\/www.laiko.net\/fr\/wp-json\/wp\/v2\/types\/product"}],"wp:featuredmedia":[{"embeddable":true,"href":"https:\/\/www.laiko.net\/fr\/wp-json\/wp\/v2\/media\/3530"}],"wp:attachment":[{"href":"https:\/\/www.laiko.net\/fr\/wp-json\/wp\/v2\/media?parent=3527"}],"wp:term":[{"taxonomy":"product_cat","embeddable":true,"href":"https:\/\/www.laiko.net\/fr\/wp-json\/wp\/v2\/product_cat?post=3527"},{"taxonomy":"product_tag","embeddable":true,"href":"https:\/\/www.laiko.net\/fr\/wp-json\/wp\/v2\/product_tag?post=3527"}],"curies":[{"name":"wp","href":"https:\/\/api.w.org\/{rel}","templated":true}]}}