{"id":3524,"date":"2023-10-28T14:41:51","date_gmt":"2023-10-28T06:41:51","guid":{"rendered":"http:\/\/www3.laiko.net\/?post_type=product&#038;p=3524"},"modified":"2023-10-31T15:57:49","modified_gmt":"2023-10-31T07:57:49","slug":"ceramic-super-intalox-saddle-ring","status":"publish","type":"product","link":"https:\/\/www.laiko.net\/fr\/produit\/anneau-de-selle-super-intalox-en-ceramique\/","title":{"rendered":"Anneau de selle Super Intalox en c\u00e9ramique"},"content":{"rendered":"<p><strong>Param\u00e8tres de l'anneau de selle Super Intalox en c\u00e9ramique<\/strong><\/p>\n<div class=\"overflow_x\">\n<table cellspacing=\"0\" cellpadding=\"0\">\n<tbody>\n<tr class=\"firstRow\">\n<td>Nom<\/td>\n<td>Normal<br \/>\nmm<\/td>\n<td>\nDiam\u00e8tre*Hauteur*<br \/>\n\u00c9paisseur mm<\/td>\n<td>Surface<br \/>\nm<sup>2<\/sup>\/m<sup>3<\/sup><\/td>\n<td>\nEspace vide<br \/>\n%<\/td>\n<td>Densit\u00e9 apparente<br \/>\nkg\/m<sup>3<\/sup><\/td>\n<td>\nAucun \u00e9l\u00e9ment<br \/>\npar\/m<sup>3<\/sup><\/td>\n<td>\nFacteur d'emballage<br \/>\nm<sup>-1<\/sup><\/td>\n<\/tr>\n<tr>\n<td rowspan=\"4\">Super Intalox<\/td>\n<td>\u00f825<\/td>\n<td>25*19*3<\/td>\n<td>160<\/td>\n<td>78<\/td>\n<td>530<\/td>\n<td>52000<\/td>\n<td>337<\/td>\n<\/tr>\n<tr>\n<td>\u00f838<\/td>\n<td>38*30*4<\/td>\n<td>102<\/td>\n<td>80<\/td>\n<td>480<\/td>\n<td>16000<\/td>\n<td>199<\/td>\n<\/tr>\n<tr>\n<td>\u00f850<\/td>\n<td>50*40*5<\/td>\n<td>88<\/td>\n<td>81<\/td>\n<td>450<\/td>\n<td>7300<\/td>\n<td>166<\/td>\n<\/tr>\n<tr>\n<td>\u00f876<\/td>\n<td>76*57*9<\/td>\n<td>58<\/td>\n<td>82<\/td>\n<td>430<\/td>\n<td>1600<\/td>\n<td>105<\/td>\n<\/tr>\n<\/tbody>\n<\/table>\n<\/div>","protected":false},"excerpt":{"rendered":"<p>Ceramic Super Intalox est un type d'emballage al\u00e9atoire d\u00e9velopp\u00e9 sur la base de l'anneau de selle, dont les deux bords lisses sont remplac\u00e9s par des bords ondul\u00e9s. Par rapport \u00e0 une selle normale, cette structure de la super selle permet d'augmenter consid\u00e9rablement l'espace entre les selles lorsqu'elles sont empil\u00e9es de mani\u00e8re al\u00e9atoire dans la colonne.<\/p>\n<p>Par cons\u00e9quent, la r\u00e9sistance \u00e0 la vapeur-liquide est r\u00e9duite et facilite l'\u00e9coulement et la distribution de la vapeur-liquide \u00e0 travers le lit de garnissage. Par cons\u00e9quent, la perte de charge est faible et l'efficacit\u00e9 du transfert de masse est \u00e9lev\u00e9e.<\/p>\n<p>Dot\u00e9 d'une grande r\u00e9sistance m\u00e9canique, d'une grande stabilit\u00e9 chimique et d'une excellente r\u00e9sistance \u00e0 la chaleur, le Super Saddle peut r\u00e9sister aux temp\u00e9ratures \u00e9lev\u00e9es ou basses, aux acides (sauf HF), aux alcalis, aux sels et \u00e0 divers solvants organiques. Il est largement utilis\u00e9 dans diverses tours de conditionnement pour la dessiccation, l'absorption, le refroidissement, le lavage et la r\u00e9g\u00e9n\u00e9ration dans les industries p\u00e9trochimiques, chimiques, m\u00e9tallurgiques, de production de gaz et d'oxyg\u00e8ne.<\/p>","protected":false},"featured_media":2906,"template":"","meta":{"_seopress_robots_primary_cat":"","_monsterinsights_skip_tracking":false,"_monsterinsights_sitenote_active":false,"_monsterinsights_sitenote_note":"","_monsterinsights_sitenote_category":0,"_joinchat":[]},"product_cat":[102,92],"product_tag":[],"class_list":["post-3524","product","type-product","status-publish","has-post-thumbnail","hentry","product_cat-ceramic-tower-packing","product_cat-intalox-saddle"],"featured_image_urls":{"full":["https:\/\/www.laiko.net\/wp-content\/uploads\/2023\/10\/frc-1d4835e6a120ba0f2677beb9903049f8.jpg",600,350,false],"thumbnail":["https:\/\/www.laiko.net\/wp-content\/uploads\/2023\/10\/frc-1d4835e6a120ba0f2677beb9903049f8-150x150.jpg",150,150,true],"medium":["https:\/\/www.laiko.net\/wp-content\/uploads\/2023\/10\/frc-1d4835e6a120ba0f2677beb9903049f8-300x175.jpg",300,175,true],"medium_large":["https:\/\/www.laiko.net\/wp-content\/uploads\/2023\/10\/frc-1d4835e6a120ba0f2677beb9903049f8.jpg",600,350,false],"large":["https:\/\/www.laiko.net\/wp-content\/uploads\/2023\/10\/frc-1d4835e6a120ba0f2677beb9903049f8.jpg",600,350,false],"1536x1536":["https:\/\/www.laiko.net\/wp-content\/uploads\/2023\/10\/frc-1d4835e6a120ba0f2677beb9903049f8.jpg",600,350,false],"2048x2048":["https:\/\/www.laiko.net\/wp-content\/uploads\/2023\/10\/frc-1d4835e6a120ba0f2677beb9903049f8.jpg",600,350,false],"trp-custom-language-flag":["https:\/\/www.laiko.net\/wp-content\/uploads\/2023\/10\/frc-1d4835e6a120ba0f2677beb9903049f8.jpg",18,12,false],"woocommerce_thumbnail":["https:\/\/www.laiko.net\/wp-content\/uploads\/2023\/10\/frc-1d4835e6a120ba0f2677beb9903049f8-300x175.jpg",300,175,true],"woocommerce_single":["https:\/\/www.laiko.net\/wp-content\/uploads\/2023\/10\/frc-1d4835e6a120ba0f2677beb9903049f8.jpg",600,350,false],"woocommerce_gallery_thumbnail":["https:\/\/www.laiko.net\/wp-content\/uploads\/2023\/10\/frc-1d4835e6a120ba0f2677beb9903049f8-100x100.jpg",100,100,true]},"post_excerpt_stackable":"<p>Ceramic Super Intalox is a kind of random packing further developed on the basis of Saddle Ring, which both smooth edges are changed to hackly or ripple edges. Comparing with normal saddle, such structure of super saddle can ensure that interspace will be increased a lot when saddles are stacked in the column randomly.<\/p>\n<p>Therefore, the resistance to vapor-liquid is decreased and it facilitates flow and distribution of vapor-liquid through the packing bed. As a result, pressure drop is low and mass transfer efficiency is high.<\/p>\n<p>With the characters of high mechanical strength, high chemical stability, and excellent heat endurance, Super Saddle can resist high or low temperature, acid (except HF), alkali, salt and various organic solvents. It&#8217;s widely applied in various packing towers of desiccation, absorption, cooling, washing, and regeneration in industries of petrochemical, chemical, metallurgy, gas and oxygen generation.<\/p>\n","category_list":"","author_info":{"name":"","url":""},"comments_num":"0 commentaire","_links":{"self":[{"href":"https:\/\/www.laiko.net\/fr\/wp-json\/wp\/v2\/product\/3524","targetHints":{"allow":["GET"]}}],"collection":[{"href":"https:\/\/www.laiko.net\/fr\/wp-json\/wp\/v2\/product"}],"about":[{"href":"https:\/\/www.laiko.net\/fr\/wp-json\/wp\/v2\/types\/product"}],"wp:featuredmedia":[{"embeddable":true,"href":"https:\/\/www.laiko.net\/fr\/wp-json\/wp\/v2\/media\/2906"}],"wp:attachment":[{"href":"https:\/\/www.laiko.net\/fr\/wp-json\/wp\/v2\/media?parent=3524"}],"wp:term":[{"taxonomy":"product_cat","embeddable":true,"href":"https:\/\/www.laiko.net\/fr\/wp-json\/wp\/v2\/product_cat?post=3524"},{"taxonomy":"product_tag","embeddable":true,"href":"https:\/\/www.laiko.net\/fr\/wp-json\/wp\/v2\/product_tag?post=3524"}],"curies":[{"name":"wp","href":"https:\/\/api.w.org\/{rel}","templated":true}]}}