{"id":3521,"date":"2023-10-28T14:38:04","date_gmt":"2023-10-28T06:38:04","guid":{"rendered":"http:\/\/www3.laiko.net\/?post_type=product&#038;p=3521"},"modified":"2023-10-28T14:38:04","modified_gmt":"2023-10-28T06:38:04","slug":"mlm","status":"publish","type":"product","link":"https:\/\/www.laiko.net\/fr\/produit\/mlm\/","title":{"rendered":"MLM"},"content":{"rendered":"<h2>Param\u00e8tres du MLM<\/h2>\n<div class=\"overflow_x\">\n<table>\n<tbody>\n<tr class=\"firstRow\">\n<td height=\"14\">Objet<\/td>\n<td height=\"14\">Unit\u00e9<\/td>\n<td height=\"14\">MLM-125<\/td>\n<td height=\"14\">MLM-160<\/td>\n<td height=\"14\">MLM-180<\/td>\n<td height=\"14\">MLM-200<\/td>\n<td height=\"14\">Type MLM-S<\/td>\n<\/tr>\n<tr>\n<td height=\"14\">Dimension<\/td>\n<td height=\"14\">mm<\/td>\n<td height=\"14\">305x305x101<\/td>\n<td height=\"14\">305x305x101<\/td>\n<td height=\"14\">305x305x101<\/td>\n<td height=\"14\">305x305x101<\/td>\n<td height=\"14\">305x305x101<\/td>\n<\/tr>\n<tr>\n<td height=\"14\">Surface<\/td>\n<td height=\"14\">m2\/m3-ft2\/ft3<\/td>\n<td height=\"14\">410\/125<\/td>\n<td height=\"14\">525\/160<\/td>\n<td height=\"14\">590\/180<\/td>\n<td height=\"14\">655\/200<\/td>\n<td height=\"14\">722\/220<\/td>\n<\/tr>\n<tr>\n<td height=\"14\">Densit\u00e9<\/td>\n<td height=\"14\">g\/cm3<\/td>\n<td height=\"14\">2.25-2.35<\/td>\n<td height=\"14\">2.25-2.35<\/td>\n<td height=\"14\">2.25-2.35<\/td>\n<td height=\"14\">2.25-2.35<\/td>\n<td height=\"14\">2.25-2.35<\/td>\n<\/tr>\n<tr>\n<td height=\"14\">Poids<\/td>\n<td height=\"14\">Kg\/m3<\/td>\n<td height=\"14\">800<\/td>\n<td height=\"14\">850<\/td>\n<td height=\"14\">950<\/td>\n<td height=\"14\">980<\/td>\n<td height=\"14\">1000<\/td>\n<\/tr>\n<tr>\n<td height=\"14\">R\u00e9sistance \u00e0 l'acide<\/td>\n<td height=\"14\">%<\/td>\n<td height=\"14\">\u22644<\/td>\n<td height=\"14\">\u22644<\/td>\n<td height=\"14\">\u22644<\/td>\n<td height=\"14\">\u22644<\/td>\n<td height=\"14\">\u22644<\/td>\n<\/tr>\n<tr>\n<td height=\"14\">Absorption de l'eau<\/td>\n<td height=\"14\">%<\/td>\n<td height=\"14\">&lt;0.5<\/td>\n<td height=\"14\">&lt;0.5<\/td>\n<td height=\"14\">&lt;0.5<\/td>\n<td height=\"14\">&lt;0.5<\/td>\n<td height=\"14\">&lt;0.5<\/td>\n<\/tr>\n<tr>\n<td height=\"14\">Espace libre<\/td>\n<td height=\"14\">%<\/td>\n<td height=\"14\">69<\/td>\n<td height=\"14\">61<\/td>\n<td height=\"14\">56<\/td>\n<td height=\"14\">51<\/td>\n<td height=\"14\">54<\/td>\n<\/tr>\n<tr>\n<td height=\"14\">Temp\u00e9rature maximale de fonctionnement<\/td>\n<td height=\"14\">\u2103<\/td>\n<td height=\"14\">1180<\/td>\n<td height=\"14\">1180<\/td>\n<td height=\"14\">1180<\/td>\n<td height=\"14\">1180<\/td>\n<td height=\"14\">1180<\/td>\n<\/tr>\n<tr>\n<td height=\"14\">Capacit\u00e9 thermique<\/td>\n<td height=\"14\">(kJ\/m2-\u00b0C)<\/td>\n<td height=\"14\">670<\/td>\n<td height=\"14\">810<\/td>\n<td height=\"14\">940<\/td>\n<td height=\"14\">1070<\/td>\n<td height=\"14\">1070<\/td>\n<\/tr>\n<tr>\n<td height=\"14\">R\u00e9sistance \u00e0 l'\u00e9crasement<\/td>\n<td height=\"14\">lb\/pi2<\/td>\n<td height=\"14\">4210<\/td>\n<td height=\"14\">5380<\/td>\n<td height=\"14\">6120<\/td>\n<td height=\"14\">7340<\/td>\n<td height=\"14\">7340<\/td>\n<\/tr>\n<tr>\n<td rowspan=\"5\" height=\"71\">Fonctionnalit\u00e9<\/td>\n<td colspan=\"6\" height=\"14\">Haute performance en mati\u00e8re de stockage de la chaleur<\/td>\n<\/tr>\n<tr>\n<td colspan=\"6\" height=\"14\">Efficacit\u00e9 \u00e9lev\u00e9e du transfert de chaleur<\/td>\n<\/tr>\n<tr>\n<td colspan=\"6\" height=\"14\">Surface sp\u00e9cifique plus \u00e9lev\u00e9e<\/td>\n<\/tr>\n<tr>\n<td colspan=\"6\" height=\"14\">Faible perte de charge<\/td>\n<\/tr>\n<tr>\n<td colspan=\"6\" height=\"14\">Co\u00fbts d'exploitation tr\u00e8s faibles<\/td>\n<\/tr>\n<\/tbody>\n<\/table>\n<\/div>\n<h2>Avantages du MLM<\/h2>\n<ul class=\"list-paddingleft-2\">\n<li>Surface sp\u00e9cifique \u00e9lev\u00e9e<\/li>\n<li>Capacit\u00e9 thermique sp\u00e9cifique \u00e9lev\u00e9e<\/li>\n<li>Excellente conductivit\u00e9 thermique<\/li>\n<li>Faible perte de charge<\/li>\n<li>R\u00e9sistance \u00e0 l'enfoncement<\/li>\n<li>Un prix bas pour des performances \u00e9lev\u00e9es<\/li>\n<\/ul>","protected":false},"excerpt":{"rendered":"<p data-spm-anchor-id=\"a2700.details.pronpeci14.i0.5f4b7e19WXn5A9\"><span data-spm-anchor-id=\"a2700.details.pronpeci14.i2.5f4b7e19WXn5A9\">Le m\u00e9dia c\u00e9ramique multicouche (MLM) est un type d'emballage structur\u00e9 con\u00e7u pour les \u00e9quipements de r\u00e9duction des \u00e9missions de COV - oxydation thermique r\u00e9g\u00e9n\u00e9rative (RTO). Le MLM est constitu\u00e9 d'une plaque de c\u00e9ramique munie d'une ailette. Le MLM a obtenu un brevet d'invention am\u00e9ricain et un brevet chinois pour les mod\u00e8les d'utilit\u00e9 en raison de la conception sp\u00e9ciale de sa structure.<\/span><\/p>\n<p>Le produit a \u00e9t\u00e9 export\u00e9 vers l'Europe, les \u00c9tats-Unis, l'Asie du Sud-Est, plus de 30 pays et constitue le premier choix de m\u00e9dia d'\u00e9change de chaleur pour le syst\u00e8me RTO utilis\u00e9 pour les \u00e9missions de COV dans les secteurs de la chimie, de la m\u00e9tallurgie, de la peinture, etc.<\/p>","protected":false},"featured_media":1681,"template":"","meta":{"_seopress_robots_primary_cat":"","_monsterinsights_skip_tracking":false,"_monsterinsights_sitenote_active":false,"_monsterinsights_sitenote_note":"","_monsterinsights_sitenote_category":0,"_joinchat":[]},"product_cat":[94],"product_tag":[],"class_list":["post-3521","product","type-product","status-publish","has-post-thumbnail","hentry","product_cat-honeycomb-ceramics"],"featured_image_urls":{"full":["https:\/\/www.laiko.net\/wp-content\/uploads\/2023\/10\/frc-128497209e6d52013288c1b60c259ee7.jpg",600,350,false],"thumbnail":["https:\/\/www.laiko.net\/wp-content\/uploads\/2023\/10\/frc-128497209e6d52013288c1b60c259ee7-150x150.jpg",150,150,true],"medium":["https:\/\/www.laiko.net\/wp-content\/uploads\/2023\/10\/frc-128497209e6d52013288c1b60c259ee7-300x175.jpg",300,175,true],"medium_large":["https:\/\/www.laiko.net\/wp-content\/uploads\/2023\/10\/frc-128497209e6d52013288c1b60c259ee7.jpg",600,350,false],"large":["https:\/\/www.laiko.net\/wp-content\/uploads\/2023\/10\/frc-128497209e6d52013288c1b60c259ee7.jpg",600,350,false],"1536x1536":["https:\/\/www.laiko.net\/wp-content\/uploads\/2023\/10\/frc-128497209e6d52013288c1b60c259ee7.jpg",600,350,false],"2048x2048":["https:\/\/www.laiko.net\/wp-content\/uploads\/2023\/10\/frc-128497209e6d52013288c1b60c259ee7.jpg",600,350,false],"trp-custom-language-flag":["https:\/\/www.laiko.net\/wp-content\/uploads\/2023\/10\/frc-128497209e6d52013288c1b60c259ee7.jpg",18,12,false],"woocommerce_thumbnail":["https:\/\/www.laiko.net\/wp-content\/uploads\/2023\/10\/frc-128497209e6d52013288c1b60c259ee7-300x175.jpg",300,175,true],"woocommerce_single":["https:\/\/www.laiko.net\/wp-content\/uploads\/2023\/10\/frc-128497209e6d52013288c1b60c259ee7.jpg",600,350,false],"woocommerce_gallery_thumbnail":["https:\/\/www.laiko.net\/wp-content\/uploads\/2023\/10\/frc-128497209e6d52013288c1b60c259ee7-100x100.jpg",100,100,true]},"post_excerpt_stackable":"<p data-spm-anchor-id=\"a2700.details.pronpeci14.i0.5f4b7e19WXn5A9\"><span data-spm-anchor-id=\"a2700.details.pronpeci14.i2.5f4b7e19WXn5A9\">Multi-layer ceramic media (MLM) is a type of structured packing designed for VOC emission reduction equipment &#8211; Regenerative Thermal Oxidation (RTO). MLM is made of a ceramic plate with prong. MLM obtained a US patent for invention and a Chinese patent for utility models because of its special structure design.<\/span><\/p>\n<p>The product has been exported to Europe, the United States, Southeast Asia, more than 30 countries and is the first choice of heat exchange media for RTO system which used for the VOCs emission of chemical, metallurgy, painting and so on.<\/p>\n","category_list":"","author_info":{"name":"","url":""},"comments_num":"0 commentaire","_links":{"self":[{"href":"https:\/\/www.laiko.net\/fr\/wp-json\/wp\/v2\/product\/3521","targetHints":{"allow":["GET"]}}],"collection":[{"href":"https:\/\/www.laiko.net\/fr\/wp-json\/wp\/v2\/product"}],"about":[{"href":"https:\/\/www.laiko.net\/fr\/wp-json\/wp\/v2\/types\/product"}],"wp:featuredmedia":[{"embeddable":true,"href":"https:\/\/www.laiko.net\/fr\/wp-json\/wp\/v2\/media\/1681"}],"wp:attachment":[{"href":"https:\/\/www.laiko.net\/fr\/wp-json\/wp\/v2\/media?parent=3521"}],"wp:term":[{"taxonomy":"product_cat","embeddable":true,"href":"https:\/\/www.laiko.net\/fr\/wp-json\/wp\/v2\/product_cat?post=3521"},{"taxonomy":"product_tag","embeddable":true,"href":"https:\/\/www.laiko.net\/fr\/wp-json\/wp\/v2\/product_tag?post=3521"}],"curies":[{"name":"wp","href":"https:\/\/api.w.org\/{rel}","templated":true}]}}