{"id":3520,"date":"2023-10-28T14:39:09","date_gmt":"2023-10-28T06:39:09","guid":{"rendered":"http:\/\/www3.laiko.net\/?post_type=product&#038;p=3520"},"modified":"2023-12-05T10:21:15","modified_gmt":"2023-12-05T02:21:15","slug":"plastic-intalox-saddles-ring","status":"publish","type":"product","link":"https:\/\/www.laiko.net\/fr\/produit\/selles-en-plastique-intalox-anneau\/","title":{"rendered":"Anneau en plastique pour selles Intalox"},"content":{"rendered":"<h2>Param\u00e8tres de l'anneau de selle Intalox en plastique<\/h2>\n<div class=\"overflow_x\">\n<table>\n<tbody>\n<tr class=\"firstRow\">\n<td height=\"42\">D\u00d7H\u00d7\u03b4 mm<\/td>\n<td height=\"42\">Surface sp\u00e9cifique m2\/m3<\/td>\n<td height=\"42\">Taux d'annulation %<\/td>\n<td colspan=\"2\" height=\"42\">Nombre en vrac g\/m3<\/td>\n<td colspan=\"2\" height=\"42\">Densit\u00e9 de l'emballage (kg\/m3)<\/td>\n<td colspan=\"2\" height=\"42\">F facteur m-1<\/td>\n<\/tr>\n<tr>\n<td height=\"14\">25*12.5*1.2<\/td>\n<td height=\"14\">288<\/td>\n<td height=\"14\">84.7<\/td>\n<td colspan=\"2\" height=\"14\">97680<\/td>\n<td colspan=\"2\" height=\"14\">102<\/td>\n<td colspan=\"2\" height=\"14\">473<\/td>\n<\/tr>\n<tr>\n<td height=\"14\">38*19*1.2<\/td>\n<td height=\"14\">265<\/td>\n<td height=\"14\">95<\/td>\n<td colspan=\"2\" height=\"14\">25200<\/td>\n<td colspan=\"2\" height=\"14\">63<\/td>\n<td colspan=\"2\" height=\"14\">405<\/td>\n<\/tr>\n<tr>\n<td height=\"14\">50*25*1.5<\/td>\n<td height=\"14\">250<\/td>\n<td height=\"14\">96<\/td>\n<td colspan=\"2\" height=\"14\">9400<\/td>\n<td colspan=\"2\" height=\"14\">75.2<\/td>\n<td colspan=\"2\" height=\"14\">332<\/td>\n<\/tr>\n<tr>\n<td height=\"14\">76*38*3.0<\/td>\n<td height=\"14\">200<\/td>\n<td height=\"14\">97<\/td>\n<td colspan=\"2\" height=\"14\">3700<\/td>\n<td colspan=\"2\" height=\"14\">59.2<\/td>\n<td colspan=\"2\" height=\"14\">289<\/td>\n<\/tr>\n<\/tbody>\n<\/table>\n<\/div>\n<h2>Avantages de l'anneau de selle Intalox en plastique<\/h2>\n<ul class=\"list-paddingleft-2\">\n<li>Grand vide<\/li>\n<li>Faible perte de charge<\/li>\n<li>Faible hauteur de l'unit\u00e9 de transfert de masse<\/li>\n<li>Faible poids sp\u00e9cifique<\/li>\n<li>Abondance du contact gaz-liquide<\/li>\n<li>Excellente efficacit\u00e9 du transfert<\/li>\n<\/ul>","protected":false},"excerpt":{"rendered":"<p>L'anneau de selle Intalox en plastique NAIKE est compos\u00e9 d'un canal de liquide en arc de cercle, de sorte que le flux d'air s'\u00e9coule le long du canal de liquide en arc de cercle. En raison du grand vide, de la faible perte de charge, de la faible hauteur de l'unit\u00e9 de transfert de masse, du faible poids sp\u00e9cifique, de l'abondance du contact gaz-liquide, de l'excellente efficacit\u00e9 du transfert, la temp\u00e9rature d'application se situe entre 60 et 150 degr\u00e9s. Il est largement adopt\u00e9 dans les tours de conditionnement du chlorure d'aluminium, du p\u00e9trole, du gaz de charbon, de l'industrie chimique, de l'industrie de l'environnement, etc.<\/p>","protected":false},"featured_media":2935,"template":"","meta":{"_seopress_robots_primary_cat":"none","_monsterinsights_skip_tracking":false,"_monsterinsights_sitenote_active":false,"_monsterinsights_sitenote_note":"","_monsterinsights_sitenote_category":0,"_joinchat":[]},"product_cat":[92,104],"product_tag":[],"class_list":["post-3520","product","type-product","status-publish","has-post-thumbnail","hentry","product_cat-intalox-saddle","product_cat-plastic-tower-packing"],"featured_image_urls":{"full":["https:\/\/www.laiko.net\/wp-content\/uploads\/2023\/10\/frc-297ba43fe1874097778f9e5e3b1c264f.jpg",600,350,false],"thumbnail":["https:\/\/www.laiko.net\/wp-content\/uploads\/2023\/10\/frc-297ba43fe1874097778f9e5e3b1c264f-150x150.jpg",150,150,true],"medium":["https:\/\/www.laiko.net\/wp-content\/uploads\/2023\/10\/frc-297ba43fe1874097778f9e5e3b1c264f-300x175.jpg",300,175,true],"medium_large":["https:\/\/www.laiko.net\/wp-content\/uploads\/2023\/10\/frc-297ba43fe1874097778f9e5e3b1c264f.jpg",600,350,false],"large":["https:\/\/www.laiko.net\/wp-content\/uploads\/2023\/10\/frc-297ba43fe1874097778f9e5e3b1c264f.jpg",600,350,false],"1536x1536":["https:\/\/www.laiko.net\/wp-content\/uploads\/2023\/10\/frc-297ba43fe1874097778f9e5e3b1c264f.jpg",600,350,false],"2048x2048":["https:\/\/www.laiko.net\/wp-content\/uploads\/2023\/10\/frc-297ba43fe1874097778f9e5e3b1c264f.jpg",600,350,false],"trp-custom-language-flag":["https:\/\/www.laiko.net\/wp-content\/uploads\/2023\/10\/frc-297ba43fe1874097778f9e5e3b1c264f.jpg",18,12,false],"woocommerce_thumbnail":["https:\/\/www.laiko.net\/wp-content\/uploads\/2023\/10\/frc-297ba43fe1874097778f9e5e3b1c264f-300x175.jpg",300,175,true],"woocommerce_single":["https:\/\/www.laiko.net\/wp-content\/uploads\/2023\/10\/frc-297ba43fe1874097778f9e5e3b1c264f.jpg",600,350,false],"woocommerce_gallery_thumbnail":["https:\/\/www.laiko.net\/wp-content\/uploads\/2023\/10\/frc-297ba43fe1874097778f9e5e3b1c264f-100x100.jpg",100,100,true]},"post_excerpt_stackable":"<p>NAIKE Plastic Intalox Saddle Ring&#8217;middle part of this packing is the arc liquid channel so that the flow of air along with arc liquid channel. As big voidage, low pressure drop, low height of mass transfer unit, low specific weight, abundant of gas liquid contact, the excellent efficiency of transfer, the application temperature ranges in 60 to 150 degree. It is widely adopted in packing tower of AlkailiChloride, petroleum, coal gas, chemical, environment industry etc.<\/p>\n","category_list":"","author_info":{"name":"","url":""},"comments_num":"0 commentaire","_links":{"self":[{"href":"https:\/\/www.laiko.net\/fr\/wp-json\/wp\/v2\/product\/3520","targetHints":{"allow":["GET"]}}],"collection":[{"href":"https:\/\/www.laiko.net\/fr\/wp-json\/wp\/v2\/product"}],"about":[{"href":"https:\/\/www.laiko.net\/fr\/wp-json\/wp\/v2\/types\/product"}],"wp:featuredmedia":[{"embeddable":true,"href":"https:\/\/www.laiko.net\/fr\/wp-json\/wp\/v2\/media\/2935"}],"wp:attachment":[{"href":"https:\/\/www.laiko.net\/fr\/wp-json\/wp\/v2\/media?parent=3520"}],"wp:term":[{"taxonomy":"product_cat","embeddable":true,"href":"https:\/\/www.laiko.net\/fr\/wp-json\/wp\/v2\/product_cat?post=3520"},{"taxonomy":"product_tag","embeddable":true,"href":"https:\/\/www.laiko.net\/fr\/wp-json\/wp\/v2\/product_tag?post=3520"}],"curies":[{"name":"wp","href":"https:\/\/api.w.org\/{rel}","templated":true}]}}