{"id":3519,"date":"2023-10-28T14:35:33","date_gmt":"2023-10-28T06:35:33","guid":{"rendered":"http:\/\/www3.laiko.net\/?post_type=product&#038;p=3519"},"modified":"2023-10-28T14:35:34","modified_gmt":"2023-10-28T06:35:34","slug":"infrared-ceramic-plate","status":"publish","type":"product","link":"https:\/\/www.laiko.net\/fr\/produit\/plaque-ceramique-infrarouge\/","title":{"rendered":"Plaque c\u00e9ramique infrarouge"},"content":{"rendered":"<h2>Param\u00e8tres de la plaque c\u00e9ramique infrarouge<\/h2>\n<div class=\"overflow_x\">\n<table cellspacing=\"0\" cellpadding=\"0\">\n<colgroup>\n<col \/>\n<col \/>\n<col \/><\/colgroup>\n<tbody>\n<tr class=\"firstRow\">\n<td height=\"16\">Objet<\/td>\n<td>lndex<\/td>\n<td>Sp\u00e9cifications<\/td>\n<\/tr>\n<tr>\n<td height=\"16\">Mat\u00e9riaux<\/td>\n<td>Cordi\u00e9rite<\/td>\n<td rowspan=\"8\">Nous pouvons vous fournir le produit que vous souhaitez.<\/td>\n<\/tr>\n<tr>\n<td height=\"16\">Absorption de l'eau<\/td>\n<td align=\"right\">50.40%<\/td>\n<\/tr>\n<tr>\n<td height=\"16\">Porosit\u00e9 ouverte<\/td>\n<td align=\"right\">61%<\/td>\n<\/tr>\n<tr>\n<td height=\"16\">Adoucissement de la temp\u00e9rature<\/td>\n<td>&gt;1280\u2103<\/td>\n<\/tr>\n<tr>\n<td height=\"16\">Gravit\u00e9 sp\u00e9cifique<\/td>\n<td>0. 9-1,10kg \/ cm3<\/td>\n<\/tr>\n<tr>\n<td height=\"16\">Temp\u00e9rature de la surface de cuisson<\/td>\n<td>1000-1200\u2103<\/td>\n<\/tr>\n<tr>\n<td height=\"16\">Lib\u00e9ration du CO<\/td>\n<td align=\"right\">\u22640.01%<\/td>\n<\/tr>\n<tr>\n<td height=\"16\">Lib\u00e9ration de NOX<\/td>\n<td>\u22645ppm<\/td>\n<\/tr>\n<\/tbody>\n<\/table>\n<\/div>\n<h2>Aper\u00e7u de la plaque c\u00e9ramique infrarouge<\/h2>\n<p>\u00c9conomiser du gaz plus que 22%<br \/>\nCombustion de produits inflammables<br \/>\nDiminution de l'\u00e9limination des gaz toxiques CO et NOx et \u00e9limination du facteur d'atteinte \u00e0 la sant\u00e9 du corps humain.<br \/>\nS\u00e9curit\u00e9 de fonctionnement sans influence du vent en cas d'utilisation \u00e0 l'ext\u00e9rieur.<\/p>\n<p>Les plaques c\u00e9ramiques de combustion infrarouge en nid d'abeille de notre soci\u00e9t\u00e9 peuvent \u00eatre appliqu\u00e9es \u00e0 diff\u00e9rents gaz. Lorsque le client passe commande, il doit fournir les param\u00e8tres tels que la taille du produit, le CPSI, la forme de la cellule, le style de gaz, la forme de la face sup\u00e9rieure.<br \/>\nSi le client a besoin d'un catalyseur enrob\u00e9, il doit indiquer la couleur du catalyseur.<\/p>\n<h2>Avantages de la plaque c\u00e9ramique infrarouge<\/h2>\n<ul class=\"list-paddingleft-2\">\n<li>\u00c9conomiser la consommation d'\u00e9nergie 20-50%.<\/li>\n<li>Br\u00fble sans flamme, peu bruyant.<\/li>\n<li>R\u00e9duire la formulation de gaz nocifs tels que le CO, le NOx, etc. dans une large mesure (plus de 70%)<\/li>\n<li>Forte pouss\u00e9e du vent, utilisation en toute s\u00e9curit\u00e9.<\/li>\n<\/ul>","protected":false},"excerpt":{"rendered":"<p>La c\u00e9ramique alv\u00e9olaire, en tant que plaque c\u00e9ramique de combustion infrarouge, est fabriqu\u00e9e \u00e0 partir de cordi\u00e9rite de haute puret\u00e9 et est utilis\u00e9e dans les po\u00eales \u00e0 gaz. Ce produit pr\u00e9sente une bonne r\u00e9sistance aux chocs thermiques (aucune fissure sur le produit si la c\u00e9ramique en nid d'abeille de 1000 est plong\u00e9e dans de l'eau de 20 pendant 3 fois), une r\u00e9sistance m\u00e9canique \u00e9lev\u00e9e (la r\u00e9sistance \u00e0 l'\u00e9crasement est de 20MPa sur le dessus et de 5MPa sur le c\u00f4t\u00e9), une bonne endurance aux temp\u00e9ratures \u00e9lev\u00e9es et une r\u00e9sistance \u00e9lev\u00e9e \u00e0 l'\u00e9rosion. Si elle est recouverte d'un catalyseur noir, la c\u00e9ramique alv\u00e9olaire peut transf\u00e9rer la chaleur par rayonnement infrarouge et ce mode de combustion pr\u00e9sente des avantages exceptionnels par rapport \u00e0 la combustion normale d'un po\u00eale \u00e0 gaz, comme indiqu\u00e9 ci-dessous :<\/p>","protected":false},"featured_media":1689,"template":"","meta":{"_seopress_robots_primary_cat":"","_monsterinsights_skip_tracking":false,"_monsterinsights_sitenote_active":false,"_monsterinsights_sitenote_note":"","_monsterinsights_sitenote_category":0,"_joinchat":[]},"product_cat":[94],"product_tag":[],"class_list":["post-3519","product","type-product","status-publish","has-post-thumbnail","hentry","product_cat-honeycomb-ceramics"],"featured_image_urls":{"full":["https:\/\/www.laiko.net\/wp-content\/uploads\/2023\/10\/frc-14846040cdb5212936c5d8d3716ef066.jpg",600,350,false],"thumbnail":["https:\/\/www.laiko.net\/wp-content\/uploads\/2023\/10\/frc-14846040cdb5212936c5d8d3716ef066-150x150.jpg",150,150,true],"medium":["https:\/\/www.laiko.net\/wp-content\/uploads\/2023\/10\/frc-14846040cdb5212936c5d8d3716ef066-300x175.jpg",300,175,true],"medium_large":["https:\/\/www.laiko.net\/wp-content\/uploads\/2023\/10\/frc-14846040cdb5212936c5d8d3716ef066.jpg",600,350,false],"large":["https:\/\/www.laiko.net\/wp-content\/uploads\/2023\/10\/frc-14846040cdb5212936c5d8d3716ef066.jpg",600,350,false],"1536x1536":["https:\/\/www.laiko.net\/wp-content\/uploads\/2023\/10\/frc-14846040cdb5212936c5d8d3716ef066.jpg",600,350,false],"2048x2048":["https:\/\/www.laiko.net\/wp-content\/uploads\/2023\/10\/frc-14846040cdb5212936c5d8d3716ef066.jpg",600,350,false],"trp-custom-language-flag":["https:\/\/www.laiko.net\/wp-content\/uploads\/2023\/10\/frc-14846040cdb5212936c5d8d3716ef066.jpg",18,12,false],"woocommerce_thumbnail":["https:\/\/www.laiko.net\/wp-content\/uploads\/2023\/10\/frc-14846040cdb5212936c5d8d3716ef066-300x175.jpg",300,175,true],"woocommerce_single":["https:\/\/www.laiko.net\/wp-content\/uploads\/2023\/10\/frc-14846040cdb5212936c5d8d3716ef066.jpg",600,350,false],"woocommerce_gallery_thumbnail":["https:\/\/www.laiko.net\/wp-content\/uploads\/2023\/10\/frc-14846040cdb5212936c5d8d3716ef066-100x100.jpg",100,100,true]},"post_excerpt_stackable":"<p>Honeycomb ceramic as the infrared combustion ceramic plate is made by the high purity cordierite material and used in the gas-fired stove. This product has good thermal shock resistance (no cracks on the product if the honeycomb ceramic with 1000 is in the water with 20 \u00a0for 3 times), high mechanical strength (crushing strength is 20MPa on the top and 5MPa on the side), good endurance for high temperature, high resistance for erosion. If coated with a black catalyst, the honeycomb ceramic can transfer the heat by infrared radiation style and this combustion style has more outstanding advantages comparing to the normal gas-fired stove combustion as below:<\/p>\n","category_list":"","author_info":{"name":"","url":""},"comments_num":"0 commentaire","_links":{"self":[{"href":"https:\/\/www.laiko.net\/fr\/wp-json\/wp\/v2\/product\/3519","targetHints":{"allow":["GET"]}}],"collection":[{"href":"https:\/\/www.laiko.net\/fr\/wp-json\/wp\/v2\/product"}],"about":[{"href":"https:\/\/www.laiko.net\/fr\/wp-json\/wp\/v2\/types\/product"}],"wp:featuredmedia":[{"embeddable":true,"href":"https:\/\/www.laiko.net\/fr\/wp-json\/wp\/v2\/media\/1689"}],"wp:attachment":[{"href":"https:\/\/www.laiko.net\/fr\/wp-json\/wp\/v2\/media?parent=3519"}],"wp:term":[{"taxonomy":"product_cat","embeddable":true,"href":"https:\/\/www.laiko.net\/fr\/wp-json\/wp\/v2\/product_cat?post=3519"},{"taxonomy":"product_tag","embeddable":true,"href":"https:\/\/www.laiko.net\/fr\/wp-json\/wp\/v2\/product_tag?post=3519"}],"curies":[{"name":"wp","href":"https:\/\/api.w.org\/{rel}","templated":true}]}}