{"id":3517,"date":"2023-10-28T14:35:47","date_gmt":"2023-10-28T06:35:47","guid":{"rendered":"http:\/\/www3.laiko.net\/?post_type=product&#038;p=3517"},"modified":"2023-10-31T15:57:56","modified_gmt":"2023-10-31T07:57:56","slug":"ceramic-saddle-packing","status":"publish","type":"product","link":"https:\/\/www.laiko.net\/fr\/produit\/garniture-de-selle-en-ceramique\/","title":{"rendered":"Garniture de selle en c\u00e9ramique"},"content":{"rendered":"<h2>Param\u00e8tres de la garniture de selle en c\u00e9ramique<\/h2>\n<div class=\"overflow_x\">\n<table cellspacing=\"0\" cellpadding=\"0\">\n<colgroup>\n<col \/>\n<col \/>\n<col \/>\n<col \/>\n<col \/>\n<col \/>\n<col \/><\/colgroup>\n<tbody>\n<tr class=\"firstRow\">\n<td height=\"16\">Nom<\/td>\n<td>Sze<\/td>\n<td>Diam\u00e8tre (mm)<\/td>\n<td>Poids (kg\/m3)<\/td>\n<td>Pi\u00e8ces (m3)<\/td>\n<td>Surface (m2\/m3)<\/td>\n<td>Vide(%)<\/td>\n<\/tr>\n<tr>\n<td rowspan=\"6\" height=\"99\">Anneau de selle en c\u00e9ramique intalox<\/td>\n<td>\u03a613<\/td>\n<td>13*13*2<\/td>\n<td>880<\/td>\n<td align=\"right\">450000<\/td>\n<td align=\"right\">480<\/td>\n<td align=\"right\">65<\/td>\n<\/tr>\n<tr>\n<td>\u03a616<\/td>\n<td>16*12*2<\/td>\n<td>710<\/td>\n<td align=\"right\">382000<\/td>\n<td align=\"right\">450<\/td>\n<td align=\"right\">70<\/td>\n<\/tr>\n<tr>\n<td>\u03a625<\/td>\n<td>25*19*3<\/td>\n<td>680<\/td>\n<td align=\"right\">84000<\/td>\n<td align=\"right\">250<\/td>\n<td align=\"right\">74<\/td>\n<\/tr>\n<tr>\n<td>\u03a638<\/td>\n<td>38*30*4<\/td>\n<td>630<\/td>\n<td align=\"right\">25000<\/td>\n<td align=\"right\">164<\/td>\n<td align=\"right\">75<\/td>\n<\/tr>\n<tr>\n<td>\u03a650<\/td>\n<td>50*40*5<\/td>\n<td>580<\/td>\n<td align=\"right\">9300<\/td>\n<td align=\"right\">142<\/td>\n<td align=\"right\">76<\/td>\n<\/tr>\n<tr>\n<td>\u03a676<\/td>\n<td>76*57*9<\/td>\n<td>520<\/td>\n<td align=\"right\">1800<\/td>\n<td align=\"right\">92<\/td>\n<td align=\"right\">78<\/td>\n<\/tr>\n<\/tbody>\n<\/table>\n<\/div>\n<h2>Avantages de l'emballage en c\u00e9ramique des selles<\/h2>\n<ul class=\"list-paddingleft-2\">\n<li>\n<div>Faible perte de charge et haute efficacit\u00e9<\/div>\n<\/li>\n<li>\n<div>Grande surface interfaciale effective<\/div>\n<\/li>\n<li>\n<div>R\u00e9sistance m\u00e9canique \u00e9lev\u00e9e<\/div>\n<\/li>\n<li>\n<div>Faible co\u00fbt<\/div>\n<\/li>\n<\/ul>\n<h2>Selle en c\u00e9ramique Mat\u00e9riau d'emballage<\/h2>\n<p>Le mat\u00e9riau de garnissage en forme de selle en c\u00e9ramique est un type de garnissage al\u00e9atoire utilis\u00e9 dans les colonnes de distillation et d'absorption des industries chimiques et p\u00e9trochimiques. Il se compose de petits morceaux de c\u00e9ramique en forme de selle qui sont empil\u00e9s en couches pour cr\u00e9er une surface de contact \u00e9lev\u00e9e entre les phases gazeuse et liquide.<\/p>\n<p>Le mat\u00e9riau c\u00e9ramique pr\u00e9sente plusieurs avantages par rapport \u00e0 d'autres types de mat\u00e9riaux de garniture, tels que le plastique ou le m\u00e9tal. Par exemple, la garniture de selle en c\u00e9ramique pr\u00e9sente une r\u00e9sistance \u00e9lev\u00e9e aux chocs thermiques et \u00e0 la corrosion, ce qui permet de l'utiliser \u00e0 des temp\u00e9ratures \u00e9lev\u00e9es et dans des environnements chimiques agressifs. En outre, sa forme unique permet une distribution efficace du liquide et une faible chute de pression, ce qui am\u00e9liore l'efficacit\u00e9 et les performances de la colonne.<\/p>\n<p>Le mat\u00e9riau de garniture de selle en c\u00e9ramique est disponible en diff\u00e9rentes tailles et formes pour s'adapter aux diff\u00e9rentes tailles de colonnes et aux exigences du proc\u00e9d\u00e9. Le mat\u00e9riau c\u00e9ramique le plus couramment utilis\u00e9 est l'alumine, bien que d'autres mat\u00e9riaux tels que la zircone et la titane puissent \u00e9galement \u00eatre utilis\u00e9s. Le choix du mat\u00e9riau d\u00e9pend des exigences sp\u00e9cifiques du proc\u00e9d\u00e9, telles que la r\u00e9sistance chimique et la plage de temp\u00e9rature.<\/p>\n<h2>Application des selles en c\u00e9ramique<\/h2>\n<p>Les selles en c\u00e9ramique sont couramment utilis\u00e9es comme mat\u00e9riau de garnissage dans les colonnes de distillation et d'absorption des industries chimiques et p\u00e9trochimiques. Ils offrent une grande surface de contact entre les phases gazeuse et liquide, ce qui permet une s\u00e9paration et une purification efficaces de divers compos\u00e9s chimiques.<\/p>\n<p>Voici quelques-unes des applications des selles en c\u00e9ramique :<\/p>\n<p><strong>Distillation du p\u00e9trole brut :<\/strong>\u00a0Les selles en c\u00e9ramique sont utilis\u00e9es dans les colonnes de distillation du p\u00e9trole brut pour s\u00e9parer les diff\u00e9rentes fractions du p\u00e9trole brut en fonction de leur point d'\u00e9bullition. La grande surface des selles permet une s\u00e9paration efficace des diff\u00e9rents composants du p\u00e9trole brut, tels que l'essence, le diesel et les lubrifiants.<\/p>\n<p><strong>Absorption des gaz :<\/strong>\u00a0Les selles en c\u00e9ramique peuvent \u00eatre utilis\u00e9es pour \u00e9liminer les impuret\u00e9s ou les gaz ind\u00e9sirables des flux gazeux. Le flux gazeux passe \u00e0 travers une colonne remplie de selles en c\u00e9ramique et les impuret\u00e9s sont absorb\u00e9es \u00e0 la surface des selles.<\/p>\n<p><strong>Traitement chimique :\u00a0<\/strong>Les selles en c\u00e9ramique sont utilis\u00e9es dans le traitement chimique pour s\u00e9parer et purifier divers compos\u00e9s chimiques. Ils peuvent \u00eatre utilis\u00e9s pour la r\u00e9cup\u00e9ration des solvants, la d\u00e9shydratation et l'\u00e9limination des impuret\u00e9s des flux chimiques.<\/p>\n<p><strong>Traitement de l'eau :\u00a0<\/strong>Les selles en c\u00e9ramique peuvent \u00eatre utilis\u00e9es dans les processus de traitement de l'eau pour \u00e9liminer les impuret\u00e9s et les contaminants de l'eau. Elles sont couramment utilis\u00e9es dans les processus de dessalement pour \u00e9liminer le sel et d'autres min\u00e9raux de l'eau de mer.<\/p>\n<p>Dans l'ensemble, les selles en c\u00e9ramique offrent une surface \u00e9lev\u00e9e, une faible chute de pression et une excellente r\u00e9sistance chimique, ce qui en fait un choix populaire pour diverses applications dans les industries chimiques et p\u00e9trochimiques.<\/p>","protected":false},"excerpt":{"rendered":"<p>La garniture de selle Intalox en c\u00e9ramique est divis\u00e9e en deux types de produits diff\u00e9rents en fonction de leurs propri\u00e9t\u00e9s, l'un est souvent utilis\u00e9 dans le domaine des industries chimiques et p\u00e9trochimiques, l'autre est principalement utilis\u00e9 dans les domaines environnementaux tels que les \u00e9quipements RTO (oxydateurs thermiques r\u00e9g\u00e9n\u00e9ratifs). Mais toutes deux sont les garnitures haute performance les plus fr\u00e9quemment utilis\u00e9es et pr\u00e9sentent des avantages pour la plupart des applications par rapport \u00e0 d'autres formes. Leur surface lisse leur conf\u00e8re une grande r\u00e9sistance chimique et conf\u00e8re aux anneaux de selle en c\u00e9ramique Intalox (Ceramic Intalox Saddle) un haut niveau de stabilit\u00e9. En raison de leur forme simple, les garnitures de selle Intalox en c\u00e9ramique peuvent \u00eatre produites par les fabricants de selles en c\u00e9ramique \u00e0 un co\u00fbt relativement faible.<\/p>","protected":false},"featured_media":2957,"template":"","meta":{"_seopress_robots_primary_cat":"","_monsterinsights_skip_tracking":false,"_monsterinsights_sitenote_active":false,"_monsterinsights_sitenote_note":"","_monsterinsights_sitenote_category":0,"_joinchat":[]},"product_cat":[102,92],"product_tag":[],"class_list":["post-3517","product","type-product","status-publish","has-post-thumbnail","hentry","product_cat-ceramic-tower-packing","product_cat-intalox-saddle"],"featured_image_urls":{"full":["https:\/\/www.laiko.net\/wp-content\/uploads\/2023\/10\/frc-32baeda9b47d5c753b2ec970a8f20c29.jpg",600,350,false],"thumbnail":["https:\/\/www.laiko.net\/wp-content\/uploads\/2023\/10\/frc-32baeda9b47d5c753b2ec970a8f20c29-150x150.jpg",150,150,true],"medium":["https:\/\/www.laiko.net\/wp-content\/uploads\/2023\/10\/frc-32baeda9b47d5c753b2ec970a8f20c29-300x175.jpg",300,175,true],"medium_large":["https:\/\/www.laiko.net\/wp-content\/uploads\/2023\/10\/frc-32baeda9b47d5c753b2ec970a8f20c29.jpg",600,350,false],"large":["https:\/\/www.laiko.net\/wp-content\/uploads\/2023\/10\/frc-32baeda9b47d5c753b2ec970a8f20c29.jpg",600,350,false],"1536x1536":["https:\/\/www.laiko.net\/wp-content\/uploads\/2023\/10\/frc-32baeda9b47d5c753b2ec970a8f20c29.jpg",600,350,false],"2048x2048":["https:\/\/www.laiko.net\/wp-content\/uploads\/2023\/10\/frc-32baeda9b47d5c753b2ec970a8f20c29.jpg",600,350,false],"trp-custom-language-flag":["https:\/\/www.laiko.net\/wp-content\/uploads\/2023\/10\/frc-32baeda9b47d5c753b2ec970a8f20c29.jpg",18,12,false],"woocommerce_thumbnail":["https:\/\/www.laiko.net\/wp-content\/uploads\/2023\/10\/frc-32baeda9b47d5c753b2ec970a8f20c29-300x175.jpg",300,175,true],"woocommerce_single":["https:\/\/www.laiko.net\/wp-content\/uploads\/2023\/10\/frc-32baeda9b47d5c753b2ec970a8f20c29.jpg",600,350,false],"woocommerce_gallery_thumbnail":["https:\/\/www.laiko.net\/wp-content\/uploads\/2023\/10\/frc-32baeda9b47d5c753b2ec970a8f20c29-100x100.jpg",100,100,true]},"post_excerpt_stackable":"<p>Ceramic Intalox Saddle Packing is divided into two different types of products according to their properties, one is often used in the field of Chemical and Petrochemical industries, another is mainly used in environmental areas such as RTO (Regenerative Thermal Oxidizers) equipment. But both of them are the most frequently used high-performance packing and exhibit advantages for most applications in comparison with other shapes. Their smooth surface imparts a high chemical resistance and provides Ceramic Intalox saddle rings (Ceramic Intalox Saddle) with a high level of stability. Due to their simple form, ceramic Intalox Saddle packing can be produced by ceramic saddles manufacturer at a relatively low cost.<\/p>\n","category_list":"","author_info":{"name":"","url":""},"comments_num":"0 commentaire","_links":{"self":[{"href":"https:\/\/www.laiko.net\/fr\/wp-json\/wp\/v2\/product\/3517","targetHints":{"allow":["GET"]}}],"collection":[{"href":"https:\/\/www.laiko.net\/fr\/wp-json\/wp\/v2\/product"}],"about":[{"href":"https:\/\/www.laiko.net\/fr\/wp-json\/wp\/v2\/types\/product"}],"wp:featuredmedia":[{"embeddable":true,"href":"https:\/\/www.laiko.net\/fr\/wp-json\/wp\/v2\/media\/2957"}],"wp:attachment":[{"href":"https:\/\/www.laiko.net\/fr\/wp-json\/wp\/v2\/media?parent=3517"}],"wp:term":[{"taxonomy":"product_cat","embeddable":true,"href":"https:\/\/www.laiko.net\/fr\/wp-json\/wp\/v2\/product_cat?post=3517"},{"taxonomy":"product_tag","embeddable":true,"href":"https:\/\/www.laiko.net\/fr\/wp-json\/wp\/v2\/product_tag?post=3517"}],"curies":[{"name":"wp","href":"https:\/\/api.w.org\/{rel}","templated":true}]}}