{"id":3514,"date":"2023-10-28T14:30:19","date_gmt":"2023-10-28T06:30:19","guid":{"rendered":"http:\/\/www3.laiko.net\/?post_type=product&#038;p=3514"},"modified":"2023-11-11T17:46:49","modified_gmt":"2023-11-11T09:46:49","slug":"honeycomb-ceramic","status":"publish","type":"product","link":"https:\/\/www.laiko.net\/fr\/produit\/ceramique-alveolaire\/","title":{"rendered":"C\u00e9ramique en nid d'abeille"},"content":{"rendered":"<h2>Param\u00e8tres de la c\u00e9ramique en nid d'abeille<\/h2>\n<div class=\"overflow_x\">\n<table cellspacing=\"0\" cellpadding=\"0\">\n<colgroup>\n<col \/>\n<col \/>\n<col \/>\n<col \/>\n<col \/><\/colgroup>\n<tbody>\n<tr class=\"firstRow\">\n<td colspan=\"5\" height=\"13\">Sp\u00e9cifications<\/td>\n<\/tr>\n<tr>\n<td height=\"13\">Dimensions (mm)<\/td>\n<td>Sp\u00e9cifications<\/td>\n<td>Unit\u00e9s d'anglais<\/td>\n<td>Unit\u00e9s m\u00e9triques<\/td>\n<td>Remarques<\/td>\n<\/tr>\n<tr>\n<td rowspan=\"5\" height=\"67\">150*150*300<\/td>\n<td>25*25 canaux<\/td>\n<td><\/td>\n<td><\/td>\n<td rowspan=\"5\">\u00c9galement disponible avec n'importe quelle longueur entre 50mm et 300mm<\/td>\n<\/tr>\n<tr>\n<td>Largeur des canaux<\/td>\n<td>0.193 in<\/td>\n<td>4,9\u00b10,1 mm<\/td>\n<\/tr>\n<tr>\n<td>Epaisseur de la paroi<\/td>\n<td>0,043 pouce<\/td>\n<td>1,1\u00b10,1 mm<\/td>\n<\/tr>\n<tr>\n<td>Surface sp\u00e9cifique<\/td>\n<td>164,6 pi2\/ pi3<\/td>\n<td>540 m2\/m3<\/td>\n<\/tr>\n<tr>\n<td>Section libre<\/td>\n<td>67%<\/td>\n<td>67%<\/td>\n<\/tr>\n<tr>\n<td rowspan=\"5\" height=\"67\">150*150*300<\/td>\n<td>59*59 canaux<\/td>\n<td><\/td>\n<td><\/td>\n<td rowspan=\"5\">\u00c9galement disponible avec n'importe quelle longueur entre 50mm et 300mm<\/td>\n<\/tr>\n<tr>\n<td>Largeur des canaux<\/td>\n<td>0,118 pouce<\/td>\n<td>3,0\u00b10,1 mm<\/td>\n<\/tr>\n<tr>\n<td>Epaisseur de la paroi<\/td>\n<td>0,027 pouce<\/td>\n<td>0,7\u00b10,1 mm<\/td>\n<\/tr>\n<tr>\n<td>Surface sp\u00e9cifique<\/td>\n<td>251,5 pi2\/ pi3<\/td>\n<td>825 m2\/m3<\/td>\n<\/tr>\n<tr>\n<td>Section libre<\/td>\n<td>65%<\/td>\n<td>65%<\/td>\n<\/tr>\n<tr>\n<td rowspan=\"5\" height=\"67\">150*150*300<\/td>\n<td>50*50 canaux<\/td>\n<td><\/td>\n<td><\/td>\n<td rowspan=\"5\">\u00c9galement disponible avec n'importe quelle longueur entre 50mm et 300mm<\/td>\n<\/tr>\n<tr>\n<td>Largeur des canaux<\/td>\n<td>0,079 en<\/td>\n<td>2,0\u00b10,1 mm<\/td>\n<\/tr>\n<tr>\n<td>Epaisseur de la paroi<\/td>\n<td>0,020 in<\/td>\n<td>0,5\u00b10,1 mm<\/td>\n<\/tr>\n<tr>\n<td>Surface sp\u00e9cifique<\/td>\n<td>375,0 pi2\/ pi3<\/td>\n<td>1230 m2\/m3<\/td>\n<\/tr>\n<tr>\n<td>Section libre<\/td>\n<td>63%<\/td>\n<td>63%<\/td>\n<\/tr>\n<tr>\n<td rowspan=\"5\" height=\"67\">150*150*300<\/td>\n<td>25*25 canaux<\/td>\n<td><\/td>\n<td><\/td>\n<td rowspan=\"5\">\u00c9galement disponible avec n'importe quelle longueur entre 50mm et 300mm<\/td>\n<\/tr>\n<tr>\n<td>Largeur des canaux<\/td>\n<td>0,091 en<\/td>\n<td>2,3\u00b10,1 mm<\/td>\n<\/tr>\n<tr>\n<td>Epaisseur de la paroi<\/td>\n<td>0,027 pouce<\/td>\n<td>0,7\u00b10,1 mm<\/td>\n<\/tr>\n<tr>\n<td>Surface sp\u00e9cifique<\/td>\n<td>306,4 pi2\/ pi3<\/td>\n<td>1005 m2\/m3<\/td>\n<\/tr>\n<tr>\n<td>Section libre<\/td>\n<td>57%<\/td>\n<td>57%<\/td>\n<\/tr>\n<tr>\n<td rowspan=\"5\" height=\"67\">150*150*300<\/td>\n<td>20*20 canaux<\/td>\n<td><\/td>\n<td><\/td>\n<td rowspan=\"5\">\u00c9galement disponible avec n'importe quelle longueur entre 50mm et 300mm<\/td>\n<\/tr>\n<tr>\n<td>Largeur des canaux<\/td>\n<td>0.244 in<\/td>\n<td>6,2\u00b10,1 mm<\/td>\n<\/tr>\n<tr>\n<td>Epaisseur de la paroi<\/td>\n<td>0,043 pouce<\/td>\n<td>1,1\u00b10,1 mm<\/td>\n<\/tr>\n<tr>\n<td>Surface sp\u00e9cifique<\/td>\n<td>164,6 pi2\/ pi3<\/td>\n<td>540 m2\/m3<\/td>\n<\/tr>\n<tr>\n<td>Section libre<\/td>\n<td>67%<\/td>\n<td>67%<\/td>\n<\/tr>\n<tr>\n<td rowspan=\"5\" height=\"67\">150*150*300<\/td>\n<td>35*35 canaux<\/td>\n<td><\/td>\n<td><\/td>\n<td rowspan=\"5\">\u00c9galement disponible avec n'importe quelle longueur entre 50mm et 300mm<\/td>\n<\/tr>\n<tr>\n<td>Largeur des canaux<\/td>\n<td>0.142 in<\/td>\n<td>3,6\u00b10,1 mm<\/td>\n<\/tr>\n<tr>\n<td>Epaisseur de la paroi<\/td>\n<td>0,020 in<\/td>\n<td>0,5\u00b10,1 mm<\/td>\n<\/tr>\n<tr>\n<td>Surface sp\u00e9cifique<\/td>\n<td>245,4 pi2\/ pi3<\/td>\n<td>805 m2\/m3<\/td>\n<\/tr>\n<tr>\n<td>Section libre<\/td>\n<td>79%<\/td>\n<td>79%<\/td>\n<\/tr>\n<tr>\n<td rowspan=\"5\" height=\"67\">150*150*300<\/td>\n<td>43*43 canaux<\/td>\n<td><\/td>\n<td><\/td>\n<td rowspan=\"5\">\u00c9galement disponible avec n'importe quelle longueur entre 50mm et 300mm<\/td>\n<\/tr>\n<tr>\n<td>Largeur des canaux<\/td>\n<td>0.114 in<\/td>\n<td>2,9\u00b10,1 mm<\/td>\n<\/tr>\n<tr>\n<td>Epaisseur de la paroi<\/td>\n<td>0,020 in<\/td>\n<td>0,5\u00b10,1 mm<\/td>\n<\/tr>\n<tr>\n<td>Surface sp\u00e9cifique<\/td>\n<td>304,9 pi2\/ pi3<\/td>\n<td>1000 m2\/m3<\/td>\n<\/tr>\n<tr>\n<td>Section libre<\/td>\n<td>72%<\/td>\n<td>72%<\/td>\n<\/tr>\n<\/tbody>\n<\/table>\n<\/div>\n<h2>Avantages de la c\u00e9ramique alv\u00e9olaire<\/h2>\n<ul class=\"list-paddingleft-2\">\n<li>\u00c9conomiser la consommation d'\u00e9nergie 20-50%.<\/li>\n<li>Br\u00fble sans flamme, peu bruyant.<\/li>\n<li>R\u00e9duire la formulation de gaz nocifs tels que le CO, le NOx, etc. dans une large mesure (plus de 70%)<\/li>\n<li>Forte portance du vent, utilisation en toute s\u00e9curit\u00e9<\/li>\n<\/ul>","protected":false},"excerpt":{"rendered":"<p>La c\u00e9ramique alv\u00e9olaire est une nouvelle c\u00e9ramique industrielle poreuse. En tant que corps de stockage de la chaleur, elle poss\u00e8de les propri\u00e9t\u00e9s suivantes : r\u00e9sistance \u00e0 la corrosion, grande surface sp\u00e9cifique, faible r\u00e9sistance \u00e0 la chaleur, bonne conductivit\u00e9 thermique et excellente r\u00e9sistance aux chocs thermiques. Elle permet d'\u00e9changer rapidement la chaleur et de r\u00e9duire l'\u00e9nergie, et est largement utilis\u00e9e dans le domaine industriel. La c\u00e9ramique en nid d'abeille, en tant que m\u00e9dia d'\u00e9change thermique, est l'\u00e9l\u00e9ment cl\u00e9 de la technologie HTAC (High-Temperature Air Combustion) de stockage de la chaleur. C'est le meilleur choix pour le RTO, l'\u00e9changeur de chaleur et d'autres produits de protection de l'environnement et d'\u00e9conomie d'\u00e9nergie.<\/p>","protected":false},"featured_media":4065,"template":"","meta":{"_seopress_robots_primary_cat":"","_monsterinsights_skip_tracking":false,"_monsterinsights_sitenote_active":false,"_monsterinsights_sitenote_note":"","_monsterinsights_sitenote_category":0,"_joinchat":[]},"product_cat":[94],"product_tag":[],"class_list":["post-3514","product","type-product","status-publish","has-post-thumbnail","hentry","product_cat-honeycomb-ceramics"],"featured_image_urls":{"full":["https:\/\/www.laiko.net\/wp-content\/uploads\/2023\/11\/honeycomb-ceramic-2.jpg",600,350,false],"thumbnail":["https:\/\/www.laiko.net\/wp-content\/uploads\/2023\/11\/honeycomb-ceramic-2-150x150.jpg",150,150,true],"medium":["https:\/\/www.laiko.net\/wp-content\/uploads\/2023\/11\/honeycomb-ceramic-2-300x175.jpg",300,175,true],"medium_large":["https:\/\/www.laiko.net\/wp-content\/uploads\/2023\/11\/honeycomb-ceramic-2.jpg",600,350,false],"large":["https:\/\/www.laiko.net\/wp-content\/uploads\/2023\/11\/honeycomb-ceramic-2.jpg",600,350,false],"1536x1536":["https:\/\/www.laiko.net\/wp-content\/uploads\/2023\/11\/honeycomb-ceramic-2.jpg",600,350,false],"2048x2048":["https:\/\/www.laiko.net\/wp-content\/uploads\/2023\/11\/honeycomb-ceramic-2.jpg",600,350,false],"trp-custom-language-flag":["https:\/\/www.laiko.net\/wp-content\/uploads\/2023\/11\/honeycomb-ceramic-2.jpg",18,12,false],"woocommerce_thumbnail":["https:\/\/www.laiko.net\/wp-content\/uploads\/2023\/11\/honeycomb-ceramic-2-300x175.jpg",300,175,true],"woocommerce_single":["https:\/\/www.laiko.net\/wp-content\/uploads\/2023\/11\/honeycomb-ceramic-2.jpg",600,350,false],"woocommerce_gallery_thumbnail":["https:\/\/www.laiko.net\/wp-content\/uploads\/2023\/11\/honeycomb-ceramic-2-100x100.jpg",100,100,true]},"post_excerpt_stackable":"<p>Honeycomb ceramic is a new developed porous industrial ceramic. As heat storage body, it has the properties of corrosion resistance, large specific surface area, small heat resistance, good thermal conductivity and excellent thermal-shock resistance performance, realize quickly exchanging heat and reducing energy, widely used in the industrial field. The honeycomb ceramic as the heat exchange media is the key part for heat storage HTAC (High-Temperature Air Combustion) technology. It is the best choice for RTO, heat exchanger and other environmental protection and energy-saving products.<\/p>\n","category_list":"","author_info":{"name":"","url":""},"comments_num":"0 commentaire","_links":{"self":[{"href":"https:\/\/www.laiko.net\/fr\/wp-json\/wp\/v2\/product\/3514","targetHints":{"allow":["GET"]}}],"collection":[{"href":"https:\/\/www.laiko.net\/fr\/wp-json\/wp\/v2\/product"}],"about":[{"href":"https:\/\/www.laiko.net\/fr\/wp-json\/wp\/v2\/types\/product"}],"wp:featuredmedia":[{"embeddable":true,"href":"https:\/\/www.laiko.net\/fr\/wp-json\/wp\/v2\/media\/4065"}],"wp:attachment":[{"href":"https:\/\/www.laiko.net\/fr\/wp-json\/wp\/v2\/media?parent=3514"}],"wp:term":[{"taxonomy":"product_cat","embeddable":true,"href":"https:\/\/www.laiko.net\/fr\/wp-json\/wp\/v2\/product_cat?post=3514"},{"taxonomy":"product_tag","embeddable":true,"href":"https:\/\/www.laiko.net\/fr\/wp-json\/wp\/v2\/product_tag?post=3514"}],"curies":[{"name":"wp","href":"https:\/\/api.w.org\/{rel}","templated":true}]}}