{"id":3512,"date":"2023-10-28T14:22:51","date_gmt":"2023-10-28T06:22:51","guid":{"rendered":"http:\/\/www3.laiko.net\/?post_type=product&#038;p=3512"},"modified":"2023-10-28T14:22:51","modified_gmt":"2023-10-28T06:22:51","slug":"packing-support-grid-support","status":"publish","type":"product","link":"https:\/\/www.laiko.net\/fr\/produit\/support-demballage-support-de-grille\/","title":{"rendered":"Support d'emballage\/Support de grille"},"content":{"rendered":"<h2>Avantages de la prise en charge de l'emballage\/de la grille<\/h2>\n<p>Le support d'emballage \u00e0 faisceaux multiples est consid\u00e9r\u00e9 comme l'une des meilleures grilles de support d'emballage al\u00e9atoire.<\/p>\n<ul class=\"list-paddingleft-2\">\n<li>Largeur fixe de 290 mm. Il est assembl\u00e9 avec plusieurs poutres de soutien, qui ont une largeur de 290 mm et une hauteur de 250-300 mm.<\/li>\n<li>Distance fixe de 10 mm pour l'\u00e9vacuation des liquides. Chaque poutre voisine est r\u00e9gl\u00e9e \u00e0 un pas de 10 mm pour l'\u00e9vacuation des liquides.<\/li>\n<li>Ouverture inf\u00e9rieure \u00e0 10 mm. Les fentes, les ouvertures carr\u00e9es ou rondes de la poutre sont inf\u00e9rieures \u00e0 10 mm, ce qui permet d'\u00e9viter les fuites de la garniture de 10 mm.<\/li>\n<li>Conception sectionnelle. Conception sectionnelle pour faciliter le transport et l'installation et l'entr\u00e9e par le trou d'homme.<\/li>\n<li>Canal s\u00e9par\u00e9 pour le liquide et le gaz. Le gaz s'\u00e9l\u00e8ve par le haut de la poutre et le liquide s'\u00e9coule par la voie plate pour fournir une chute de pression extr\u00eamement faible.<\/li>\n<li>Avec ou sans cadre ext\u00e9rieur. Le support d'emballage \u00e0 plusieurs poutres peut \u00eatre con\u00e7u avec ou sans cadre ext\u00e9rieur pour s'adapter aux diff\u00e9rents diam\u00e8tres de la tour d'emballage.<\/li>\n<li>La taille et la structure peuvent \u00eatre personnalis\u00e9es selon les dessins du client.<\/li>\n<\/ul>\n<h2>Mat\u00e9riau du support d'emballage\/support de grille<\/h2>\n<p>acier au carbone, acier inoxydable, y compris 304, 304L, 316, 316L, 321, 410, etc.<\/p>\n<p>En fonction du mat\u00e9riau, le support d'emballage multi-faisceaux est compos\u00e9 d'un support m\u00e9tallique et d'un support plastique.<\/p>\n<h2>Temp\u00e9rature de fonctionnement du support d'emballage\/support de grille<\/h2>\n<p>Support de garniture en acier inoxydable &lt; 300 \u00b0C.<br \/>\nSupport de garniture en acier au carbone &lt; 200 \u00b0C.<br \/>\nPlastique Support de garniture&lt;100\u00b0C (PTFE pour 250 \u00b0C)<\/p>","protected":false},"excerpt":{"rendered":"<p>Le support d'emballage multi-poutres, \u00e9galement appel\u00e9 support \u00e0 bosse, est, comme son nom l'indique, constitu\u00e9 de plusieurs poutres de soutien. Il peut \u00eatre fabriqu\u00e9 en m\u00e9tal (acier au carbone, acier inoxydable), en plastique (PP, PVDF, CPVC), en plastique renforc\u00e9 de fibres (FRP) et en mat\u00e9riaux c\u00e9ramiques. Le support de garnissage multi-poutres est largement utilis\u00e9 dans les tours d'absorption, les tours de lavage et les tours de distillation pour le support de garnissage al\u00e9atoire. Il pr\u00e9sente une surface ouverte \u00e9lev\u00e9e, une chute de pression extr\u00eamement faible et des voies s\u00e9par\u00e9es pour les gaz et les liquides, ce qui permet un transfert de masse efficace.<\/p>","protected":false},"featured_media":1964,"template":"","meta":{"_seopress_robots_primary_cat":"","_monsterinsights_skip_tracking":false,"_monsterinsights_sitenote_active":false,"_monsterinsights_sitenote_note":"","_monsterinsights_sitenote_category":0,"_joinchat":[]},"product_cat":[90],"product_tag":[],"class_list":["post-3512","product","type-product","status-publish","has-post-thumbnail","hentry","product_cat-column-internals"],"featured_image_urls":{"full":["https:\/\/www.laiko.net\/wp-content\/uploads\/2023\/10\/frc-7860bc0ad37d6bd7028f2dab54e988cd.jpg",1000,607,false],"thumbnail":["https:\/\/www.laiko.net\/wp-content\/uploads\/2023\/10\/frc-7860bc0ad37d6bd7028f2dab54e988cd-150x150.jpg",150,150,true],"medium":["https:\/\/www.laiko.net\/wp-content\/uploads\/2023\/10\/frc-7860bc0ad37d6bd7028f2dab54e988cd-300x182.jpg",300,182,true],"medium_large":["https:\/\/www.laiko.net\/wp-content\/uploads\/2023\/10\/frc-7860bc0ad37d6bd7028f2dab54e988cd-768x466.jpg",768,466,true],"large":["https:\/\/www.laiko.net\/wp-content\/uploads\/2023\/10\/frc-7860bc0ad37d6bd7028f2dab54e988cd.jpg",1000,607,false],"1536x1536":["https:\/\/www.laiko.net\/wp-content\/uploads\/2023\/10\/frc-7860bc0ad37d6bd7028f2dab54e988cd.jpg",1000,607,false],"2048x2048":["https:\/\/www.laiko.net\/wp-content\/uploads\/2023\/10\/frc-7860bc0ad37d6bd7028f2dab54e988cd.jpg",1000,607,false],"trp-custom-language-flag":["https:\/\/www.laiko.net\/wp-content\/uploads\/2023\/10\/frc-7860bc0ad37d6bd7028f2dab54e988cd.jpg",18,12,false],"woocommerce_thumbnail":["https:\/\/www.laiko.net\/wp-content\/uploads\/2023\/10\/frc-7860bc0ad37d6bd7028f2dab54e988cd-300x182.jpg",300,182,true],"woocommerce_single":["https:\/\/www.laiko.net\/wp-content\/uploads\/2023\/10\/frc-7860bc0ad37d6bd7028f2dab54e988cd-600x364.jpg",600,364,true],"woocommerce_gallery_thumbnail":["https:\/\/www.laiko.net\/wp-content\/uploads\/2023\/10\/frc-7860bc0ad37d6bd7028f2dab54e988cd-100x100.jpg",100,100,true]},"post_excerpt_stackable":"<p>Multi-beam packing support, also named as hump support, as its name says, is made of several support beams. It can be made of metallic (carbon steel, stainless steel), plastic (PP, PVDF, CPVC), fibre-reinforced plastic (FRP) and ceramic materials. Multi-beam packing support is widely used in the absorption tower, washing tower and Distillation towers for random packing support. It has a high open area, extremely low-pressure drop and separated gas and liquid paths for high mass transfer efficiency.<\/p>\n","category_list":"","author_info":{"name":"","url":""},"comments_num":"0 commentaire","_links":{"self":[{"href":"https:\/\/www.laiko.net\/fr\/wp-json\/wp\/v2\/product\/3512","targetHints":{"allow":["GET"]}}],"collection":[{"href":"https:\/\/www.laiko.net\/fr\/wp-json\/wp\/v2\/product"}],"about":[{"href":"https:\/\/www.laiko.net\/fr\/wp-json\/wp\/v2\/types\/product"}],"wp:featuredmedia":[{"embeddable":true,"href":"https:\/\/www.laiko.net\/fr\/wp-json\/wp\/v2\/media\/1964"}],"wp:attachment":[{"href":"https:\/\/www.laiko.net\/fr\/wp-json\/wp\/v2\/media?parent=3512"}],"wp:term":[{"taxonomy":"product_cat","embeddable":true,"href":"https:\/\/www.laiko.net\/fr\/wp-json\/wp\/v2\/product_cat?post=3512"},{"taxonomy":"product_tag","embeddable":true,"href":"https:\/\/www.laiko.net\/fr\/wp-json\/wp\/v2\/product_tag?post=3512"}],"curies":[{"name":"wp","href":"https:\/\/api.w.org\/{rel}","templated":true}]}}