{"id":3509,"date":"2023-10-28T14:29:44","date_gmt":"2023-10-28T06:29:44","guid":{"rendered":"http:\/\/www3.laiko.net\/?post_type=product&#038;p=3509"},"modified":"2023-10-31T16:12:55","modified_gmt":"2023-10-31T08:12:55","slug":"intalox-metal-tower-packing","status":"publish","type":"product","link":"https:\/\/www.laiko.net\/fr\/produit\/intalox-metal-tower-packing\/","title":{"rendered":"Intalox Metal Tower Packing"},"content":{"rendered":"<h2>Param\u00e8tres de l'emballage de la tour m\u00e9tallique Intalox<\/h2>\n<div class=\"overflow_x\">\n<table cellspacing=\"0\" cellpadding=\"0\">\n<tbody>\n<tr class=\"firstRow\">\n<td valign=\"top\" height=\"33\">\n<div align=\"center\">Type<\/div>\n<\/td>\n<td valign=\"top\" height=\"33\">\n<div align=\"center\">Les surfaces sp\u00e9cifiques sont m<sup>2<\/sup>\/m<sup>3<\/sup><\/div>\n<\/td>\n<td valign=\"top\" height=\"33\">\n<div align=\"center\">Volume du vide<\/div>\n<div align=\"center\">%<\/div>\n<\/td>\n<td valign=\"top\" height=\"33\">\n<div align=\"center\">Un poids \u00e9norme<\/div>\n<div align=\"center\">Kg\/m<sup>3<\/sup><\/div>\n<\/td>\n<td valign=\"top\" height=\"33\">\n<div align=\"center\">Vague<\/div>\n<div align=\"center\">Hauteur<\/div>\n<div align=\"center\">mm<\/div>\n<\/td>\n<td valign=\"top\" height=\"33\">\n<div align=\"center\">Plaque th\u00e9orique<br \/>\nnombre<br \/>\nm<sup>-1<\/sup><\/div>\n<\/td>\n<td valign=\"top\" height=\"33\">\n<div align=\"center\">\u0394 P<br \/>\nPa\/m<\/div>\n<\/td>\n<td valign=\"top\" height=\"33\">\n<div>Facteur F max.<\/div>\n<div>m\/s(kg\/m<sup>3<\/sup>)<sup>0.5<\/sup><\/div>\n<\/td>\n<\/tr>\n<tr>\n<td valign=\"top\" height=\"35\">\n<div align=\"center\">250Y<\/div>\n<\/td>\n<td valign=\"top\" height=\"35\">\n<div align=\"center\">250<\/div>\n<\/td>\n<td valign=\"top\" height=\"35\">\n<div align=\"center\">97<\/div>\n<\/td>\n<td valign=\"top\" height=\"35\">\n<div align=\"center\">85-100<\/div>\n<\/td>\n<td valign=\"top\" height=\"35\">\n<div align=\"center\">12.5<\/div>\n<\/td>\n<td valign=\"top\" height=\"35\">\n<div align=\"center\">2.5-3.0<\/div>\n<\/td>\n<td valign=\"top\" height=\"35\">\n<div align=\"center\">300<\/div>\n<\/td>\n<td valign=\"top\" height=\"35\">\n<div align=\"center\">2.6<\/div>\n<\/td>\n<\/tr>\n<tr>\n<td valign=\"top\" height=\"35\">\n<div align=\"center\">500Y<\/div>\n<\/td>\n<td valign=\"top\" height=\"35\">\n<div align=\"center\">500<\/div>\n<\/td>\n<td valign=\"top\" height=\"35\">\n<div align=\"center\">93<\/div>\n<\/td>\n<td valign=\"top\" height=\"35\">\n<div align=\"center\">170-200<\/div>\n<\/td>\n<td valign=\"top\" height=\"35\">\n<div align=\"center\">6.3<\/div>\n<\/td>\n<td valign=\"top\" height=\"35\">\n<div align=\"center\">3.0-4.0<\/div>\n<\/td>\n<td valign=\"top\" height=\"35\">\n<div align=\"center\">200<\/div>\n<\/td>\n<td valign=\"top\" height=\"35\">\n<div align=\"center\">2.1<\/div>\n<\/td>\n<\/tr>\n<tr>\n<td valign=\"top\" height=\"35\">\n<div align=\"center\">700Y<\/div>\n<\/td>\n<td valign=\"top\" height=\"35\">\n<div align=\"center\">700<\/div>\n<\/td>\n<td valign=\"top\" height=\"35\">\n<div align=\"center\">85<\/div>\n<\/td>\n<td valign=\"top\" height=\"35\">\n<div align=\"center\">240-280<\/div>\n<\/td>\n<td valign=\"top\" height=\"35\">\n<div align=\"center\">4.5<\/div>\n<\/td>\n<td valign=\"top\" height=\"35\">\n<div align=\"center\">5.0-7.0<\/div>\n<\/td>\n<td valign=\"top\" height=\"35\">\n<div align=\"center\">900<\/div>\n<\/td>\n<td valign=\"top\" height=\"35\">\n<div align=\"center\">1.6<\/div>\n<\/td>\n<\/tr>\n<\/tbody>\n<\/table>\n<\/div>\n<h2>Avantages de l'emballage Intalox Metal Tower<\/h2>\n<ul class=\"list-paddingleft-2\">\n<li>Faible perte de charge et haute efficacit\u00e9<\/li>\n<li>Grande surface interfaciale effective<\/li>\n<li>R\u00e9sistance m\u00e9canique \u00e9lev\u00e9e<\/li>\n<li>Faible co\u00fbt<\/li>\n<\/ul>\n<h2>Application de l'emballage Intalox Metal Tower<\/h2>\n<ul class=\"list-paddingleft-2\">\n<li>Tours de transfert de petit et grand diam\u00e8tre<\/li>\n<li>Tours \u00e0 vide profond o\u00f9 une faible perte de charge est cruciale<\/li>\n<li>Distillation, absorption, etc.<\/li>\n<li>Tours \u00e0 haute pression dont la capacit\u00e9 d\u00e9passe largement celle des plateaux conventionnels<\/li>\n<\/ul>","protected":false},"excerpt":{"rendered":"<p>L'emballage m\u00e9tallique en t\u00f4le ondul\u00e9e est perfor\u00e9 de 70 tr\u00e8s petits trous avec des \u00e9pines par centim\u00e8tre carr\u00e9, puis il est pouss\u00e9 vers la t\u00f4le ondul\u00e9e, et enfin il est assembl\u00e9 \u00e0 la bobine. En raison de l'augmentation de la capacit\u00e9 de mouillage, elle conserve l'excellente performance de s\u00e9paration de la garniture \u00e0 gaze m\u00e9tallique lorsque le flux de liquide est important.<\/p>","protected":false},"featured_media":3017,"template":"","meta":{"_seopress_robots_primary_cat":"","_monsterinsights_skip_tracking":false,"_monsterinsights_sitenote_active":false,"_monsterinsights_sitenote_note":"","_monsterinsights_sitenote_category":0,"_joinchat":[]},"product_cat":[92,103],"product_tag":[],"class_list":["post-3509","product","type-product","status-publish","has-post-thumbnail","hentry","product_cat-intalox-saddle","product_cat-metal-tower-packing"],"featured_image_urls":{"full":["https:\/\/www.laiko.net\/wp-content\/uploads\/2023\/10\/frc-e70fd8e42263a36741fd6bf530928e7a.jpg",600,350,false],"thumbnail":["https:\/\/www.laiko.net\/wp-content\/uploads\/2023\/10\/frc-e70fd8e42263a36741fd6bf530928e7a-150x150.jpg",150,150,true],"medium":["https:\/\/www.laiko.net\/wp-content\/uploads\/2023\/10\/frc-e70fd8e42263a36741fd6bf530928e7a-300x175.jpg",300,175,true],"medium_large":["https:\/\/www.laiko.net\/wp-content\/uploads\/2023\/10\/frc-e70fd8e42263a36741fd6bf530928e7a.jpg",600,350,false],"large":["https:\/\/www.laiko.net\/wp-content\/uploads\/2023\/10\/frc-e70fd8e42263a36741fd6bf530928e7a.jpg",600,350,false],"1536x1536":["https:\/\/www.laiko.net\/wp-content\/uploads\/2023\/10\/frc-e70fd8e42263a36741fd6bf530928e7a.jpg",600,350,false],"2048x2048":["https:\/\/www.laiko.net\/wp-content\/uploads\/2023\/10\/frc-e70fd8e42263a36741fd6bf530928e7a.jpg",600,350,false],"trp-custom-language-flag":["https:\/\/www.laiko.net\/wp-content\/uploads\/2023\/10\/frc-e70fd8e42263a36741fd6bf530928e7a.jpg",18,12,false],"woocommerce_thumbnail":["https:\/\/www.laiko.net\/wp-content\/uploads\/2023\/10\/frc-e70fd8e42263a36741fd6bf530928e7a-300x175.jpg",300,175,true],"woocommerce_single":["https:\/\/www.laiko.net\/wp-content\/uploads\/2023\/10\/frc-e70fd8e42263a36741fd6bf530928e7a.jpg",600,350,false],"woocommerce_gallery_thumbnail":["https:\/\/www.laiko.net\/wp-content\/uploads\/2023\/10\/frc-e70fd8e42263a36741fd6bf530928e7a-100x100.jpg",100,100,true]},"post_excerpt_stackable":"<p>Metal Protruded Corrugated Sheet Packing is perforated 70 very small holes with thorn per square centimeter, then is pushed to corrugated sheet, finally it is assembled to the coil. Because the wetting ability increases, it still has the excellent separation performance of wire gauze packing when liquid flow is large.<\/p>\n","category_list":"","author_info":{"name":"","url":""},"comments_num":"0 commentaire","_links":{"self":[{"href":"https:\/\/www.laiko.net\/fr\/wp-json\/wp\/v2\/product\/3509","targetHints":{"allow":["GET"]}}],"collection":[{"href":"https:\/\/www.laiko.net\/fr\/wp-json\/wp\/v2\/product"}],"about":[{"href":"https:\/\/www.laiko.net\/fr\/wp-json\/wp\/v2\/types\/product"}],"wp:featuredmedia":[{"embeddable":true,"href":"https:\/\/www.laiko.net\/fr\/wp-json\/wp\/v2\/media\/3017"}],"wp:attachment":[{"href":"https:\/\/www.laiko.net\/fr\/wp-json\/wp\/v2\/media?parent=3509"}],"wp:term":[{"taxonomy":"product_cat","embeddable":true,"href":"https:\/\/www.laiko.net\/fr\/wp-json\/wp\/v2\/product_cat?post=3509"},{"taxonomy":"product_tag","embeddable":true,"href":"https:\/\/www.laiko.net\/fr\/wp-json\/wp\/v2\/product_tag?post=3509"}],"curies":[{"name":"wp","href":"https:\/\/api.w.org\/{rel}","templated":true}]}}