{"id":3505,"date":"2023-10-28T14:08:24","date_gmt":"2023-10-28T06:08:24","guid":{"rendered":"http:\/\/www3.laiko.net\/?post_type=product&#038;p=3505"},"modified":"2023-11-29T11:29:19","modified_gmt":"2023-11-29T03:29:19","slug":"metal-gauze-packing","status":"publish","type":"product","link":"https:\/\/www.laiko.net\/fr\/produit\/emballage-de-gaze-metallique\/","title":{"rendered":"Emballage en gaze m\u00e9tallique"},"content":{"rendered":"<p><strong>Param\u00e8tres de l'emballage en gaze m\u00e9tallique<\/strong><\/p>\n<div class=\"overflow_x\">\n<table cellspacing=\"0\" cellpadding=\"0\">\n<colgroup>\n<col \/>\n<col \/>\n<col \/>\n<col \/>\n<col \/>\n<col \/>\n<col span=\"2\" \/><\/colgroup>\n<tbody>\n<tr class=\"firstRow\">\n<td rowspan=\"2\" height=\"44\">Nom<\/td>\n<td>Type<\/td>\n<td>hauteur de cr\u00eate<\/td>\n<td>Surface<\/td>\n<td>Espace vide<\/td>\n<td>Feuille de th\u00e9orie Nombres<\/td>\n<td>Perte de charge<\/td>\n<td>Facteur d'emballage<\/td>\n<\/tr>\n<tr>\n<td><\/td>\n<td>mm<\/td>\n<td>m2\/m3<\/td>\n<td>%<\/td>\n<td>1\/m<\/td>\n<td>Mpa\/m<\/td>\n<td>m-1<\/td>\n<\/tr>\n<tr>\n<td rowspan=\"5\" height=\"110\">Emballage de gaze m\u00e9tallique<\/td>\n<td>AX250<\/td>\n<td>12<\/td>\n<td>250<\/td>\n<td>97<\/td>\n<td>2.5-3.0<\/td>\n<td>1.05*10<\/td>\n<td>2.5-3.5<\/td>\n<\/tr>\n<tr>\n<td>BX500<\/td>\n<td>6.3<\/td>\n<td>500<\/td>\n<td>95<\/td>\n<td>4.5-5.5<\/td>\n<td>3.0*10<\/td>\n<td>2<\/td>\n<\/tr>\n<tr>\n<td>CY700<\/td>\n<td>4.3<\/td>\n<td>700<\/td>\n<td>87<\/td>\n<td>8-10<\/td>\n<td>4.5*6.5*10<\/td>\n<td>1.3=2.4<\/td>\n<\/tr>\n<tr>\n<td>DY1000<\/td>\n<td>3<\/td>\n<td>1000<\/td>\n<td>82<\/td>\n<td>12-14<\/td>\n<td>8.0-9.5*10<\/td>\n<td>0.8-1.0<\/td>\n<\/tr>\n<tr>\n<td>EY1500<\/td>\n<td>2<\/td>\n<td>1500<\/td>\n<td>75<\/td>\n<td>15-17<\/td>\n<td>10-12*10<\/td>\n<td>0.4-0.6<\/td>\n<\/tr>\n<\/tbody>\n<\/table>\n<\/div>","protected":false},"excerpt":{"rendered":"<p>L'emballage par gaze m\u00e9tallique est une \u00e9tape importante dans le d\u00e9veloppement d'un remplissage clair et net. Ce type de remplissage consiste en des morceaux de toile dispos\u00e9s et press\u00e9s en ondulation. L'ondulation est de 30 ou 45 et les deux pi\u00e8ces voisines sont de directions oppos\u00e9es. Lors du remplissage dans la colonne, les plateaux de remplissage sup\u00e9rieur et inf\u00e9rieur se croisent \u00e0 90\u00b0. Il pr\u00e9sente les avantages d'une grande efficacit\u00e9, d'une faible perte de charge et d'un d\u00e9bit important. Ce produit comprend les types BX et CY, g\u00e9n\u00e9ralement utilis\u00e9s dans la distillation sous vide, la distillation \u00e0 pression normale et les processus d'absorption de mati\u00e8res difficiles \u00e0 s\u00e9parer ou sensibles \u00e0 la chaleur.<\/p>","protected":false},"featured_media":2868,"template":"","meta":{"_seopress_robots_primary_cat":"none","_monsterinsights_skip_tracking":false,"_monsterinsights_sitenote_active":false,"_monsterinsights_sitenote_note":"","_monsterinsights_sitenote_category":0,"_joinchat":[]},"product_cat":[103,91],"product_tag":[],"class_list":["post-3505","product","type-product","status-publish","has-post-thumbnail","hentry","product_cat-metal-tower-packing","product_cat-wire-gauze-packing"],"featured_image_urls":{"full":["https:\/\/www.laiko.net\/wp-content\/uploads\/2023\/10\/frc-2da439aa0a42443c533f6323e4a4d741.jpg",600,350,false],"thumbnail":["https:\/\/www.laiko.net\/wp-content\/uploads\/2023\/10\/frc-2da439aa0a42443c533f6323e4a4d741-150x150.jpg",150,150,true],"medium":["https:\/\/www.laiko.net\/wp-content\/uploads\/2023\/10\/frc-2da439aa0a42443c533f6323e4a4d741-300x175.jpg",300,175,true],"medium_large":["https:\/\/www.laiko.net\/wp-content\/uploads\/2023\/10\/frc-2da439aa0a42443c533f6323e4a4d741.jpg",600,350,false],"large":["https:\/\/www.laiko.net\/wp-content\/uploads\/2023\/10\/frc-2da439aa0a42443c533f6323e4a4d741.jpg",600,350,false],"1536x1536":["https:\/\/www.laiko.net\/wp-content\/uploads\/2023\/10\/frc-2da439aa0a42443c533f6323e4a4d741.jpg",600,350,false],"2048x2048":["https:\/\/www.laiko.net\/wp-content\/uploads\/2023\/10\/frc-2da439aa0a42443c533f6323e4a4d741.jpg",600,350,false],"trp-custom-language-flag":["https:\/\/www.laiko.net\/wp-content\/uploads\/2023\/10\/frc-2da439aa0a42443c533f6323e4a4d741.jpg",18,12,false],"woocommerce_thumbnail":["https:\/\/www.laiko.net\/wp-content\/uploads\/2023\/10\/frc-2da439aa0a42443c533f6323e4a4d741-300x175.jpg",300,175,true],"woocommerce_single":["https:\/\/www.laiko.net\/wp-content\/uploads\/2023\/10\/frc-2da439aa0a42443c533f6323e4a4d741.jpg",600,350,false],"woocommerce_gallery_thumbnail":["https:\/\/www.laiko.net\/wp-content\/uploads\/2023\/10\/frc-2da439aa0a42443c533f6323e4a4d741-100x100.jpg",100,100,true]},"post_excerpt_stackable":"<p>Metallic wire gauze packing is an important milestone of the development of clear and neat filling. This kind of filling consists of arranged web pieces pressed into corrugation. Ubiquity of corrugation is 30 or 45 and the neighbor two pieces are of opposite directions. When filling into the column, upper and lower filling trays cross bv 90. It has advantages of high effectiveness, low pressure drop and large flow rate. This product includes BX, and CY types, generally used in vacuum Distillation, normal pressure distillation and absorption processes of matters hard to separate or thermal sensitive.<\/p>\n","category_list":"","author_info":{"name":"","url":""},"comments_num":"0 commentaire","_links":{"self":[{"href":"https:\/\/www.laiko.net\/fr\/wp-json\/wp\/v2\/product\/3505","targetHints":{"allow":["GET"]}}],"collection":[{"href":"https:\/\/www.laiko.net\/fr\/wp-json\/wp\/v2\/product"}],"about":[{"href":"https:\/\/www.laiko.net\/fr\/wp-json\/wp\/v2\/types\/product"}],"wp:featuredmedia":[{"embeddable":true,"href":"https:\/\/www.laiko.net\/fr\/wp-json\/wp\/v2\/media\/2868"}],"wp:attachment":[{"href":"https:\/\/www.laiko.net\/fr\/wp-json\/wp\/v2\/media?parent=3505"}],"wp:term":[{"taxonomy":"product_cat","embeddable":true,"href":"https:\/\/www.laiko.net\/fr\/wp-json\/wp\/v2\/product_cat?post=3505"},{"taxonomy":"product_tag","embeddable":true,"href":"https:\/\/www.laiko.net\/fr\/wp-json\/wp\/v2\/product_tag?post=3505"}],"curies":[{"name":"wp","href":"https:\/\/api.w.org\/{rel}","templated":true}]}}