{"id":3503,"date":"2023-10-27T17:51:47","date_gmt":"2023-10-27T09:51:47","guid":{"rendered":"http:\/\/www3.laiko.net\/?post_type=product&#038;p=3503"},"modified":"2023-10-31T16:26:21","modified_gmt":"2023-10-31T08:26:21","slug":"plastic-cascade-ring","status":"publish","type":"product","link":"https:\/\/www.laiko.net\/fr\/produit\/anneau-de-cascade-en-plastique\/","title":{"rendered":"Anneau de cascade en plastique"},"content":{"rendered":"<h2>Param\u00e8tres de l'anneau en cascade en plastique<\/h2>\n<div class=\"overflow_x\">\n<table>\n<tbody>\n<tr class=\"firstRow\">\n<td height=\"42\">D\u00d7H\u00d7\u03b4 mm<\/td>\n<td height=\"42\">Surface sp\u00e9cifique m2\/m3<\/td>\n<td height=\"42\">Taux d'annulation %<\/td>\n<td colspan=\"2\" height=\"42\">Nombre en vrac g\/m3<\/td>\n<td colspan=\"2\" height=\"42\">Densit\u00e9 de l'emballage (kg\/m3)<\/td>\n<td colspan=\"2\" height=\"42\">F facteur m-1<\/td>\n<\/tr>\n<tr>\n<td height=\"14\">16*8.9*1<\/td>\n<td height=\"14\">370<\/td>\n<td height=\"14\">85<\/td>\n<td colspan=\"2\" height=\"14\">299136<\/td>\n<td colspan=\"2\" height=\"14\">135.6<\/td>\n<td colspan=\"2\" height=\"14\">602.6<\/td>\n<\/tr>\n<tr>\n<td height=\"14\">25*12.5*1.2<\/td>\n<td height=\"14\">228<\/td>\n<td height=\"14\">90<\/td>\n<td colspan=\"2\" height=\"14\">81500<\/td>\n<td colspan=\"2\" height=\"14\">97.8<\/td>\n<td colspan=\"2\" height=\"14\">312.8<\/td>\n<\/tr>\n<tr>\n<td height=\"14\">38*19*1.2<\/td>\n<td height=\"14\">132.5<\/td>\n<td height=\"14\">91<\/td>\n<td colspan=\"2\" height=\"14\">27200<\/td>\n<td colspan=\"2\" height=\"14\">57.5<\/td>\n<td colspan=\"2\" height=\"14\">175.8<\/td>\n<\/tr>\n<tr>\n<td height=\"14\">50*25*1.5<\/td>\n<td height=\"14\">114.2<\/td>\n<td height=\"14\">92.7<\/td>\n<td colspan=\"2\" height=\"14\">10740<\/td>\n<td colspan=\"2\" height=\"14\">54.8<\/td>\n<td colspan=\"2\" height=\"14\">143.1<\/td>\n<\/tr>\n<tr>\n<td height=\"14\">76*37*3.0<\/td>\n<td height=\"14\">90<\/td>\n<td height=\"14\">92.9<\/td>\n<td colspan=\"2\" height=\"14\">3420<\/td>\n<td colspan=\"2\" height=\"14\">68.4<\/td>\n<td colspan=\"2\" height=\"14\">112.3<\/td>\n<\/tr>\n<\/tbody>\n<\/table>\n<\/div>\n<h2>Avantages de l'anneau en cascade en plastique<\/h2>\n<ul class=\"list-paddingleft-2\">\n<li>Volume libre \u00e9lev\u00e9<\/li>\n<li>Faible perte de charge<\/li>\n<li>Faible hauteur de l'unit\u00e9 de transfert de masse<\/li>\n<li>Point d'inondation \u00e9lev\u00e9<\/li>\n<li>Faible gravit\u00e9 sp\u00e9cifique<\/li>\n<li>Efficacit\u00e9 \u00e9lev\u00e9e du transfert de masse<\/li>\n<\/ul>","protected":false},"excerpt":{"rendered":"<p>Le mini anneau de cascade en plastique NAIKE est fabriqu\u00e9 \u00e0 partir de mati\u00e8res plastiques r\u00e9sistantes \u00e0 la chaleur et \u00e0 la corrosion chimique, notamment PE, PP, PVC, CPVC, PVDF, etc.<\/p>","protected":false},"featured_media":2795,"template":"","meta":{"_seopress_robots_primary_cat":"","_monsterinsights_skip_tracking":false,"_monsterinsights_sitenote_active":false,"_monsterinsights_sitenote_note":"","_monsterinsights_sitenote_category":0,"_joinchat":[]},"product_cat":[88,104],"product_tag":[],"class_list":["post-3503","product","type-product","status-publish","has-post-thumbnail","hentry","product_cat-cascade-ring-packing","product_cat-plastic-tower-packing"],"featured_image_urls":{"full":["https:\/\/www.laiko.net\/wp-content\/uploads\/2023\/10\/frc-909f3df0f9e1634cc976ff09f79fb895.jpg",600,350,false],"thumbnail":["https:\/\/www.laiko.net\/wp-content\/uploads\/2023\/10\/frc-909f3df0f9e1634cc976ff09f79fb895-150x150.jpg",150,150,true],"medium":["https:\/\/www.laiko.net\/wp-content\/uploads\/2023\/10\/frc-909f3df0f9e1634cc976ff09f79fb895-300x175.jpg",300,175,true],"medium_large":["https:\/\/www.laiko.net\/wp-content\/uploads\/2023\/10\/frc-909f3df0f9e1634cc976ff09f79fb895.jpg",600,350,false],"large":["https:\/\/www.laiko.net\/wp-content\/uploads\/2023\/10\/frc-909f3df0f9e1634cc976ff09f79fb895.jpg",600,350,false],"1536x1536":["https:\/\/www.laiko.net\/wp-content\/uploads\/2023\/10\/frc-909f3df0f9e1634cc976ff09f79fb895.jpg",600,350,false],"2048x2048":["https:\/\/www.laiko.net\/wp-content\/uploads\/2023\/10\/frc-909f3df0f9e1634cc976ff09f79fb895.jpg",600,350,false],"trp-custom-language-flag":["https:\/\/www.laiko.net\/wp-content\/uploads\/2023\/10\/frc-909f3df0f9e1634cc976ff09f79fb895.jpg",18,12,false],"woocommerce_thumbnail":["https:\/\/www.laiko.net\/wp-content\/uploads\/2023\/10\/frc-909f3df0f9e1634cc976ff09f79fb895-300x175.jpg",300,175,true],"woocommerce_single":["https:\/\/www.laiko.net\/wp-content\/uploads\/2023\/10\/frc-909f3df0f9e1634cc976ff09f79fb895.jpg",600,350,false],"woocommerce_gallery_thumbnail":["https:\/\/www.laiko.net\/wp-content\/uploads\/2023\/10\/frc-909f3df0f9e1634cc976ff09f79fb895-100x100.jpg",100,100,true]},"post_excerpt_stackable":"<p>NAIKE Plastic Cascade Mini Ring is made from heat resistant and chemical corrosion resistant plastics, including PE, PP, PVC, CPVC, PVDF, etc.<\/p>\n","category_list":"","author_info":{"name":"","url":""},"comments_num":"0 commentaire","_links":{"self":[{"href":"https:\/\/www.laiko.net\/fr\/wp-json\/wp\/v2\/product\/3503","targetHints":{"allow":["GET"]}}],"collection":[{"href":"https:\/\/www.laiko.net\/fr\/wp-json\/wp\/v2\/product"}],"about":[{"href":"https:\/\/www.laiko.net\/fr\/wp-json\/wp\/v2\/types\/product"}],"wp:featuredmedia":[{"embeddable":true,"href":"https:\/\/www.laiko.net\/fr\/wp-json\/wp\/v2\/media\/2795"}],"wp:attachment":[{"href":"https:\/\/www.laiko.net\/fr\/wp-json\/wp\/v2\/media?parent=3503"}],"wp:term":[{"taxonomy":"product_cat","embeddable":true,"href":"https:\/\/www.laiko.net\/fr\/wp-json\/wp\/v2\/product_cat?post=3503"},{"taxonomy":"product_tag","embeddable":true,"href":"https:\/\/www.laiko.net\/fr\/wp-json\/wp\/v2\/product_tag?post=3503"}],"curies":[{"name":"wp","href":"https:\/\/api.w.org\/{rel}","templated":true}]}}