{"id":3488,"date":"2023-10-27T16:52:53","date_gmt":"2023-10-27T08:52:53","guid":{"rendered":"http:\/\/www3.laiko.net\/?post_type=product&#038;p=3488"},"modified":"2023-10-31T16:16:42","modified_gmt":"2023-10-31T08:16:42","slug":"metal-super-raschig-ring","status":"publish","type":"product","link":"https:\/\/www.laiko.net\/fr\/produit\/anneau-metallique-super-raschig\/","title":{"rendered":"Bague Super Raschig en m\u00e9tal"},"content":{"rendered":"<h2>Param\u00e8tres de l'anneau Super Raschig en m\u00e9tal<\/h2>\n<div class=\"overflow_x\">\n<table>\n<tbody>\n<tr class=\"firstRow\">\n<td colspan=\"1\" rowspan=\"1\" height=\"20\">\n<div>\n<div>Taille<\/div>\n<div>mm<\/div>\n<\/div>\n<\/td>\n<td colspan=\"1\" rowspan=\"1\" height=\"20\">\n<div>\n<div>NON. par<\/div>\n<div>m3<\/div>\n<\/div>\n<\/td>\n<td colspan=\"1\" rowspan=\"1\" height=\"20\">\n<div>\n<div>Surface<\/div>\n<div>m2\/m3<\/div>\n<\/div>\n<\/td>\n<td colspan=\"1\" rowspan=\"1\" height=\"20\">\n<div>\n<div>Volume libre<\/div>\n<div>%<\/div>\n<\/div>\n<\/td>\n<\/tr>\n<tr>\n<td colspan=\"1\" rowspan=\"1\" height=\"20\">\n<div>\n<div>15<\/div>\n<\/div>\n<\/td>\n<td colspan=\"1\" rowspan=\"1\" height=\"20\">\n<div>\n<div>180.000<\/div>\n<\/div>\n<\/td>\n<td colspan=\"1\" rowspan=\"1\" height=\"20\">\n<div>\n<div>315<\/div>\n<\/div>\n<\/td>\n<td colspan=\"1\" rowspan=\"1\" height=\"20\">\n<div>\n<div>96<\/div>\n<\/div>\n<\/td>\n<\/tr>\n<tr>\n<td colspan=\"1\" rowspan=\"1\" height=\"20\">\n<div>\n<div>20<\/div>\n<\/div>\n<\/td>\n<td colspan=\"1\" rowspan=\"1\" height=\"20\">\n<div>\n<div>145.000<\/div>\n<\/div>\n<\/td>\n<td colspan=\"1\" rowspan=\"1\" height=\"20\">\n<div>\n<div>250<\/div>\n<\/div>\n<\/td>\n<td colspan=\"1\" rowspan=\"1\" height=\"20\">\n<div>\n<div>97<\/div>\n<\/div>\n<\/td>\n<\/tr>\n<tr>\n<td colspan=\"1\" rowspan=\"1\" height=\"20\">\n<div>\n<div>25<\/div>\n<\/div>\n<\/td>\n<td colspan=\"1\" rowspan=\"1\" height=\"20\">\n<div>\n<div>46.500<\/div>\n<\/div>\n<\/td>\n<td colspan=\"1\" rowspan=\"1\" height=\"20\">\n<div>\n<div>180<\/div>\n<\/div>\n<\/td>\n<td colspan=\"1\" rowspan=\"1\" height=\"20\">\n<div>\n<div>98<\/div>\n<\/div>\n<\/td>\n<\/tr>\n<tr>\n<td colspan=\"1\" rowspan=\"1\" height=\"20\">\n<div>\n<div>30<\/div>\n<\/div>\n<\/td>\n<td colspan=\"1\" rowspan=\"1\" height=\"20\">\n<div>\n<div>32.000<\/div>\n<\/div>\n<\/td>\n<td colspan=\"1\" rowspan=\"1\" height=\"20\">\n<div>\n<div>150<\/div>\n<\/div>\n<\/td>\n<td colspan=\"1\" rowspan=\"1\" height=\"20\">\n<div>\n<div>98<\/div>\n<\/div>\n<\/td>\n<\/tr>\n<tr>\n<td colspan=\"1\" rowspan=\"1\" height=\"20\">\n<div>\n<div>38<\/div>\n<\/div>\n<\/td>\n<td colspan=\"1\" rowspan=\"1\" height=\"20\">\n<div>\n<div>13.750<\/div>\n<\/div>\n<\/td>\n<td colspan=\"1\" rowspan=\"1\" height=\"20\">\n<div>\n<div>120<\/div>\n<\/div>\n<\/td>\n<td colspan=\"1\" rowspan=\"1\" height=\"20\">\n<div>\n<div>98<\/div>\n<\/div>\n<\/td>\n<\/tr>\n<tr>\n<td colspan=\"1\" rowspan=\"1\" height=\"20\">\n<div>\n<div>50<\/div>\n<\/div>\n<\/td>\n<td colspan=\"1\" rowspan=\"1\" height=\"20\">\n<div>\n<div>9.500<\/div>\n<\/div>\n<\/td>\n<td colspan=\"1\" rowspan=\"1\" height=\"20\">\n<div>\n<div>100<\/div>\n<\/div>\n<\/td>\n<td colspan=\"1\" rowspan=\"1\" height=\"20\">\n<div>\n<div data-spm-anchor-id=\"a2700.details.pronpeci14.i2.11ac65bb8sdnD4\">98<\/div>\n<\/div>\n<\/td>\n<\/tr>\n<tr>\n<td colspan=\"1\" rowspan=\"1\" height=\"20\">\n<div>\n<div>70<\/div>\n<\/div>\n<\/td>\n<td colspan=\"1\" rowspan=\"1\" height=\"20\">\n<div>\n<div>4.300<\/div>\n<\/div>\n<\/td>\n<td colspan=\"1\" rowspan=\"1\" height=\"20\">\n<div>\n<div>80<\/div>\n<\/div>\n<\/td>\n<td colspan=\"1\" rowspan=\"1\" height=\"20\">\n<div>\n<div>98<\/div>\n<\/div>\n<\/td>\n<\/tr>\n<\/tbody>\n<\/table>\n<\/div>\n<h2>Avantages de l'anneau m\u00e9tallique Super Raschig<\/h2>\n<ul class=\"list-paddingleft-2\">\n<li>Chargement et d\u00e9bit \u00e9lev\u00e9s<\/li>\n<li>Facilement mouillable<\/li>\n<li>Haute r\u00e9sistance \u00e0 l'encrassement et aux applications thermiques<\/li>\n<li>Faible densit\u00e9<\/li>\n<li>M\u00e9caniquement robuste et adapt\u00e9 aux lits plus profonds<\/li>\n<li>Bonne distribution des liquides et des gaz<\/li>\n<li>Efficacit\u00e9 \u00e9lev\u00e9e du transfert de masse<\/li>\n<\/ul>","protected":false},"excerpt":{"rendered":"<p>Les emballages m\u00e9talliques al\u00e9atoires NAIKE sont fabriqu\u00e9s \u00e0 partir de mat\u00e9riaux tels que l'acier au carbone, l'acier inoxydable ou l'alliage d'aluminium, etc. Le produit pr\u00e9sente des caract\u00e9ristiques telles qu'une paroi mince, une r\u00e9sistance \u00e0 la chaleur, un taux de vide \u00e9lev\u00e9, une capacit\u00e9 \u00e9lev\u00e9e, une faible r\u00e9sistance, une grande efficacit\u00e9 de s\u00e9paration, etc. Il convient particuli\u00e8rement aux tours de rectification sous vide pour traiter les syst\u00e8mes thermosensibles, d\u00e9composables, polym\u00e9risables ou cok\u00e9fiables. Il est donc largement utilis\u00e9 dans les tours d'emballage de l'industrie p\u00e9trochimique, de l'industrie des engrais chimiques et de la protection de l'environnement, etc.<\/p>","protected":false},"featured_media":2668,"template":"","meta":{"_seopress_robots_primary_cat":"","_monsterinsights_skip_tracking":false,"_monsterinsights_sitenote_active":false,"_monsterinsights_sitenote_note":"","_monsterinsights_sitenote_category":0,"_joinchat":[]},"product_cat":[103,86],"product_tag":[],"class_list":["post-3488","product","type-product","status-publish","has-post-thumbnail","hentry","product_cat-metal-tower-packing","product_cat-raschig-ring"],"featured_image_urls":{"full":["https:\/\/www.laiko.net\/wp-content\/uploads\/2023\/10\/frc-8e4b91a04b001b6cd9b207e377d6a396.jpg",600,350,false],"thumbnail":["https:\/\/www.laiko.net\/wp-content\/uploads\/2023\/10\/frc-8e4b91a04b001b6cd9b207e377d6a396-150x150.jpg",150,150,true],"medium":["https:\/\/www.laiko.net\/wp-content\/uploads\/2023\/10\/frc-8e4b91a04b001b6cd9b207e377d6a396-300x175.jpg",300,175,true],"medium_large":["https:\/\/www.laiko.net\/wp-content\/uploads\/2023\/10\/frc-8e4b91a04b001b6cd9b207e377d6a396.jpg",600,350,false],"large":["https:\/\/www.laiko.net\/wp-content\/uploads\/2023\/10\/frc-8e4b91a04b001b6cd9b207e377d6a396.jpg",600,350,false],"1536x1536":["https:\/\/www.laiko.net\/wp-content\/uploads\/2023\/10\/frc-8e4b91a04b001b6cd9b207e377d6a396.jpg",600,350,false],"2048x2048":["https:\/\/www.laiko.net\/wp-content\/uploads\/2023\/10\/frc-8e4b91a04b001b6cd9b207e377d6a396.jpg",600,350,false],"trp-custom-language-flag":["https:\/\/www.laiko.net\/wp-content\/uploads\/2023\/10\/frc-8e4b91a04b001b6cd9b207e377d6a396.jpg",18,12,false],"woocommerce_thumbnail":["https:\/\/www.laiko.net\/wp-content\/uploads\/2023\/10\/frc-8e4b91a04b001b6cd9b207e377d6a396-300x175.jpg",300,175,true],"woocommerce_single":["https:\/\/www.laiko.net\/wp-content\/uploads\/2023\/10\/frc-8e4b91a04b001b6cd9b207e377d6a396.jpg",600,350,false],"woocommerce_gallery_thumbnail":["https:\/\/www.laiko.net\/wp-content\/uploads\/2023\/10\/frc-8e4b91a04b001b6cd9b207e377d6a396-100x100.jpg",100,100,true]},"post_excerpt_stackable":"<p>NAIKE Metal random packing is made of materials like carbon steel, stainless steel or Aluminum alloy, etc. The product has features such as thin wall, heat resistant, high void ratio, high capacity, low resistance, high separation efficiency and so on. It is especially suitable for rectification towers under vacuum to treat thermosensitive, decomposable, polymerizable or cokable systems, so it is widely used in packing towers in petrochemical industry, chemical fertilizer industry and environmental protection, etc.<\/p>\n","category_list":"","author_info":{"name":"","url":""},"comments_num":"0 commentaire","_links":{"self":[{"href":"https:\/\/www.laiko.net\/fr\/wp-json\/wp\/v2\/product\/3488","targetHints":{"allow":["GET"]}}],"collection":[{"href":"https:\/\/www.laiko.net\/fr\/wp-json\/wp\/v2\/product"}],"about":[{"href":"https:\/\/www.laiko.net\/fr\/wp-json\/wp\/v2\/types\/product"}],"wp:featuredmedia":[{"embeddable":true,"href":"https:\/\/www.laiko.net\/fr\/wp-json\/wp\/v2\/media\/2668"}],"wp:attachment":[{"href":"https:\/\/www.laiko.net\/fr\/wp-json\/wp\/v2\/media?parent=3488"}],"wp:term":[{"taxonomy":"product_cat","embeddable":true,"href":"https:\/\/www.laiko.net\/fr\/wp-json\/wp\/v2\/product_cat?post=3488"},{"taxonomy":"product_tag","embeddable":true,"href":"https:\/\/www.laiko.net\/fr\/wp-json\/wp\/v2\/product_tag?post=3488"}],"curies":[{"name":"wp","href":"https:\/\/api.w.org\/{rel}","templated":true}]}}