{"id":3482,"date":"2023-10-27T16:39:09","date_gmt":"2023-10-27T08:39:09","guid":{"rendered":"http:\/\/www3.laiko.net\/?post_type=product&#038;p=3482"},"modified":"2024-01-10T10:48:03","modified_gmt":"2024-01-10T02:48:03","slug":"plastic-pall-ring","status":"publish","type":"product","link":"https:\/\/www.laiko.net\/fr\/produit\/anneau-en-plastique\/","title":{"rendered":"Anneau en plastique Pall"},"content":{"rendered":"<h2>Sp\u00e9cifications d&#039;emballage des anneaux en plastique<\/h2>\n<p>Param\u00e8tres techniques<\/p>\n<div class=\"overflow_x\">\n<table>\n<colgroup>\n<col \/>\n<col \/>\n<col \/>\n<col \/>\n<col \/>\n<col \/>\n<col \/>\n<col \/>\n<col \/><\/colgroup>\n<tbody>\n<tr class=\"firstRow\">\n<td height=\"42\">D\u00d7H\u00d7\u03b4 mm<\/td>\n<td height=\"42\">Surface sp\u00e9cifique m2\/m3<\/td>\n<td height=\"42\">Taux d'annulation %<\/td>\n<td colspan=\"2\" height=\"42\">Nombre en vrac g\/m3<\/td>\n<td colspan=\"2\" height=\"42\">Densit\u00e9 de l'emballage (kg\/m3)<\/td>\n<td colspan=\"2\" height=\"42\">F facteur m-1<\/td>\n<\/tr>\n<tr>\n<td height=\"14\">16*16*1<\/td>\n<td height=\"14\">188<\/td>\n<td height=\"14\">91<\/td>\n<td colspan=\"2\" height=\"14\">170000<\/td>\n<td colspan=\"2\" height=\"14\">85<\/td>\n<td colspan=\"2\" height=\"14\">275<\/td>\n<\/tr>\n<tr>\n<td height=\"14\">25*25*1.2<\/td>\n<td height=\"14\">175<\/td>\n<td height=\"14\">90<\/td>\n<td colspan=\"2\" height=\"14\">53500<\/td>\n<td colspan=\"2\" height=\"14\">69<\/td>\n<td colspan=\"2\" height=\"14\">239<\/td>\n<\/tr>\n<tr>\n<td height=\"14\">38*38*1.4<\/td>\n<td height=\"14\">115<\/td>\n<td height=\"14\">89<\/td>\n<td colspan=\"2\" height=\"14\">15800<\/td>\n<td colspan=\"2\" height=\"14\">63<\/td>\n<td colspan=\"2\" height=\"14\">220<\/td>\n<\/tr>\n<tr>\n<td height=\"14\">50*50*1.5<\/td>\n<td height=\"14\">93<\/td>\n<td height=\"14\">90<\/td>\n<td colspan=\"2\" height=\"14\">6500<\/td>\n<td colspan=\"2\" height=\"14\">52<\/td>\n<td colspan=\"2\" height=\"14\">127<\/td>\n<\/tr>\n<tr>\n<td height=\"14\">76*76*2.6<\/td>\n<td height=\"14\">73.2<\/td>\n<td height=\"14\">92<\/td>\n<td colspan=\"2\" height=\"14\">1927<\/td>\n<td colspan=\"2\" height=\"14\">41<\/td>\n<td colspan=\"2\" height=\"14\">94<\/td>\n<\/tr>\n<tr>\n<td height=\"14\">100*100*3<\/td>\n<td height=\"14\">52.8<\/td>\n<td height=\"14\">94<\/td>\n<td colspan=\"2\" height=\"14\">1000<\/td>\n<td colspan=\"2\" height=\"14\">32<\/td>\n<td colspan=\"2\" height=\"14\">82<\/td>\n<\/tr>\n<\/tbody>\n<\/table>\n<\/div>\n<p>Propri\u00e9t\u00e9s physiques et chimiques<\/p>\n<p>Plastic pall rings are available in various materials such as: PP pall ring , PVDF pall ring, PTFE pall ring, PE, RPP, PVC, CPVC .<\/p>\n<div class=\"overflow_x\">\n<table>\n<colgroup>\n<col \/>\n<col \/>\n<col \/>\n<col \/>\n<col \/>\n<col \/>\n<col \/>\n<col \/>\n<col \/><\/colgroup>\n<tbody>\n<tr class=\"firstRow\">\n<td colspan=\"2\" height=\"14\">Performance\/Mat\u00e9riel<\/td>\n<td height=\"14\">PE<\/td>\n<td height=\"14\">PP<\/td>\n<td height=\"14\">RPP<\/td>\n<td height=\"14\">PVC<\/td>\n<td height=\"14\">CPVC<\/td>\n<td colspan=\"2\" height=\"14\">PVDF<\/td>\n<\/tr>\n<tr>\n<td colspan=\"2\" height=\"14\">Densit\u00e9 (g\/cm3)<\/td>\n<td height=\"14\">0.94-0.96<\/td>\n<td height=\"14\">0.89-0.91<\/td>\n<td height=\"14\">0.93-0.94<\/td>\n<td height=\"14\">1.32-1.44<\/td>\n<td height=\"14\">1.50-1.54<\/td>\n<td colspan=\"2\" height=\"14\">1.75-1.78<\/td>\n<\/tr>\n<tr>\n<td colspan=\"2\" height=\"14\">Temp\u00e9rature de fonctionnement (\u2103)<\/td>\n<td height=\"14\">90<\/td>\n<td height=\"14\">&gt;100<\/td>\n<td height=\"14\">&gt;120<\/td>\n<td height=\"14\">&gt;60<\/td>\n<td height=\"14\">&gt;90<\/td>\n<td colspan=\"2\" height=\"14\">&gt;150<\/td>\n<\/tr>\n<tr>\n<td colspan=\"2\" height=\"14\">R\u00e9sistance \u00e0 la corrosion chimique<\/td>\n<td height=\"14\">Bon<\/td>\n<td height=\"14\">Bon<\/td>\n<td height=\"14\">Bon<\/td>\n<td height=\"14\">Bon<\/td>\n<td height=\"14\">Bon<\/td>\n<td colspan=\"2\" height=\"14\">Bon<\/td>\n<\/tr>\n<tr>\n<td colspan=\"2\" height=\"14\">R\u00e9sistance \u00e0 la compression (MPa)<\/td>\n<td height=\"14\">&gt;6.0<\/td>\n<td height=\"14\">&gt;6.5<\/td>\n<td height=\"14\">&gt;7.0<\/td>\n<td height=\"14\">&gt;6.0<\/td>\n<td height=\"14\">&gt;8.0<\/td>\n<td colspan=\"2\" height=\"14\">&gt;10.0<\/td>\n<\/tr>\n<\/tbody>\n<\/table>\n<p>Other material type is also available: <a href=\"https:\/\/www.laiko.net\/product\/metal-pall-ring\/\">metal pall ring packing<\/a>, <a href=\"https:\/\/www.laiko.net\/product\/ceramic-pall-ring\/\">anneau en c\u00e9ramique<\/a><\/p>\n<\/div>\n<h2>Avantages des anneaux Pall en polypropyl\u00e8ne<\/h2>\n<ul class=\"list-paddingleft-2\">\n<li>This\u00a0pall ring packing\u00a0has high Free Volume<\/li>\n<li>Chute de pression<\/li>\n<li>Les\u00a0<a href=\"https:\/\/www.laiko.net\/product-category\/tower-packing-column-packing\/random-packing\/\" target=\"_self\" rel=\"noopener\">Emballage en tour al\u00e9atoire<\/a>\u00a0a une faible hauteur d'unit\u00e9 de transfert de masse<\/li>\n<li>Point d'inondation \u00e9lev\u00e9<\/li>\n<li>Faible gravit\u00e9 sp\u00e9cifique<\/li>\n<li>Efficacit\u00e9 \u00e9lev\u00e9e du transfert de masse<\/li>\n<\/ul>\n<h2>Application de l'emballage plastique de l'\u00e9purateur<\/h2>\n<p>En tant que\u00a0<a href=\"https:\/\/www.laiko.net\/product-category\/tower-packing-column-packing\/\" target=\"_self\" rel=\"noopener\">Fabricant de tour de conditionnement<\/a>Naike est en mesure de proposer des anneaux en plastique pour diff\u00e9rents usages.<\/p>\n<ul class=\"list-paddingleft-2\">\n<li>Absorbeurs<\/li>\n<li>D\u00e9gazage<\/li>\n<li>Extraction liquide\/liquide<\/li>\n<li>Traitement de l'eau<\/li>\n<li>Transfert de chaleur<\/li>\n<\/ul>\n<p>&nbsp;<\/p>","protected":false},"excerpt":{"rendered":"<p>Le Plastic Pall Ring de NAIKE CHEMICAL est polyvalent. Ce produit a \u00e9t\u00e9 d\u00e9velopp\u00e9 sur la base du Plastic Rasching Ring, et compar\u00e9 \u00e0 lui, les deux ont des dimensions cylindriques similaires, mais le Plastic Pall Ring a deux rang\u00e9es de trous perfor\u00e9s, avec des doigts ou des bandes tourn\u00e9s vers le centre du cylindre, ce qui augmente consid\u00e9rablement la performance de l'emballage, en termes de d\u00e9bit, d'efficacit\u00e9 et de perte de charge.<\/p>","protected":false},"featured_media":2581,"template":"","meta":{"_seopress_robots_primary_cat":"none","_monsterinsights_skip_tracking":false,"_monsterinsights_sitenote_active":false,"_monsterinsights_sitenote_note":"","_monsterinsights_sitenote_category":0,"_joinchat":[]},"product_cat":[85,104],"product_tag":[],"class_list":["post-3482","product","type-product","status-publish","has-post-thumbnail","hentry","product_cat-pall-ring","product_cat-plastic-tower-packing"],"featured_image_urls":{"full":["https:\/\/www.laiko.net\/wp-content\/uploads\/2023\/10\/frc-856c4e64f988834a33d4f92a4eb5656f.jpg",600,350,false],"thumbnail":["https:\/\/www.laiko.net\/wp-content\/uploads\/2023\/10\/frc-856c4e64f988834a33d4f92a4eb5656f-150x150.jpg",150,150,true],"medium":["https:\/\/www.laiko.net\/wp-content\/uploads\/2023\/10\/frc-856c4e64f988834a33d4f92a4eb5656f-300x175.jpg",300,175,true],"medium_large":["https:\/\/www.laiko.net\/wp-content\/uploads\/2023\/10\/frc-856c4e64f988834a33d4f92a4eb5656f.jpg",600,350,false],"large":["https:\/\/www.laiko.net\/wp-content\/uploads\/2023\/10\/frc-856c4e64f988834a33d4f92a4eb5656f.jpg",600,350,false],"1536x1536":["https:\/\/www.laiko.net\/wp-content\/uploads\/2023\/10\/frc-856c4e64f988834a33d4f92a4eb5656f.jpg",600,350,false],"2048x2048":["https:\/\/www.laiko.net\/wp-content\/uploads\/2023\/10\/frc-856c4e64f988834a33d4f92a4eb5656f.jpg",600,350,false],"trp-custom-language-flag":["https:\/\/www.laiko.net\/wp-content\/uploads\/2023\/10\/frc-856c4e64f988834a33d4f92a4eb5656f.jpg",18,12,false],"woocommerce_thumbnail":["https:\/\/www.laiko.net\/wp-content\/uploads\/2023\/10\/frc-856c4e64f988834a33d4f92a4eb5656f-300x175.jpg",300,175,true],"woocommerce_single":["https:\/\/www.laiko.net\/wp-content\/uploads\/2023\/10\/frc-856c4e64f988834a33d4f92a4eb5656f.jpg",600,350,false],"woocommerce_gallery_thumbnail":["https:\/\/www.laiko.net\/wp-content\/uploads\/2023\/10\/frc-856c4e64f988834a33d4f92a4eb5656f-100x100.jpg",100,100,true]},"post_excerpt_stackable":"<p>NAIKE CHEMICAL Plastic Pall Ring is versatile. This product was advanced on the basis of Plastic Rasching Ring, and compared with it, both of them have similar cylindrical dimensions but the Plastic Pall Ring has two rows of punched out holes, with fingers or webs turned into the centre of the cylinder, which significantly increases the performance of the packing, in terms of throughput, efficiency and pressure drop.<\/p>\n","category_list":"","author_info":{"name":"","url":""},"comments_num":"0 commentaire","_links":{"self":[{"href":"https:\/\/www.laiko.net\/fr\/wp-json\/wp\/v2\/product\/3482","targetHints":{"allow":["GET"]}}],"collection":[{"href":"https:\/\/www.laiko.net\/fr\/wp-json\/wp\/v2\/product"}],"about":[{"href":"https:\/\/www.laiko.net\/fr\/wp-json\/wp\/v2\/types\/product"}],"wp:featuredmedia":[{"embeddable":true,"href":"https:\/\/www.laiko.net\/fr\/wp-json\/wp\/v2\/media\/2581"}],"wp:attachment":[{"href":"https:\/\/www.laiko.net\/fr\/wp-json\/wp\/v2\/media?parent=3482"}],"wp:term":[{"taxonomy":"product_cat","embeddable":true,"href":"https:\/\/www.laiko.net\/fr\/wp-json\/wp\/v2\/product_cat?post=3482"},{"taxonomy":"product_tag","embeddable":true,"href":"https:\/\/www.laiko.net\/fr\/wp-json\/wp\/v2\/product_tag?post=3482"}],"curies":[{"name":"wp","href":"https:\/\/api.w.org\/{rel}","templated":true}]}}