{"id":3481,"date":"2023-11-10T16:26:39","date_gmt":"2023-11-10T08:26:39","guid":{"rendered":"http:\/\/www3.laiko.net\/?post_type=product&#038;p=3481"},"modified":"2024-01-10T10:28:49","modified_gmt":"2024-01-10T02:28:49","slug":"metal-pall-ring","status":"publish","type":"product","link":"https:\/\/www.laiko.net\/fr\/produit\/anneau-metallique\/","title":{"rendered":"Bague Pall en m\u00e9tal"},"content":{"rendered":"<h2>Param\u00e8tres de l'anneau m\u00e9tallique Pall Ring<\/h2>\n<div class=\"overflow_x\">\n<table cellspacing=\"0\" cellpadding=\"0\">\n<colgroup>\n<col \/>\n<col \/>\n<col \/>\n<col \/>\n<col \/>\n<col \/>\n<col \/>\n<col \/>\n<col \/><\/colgroup>\n<tbody>\n<tr class=\"firstRow\">\n<td colspan=\"9\" height=\"27\">\u00a0 \u00a0 \u00a0 \u00a0 \u00a0 \u00a0 \u00a0 \u00a0 \u00a0 \u00a0 \u00a0 \u00a0 \u00a0 \u00a0 \u00a0 \u00a0 \u00a0 \u00a0 \u00a0 \u00a0 \u00a0 \u00a0 \u00a0 \u00a0 \u00a0 \u00a0 \u00a0 \u00a0 \u00a0 \u00a0 \u00a0 \u00a0 \u00a0 \u00a0 \u00a0 \u00a0 \u00a0 \u00a0 \u00a0 \u00a0 \u00a0Sp\u00e9cifications<\/td>\n<\/tr>\n<tr>\n<td rowspan=\"2\" height=\"55\">Nom<\/td>\n<td>Normal<\/td>\n<td colspan=\"2\">Diam\u00e8tre*Hauteur*\u00c9paisseur<\/td>\n<td>Surface<\/td>\n<td>Espace vide<\/td>\n<td>Densit\u00e9 apparente<\/td>\n<td>Aucun \u00e9l\u00e9ment<\/td>\n<td>Facteur d'emballage<\/td>\n<\/tr>\n<tr>\n<td>mm<\/td>\n<td colspan=\"2\">mm<\/td>\n<td>m2\/m3<\/td>\n<td>%<\/td>\n<td>kg\/m3<\/td>\n<td>par\/m3<\/td>\n<td>m-1<\/td>\n<\/tr>\n<tr>\n<td rowspan=\"4\" height=\"76\">Anneau Pall<\/td>\n<td>\u00f816<\/td>\n<td colspan=\"2\">16*16*0.4<\/td>\n<td>239<\/td>\n<td>92.8<\/td>\n<td>365<\/td>\n<td>205000<\/td>\n<td>299<\/td>\n<\/tr>\n<tr>\n<td>\u00f825<\/td>\n<td colspan=\"2\">25*25*0.6<\/td>\n<td>219<\/td>\n<td>93.4<\/td>\n<td>427<\/td>\n<td>55900<\/td>\n<td>269<\/td>\n<\/tr>\n<tr>\n<td>\u00f838<\/td>\n<td colspan=\"2\">38*38*0.8<\/td>\n<td>129<\/td>\n<td>94.5<\/td>\n<td>365<\/td>\n<td>13000<\/td>\n<td>153<\/td>\n<\/tr>\n<tr>\n<td>\u00f850<\/td>\n<td colspan=\"2\">50*50*1.0<\/td>\n<td>112.3<\/td>\n<td>94.9<\/td>\n<td>395<\/td>\n<td>6500<\/td>\n<td>131<\/td>\n<\/tr>\n<\/tbody>\n<\/table>\n<\/div>\n<p>Remarque :<\/p>\n<p>Les donn\u00e9es ci-dessus font r\u00e9f\u00e9rence \u00e0 l'acier inoxydable dans l'\u00e9paisseur indiqu\u00e9e.<\/p>\n<p>Autres mat\u00e9riaux disponibles : acier au carbone, aluminium, bronze, acier inoxydable, y compris 304, 304L, 410, 316, 316L.<\/p>\n<h2>Avantages de l'anneau m\u00e9tallique Pall<\/h2>\n<ul class=\"list-paddingleft-2\">\n<li>Le pr\u00e9sent\u00a0<a href=\"https:\/\/www.laiko.net\/products\/pall-ring\/\" target=\"_self\" rel=\"noopener\">emballage de l'anneau de pall<\/a>\u00a0poss\u00e8de un chargement et un d\u00e9bit \u00e9lev\u00e9s<\/li>\n<li>Facilement mouillable<\/li>\n<li>Les\u00a0<a href=\"https:\/\/www.laiko.net\/product-category\/tower-packing-column-packing\/random-packing\/\" target=\"_self\" rel=\"noopener\">Emballage en tour al\u00e9atoire<\/a>\u00a0R\u00e9sistance \u00e9lev\u00e9e \u00e0 l'encrassement et aux variations de temp\u00e9rature<\/li>\n<li>Faible densit\u00e9<\/li>\n<li>M\u00e9caniquement robuste et adapt\u00e9 aux lits plus profonds<\/li>\n<li>Bonne distribution des liquides et des gaz<\/li>\n<li>Efficacit\u00e9 \u00e9lev\u00e9e du transfert de masse<\/li>\n<\/ul>\n<h2>Application de l'anneau m\u00e9tallique<\/h2>\n<p>En tant que professionnel\u00a0<a href=\"https:\/\/www.laiko.net\/product-category\/tower-packing-column-packing\/\" target=\"_self\" rel=\"noopener\">Fabricant de tour de conditionnement<\/a>Nous proposons des bagues en m\u00e9tal qui peuvent \u00eatre utilis\u00e9es dans diff\u00e9rentes situations.<\/p>\n<ul class=\"list-paddingleft-2\">\n<li>Diverses applications de s\u00e9paration et d'absorption<\/li>\n<li>Services d'absorption et de d\u00e9capage<\/li>\n<li>D\u00e9capage \u00e0 la vapeur<\/li>\n<li>Tours de trempe<\/li>\n<li>Refroidissement par contact direct<\/li>\n<li>Tours de r\u00e9action<\/li>\n<li>Colonnes de distillation<\/li>\n<li>Emballage de la tour<\/li>\n<\/ul>","protected":false},"excerpt":{"rendered":"<p>Les anneaux m\u00e9talliques Pall sont une \u00e9volution de l'anneau de Raschig, avec des dimensions cylindriques similaires, mais avec deux rang\u00e9es de trous perfor\u00e9s, avec des doigts ou des bandes tourn\u00e9s vers le centre du cylindre. Cela a pour effet d'augmenter consid\u00e9rablement les performances de la garniture, \u00e0 la fois en termes de d\u00e9bit, d'efficacit\u00e9 et de perte de charge.<\/p>","protected":false},"featured_media":2615,"template":"","meta":{"_seopress_robots_primary_cat":"none","_monsterinsights_skip_tracking":false,"_monsterinsights_sitenote_active":false,"_monsterinsights_sitenote_note":"","_monsterinsights_sitenote_category":0,"_joinchat":[]},"product_cat":[103,85],"product_tag":[],"class_list":["post-3481","product","type-product","status-publish","has-post-thumbnail","hentry","product_cat-metal-tower-packing","product_cat-pall-ring"],"featured_image_urls":{"full":["https:\/\/www.laiko.net\/wp-content\/uploads\/2023\/10\/frc-6f35884bbde95f141d96eba824f60eea.jpg",600,350,false],"thumbnail":["https:\/\/www.laiko.net\/wp-content\/uploads\/2023\/10\/frc-6f35884bbde95f141d96eba824f60eea-150x150.jpg",150,150,true],"medium":["https:\/\/www.laiko.net\/wp-content\/uploads\/2023\/10\/frc-6f35884bbde95f141d96eba824f60eea-300x175.jpg",300,175,true],"medium_large":["https:\/\/www.laiko.net\/wp-content\/uploads\/2023\/10\/frc-6f35884bbde95f141d96eba824f60eea.jpg",600,350,false],"large":["https:\/\/www.laiko.net\/wp-content\/uploads\/2023\/10\/frc-6f35884bbde95f141d96eba824f60eea.jpg",600,350,false],"1536x1536":["https:\/\/www.laiko.net\/wp-content\/uploads\/2023\/10\/frc-6f35884bbde95f141d96eba824f60eea.jpg",600,350,false],"2048x2048":["https:\/\/www.laiko.net\/wp-content\/uploads\/2023\/10\/frc-6f35884bbde95f141d96eba824f60eea.jpg",600,350,false],"trp-custom-language-flag":["https:\/\/www.laiko.net\/wp-content\/uploads\/2023\/10\/frc-6f35884bbde95f141d96eba824f60eea.jpg",18,12,false],"woocommerce_thumbnail":["https:\/\/www.laiko.net\/wp-content\/uploads\/2023\/10\/frc-6f35884bbde95f141d96eba824f60eea-300x175.jpg",300,175,true],"woocommerce_single":["https:\/\/www.laiko.net\/wp-content\/uploads\/2023\/10\/frc-6f35884bbde95f141d96eba824f60eea.jpg",600,350,false],"woocommerce_gallery_thumbnail":["https:\/\/www.laiko.net\/wp-content\/uploads\/2023\/10\/frc-6f35884bbde95f141d96eba824f60eea-100x100.jpg",100,100,true]},"post_excerpt_stackable":"<p>Metallic Pall Rings are an advancement on the Raschig Ring, with similar cylindrical dimensions but with two rows of punched out holes, with fingers or webs turned into the centre of the cylinder. This has the impact of significantly increasing the performance of the packing, both in terms of throughput, efficiency and pressure drop.<\/p>\n","category_list":"","author_info":{"name":"","url":""},"comments_num":"0 commentaire","_links":{"self":[{"href":"https:\/\/www.laiko.net\/fr\/wp-json\/wp\/v2\/product\/3481","targetHints":{"allow":["GET"]}}],"collection":[{"href":"https:\/\/www.laiko.net\/fr\/wp-json\/wp\/v2\/product"}],"about":[{"href":"https:\/\/www.laiko.net\/fr\/wp-json\/wp\/v2\/types\/product"}],"wp:featuredmedia":[{"embeddable":true,"href":"https:\/\/www.laiko.net\/fr\/wp-json\/wp\/v2\/media\/2615"}],"wp:attachment":[{"href":"https:\/\/www.laiko.net\/fr\/wp-json\/wp\/v2\/media?parent=3481"}],"wp:term":[{"taxonomy":"product_cat","embeddable":true,"href":"https:\/\/www.laiko.net\/fr\/wp-json\/wp\/v2\/product_cat?post=3481"},{"taxonomy":"product_tag","embeddable":true,"href":"https:\/\/www.laiko.net\/fr\/wp-json\/wp\/v2\/product_tag?post=3481"}],"curies":[{"name":"wp","href":"https:\/\/api.w.org\/{rel}","templated":true}]}}