{"id":3480,"date":"2023-10-27T16:21:42","date_gmt":"2023-10-27T08:21:42","guid":{"rendered":"http:\/\/www3.laiko.net\/?post_type=product&#038;p=3480"},"modified":"2023-11-29T11:07:40","modified_gmt":"2023-11-29T03:07:40","slug":"ceramic-pall-ring","status":"publish","type":"product","link":"https:\/\/www.laiko.net\/fr\/produit\/anneau-en-ceramique\/","title":{"rendered":"Bague Pall en c\u00e9ramique"},"content":{"rendered":"<h2>Param\u00e8tres de l'anneau Pall en c\u00e9ramique<\/h2>\n<div class=\"overflow_x\">\n<table cellspacing=\"0\" cellpadding=\"0\">\n<colgroup>\n<col \/>\n<col \/>\n<col \/>\n<col span=\"4\" \/>\n<col \/>\n<col \/><\/colgroup>\n<tbody>\n<tr class=\"firstRow\">\n<td height=\"36\">Nom<\/td>\n<td>Taille<\/td>\n<td colspan=\"2\">Diam\u00e8tre (mm)<\/td>\n<td colspan=\"2\">Poids (kg\/m3)<\/td>\n<td>Pi\u00e8ces (m3)<\/td>\n<td>Surface (m2\/m3)<\/td>\n<td>Vide(%)<\/td>\n<\/tr>\n<tr>\n<td rowspan=\"4\" height=\"80\">Bague Pall en c\u00e9ramique<\/td>\n<td>\u00f825<\/td>\n<td colspan=\"2\">25*25*3<\/td>\n<td colspan=\"2\">630<\/td>\n<td>36000<\/td>\n<td>210<\/td>\n<td>73<\/td>\n<\/tr>\n<tr>\n<td>\u00f838<\/td>\n<td colspan=\"2\">38*38*4<\/td>\n<td colspan=\"2\">590<\/td>\n<td>12000<\/td>\n<td>140<\/td>\n<td>75<\/td>\n<\/tr>\n<tr>\n<td>\u00f850<\/td>\n<td colspan=\"2\">50*50*5<\/td>\n<td colspan=\"2\">520<\/td>\n<td>4,900<\/td>\n<td>100<\/td>\n<td>78<\/td>\n<\/tr>\n<tr>\n<td>\u00f876<\/td>\n<td colspan=\"2\">76*76*9<\/td>\n<td colspan=\"2\">470<\/td>\n<td>1,500<\/td>\n<td>70<\/td>\n<td>80<\/td>\n<\/tr>\n<\/tbody>\n<\/table>\n<\/div>\n<h2>Avantages de l'anneau Pall en c\u00e9ramique<\/h2>\n<ul class=\"list-paddingleft-2\">\n<li>Le pr\u00e9sent\u00a0<a href=\"https:\/\/www.laiko.net\/products\/pall-ring\/\" target=\"_self\" rel=\"noopener\">emballage de l'anneau de pall<\/a>\u00a0convient aux applications \u00e0 faible chute de pression et \u00e0 haute capacit\u00e9<\/li>\n<li>Une gamme de tailles permet \u00e0 la tour de fonctionner avec une efficacit\u00e9 et un d\u00e9bit optimaux.<\/li>\n<li>Le haut degr\u00e9 d'al\u00e9a<\/li>\n<li>Le rapport constant entre les passages libres et les passages bloqu\u00e9s, ind\u00e9pendamment de l'orientation<\/li>\n<li>Le rapport surface\/volume \u00e9lev\u00e9 augmente le taux de renouvellement de la surface du film liquide afin d'am\u00e9liorer le transfert de masse.<\/li>\n<\/ul>\n<p>Les\u00a0<a href=\"https:\/\/www.laiko.net\/product-category\/tower-packing-column-packing\/random-packing\/\" target=\"_self\" rel=\"noopener\">Emballage en tour al\u00e9atoire<\/a>\u00a0L'anneau Pall peut \u00eatre utilis\u00e9 dans presque tous les types de s\u00e9paration, d\u00e9compressions constantes, usines d'absorption, usines d'ammoniac compos\u00e9, d\u00e9sulfuration, d\u00e9carbonisation, s\u00e9paration de l'isooctane\/m\u00e9thylbenz\u00e8ne, s\u00e9paration de l'\u00e9thylbenz\u00e8ne, a\u00e9ration, absorption, d\u00e9sorption, d\u00e9gazage, action de stripping, extraction, r\u00e9cup\u00e9ration de chaleur, et s\u00e9paration et absorption \u00e0 pression atmosph\u00e9rique, c'est-\u00e0-dire lorsque la chute de pression du propri\u00e9taire se produit \u00e0 un niveau critique.<\/p>\n<p>Il est \u00e9galement utilis\u00e9 pour les tours de trempe, le refroidissement par contact direct, le stripage de la vapeur, les colonnes de r\u00e9action, les colonnes de distillation et le garnissage des tours. L'anneau Pall a \u00e9t\u00e9 con\u00e7u en diff\u00e9rentes tailles afin d'optimiser ses capacit\u00e9s et l'efficacit\u00e9 de ses performances en fonction des exigences des diff\u00e9rentes applications.<\/p>\n<p>Naike est un\u00a0<a href=\"https:\/\/www.laiko.net\/product-category\/tower-packing-column-packing\/\" target=\"_self\" rel=\"noopener\">Fabricant de tour de conditionnement<\/a>\u00a0qui propose des produits fiables en mati\u00e8re d'anneaux en c\u00e9ramique. Si vous souhaitez en savoir plus, n'h\u00e9sitez pas \u00e0 nous contacter !<\/p>","protected":false},"excerpt":{"rendered":"<p>L'anneau Pall en c\u00e9ramique est un type d'emballage al\u00e9atoire d\u00e9velopp\u00e9 sur la base de l'anneau de Raschig, avec deux couches de fen\u00eatres ouvertes le long de la paroi du tube.<\/p>","protected":false},"featured_media":2638,"template":"","meta":{"_seopress_robots_primary_cat":"none","_monsterinsights_skip_tracking":false,"_monsterinsights_sitenote_active":false,"_monsterinsights_sitenote_note":"","_monsterinsights_sitenote_category":0,"_joinchat":[]},"product_cat":[102,85],"product_tag":[],"class_list":["post-3480","product","type-product","status-publish","has-post-thumbnail","hentry","product_cat-ceramic-tower-packing","product_cat-pall-ring"],"featured_image_urls":{"full":["https:\/\/www.laiko.net\/wp-content\/uploads\/2023\/10\/frc-e00d0944837eace58e174b532cb0c68d.jpg",600,350,false],"thumbnail":["https:\/\/www.laiko.net\/wp-content\/uploads\/2023\/10\/frc-e00d0944837eace58e174b532cb0c68d-150x150.jpg",150,150,true],"medium":["https:\/\/www.laiko.net\/wp-content\/uploads\/2023\/10\/frc-e00d0944837eace58e174b532cb0c68d-300x175.jpg",300,175,true],"medium_large":["https:\/\/www.laiko.net\/wp-content\/uploads\/2023\/10\/frc-e00d0944837eace58e174b532cb0c68d.jpg",600,350,false],"large":["https:\/\/www.laiko.net\/wp-content\/uploads\/2023\/10\/frc-e00d0944837eace58e174b532cb0c68d.jpg",600,350,false],"1536x1536":["https:\/\/www.laiko.net\/wp-content\/uploads\/2023\/10\/frc-e00d0944837eace58e174b532cb0c68d.jpg",600,350,false],"2048x2048":["https:\/\/www.laiko.net\/wp-content\/uploads\/2023\/10\/frc-e00d0944837eace58e174b532cb0c68d.jpg",600,350,false],"trp-custom-language-flag":["https:\/\/www.laiko.net\/wp-content\/uploads\/2023\/10\/frc-e00d0944837eace58e174b532cb0c68d.jpg",18,12,false],"woocommerce_thumbnail":["https:\/\/www.laiko.net\/wp-content\/uploads\/2023\/10\/frc-e00d0944837eace58e174b532cb0c68d-300x175.jpg",300,175,true],"woocommerce_single":["https:\/\/www.laiko.net\/wp-content\/uploads\/2023\/10\/frc-e00d0944837eace58e174b532cb0c68d.jpg",600,350,false],"woocommerce_gallery_thumbnail":["https:\/\/www.laiko.net\/wp-content\/uploads\/2023\/10\/frc-e00d0944837eace58e174b532cb0c68d-100x100.jpg",100,100,true]},"post_excerpt_stackable":"<p>Ceramic Pall Ring is a kind of random packing further developed based on Raschig Ring, with two layers of windows opened along its tube wall.<\/p>\n","category_list":"","author_info":{"name":"","url":""},"comments_num":"0 commentaire","_links":{"self":[{"href":"https:\/\/www.laiko.net\/fr\/wp-json\/wp\/v2\/product\/3480","targetHints":{"allow":["GET"]}}],"collection":[{"href":"https:\/\/www.laiko.net\/fr\/wp-json\/wp\/v2\/product"}],"about":[{"href":"https:\/\/www.laiko.net\/fr\/wp-json\/wp\/v2\/types\/product"}],"wp:featuredmedia":[{"embeddable":true,"href":"https:\/\/www.laiko.net\/fr\/wp-json\/wp\/v2\/media\/2638"}],"wp:attachment":[{"href":"https:\/\/www.laiko.net\/fr\/wp-json\/wp\/v2\/media?parent=3480"}],"wp:term":[{"taxonomy":"product_cat","embeddable":true,"href":"https:\/\/www.laiko.net\/fr\/wp-json\/wp\/v2\/product_cat?post=3480"},{"taxonomy":"product_tag","embeddable":true,"href":"https:\/\/www.laiko.net\/fr\/wp-json\/wp\/v2\/product_tag?post=3480"}],"curies":[{"name":"wp","href":"https:\/\/api.w.org\/{rel}","templated":true}]}}