{"id":3470,"date":"2023-10-27T14:53:34","date_gmt":"2023-10-27T06:53:34","guid":{"rendered":"http:\/\/www3.laiko.net\/?post_type=product&#038;p=3470"},"modified":"2023-11-11T17:37:02","modified_gmt":"2023-11-11T09:37:02","slug":"dixon-ring","status":"publish","type":"product","link":"https:\/\/www.laiko.net\/fr\/produit\/anneau-de-dixon\/","title":{"rendered":"Anneau de Dixon"},"content":{"rendered":"<h2>Aper\u00e7u de l'anneau de Dixon<\/h2>\n<p>\u00c9galement connu sous le nom d'emballage de Dixon, il s'agit d'un emballage efficace pour les petites particules, constitu\u00e9 d'un treillis m\u00e9tallique ou d'une plaque \u00e0 trous, dont le diam\u00e8tre et la hauteur sont \u00e9gaux. Il est principalement utilis\u00e9 en laboratoire et pour l'emballage de petits lots, ainsi que pour les processus de s\u00e9paration de produits de haute puret\u00e9.<\/p>\n<p>La perte de charge des recharges est li\u00e9e \u00e0 des facteurs tels que la vitesse du gaz, la quantit\u00e9 de liquide pulv\u00e9ris\u00e9, le poids du syst\u00e8me de mat\u00e9riaux, la tension superficielle, la viscosit\u00e9 et les propri\u00e9t\u00e9s des charges, ainsi qu'au traitement des charges avant l'injection. Les donn\u00e9es suivantes sont obtenues dans des conditions de reflux total et la pression de fonctionnement est une pression normale \u00e0 titre de r\u00e9f\u00e9rence.<\/p>\n<p>\u03a6 1,5 x 1,5 \u03a6 La chute de pression dans la tour de 13 mm \u03a6 est de 70 ~ 400 mmh2o\/m (cr\u00e9syl \u00e9thane).<\/p>\n<p>\u03a6 2,5 x 2,5 dans la tour de 50 mm \u03a6 La perte de charge est de 55 ~ 250 mmh2o\/m (cr\u00e9syl \u00e9thane)<\/p>\n<p>\u03a6 4 x 4 La chute de pression dans la tour de 50 mm \u03a6 est de 30 ~ 200 mmh2o\/m (eau).<\/p>\n<p>En outre, l'hyst\u00e9r\u00e9sis des charges en anneau de r\u00e9organisation est plus importante que celle des charges solides du m\u00eame type, ce qui indique que le mouillage de la surface des anneaux de r\u00e9organisation est plus complet que celui des anneaux de porcelaine g\u00e9n\u00e9rale, ce qui entra\u00eene un taux de formation de film plus \u00e9lev\u00e9 et une efficacit\u00e9 plus grande. Ce ph\u00e9nom\u00e8ne est encore plus \u00e9vident pour les charges de plus petit diam\u00e8tre.<\/p>\n<p>Lorsque le diam\u00e8tre de la tour augmente, le nombre de plaques th\u00e9oriques diminue fortement (HETP = 0,8 ~ 1,2dr en Dr\/d&gt;10 mais l'efficacit\u00e9 du garnissage diminue de mani\u00e8re significative en Dr\/d&gt;70). Le nombre de plaques th\u00e9oriques augmente lorsque la vitesse du gaz augmente, mais diminue lorsque le taux de mouillage de la surface diminue.15.<\/p>\n<p>Mon entreprise produit des charges pour une seule couche de s\u00e9rigraphie.<\/p>\n<h2>Param\u00e8tres de l'anneau de Dixon<\/h2>\n<div class=\"overflow_x\">\n<table cellspacing=\"0\">\n<tbody>\n<tr class=\"firstRow\">\n<td valign=\"center\">Sp\u00e9cifications<\/td>\n<td valign=\"center\">Maille<\/td>\n<td valign=\"center\">Diam\u00e8tre de la tour (mm)<\/td>\n<td valign=\"center\">Nombre th\u00e9orique de plaques\/m<\/td>\n<td valign=\"center\">Densit\u00e9 de l'emballage (kg\/m3)<\/td>\n<td valign=\"center\">Porosit\u00e9 (%)<\/td>\n<td valign=\"center\">Rapport de pression (mbar\/m)<\/td>\n<\/tr>\n<tr>\n<td valign=\"center\">\u03b82X2<\/td>\n<td valign=\"center\">100<\/td>\n<td valign=\"center\">\u03b810-\u03b835<\/td>\n<td valign=\"center\">60-65<\/td>\n<td valign=\"center\">670<\/td>\n<td valign=\"center\">91<\/td>\n<td valign=\"center\">30<\/td>\n<\/tr>\n<tr>\n<td valign=\"center\">\u03b83\u00d73<\/td>\n<td valign=\"center\">100<\/td>\n<td valign=\"center\">\u03b820-\u03b850<\/td>\n<td valign=\"center\">50-55<\/td>\n<td valign=\"center\">520<\/td>\n<td valign=\"center\">93<\/td>\n<td valign=\"center\">15<\/td>\n<\/tr>\n<tr>\n<td valign=\"center\">\u03b84\u00d74<\/td>\n<td valign=\"center\">100<\/td>\n<td valign=\"center\">\u03b820-\u03b870<\/td>\n<td valign=\"center\">30-32<\/td>\n<td valign=\"center\">380<\/td>\n<td valign=\"center\">95<\/td>\n<td valign=\"center\">10<\/td>\n<\/tr>\n<tr>\n<td valign=\"center\">\u03b85\u00d75<\/td>\n<td valign=\"center\">100<\/td>\n<td valign=\"center\">\u03b820-\u03b8100<\/td>\n<td valign=\"center\">15-20<\/td>\n<td valign=\"center\">295<\/td>\n<td valign=\"center\">95<\/td>\n<td valign=\"center\">10<\/td>\n<\/tr>\n<tr>\n<td valign=\"center\">\u03b86\u00d76<\/td>\n<td valign=\"center\">80<\/td>\n<td valign=\"center\">\u03b820-\u03b8150<\/td>\n<td valign=\"center\">12-15<\/td>\n<td valign=\"center\">280<\/td>\n<td valign=\"center\">95<\/td>\n<td valign=\"center\">10<\/td>\n<\/tr>\n<tr>\n<td valign=\"center\">\u03b87\u00d77<\/td>\n<td valign=\"center\">80<\/td>\n<td valign=\"center\">\u03b820-\u03b8200<\/td>\n<td valign=\"center\">14-17<\/td>\n<td valign=\"center\">265<\/td>\n<td valign=\"center\">95<\/td>\n<td valign=\"center\">8<\/td>\n<\/tr>\n<tr>\n<td valign=\"center\">\u03b88\u00d78<\/td>\n<td valign=\"center\">80<\/td>\n<td valign=\"center\">\u03b820-\u03b8250<\/td>\n<td valign=\"center\">10-12<\/td>\n<td valign=\"center\">235<\/td>\n<td valign=\"center\">95<\/td>\n<td valign=\"center\">8<\/td>\n<\/tr>\n<tr>\n<td valign=\"center\">\u03b810\u00d710<\/td>\n<td valign=\"center\">80<\/td>\n<td valign=\"center\">\u03b820-\u03b8300<\/td>\n<td valign=\"center\">7-8<\/td>\n<td valign=\"center\">200<\/td>\n<td valign=\"center\">95<\/td>\n<td valign=\"center\">8<\/td>\n<\/tr>\n<\/tbody>\n<\/table>\n<\/div>","protected":false},"excerpt":{"rendered":"<p>L'anneau de Dixon a \u00e9t\u00e9 con\u00e7u \u00e0 l'origine par le Dr George Olaf Dixon en 1946. Il s'agit d'une \u00e9volution importante de l'anneau \u00e0 cloison transversale en c\u00e9ramique. Depuis sa naissance, l'anneau de Dixon est fabriqu\u00e9 \u00e0 la main, et m\u00eame apr\u00e8s l'apparition du processus automatis\u00e9, la meilleure qualit\u00e9 de l'anneau de Dixon est toujours fabriqu\u00e9e \u00e0 la main. L'avantage de l'anneau de Dixon est un transfert de masse tr\u00e8s efficace et des chutes de pression extr\u00eamement faibles.<\/p>","protected":false},"featured_media":4061,"template":"","meta":{"_seopress_robots_primary_cat":"","_monsterinsights_skip_tracking":false,"_monsterinsights_sitenote_active":false,"_monsterinsights_sitenote_note":"","_monsterinsights_sitenote_category":0,"_joinchat":[]},"product_cat":[80],"product_tag":[],"class_list":["post-3470","product","type-product","status-publish","has-post-thumbnail","hentry","product_cat-laboratory-packing"],"featured_image_urls":{"full":["https:\/\/www.laiko.net\/wp-content\/uploads\/2023\/10\/dixon-ring.jpg",600,350,false],"thumbnail":["https:\/\/www.laiko.net\/wp-content\/uploads\/2023\/10\/dixon-ring-150x150.jpg",150,150,true],"medium":["https:\/\/www.laiko.net\/wp-content\/uploads\/2023\/10\/dixon-ring-300x175.jpg",300,175,true],"medium_large":["https:\/\/www.laiko.net\/wp-content\/uploads\/2023\/10\/dixon-ring.jpg",600,350,false],"large":["https:\/\/www.laiko.net\/wp-content\/uploads\/2023\/10\/dixon-ring.jpg",600,350,false],"1536x1536":["https:\/\/www.laiko.net\/wp-content\/uploads\/2023\/10\/dixon-ring.jpg",600,350,false],"2048x2048":["https:\/\/www.laiko.net\/wp-content\/uploads\/2023\/10\/dixon-ring.jpg",600,350,false],"trp-custom-language-flag":["https:\/\/www.laiko.net\/wp-content\/uploads\/2023\/10\/dixon-ring.jpg",18,12,false],"woocommerce_thumbnail":["https:\/\/www.laiko.net\/wp-content\/uploads\/2023\/10\/dixon-ring-300x175.jpg",300,175,true],"woocommerce_single":["https:\/\/www.laiko.net\/wp-content\/uploads\/2023\/10\/dixon-ring.jpg",600,350,false],"woocommerce_gallery_thumbnail":["https:\/\/www.laiko.net\/wp-content\/uploads\/2023\/10\/dixon-ring-100x100.jpg",100,100,true]},"post_excerpt_stackable":"<p>Dixon ring was Originally designed by Dr George Olaf Dixon in 1946, it is a large development from Ceramic cross partition ring. Since it was born, Dixon ring was fine handmade, even after the automated process came up, the best quality Dixon ring is still fine handmade. The advantage of Dixon ring is high-efficiency mass transfer and extremely low-pressure drops.<\/p>\n","category_list":"","author_info":{"name":"","url":""},"comments_num":"0 commentaire","_links":{"self":[{"href":"https:\/\/www.laiko.net\/fr\/wp-json\/wp\/v2\/product\/3470","targetHints":{"allow":["GET"]}}],"collection":[{"href":"https:\/\/www.laiko.net\/fr\/wp-json\/wp\/v2\/product"}],"about":[{"href":"https:\/\/www.laiko.net\/fr\/wp-json\/wp\/v2\/types\/product"}],"wp:featuredmedia":[{"embeddable":true,"href":"https:\/\/www.laiko.net\/fr\/wp-json\/wp\/v2\/media\/4061"}],"wp:attachment":[{"href":"https:\/\/www.laiko.net\/fr\/wp-json\/wp\/v2\/media?parent=3470"}],"wp:term":[{"taxonomy":"product_cat","embeddable":true,"href":"https:\/\/www.laiko.net\/fr\/wp-json\/wp\/v2\/product_cat?post=3470"},{"taxonomy":"product_tag","embeddable":true,"href":"https:\/\/www.laiko.net\/fr\/wp-json\/wp\/v2\/product_tag?post=3470"}],"curies":[{"name":"wp","href":"https:\/\/api.w.org\/{rel}","templated":true}]}}