{"id":3463,"date":"2023-10-27T14:03:28","date_gmt":"2023-10-27T06:03:28","guid":{"rendered":"http:\/\/www3.laiko.net\/?post_type=product&#038;p=3463"},"modified":"2023-10-27T14:03:44","modified_gmt":"2023-10-27T06:03:44","slug":"insulating-glass-molecular-sieve","status":"publish","type":"product","link":"https:\/\/www.laiko.net\/fr\/produit\/verre-isolant-tamis-moleculaire\/","title":{"rendered":"Verre isolant Tamis mol\u00e9culaire"},"content":{"rendered":"<h2>Param\u00e8tres du tamis mol\u00e9culaire du verre isolant<\/h2>\n<div class=\"overflow_x\">\n<table cellspacing=\"0\" cellpadding=\"0\">\n<colgroup>\n<col \/>\n<col \/>\n<col \/>\n<col \/>\n<col \/><\/colgroup>\n<tbody>\n<tr class=\"firstRow\">\n<td height=\"24\">Shpe<\/td>\n<td><\/td>\n<td colspan=\"3\">Sph\u00e8re<\/td>\n<\/tr>\n<tr>\n<td height=\"24\">Diam\u00e8tre<\/td>\n<td>mm<\/td>\n<td>0.5-0.8<\/td>\n<td>1.0-1.5<\/td>\n<td>1.5-2.0<\/td>\n<\/tr>\n<tr>\n<td height=\"24\">Volume des pores<\/td>\n<td>\u00c5<\/td>\n<td>3<\/td>\n<td>3<\/td>\n<td>3<\/td>\n<\/tr>\n<tr>\n<td height=\"24\">Densit\u00e9 apparente<\/td>\n<td>g\/ml<\/td>\n<td>0.74-0.80<\/td>\n<td>0.72-0.78<\/td>\n<td>0.72-0.78<\/td>\n<\/tr>\n<tr>\n<td height=\"24\">Absorption statique de l'eau<\/td>\n<td>%<\/td>\n<td>\u226520.0<\/td>\n<td>\u226520.0<\/td>\n<td>\u226520.0<\/td>\n<\/tr>\n<tr>\n<td height=\"24\">R\u00e9sistance \u00e0 l'\u00e9crasement<\/td>\n<td>N\/pi\u00e8ce<\/td>\n<td>\u22655<\/td>\n<td>\u226515<\/td>\n<td>\u226520<\/td>\n<\/tr>\n<tr>\n<td height=\"24\">Poussi\u00e8re (Turbidim\u00e8tre)<\/td>\n<td>ppm<\/td>\n<td>\u226430<\/td>\n<td>\u226430<\/td>\n<td>\u226430<\/td>\n<\/tr>\n<tr>\n<td height=\"25\">Delta T (10 g \/10ml)<\/td>\n<td>\u2103<\/td>\n<td>\u226538<\/td>\n<td>\u226538<\/td>\n<td>\u226538<\/td>\n<\/tr>\n<tr>\n<td height=\"24\">Capacit\u00e9 de N2 \u00e0 l'\u00e9quilibre<\/td>\n<td>%<\/td>\n<td>\u22640.2<\/td>\n<td>\u22640.2<\/td>\n<td>\u22640.2<\/td>\n<\/tr>\n<tr>\n<td height=\"25\">Point de ros\u00e9e<\/td>\n<td>\u2103<\/td>\n<td>&lt;-73<\/td>\n<td>&lt;-73<\/td>\n<td>&lt;-73<\/td>\n<\/tr>\n<tr>\n<td height=\"24\">Rapport de taille<\/td>\n<td>%<\/td>\n<td>\u226598.0<\/td>\n<td>\u226598.0<\/td>\n<td>\u226598.0<\/td>\n<\/tr>\n<tr>\n<td height=\"24\">Teneur en eau, telle qu'exp\u00e9di\u00e9e<\/td>\n<td>%<\/td>\n<td>&lt;1.5<\/td>\n<td>&lt;1.5<\/td>\n<td>&lt;1.5<\/td>\n<\/tr>\n<\/tbody>\n<\/table>\n<\/div>\n<h2>Avantages du verre isolant tamis mol\u00e9culaire<\/h2>\n<ul class=\"list-paddingleft-2\">\n<li>Adsorption tr\u00e8s s\u00e9lective<\/li>\n<\/ul>\n<p>Verre isolant\u00a0<a href=\"https:\/\/www.laiko.net\/molecular-sieve-zeolite\/\" target=\"_self\" rel=\"noopener\">mat\u00e9riau de tamis mol\u00e9culaire<\/a>\u00a0a \u00e9t\u00e9 con\u00e7u comme un adsorbant \u00e0 haute capacit\u00e9 en eau avec la plus faible capacit\u00e9 pour l'air ou d'autres gaz. La structure hautement s\u00e9lective des pores assure une excellente protection du point de ros\u00e9e de l'eau tout en \u00e9liminant la co-adsorption des gaz dans l'espace d'air scell\u00e9.<\/p>\n<ul class=\"list-paddingleft-2\">\n<li>Faible d\u00e9flexion<\/li>\n<\/ul>\n<p>Comme le tamis mol\u00e9culaire du verre isolant minimise l'absorption d'autres gaz, il r\u00e9duit la d\u00e9flexion et la tension de l'unit\u00e9 de contribution de l'adsorbant dans des conditions climatiques s\u00e9v\u00e8res.<\/p>\n<ul class=\"list-paddingleft-2\">\n<li>\u00c9conomie et performances<\/li>\n<\/ul>\n<p>Le tamis mol\u00e9culaire en verre isolant augmente les taux de production des unit\u00e9s remplies de gaz car les unit\u00e9s peuvent \u00eatre scell\u00e9es imm\u00e9diatement apr\u00e8s le remplissage. En outre, l'utilisation d'un tamis mol\u00e9culaire en verre isolant permet de maintenir les valeurs d'isolation acoustique et thermique de l'unit\u00e9 en minimisant l'adsorption des gaz provenant de l'espace scell\u00e9.<\/p>\n<ul class=\"list-paddingleft-2\">\n<li>Homog\u00e8ne et non s\u00e9paratif<\/li>\n<\/ul>\n<p>Contrairement aux m\u00e9langes de deux d\u00e9shydratants diff\u00e9rents qui se s\u00e9parent en raison de la diff\u00e9rence de densit\u00e9 des composants, le tamis mol\u00e9culaire en verre isolant est homog\u00e8ne et uniforme. Chaque bille est semblable \u00e0 une autre. Il n'y a pas lieu de s'inqui\u00e9ter des variations d'une unit\u00e9 \u00e0 l'autre, qui peuvent se produire avec les m\u00e9langes.<\/p>\n<ul class=\"list-paddingleft-2\">\n<li>Humidit\u00e9 r\u00e9siduelle<\/li>\n<\/ul>\n<p>Le tamis mol\u00e9culaire de verre isolant est fourni sous forme d'adsorbant de verre isolant enti\u00e8rement activ\u00e9, pr\u00eat \u00e0 \u00eatre utilis\u00e9 dans les op\u00e9rations de remplissage d'espaceurs.<\/p>","protected":false},"excerpt":{"rendered":"<p>Le tamis mol\u00e9culaire pour verre isolant est le produit qui fournit \u00e0 l'industrie du verre isolant la capacit\u00e9 d'eau la plus \u00e9lev\u00e9e et l'adsorption de gaz la plus faible pour les syst\u00e8mes sans solvant.<\/p>","protected":false},"featured_media":836,"template":"","meta":{"_seopress_robots_primary_cat":"","_monsterinsights_skip_tracking":false,"_monsterinsights_sitenote_active":false,"_monsterinsights_sitenote_note":"","_monsterinsights_sitenote_category":0,"_joinchat":[]},"product_cat":[79],"product_tag":[],"class_list":["post-3463","product","type-product","status-publish","has-post-thumbnail","hentry","product_cat-molecular-sieve-zeolite"],"featured_image_urls":{"full":["https:\/\/www.laiko.net\/wp-content\/uploads\/2023\/10\/frc-824211b8941a7f30ecdf1ef59b60447a.jpg",600,350,false],"thumbnail":["https:\/\/www.laiko.net\/wp-content\/uploads\/2023\/10\/frc-824211b8941a7f30ecdf1ef59b60447a-150x150.jpg",150,150,true],"medium":["https:\/\/www.laiko.net\/wp-content\/uploads\/2023\/10\/frc-824211b8941a7f30ecdf1ef59b60447a-300x175.jpg",300,175,true],"medium_large":["https:\/\/www.laiko.net\/wp-content\/uploads\/2023\/10\/frc-824211b8941a7f30ecdf1ef59b60447a.jpg",600,350,false],"large":["https:\/\/www.laiko.net\/wp-content\/uploads\/2023\/10\/frc-824211b8941a7f30ecdf1ef59b60447a.jpg",600,350,false],"1536x1536":["https:\/\/www.laiko.net\/wp-content\/uploads\/2023\/10\/frc-824211b8941a7f30ecdf1ef59b60447a.jpg",600,350,false],"2048x2048":["https:\/\/www.laiko.net\/wp-content\/uploads\/2023\/10\/frc-824211b8941a7f30ecdf1ef59b60447a.jpg",600,350,false],"trp-custom-language-flag":["https:\/\/www.laiko.net\/wp-content\/uploads\/2023\/10\/frc-824211b8941a7f30ecdf1ef59b60447a.jpg",18,12,false],"woocommerce_thumbnail":["https:\/\/www.laiko.net\/wp-content\/uploads\/2023\/10\/frc-824211b8941a7f30ecdf1ef59b60447a-300x175.jpg",300,175,true],"woocommerce_single":["https:\/\/www.laiko.net\/wp-content\/uploads\/2023\/10\/frc-824211b8941a7f30ecdf1ef59b60447a.jpg",600,350,false],"woocommerce_gallery_thumbnail":["https:\/\/www.laiko.net\/wp-content\/uploads\/2023\/10\/frc-824211b8941a7f30ecdf1ef59b60447a-100x100.jpg",100,100,true]},"post_excerpt_stackable":"<p>Insulating glass molecular sieve is the product to provide the insulating glass industry with the highest water capacity and lowest gas adsorption for solvent-free systems.<\/p>\n","category_list":"","author_info":{"name":"","url":""},"comments_num":"0 commentaire","_links":{"self":[{"href":"https:\/\/www.laiko.net\/fr\/wp-json\/wp\/v2\/product\/3463","targetHints":{"allow":["GET"]}}],"collection":[{"href":"https:\/\/www.laiko.net\/fr\/wp-json\/wp\/v2\/product"}],"about":[{"href":"https:\/\/www.laiko.net\/fr\/wp-json\/wp\/v2\/types\/product"}],"wp:featuredmedia":[{"embeddable":true,"href":"https:\/\/www.laiko.net\/fr\/wp-json\/wp\/v2\/media\/836"}],"wp:attachment":[{"href":"https:\/\/www.laiko.net\/fr\/wp-json\/wp\/v2\/media?parent=3463"}],"wp:term":[{"taxonomy":"product_cat","embeddable":true,"href":"https:\/\/www.laiko.net\/fr\/wp-json\/wp\/v2\/product_cat?post=3463"},{"taxonomy":"product_tag","embeddable":true,"href":"https:\/\/www.laiko.net\/fr\/wp-json\/wp\/v2\/product_tag?post=3463"}],"curies":[{"name":"wp","href":"https:\/\/api.w.org\/{rel}","templated":true}]}}