{"id":3462,"date":"2023-09-27T13:59:23","date_gmt":"2023-09-27T05:59:23","guid":{"rendered":"http:\/\/www3.laiko.net\/?post_type=product&#038;p=3462"},"modified":"2023-11-28T15:54:51","modified_gmt":"2023-11-28T07:54:51","slug":"activated-molecular-sieve-powder","status":"publish","type":"product","link":"https:\/\/www.laiko.net\/fr\/produit\/poudre-de-tamis-moleculaire-active\/","title":{"rendered":"Tamis mol\u00e9culaire activ\u00e9 en poudre"},"content":{"rendered":"<h2>Param\u00e8tres de la poudre de z\u00e9olithe activ\u00e9e<\/h2>\n<div class=\"overflow_x\">\n<table cellspacing=\"0\" cellpadding=\"0\">\n<colgroup>\n<col \/>\n<col \/>\n<col \/>\n<col span=\"2\" \/><\/colgroup>\n<tbody>\n<tr class=\"firstRow\">\n<td height=\"22\">Mod\u00e8le<\/td>\n<td colspan=\"4\">Tamis mol\u00e9culaire activ\u00e9 en poudre<\/td>\n<\/tr>\n<tr>\n<td height=\"22\">Couleur<\/td>\n<td colspan=\"4\">Blanc<\/td>\n<\/tr>\n<tr>\n<td height=\"22\">Forme<\/td>\n<td colspan=\"4\">Poudre<\/td>\n<\/tr>\n<tr>\n<td height=\"22\">Type<\/td>\n<td>3A<\/td>\n<td>4A<\/td>\n<td>5 A<\/td>\n<td>13X<\/td>\n<\/tr>\n<tr>\n<td height=\"22\">Taille (\u03bcm)<\/td>\n<td>2~4<\/td>\n<td>2~4<\/td>\n<td>2~4<\/td>\n<td>2~4<\/td>\n<\/tr>\n<tr>\n<td height=\"22\">Densit\u00e9 apparente (g\/ml)<\/td>\n<td>\u22650.45<\/td>\n<td>\u22650.43<\/td>\n<td>\u22650.45<\/td>\n<td>\u22650.40<\/td>\n<\/tr>\n<tr>\n<td height=\"22\">Absorption statique de l'eau (%)<\/td>\n<td>\u226523<\/td>\n<td>\u226523<\/td>\n<td>\u226525<\/td>\n<td>\u226527<\/td>\n<\/tr>\n<tr>\n<td height=\"18\">Teneur en eau (%)<\/td>\n<td>\u22642.0<\/td>\n<td>\u22642.0<\/td>\n<td>\u22642.0<\/td>\n<td>\u22642.0<\/td>\n<\/tr>\n<\/tbody>\n<\/table>\n<\/div>","protected":false},"excerpt":{"rendered":"<p>La poudre de tamis mol\u00e9culaire activ\u00e9 est un tamis mol\u00e9culaire synth\u00e9tique en poudre d\u00e9shydrat\u00e9. Il se caract\u00e9rise par une grande dispersibilit\u00e9 et une adsorbabilit\u00e9 rapide. Il est utilis\u00e9 dans certaines circonstances sp\u00e9ciales d'adsorbabilit\u00e9, telles que le dessiccateur sans forme, l'adsorbant m\u00e9lang\u00e9 \u00e0 d'autres mat\u00e9riaux, etc.<\/p>\n<p>Les\u00a0<a href=\"https:\/\/www.laiko.net\/product-category\/molecular-sieve-zeolite\/\" target=\"_self\" rel=\"noopener\">mat\u00e9riau de tamis mol\u00e9culaire<\/a>\u00a0peut \u00e9liminer l'eau et les bulles, augmenter l'uniformit\u00e9 et la r\u00e9sistance lorsqu'il est utilis\u00e9 comme additif ou base dans la peinture, la r\u00e9sine et certains adh\u00e9sifs. Il peut \u00e9galement \u00eatre utilis\u00e9 comme d\u00e9shydratant dans l'espaceur en caoutchouc du verre isolant.<\/p>","protected":false},"featured_media":872,"template":"","meta":{"_seopress_robots_primary_cat":"none","_monsterinsights_skip_tracking":false,"_monsterinsights_sitenote_active":false,"_monsterinsights_sitenote_note":"","_monsterinsights_sitenote_category":0,"_joinchat":[]},"product_cat":[79],"product_tag":[],"class_list":["post-3462","product","type-product","status-publish","has-post-thumbnail","hentry","product_cat-molecular-sieve-zeolite"],"featured_image_urls":{"full":["https:\/\/www.laiko.net\/wp-content\/uploads\/2023\/10\/frc-a5f3910a074665a4e02fc7ce1d92f010.jpg",600,350,false],"thumbnail":["https:\/\/www.laiko.net\/wp-content\/uploads\/2023\/10\/frc-a5f3910a074665a4e02fc7ce1d92f010-150x150.jpg",150,150,true],"medium":["https:\/\/www.laiko.net\/wp-content\/uploads\/2023\/10\/frc-a5f3910a074665a4e02fc7ce1d92f010-300x175.jpg",300,175,true],"medium_large":["https:\/\/www.laiko.net\/wp-content\/uploads\/2023\/10\/frc-a5f3910a074665a4e02fc7ce1d92f010.jpg",600,350,false],"large":["https:\/\/www.laiko.net\/wp-content\/uploads\/2023\/10\/frc-a5f3910a074665a4e02fc7ce1d92f010.jpg",600,350,false],"1536x1536":["https:\/\/www.laiko.net\/wp-content\/uploads\/2023\/10\/frc-a5f3910a074665a4e02fc7ce1d92f010.jpg",600,350,false],"2048x2048":["https:\/\/www.laiko.net\/wp-content\/uploads\/2023\/10\/frc-a5f3910a074665a4e02fc7ce1d92f010.jpg",600,350,false],"trp-custom-language-flag":["https:\/\/www.laiko.net\/wp-content\/uploads\/2023\/10\/frc-a5f3910a074665a4e02fc7ce1d92f010.jpg",18,12,false],"woocommerce_thumbnail":["https:\/\/www.laiko.net\/wp-content\/uploads\/2023\/10\/frc-a5f3910a074665a4e02fc7ce1d92f010-300x175.jpg",300,175,true],"woocommerce_single":["https:\/\/www.laiko.net\/wp-content\/uploads\/2023\/10\/frc-a5f3910a074665a4e02fc7ce1d92f010.jpg",600,350,false],"woocommerce_gallery_thumbnail":["https:\/\/www.laiko.net\/wp-content\/uploads\/2023\/10\/frc-a5f3910a074665a4e02fc7ce1d92f010-100x100.jpg",100,100,true]},"post_excerpt_stackable":"<p>Activated Molecular Sieve Powder is dehydrated synthetic powder molecular sieve. With the character of high dispersibility and rapid adsorbability. It is used in some special adsorbability, it is used in some special absorptive circumstances, such as being formless desiccant, being adsorbent mixed with other materials, etc.<\/p>\n<p>The\u00a0<a href=\"https:\/\/www.laiko.net\/product-category\/molecular-sieve-zeolite\/\" target=\"_self\" rel=\"noopener\">molecular sieve material<\/a>\u00a0can remove water eliminate bubbles, increase uniformity and strength when being additive or base in paint, resin, and some adhesives. It can also be used as a desiccant in insulating glass rubber spacer.<\/p>\n","category_list":"","author_info":{"name":"","url":""},"comments_num":"0 commentaire","_links":{"self":[{"href":"https:\/\/www.laiko.net\/fr\/wp-json\/wp\/v2\/product\/3462","targetHints":{"allow":["GET"]}}],"collection":[{"href":"https:\/\/www.laiko.net\/fr\/wp-json\/wp\/v2\/product"}],"about":[{"href":"https:\/\/www.laiko.net\/fr\/wp-json\/wp\/v2\/types\/product"}],"wp:featuredmedia":[{"embeddable":true,"href":"https:\/\/www.laiko.net\/fr\/wp-json\/wp\/v2\/media\/872"}],"wp:attachment":[{"href":"https:\/\/www.laiko.net\/fr\/wp-json\/wp\/v2\/media?parent=3462"}],"wp:term":[{"taxonomy":"product_cat","embeddable":true,"href":"https:\/\/www.laiko.net\/fr\/wp-json\/wp\/v2\/product_cat?post=3462"},{"taxonomy":"product_tag","embeddable":true,"href":"https:\/\/www.laiko.net\/fr\/wp-json\/wp\/v2\/product_tag?post=3462"}],"curies":[{"name":"wp","href":"https:\/\/api.w.org\/{rel}","templated":true}]}}