{"id":3461,"date":"2023-09-27T13:49:11","date_gmt":"2023-09-27T05:49:11","guid":{"rendered":"http:\/\/www3.laiko.net\/?post_type=product&#038;p=3461"},"modified":"2023-11-14T16:02:55","modified_gmt":"2023-11-14T08:02:55","slug":"zeolite-4a-detergent-powder","status":"publish","type":"product","link":"https:\/\/www.laiko.net\/fr\/produit\/zeolite-4a-detergent-en-poudre\/","title":{"rendered":"Zeolite 4A D\u00e9tergent en poudre"},"content":{"rendered":"<h2>Caract\u00e9ristiques de la poudre d\u00e9tergente zeolite 4a<\/h2>\n<p>Le nom chimique de la poudre d\u00e9tergente z\u00e9olite 4a est silicate d'aluminates de sodium. Il s'agit d'une poudre blanche, non toxique, inodore et d'une bonne fluidit\u00e9.<\/p>\n<h2><\/h2>\n<h2>Param\u00e8tres de la poudre d\u00e9tergente de z\u00e9olite 4a<\/h2>\n<div class=\"overflow_x\">\n<table cellspacing=\"0\" cellpadding=\"0\">\n<colgroup>\n<col \/>\n<col \/>\n<col \/>\n<col \/>\n<col \/>\n<col \/>\n<col \/><\/colgroup>\n<tbody>\n<tr class=\"firstRow\">\n<td colspan=\"4\" height=\"20\">Objet<\/td>\n<td colspan=\"3\">Index<\/td>\n<\/tr>\n<tr>\n<td colspan=\"4\" height=\"20\">Type<\/td>\n<td colspan=\"3\">Granule<\/td>\n<\/tr>\n<tr>\n<td colspan=\"4\" height=\"20\">Odeur<\/td>\n<td colspan=\"3\">Inodore<\/td>\n<\/tr>\n<tr>\n<td colspan=\"4\" height=\"20\">Apparence<\/td>\n<td colspan=\"3\">poudre fine blanche<\/td>\n<\/tr>\n<tr>\n<td colspan=\"4\" height=\"20\">Perte \u00e0 l'allumage(800\u00baC Clh)<\/td>\n<td colspan=\"3\">20\u58eb0.5%<\/td>\n<\/tr>\n<tr>\n<td colspan=\"4\" height=\"20\">Capacit\u00e9 d'\u00e9change d'ions Ca (sec) (mg CaCO3\/g)<\/td>\n<td colspan=\"3\">320\u58eb10<\/td>\n<\/tr>\n<tr>\n<td colspan=\"4\" height=\"20\">PH<\/td>\n<td colspan=\"3\">\u226411.0<\/td>\n<\/tr>\n<tr>\n<td colspan=\"4\" height=\"20\">Grade blanc\uff08w=y)<\/td>\n<td colspan=\"3\">\u226596.5<\/td>\n<\/tr>\n<tr>\n<td colspan=\"4\" height=\"20\">Taille des particules\uff08D50\uff09<\/td>\n<td colspan=\"3\">2-3um<\/td>\n<\/tr>\n<tr>\n<td colspan=\"4\" height=\"20\">Cristallin<\/td>\n<td colspan=\"3\">\u226597.0%<\/td>\n<\/tr>\n<tr>\n<td colspan=\"4\" height=\"20\">Aluminium (sec)<\/td>\n<td colspan=\"3\">\u226518.0%<\/td>\n<\/tr>\n<tr>\n<td colspan=\"4\" height=\"20\">325mesh \uff1e45\u03bcm tamis humide<\/td>\n<td colspan=\"3\">\u22640.60%<\/td>\n<\/tr>\n<tr>\n<td colspan=\"4\" height=\"20\">Moins de\uff08\uff1c4\u00b5m\uff09<\/td>\n<td colspan=\"3\">\uff1e90%<\/td>\n<\/tr>\n<tr>\n<td colspan=\"4\" height=\"20\">Moins de\uff08\uff1c1\u00b5m\uff09<\/td>\n<td colspan=\"3\">\u226410%<\/td>\n<\/tr>\n<tr>\n<td colspan=\"4\" height=\"20\">Densit\u00e9 apparente g\/l<\/td>\n<td colspan=\"3\">300-400<\/td>\n<\/tr>\n<tr>\n<td colspan=\"4\" height=\"20\">Capacit\u00e9 d'absorption<\/td>\n<td colspan=\"3\">35%<\/td>\n<\/tr>\n<\/tbody>\n<\/table>\n<\/div>\n<h2>Emballage et stockage de la poudre d\u00e9tergente \u00e0 base de z\u00e9olite 4a<\/h2>\n<p>25kg\/sac, 40kg\/sac, 750kg\/sac<\/p>\n<h2>Attention<\/h2>\n<p>Pr\u00e9vention contre l'eau, ouvert jusqu'\u00e0 utilisation.<\/p>","protected":false},"excerpt":{"rendered":"<p>Le d\u00e9tergent z\u00e9olithique est le principal \u00e9l\u00e9ment constitutif des d\u00e9tergents sans phosphore ou \u00e0 faible teneur en phosphore. Ce produit 3 en 1 est compos\u00e9 principalement de d\u00e9tergent z\u00e9olithique, de carbonate de sodium mod\u00e9r\u00e9 et d'un \u00e9l\u00e9ment constitutif de polym\u00e8re organique, et a la m\u00eame efficacit\u00e9 que le phosphate de sodium. Il n'est pas n\u00e9cessaire de se pr\u00e9occuper de la question de la qualit\u00e9. L'auxiliaire de d\u00e9tergent z\u00e9olithe peut \u00eatre configur\u00e9 avec de nombreux surfactants, tels que l'alkybenz\u00e8nesufonate lin\u00e9aire (LAS), le sulfactant-AE et le sulfonate d'a-ol\u00e9fine ; si l'on utilise ce dernier, l'efficacit\u00e9 sera particuli\u00e8rement meilleure.<\/p>","protected":false},"featured_media":856,"template":"","meta":{"_seopress_robots_primary_cat":"none","_monsterinsights_skip_tracking":false,"_monsterinsights_sitenote_active":false,"_monsterinsights_sitenote_note":"","_monsterinsights_sitenote_category":0,"_joinchat":[]},"product_cat":[79],"product_tag":[],"class_list":["post-3461","product","type-product","status-publish","has-post-thumbnail","hentry","product_cat-molecular-sieve-zeolite"],"featured_image_urls":{"full":["https:\/\/www.laiko.net\/wp-content\/uploads\/2023\/10\/frc-4e6f5fbb356f97f0504ffac4d3d4e46e.jpg",600,350,false],"thumbnail":["https:\/\/www.laiko.net\/wp-content\/uploads\/2023\/10\/frc-4e6f5fbb356f97f0504ffac4d3d4e46e-150x150.jpg",150,150,true],"medium":["https:\/\/www.laiko.net\/wp-content\/uploads\/2023\/10\/frc-4e6f5fbb356f97f0504ffac4d3d4e46e-300x175.jpg",300,175,true],"medium_large":["https:\/\/www.laiko.net\/wp-content\/uploads\/2023\/10\/frc-4e6f5fbb356f97f0504ffac4d3d4e46e.jpg",600,350,false],"large":["https:\/\/www.laiko.net\/wp-content\/uploads\/2023\/10\/frc-4e6f5fbb356f97f0504ffac4d3d4e46e.jpg",600,350,false],"1536x1536":["https:\/\/www.laiko.net\/wp-content\/uploads\/2023\/10\/frc-4e6f5fbb356f97f0504ffac4d3d4e46e.jpg",600,350,false],"2048x2048":["https:\/\/www.laiko.net\/wp-content\/uploads\/2023\/10\/frc-4e6f5fbb356f97f0504ffac4d3d4e46e.jpg",600,350,false],"trp-custom-language-flag":["https:\/\/www.laiko.net\/wp-content\/uploads\/2023\/10\/frc-4e6f5fbb356f97f0504ffac4d3d4e46e.jpg",18,12,false],"woocommerce_thumbnail":["https:\/\/www.laiko.net\/wp-content\/uploads\/2023\/10\/frc-4e6f5fbb356f97f0504ffac4d3d4e46e-300x175.jpg",300,175,true],"woocommerce_single":["https:\/\/www.laiko.net\/wp-content\/uploads\/2023\/10\/frc-4e6f5fbb356f97f0504ffac4d3d4e46e.jpg",600,350,false],"woocommerce_gallery_thumbnail":["https:\/\/www.laiko.net\/wp-content\/uploads\/2023\/10\/frc-4e6f5fbb356f97f0504ffac4d3d4e46e-100x100.jpg",100,100,true]},"post_excerpt_stackable":"<p>Zeolite Detergent is the major builder of none phosphorus or low phosphorus detergent. this 3 in 1 product configured majorly with zeolite detergent, moderate sodium carbonate and organic polymer builder, and has the same efficacy as sodium phosphate. It is not necessary to worry about the question of quality. Zeolite detergent auxiliary can be configured with many surfactants, such as linear alkybenzenesufonate (LAS), sulfactant-AE, and a-olefin sulfonate, if configured with the last one, the efficacy would be especially better.<\/p>\n","category_list":"","author_info":{"name":"","url":""},"comments_num":"0 commentaire","_links":{"self":[{"href":"https:\/\/www.laiko.net\/fr\/wp-json\/wp\/v2\/product\/3461","targetHints":{"allow":["GET"]}}],"collection":[{"href":"https:\/\/www.laiko.net\/fr\/wp-json\/wp\/v2\/product"}],"about":[{"href":"https:\/\/www.laiko.net\/fr\/wp-json\/wp\/v2\/types\/product"}],"wp:featuredmedia":[{"embeddable":true,"href":"https:\/\/www.laiko.net\/fr\/wp-json\/wp\/v2\/media\/856"}],"wp:attachment":[{"href":"https:\/\/www.laiko.net\/fr\/wp-json\/wp\/v2\/media?parent=3461"}],"wp:term":[{"taxonomy":"product_cat","embeddable":true,"href":"https:\/\/www.laiko.net\/fr\/wp-json\/wp\/v2\/product_cat?post=3461"},{"taxonomy":"product_tag","embeddable":true,"href":"https:\/\/www.laiko.net\/fr\/wp-json\/wp\/v2\/product_tag?post=3461"}],"curies":[{"name":"wp","href":"https:\/\/api.w.org\/{rel}","templated":true}]}}