{"id":3458,"date":"2023-11-05T11:30:17","date_gmt":"2023-11-05T03:30:17","guid":{"rendered":"http:\/\/www3.laiko.net\/?post_type=product&#038;p=3458"},"modified":"2023-11-28T11:26:05","modified_gmt":"2023-11-28T03:26:05","slug":"3a-molecular-sieve","status":"publish","type":"product","link":"https:\/\/www.laiko.net\/fr\/produit\/tamis-moleculaire-3a\/","title":{"rendered":"3A Tamis mol\u00e9culaire"},"content":{"rendered":"<h2>Param\u00e8tres du tamis mol\u00e9culaire de 3 angstr\u00f6ms<\/h2>\n<div class=\"overflow_x\">\n<table cellspacing=\"1\" cellpadding=\"1\">\n<tbody>\n<tr class=\"firstRow\">\n<td>Mod\u00e8le<\/td>\n<td colspan=\"4\">3A<\/td>\n<\/tr>\n<tr>\n<td>Diam\u00e8tre nominal des pores<\/td>\n<td colspan=\"4\">3 angstroms<\/td>\n<\/tr>\n<tr>\n<td>Forme<\/td>\n<td colspan=\"2\">Sph\u00e8re (boule)<\/td>\n<td colspan=\"2\">Pellet<\/td>\n<\/tr>\n<tr>\n<td>Diam\u00e8tre<\/td>\n<td>1.7-2.5<\/td>\n<td>3.0-5.0<\/td>\n<td>1.6<\/td>\n<td>3.2<\/td>\n<\/tr>\n<tr>\n<td>Rapport de taille jusqu'au grade (%)<\/td>\n<td>\u226598<\/td>\n<td>\u226598<\/td>\n<td>\u226596<\/td>\n<td>\u226596<\/td>\n<\/tr>\n<tr>\n<td>Densit\u00e9 apparente (g\/ml)<\/td>\n<td>\u22650.72<\/td>\n<td>\u22650.70<\/td>\n<td>\u22650.65<\/td>\n<td>\u22650.65<\/td>\n<\/tr>\n<tr>\n<td>Taux d'usure (%)<\/td>\n<td>\u22640.10<\/td>\n<td>\u22640.10<\/td>\n<td>\u22640.25<\/td>\n<td>\u22640.25<\/td>\n<\/tr>\n<tr>\n<td>R\u00e9sistance \u00e0 l'\u00e9crasement (N)<\/td>\n<td>\u226530\/pi\u00e8ce<\/td>\n<td>\u226570\/pi\u00e8ce<\/td>\n<td>\u226545\/pi\u00e8ce<\/td>\n<td>\u226560\/pi\u00e8ce<\/td>\n<\/tr>\n<tr>\n<td>Adsorption statique de H2O (%)<\/td>\n<td>\u22643.0<\/td>\n<td>\u22643.0<\/td>\n<td>\u22643.0<\/td>\n<td>\u22643.0<\/td>\n<\/tr>\n<tr>\n<td>Adsorption de l'\u00e9thyl\u00e8ne<\/td>\n<td>\u226521<\/td>\n<td>\u226521<\/td>\n<td>\u226521<\/td>\n<td>\u226521<\/td>\n<\/tr>\n<tr>\n<td>Teneur en eau (%)<\/td>\n<td>\u22641.0<\/td>\n<td>\u22641.0<\/td>\n<td>\u22641.0<\/td>\n<td>\u22641.0<\/td>\n<\/tr>\n<\/tbody>\n<\/table>\n<\/div>\n<h2>Applications du tamis mol\u00e9culaire de la z\u00e9olite 3A<\/h2>\n<div class=\"overflow_x\">\n<table>\n<tbody>\n<tr class=\"firstRow\">\n<td>Formule chimique typique<\/td>\n<td colspan=\"4\">0,45 K2O. 0,55 Na2O. Al2O3 . 2 SiO2. 4.5H2O<br \/>\nSiO2 : Al2O3\u22482<\/td>\n<\/tr>\n<tr>\n<td rowspan=\"6\">Application typique<\/td>\n<td colspan=\"4\">a) S\u00e9chage d'hydrocarbures insatur\u00e9s (par exemple \u00e9thyl\u00e8ne, propyl\u00e8ne, butadi\u00e8ne)<\/td>\n<\/tr>\n<tr>\n<td colspan=\"4\">b) S\u00e9chage des gaz craqu\u00e9s<\/td>\n<\/tr>\n<tr>\n<td colspan=\"4\">c) S\u00e9chage du gaz naturel, si la minimisation du COS est essentielle ou si une co-adsorption minimale des hydrocarbures est requise.<\/td>\n<\/tr>\n<tr>\n<td colspan=\"4\">e) S\u00e9chage de l'alcool liquide<\/td>\n<\/tr>\n<tr>\n<td colspan=\"4\">f) D\u00e9shydratation statique (non r\u00e9g\u00e9n\u00e9rative) des vitrages isolants, qu'ils soient remplis d'air ou de gaz.<\/td>\n<\/tr>\n<tr>\n<td colspan=\"4\">g) S\u00e9chage du GNC.<\/td>\n<\/tr>\n<\/tbody>\n<\/table>\n<\/div>\n<h2>Tamis mol\u00e9culaire de type 3A Conditions de livraison<\/h2>\n<div class=\"overflow_x\">\n<table>\n<tbody>\n<tr class=\"firstRow\">\n<td>Paquet :<\/td>\n<td colspan=\"4\">Bo\u00eete en carton ; F\u00fbt en carton ; F\u00fbt en acier<\/td>\n<\/tr>\n<tr>\n<td>MOQ :<\/td>\n<td colspan=\"4\">1 tonne m\u00e9trique<\/td>\n<\/tr>\n<tr>\n<td>Conditions de paiement :<\/td>\n<td colspan=\"4\">T\/T ; L\/C ; Western Union<\/td>\n<\/tr>\n<tr>\n<td rowspan=\"2\">Garantie :<\/td>\n<td colspan=\"4\">a) Par la norme nationale GBT 10504-2008<\/td>\n<\/tr>\n<tr>\n<td colspan=\"4\">b) Offrir une consultation \u00e0 vie sur les probl\u00e8mes survenus<\/td>\n<\/tr>\n<tr>\n<td>Conteneur<\/td>\n<td>20GP<\/td>\n<td>40GP<\/td>\n<td colspan=\"2\">Exemple de commande<\/td>\n<\/tr>\n<tr>\n<td>Quantit\u00e9<\/td>\n<td>12MT<\/td>\n<td>24MT<\/td>\n<td colspan=\"2\">&lt;5kgs<\/td>\n<\/tr>\n<tr>\n<td>D\u00e9lai de livraison<\/td>\n<td>5 jours<\/td>\n<td>7 jours<\/td>\n<td colspan=\"2\">Stock disponible<\/td>\n<\/tr>\n<\/tbody>\n<\/table>\n<\/div>","protected":false},"excerpt":{"rendered":"<p>Le tamis mol\u00e9culaire NAIKE 3A est un alumino-silicate de m\u00e9tal alcalin ; il s'agit de la forme potassique de la structure cristalline de type A. Type 3A\u00a0<a href=\"https:\/\/www.laiko.net\/product-category\/molecular-sieve-zeolite\/\" target=\"_self\" rel=\"noopener\">mat\u00e9riau de tamis mol\u00e9culaire<\/a>\u00a0a une ouverture de pore effective d'environ 3 angstr\u00f6ms (0,3 nm). Cette ouverture est suffisamment grande pour permettre l'entr\u00e9e de l'humidit\u00e9, mais exclut les mol\u00e9cules telles que les hydrocarbures insatur\u00e9s qui peuvent potentiellement former des polym\u00e8res, ce qui maximise la dur\u00e9e de vie lors de la d\u00e9shydratation de ces mol\u00e9cules.<\/p>","protected":false},"featured_media":941,"template":"","meta":{"_seopress_robots_primary_cat":"none","_monsterinsights_skip_tracking":false,"_monsterinsights_sitenote_active":false,"_monsterinsights_sitenote_note":"","_monsterinsights_sitenote_category":0,"_joinchat":[]},"product_cat":[79],"product_tag":[],"class_list":["post-3458","product","type-product","status-publish","has-post-thumbnail","hentry","product_cat-molecular-sieve-zeolite"],"featured_image_urls":{"full":["https:\/\/www.laiko.net\/wp-content\/uploads\/2023\/10\/frc-92a29d335d381997fa811697c93aa04f.jpg",600,350,false],"thumbnail":["https:\/\/www.laiko.net\/wp-content\/uploads\/2023\/10\/frc-92a29d335d381997fa811697c93aa04f-150x150.jpg",150,150,true],"medium":["https:\/\/www.laiko.net\/wp-content\/uploads\/2023\/10\/frc-92a29d335d381997fa811697c93aa04f-300x175.jpg",300,175,true],"medium_large":["https:\/\/www.laiko.net\/wp-content\/uploads\/2023\/10\/frc-92a29d335d381997fa811697c93aa04f.jpg",600,350,false],"large":["https:\/\/www.laiko.net\/wp-content\/uploads\/2023\/10\/frc-92a29d335d381997fa811697c93aa04f.jpg",600,350,false],"1536x1536":["https:\/\/www.laiko.net\/wp-content\/uploads\/2023\/10\/frc-92a29d335d381997fa811697c93aa04f.jpg",600,350,false],"2048x2048":["https:\/\/www.laiko.net\/wp-content\/uploads\/2023\/10\/frc-92a29d335d381997fa811697c93aa04f.jpg",600,350,false],"trp-custom-language-flag":["https:\/\/www.laiko.net\/wp-content\/uploads\/2023\/10\/frc-92a29d335d381997fa811697c93aa04f.jpg",18,12,false],"woocommerce_thumbnail":["https:\/\/www.laiko.net\/wp-content\/uploads\/2023\/10\/frc-92a29d335d381997fa811697c93aa04f-300x175.jpg",300,175,true],"woocommerce_single":["https:\/\/www.laiko.net\/wp-content\/uploads\/2023\/10\/frc-92a29d335d381997fa811697c93aa04f.jpg",600,350,false],"woocommerce_gallery_thumbnail":["https:\/\/www.laiko.net\/wp-content\/uploads\/2023\/10\/frc-92a29d335d381997fa811697c93aa04f-100x100.jpg",100,100,true]},"post_excerpt_stackable":"<p>NAIKE 3A Molecular Sieve is an alkali metal alumino-silicate; it is the potassium form of the type A crystal structure. Type 3A\u00a0<a href=\"https:\/\/www.laiko.net\/product-category\/molecular-sieve-zeolite\/\" target=\"_self\" rel=\"noopener\">molecular sieve material<\/a>\u00a0has an effective pore opening of about 3 angstroms (0.3nm). This is large enough to allow in moisture, but excludes molecules such as unsaturated hydrocarbons which can potentially form polymers, and this maximises lifetime when dehydrating such molecules.<\/p>\n","category_list":"","author_info":{"name":"","url":""},"comments_num":"0 commentaire","_links":{"self":[{"href":"https:\/\/www.laiko.net\/fr\/wp-json\/wp\/v2\/product\/3458","targetHints":{"allow":["GET"]}}],"collection":[{"href":"https:\/\/www.laiko.net\/fr\/wp-json\/wp\/v2\/product"}],"about":[{"href":"https:\/\/www.laiko.net\/fr\/wp-json\/wp\/v2\/types\/product"}],"wp:featuredmedia":[{"embeddable":true,"href":"https:\/\/www.laiko.net\/fr\/wp-json\/wp\/v2\/media\/941"}],"wp:attachment":[{"href":"https:\/\/www.laiko.net\/fr\/wp-json\/wp\/v2\/media?parent=3458"}],"wp:term":[{"taxonomy":"product_cat","embeddable":true,"href":"https:\/\/www.laiko.net\/fr\/wp-json\/wp\/v2\/product_cat?post=3458"},{"taxonomy":"product_tag","embeddable":true,"href":"https:\/\/www.laiko.net\/fr\/wp-json\/wp\/v2\/product_tag?post=3458"}],"curies":[{"name":"wp","href":"https:\/\/api.w.org\/{rel}","templated":true}]}}