{"id":3457,"date":"2023-11-06T11:24:44","date_gmt":"2023-11-06T03:24:44","guid":{"rendered":"http:\/\/www3.laiko.net\/?post_type=product&#038;p=3457"},"modified":"2023-11-14T16:14:16","modified_gmt":"2023-11-14T08:14:16","slug":"4a-molecular-sieve","status":"publish","type":"product","link":"https:\/\/www.laiko.net\/fr\/produit\/tamis-moleculaire-4a\/","title":{"rendered":"4A Tamis mol\u00e9culaire"},"content":{"rendered":"<h2>Param\u00e8tres du tamis mol\u00e9culaire 4A<\/h2>\n<div class=\"overflow_x\">\n<table cellspacing=\"0\" cellpadding=\"0\">\n<colgroup>\n<col \/>\n<col \/>\n<col \/>\n<col \/>\n<col \/>\n<col span=\"2\" \/><\/colgroup>\n<tbody>\n<tr class=\"firstRow\">\n<td colspan=\"3\" height=\"13\">Mod\u00e8le<\/td>\n<td colspan=\"4\">4A<\/td>\n<\/tr>\n<tr>\n<td colspan=\"3\" height=\"13\">Diam\u00e8tre nominal des pores<\/td>\n<td colspan=\"4\">4 angstroms<\/td>\n<\/tr>\n<tr>\n<td colspan=\"3\" height=\"13\">Forme<\/td>\n<td colspan=\"2\">Sph\u00e8re (boule)<\/td>\n<td colspan=\"2\">Pellet<\/td>\n<\/tr>\n<tr>\n<td colspan=\"3\" height=\"13\">Diam\u00e8tre<\/td>\n<td>1.7-2.5<\/td>\n<td>3.0-5.0<\/td>\n<td align=\"right\">1.6<\/td>\n<td align=\"right\">3.2<\/td>\n<\/tr>\n<tr>\n<td colspan=\"3\" height=\"13\">Rapport de taille jusqu'au grade (%)<\/td>\n<td>\u226598<\/td>\n<td>\u226598<\/td>\n<td>\u226596<\/td>\n<td>\u226596<\/td>\n<\/tr>\n<tr>\n<td colspan=\"3\" height=\"13\">Densit\u00e9 apparente (g\/ml)<\/td>\n<td>\u22650.72<\/td>\n<td>\u22650.75<\/td>\n<td>\u22650.66<\/td>\n<td align=\"right\">0.66<\/td>\n<\/tr>\n<tr>\n<td colspan=\"3\" height=\"13\">Taux d'usure (%)<\/td>\n<td>\u22640.20<\/td>\n<td>\u22640.20<\/td>\n<td>\u22640.20<\/td>\n<td>\u22640.20<\/td>\n<\/tr>\n<tr>\n<td colspan=\"3\" height=\"13\">R\u00e9sistance \u00e0 l'\u00e9crasement (N)<\/td>\n<td>\u226545\/pi\u00e8ce<\/td>\n<td>\u226585\/pi\u00e8ce<\/td>\n<td>\u226530\/pi\u00e8ce<\/td>\n<td>\u226560\/pi\u00e8ce<\/td>\n<\/tr>\n<tr>\n<td colspan=\"3\" height=\"13\">Adsorption statique de H2O (%)<\/td>\n<td>\u226521.5<\/td>\n<td>\u226521.5<\/td>\n<td>\u226521.5<\/td>\n<td>\u226521.5<\/td>\n<\/tr>\n<tr>\n<td colspan=\"3\" height=\"13\">Teneur en eau (%)<\/td>\n<td>\u22641.0<\/td>\n<td>\u22641.0<\/td>\n<td>\u22641.0<\/td>\n<td>\u22641.0<\/td>\n<\/tr>\n<\/tbody>\n<\/table>\n<\/div>\n<h2>Applications du tamis mol\u00e9culaire de type 4A<\/h2>\n<div class=\"overflow_x\">\n<table>\n<tbody>\n<tr class=\"firstRow\">\n<td colspan=\"3\" rowspan=\"2\" height=\"27\">Formule chimique typique<\/td>\n<td colspan=\"4\">Na2O. Al2O3. 2SiO2. 4,5 H2O<\/td>\n<\/tr>\n<tr>\n<td colspan=\"4\">SiO2 : Al2O3\u22482<\/td>\n<\/tr>\n<tr>\n<td colspan=\"3\" rowspan=\"4\" height=\"54\">Application typique<\/td>\n<td colspan=\"4\">a) S\u00e9chage et \u00e9limination du CO2 du gaz naturel, du GPL, de l'air, des gaz inertes et atmosph\u00e9riques, etc.<\/td>\n<\/tr>\n<tr>\n<td colspan=\"4\">b) \u00c9limination des hydrocarbures, de l'ammoniac et du m\u00e9thanol des flux gazeux (traitement du gaz de synth\u00e8se \u00e0 l'ammoniac)<\/td>\n<\/tr>\n<tr>\n<td colspan=\"4\">c) Des types sp\u00e9ciaux sont utilis\u00e9s dans les unit\u00e9s de freinage d'air des autobus, des camions et des locomotives.<\/td>\n<\/tr>\n<tr>\n<td colspan=\"4\">d) Conditionn\u00e9 en petits sacs, il peut \u00eatre utilis\u00e9 comme simple d\u00e9shydratant d'emballage.<\/td>\n<\/tr>\n<\/tbody>\n<\/table>\n<\/div>\n<h2>4A Zeolite Conditions de livraison<\/h2>\n<div class=\"overflow_x\">\n<table>\n<tbody>\n<tr>\n<td>Paquet :<\/td>\n<td colspan=\"3\">Bo\u00eete en carton ; F\u00fbt en carton ; F\u00fbt en acier<\/td>\n<\/tr>\n<tr>\n<td>MOQ :<\/td>\n<td colspan=\"3\">1 tonne m\u00e9trique<\/td>\n<\/tr>\n<tr>\n<td>Conditions de paiement :<\/td>\n<td colspan=\"3\">T\/T ; L\/C ; Western Union<\/td>\n<\/tr>\n<tr>\n<td rowspan=\"2\">Garantie :<\/td>\n<td colspan=\"3\">a) Par la norme nationale HGT 2524-2010<\/td>\n<\/tr>\n<tr>\n<td colspan=\"3\">b) Offrir une consultation \u00e0 vie sur les probl\u00e8mes survenus<\/td>\n<\/tr>\n<tr>\n<td>Conteneur<\/td>\n<td>20GP<\/td>\n<td>40GP<\/td>\n<td>Exemple de commande<\/td>\n<\/tr>\n<tr>\n<td>Quantit\u00e9<\/td>\n<td>12MT<\/td>\n<td>24MT<\/td>\n<td>&lt;5kg<\/td>\n<\/tr>\n<tr>\n<td>D\u00e9lai de livraison<\/td>\n<td>5 jours<\/td>\n<td>7 jours<\/td>\n<td>Stock disponible<\/td>\n<\/tr>\n<\/tbody>\n<\/table>\n<\/div>","protected":false},"excerpt":{"rendered":"<p>Le tamis mol\u00e9culaire NAIKE 4A est un silicate alcalin alcalin ; il s'agit de la forme sodique de la structure cristalline de type A. Le tamis mol\u00e9culaire 4A a une ouverture de pore effective d'environ 4 angstr\u00f6ms (0,4 nm). Le tamis mol\u00e9culaire NAIKE de type 4A adsorbe la plupart des mol\u00e9cules dont le diam\u00e8tre cin\u00e9tique est inf\u00e9rieur \u00e0 4 angstr\u00f6ms et exclut celles qui sont plus grandes. Ces mol\u00e9cules adsorbables comprennent les mol\u00e9cules de gaz simples telles que l'oxyg\u00e8ne, l'azote, le dioxyde de carbone et les hydrocarbures \u00e0 cha\u00eene droite. Les hydrocarbures \u00e0 cha\u00eene ramifi\u00e9e et les aromatiques sont exclus.<\/p>","protected":false},"featured_media":958,"template":"","meta":{"_seopress_robots_primary_cat":"none","_monsterinsights_skip_tracking":false,"_monsterinsights_sitenote_active":false,"_monsterinsights_sitenote_note":"","_monsterinsights_sitenote_category":0,"_joinchat":[]},"product_cat":[79],"product_tag":[],"class_list":["post-3457","product","type-product","status-publish","has-post-thumbnail","hentry","product_cat-molecular-sieve-zeolite"],"featured_image_urls":{"full":["https:\/\/www.laiko.net\/wp-content\/uploads\/2023\/10\/frc-ebe8e9a61b046726d1f1aa52dea0ff40.jpg",600,350,false],"thumbnail":["https:\/\/www.laiko.net\/wp-content\/uploads\/2023\/10\/frc-ebe8e9a61b046726d1f1aa52dea0ff40-150x150.jpg",150,150,true],"medium":["https:\/\/www.laiko.net\/wp-content\/uploads\/2023\/10\/frc-ebe8e9a61b046726d1f1aa52dea0ff40-300x175.jpg",300,175,true],"medium_large":["https:\/\/www.laiko.net\/wp-content\/uploads\/2023\/10\/frc-ebe8e9a61b046726d1f1aa52dea0ff40.jpg",600,350,false],"large":["https:\/\/www.laiko.net\/wp-content\/uploads\/2023\/10\/frc-ebe8e9a61b046726d1f1aa52dea0ff40.jpg",600,350,false],"1536x1536":["https:\/\/www.laiko.net\/wp-content\/uploads\/2023\/10\/frc-ebe8e9a61b046726d1f1aa52dea0ff40.jpg",600,350,false],"2048x2048":["https:\/\/www.laiko.net\/wp-content\/uploads\/2023\/10\/frc-ebe8e9a61b046726d1f1aa52dea0ff40.jpg",600,350,false],"trp-custom-language-flag":["https:\/\/www.laiko.net\/wp-content\/uploads\/2023\/10\/frc-ebe8e9a61b046726d1f1aa52dea0ff40.jpg",18,12,false],"woocommerce_thumbnail":["https:\/\/www.laiko.net\/wp-content\/uploads\/2023\/10\/frc-ebe8e9a61b046726d1f1aa52dea0ff40-300x175.jpg",300,175,true],"woocommerce_single":["https:\/\/www.laiko.net\/wp-content\/uploads\/2023\/10\/frc-ebe8e9a61b046726d1f1aa52dea0ff40.jpg",600,350,false],"woocommerce_gallery_thumbnail":["https:\/\/www.laiko.net\/wp-content\/uploads\/2023\/10\/frc-ebe8e9a61b046726d1f1aa52dea0ff40-100x100.jpg",100,100,true]},"post_excerpt_stackable":"<p>NAIKE Molecular Sieve 4A is an alkali alumino silicate; it is the sodium form of the Type A crystal structure. 4A molecular sieve has an effective pore opening of about 4 angstroms (0.4nm). NAIKE type 4A molecular sieve material will adsorb most molecules with a kinetic diameter of fewer than 4 angstroms and exclude those larger. Such adsorbable molecules include simple gas molecules such as oxygen, nitrogen, carbon dioxide and straight chain hydrocarbons. Branched chain hydrocarbons and aromatics are excluded.<\/p>\n","category_list":"","author_info":{"name":"","url":""},"comments_num":"0 commentaire","_links":{"self":[{"href":"https:\/\/www.laiko.net\/fr\/wp-json\/wp\/v2\/product\/3457","targetHints":{"allow":["GET"]}}],"collection":[{"href":"https:\/\/www.laiko.net\/fr\/wp-json\/wp\/v2\/product"}],"about":[{"href":"https:\/\/www.laiko.net\/fr\/wp-json\/wp\/v2\/types\/product"}],"wp:featuredmedia":[{"embeddable":true,"href":"https:\/\/www.laiko.net\/fr\/wp-json\/wp\/v2\/media\/958"}],"wp:attachment":[{"href":"https:\/\/www.laiko.net\/fr\/wp-json\/wp\/v2\/media?parent=3457"}],"wp:term":[{"taxonomy":"product_cat","embeddable":true,"href":"https:\/\/www.laiko.net\/fr\/wp-json\/wp\/v2\/product_cat?post=3457"},{"taxonomy":"product_tag","embeddable":true,"href":"https:\/\/www.laiko.net\/fr\/wp-json\/wp\/v2\/product_tag?post=3457"}],"curies":[{"name":"wp","href":"https:\/\/api.w.org\/{rel}","templated":true}]}}