{"id":3456,"date":"2023-11-07T11:18:46","date_gmt":"2023-11-07T03:18:46","guid":{"rendered":"http:\/\/www3.laiko.net\/?post_type=product&#038;p=3456"},"modified":"2023-11-28T11:26:17","modified_gmt":"2023-11-28T03:26:17","slug":"5a-molecular-sieve-2","status":"publish","type":"product","link":"https:\/\/www.laiko.net\/fr\/produit\/5a-tamis-moleculaire-2\/","title":{"rendered":"5A Tamis mol\u00e9culaire"},"content":{"rendered":"<h2>Param\u00e8tres du tamis mol\u00e9culaire 5A<\/h2>\n<div class=\"overflow_x\">\n<table cellspacing=\"0\" cellpadding=\"0\">\n<colgroup>\n<col \/>\n<col \/>\n<col \/>\n<col \/>\n<col \/>\n<col \/><\/colgroup>\n<tbody>\n<tr class=\"firstRow\">\n<td height=\"18\">Objet<\/td>\n<td>Unit\u00e9<\/td>\n<td colspan=\"4\">Donn\u00e9es techniques<\/td>\n<\/tr>\n<tr>\n<td height=\"18\">Forme<\/td>\n<td><\/td>\n<td colspan=\"2\">Pellet<\/td>\n<td colspan=\"2\">Sph\u00e8re<\/td>\n<\/tr>\n<tr>\n<td height=\"18\">Diam\u00e8tre<\/td>\n<td>mm<\/td>\n<td>1.5-1.7<\/td>\n<td>3.0-3.3<\/td>\n<td>1.7-2.5<\/td>\n<td>3.0-5.0<\/td>\n<\/tr>\n<tr>\n<td height=\"18\">Rapport de taille jusqu'\u00e0 la classe<\/td>\n<td>%<\/td>\n<td>\u226598<\/td>\n<td>\u226598<\/td>\n<td>\u226596<\/td>\n<td>\u226596<\/td>\n<\/tr>\n<tr>\n<td height=\"18\">Densit\u00e9 apparente<\/td>\n<td>g\/ml<\/td>\n<td>\u22650.64<\/td>\n<td>\u22650.64<\/td>\n<td>\u22650.66<\/td>\n<td>\u22650.66<\/td>\n<\/tr>\n<tr>\n<td height=\"18\">Taux d'usure<\/td>\n<td>%<\/td>\n<td>\u22640.20<\/td>\n<td>\u22640.40<\/td>\n<td>\u22640.20<\/td>\n<td>\u22640.20<\/td>\n<\/tr>\n<tr>\n<td height=\"54\">R\u00e9sistance \u00e0 l'\u00e9crasement<\/td>\n<td>N<\/td>\n<td>\u226530\/cm<\/td>\n<td>\u226545\/cm<\/td>\n<td>\u226530\/pi\u00e8ce<\/td>\n<td>\u226560\/pi\u00e8ce<\/td>\n<\/tr>\n<tr>\n<td height=\"18\">Adsorption statique de l'eau<\/td>\n<td>%<\/td>\n<td>\u226521.5<\/td>\n<td>\u226521.5<\/td>\n<td>\u226521.5<\/td>\n<td>\u226521.5<\/td>\n<\/tr>\n<tr>\n<td height=\"18\">Teneur en eau, telle qu'exp\u00e9di\u00e9e<\/td>\n<td>%<\/td>\n<td>\u22641.5<\/td>\n<td>\u22641.5<\/td>\n<td>\u22641.5<\/td>\n<td>\u22641.5<\/td>\n<\/tr>\n<\/tbody>\n<\/table>\n<\/div>","protected":false},"excerpt":{"rendered":"<p>Le tamis mol\u00e9culaire 5A est un silicate alcalin alcalin ; le tamis mol\u00e9culaire 5A est la forme calcique de la structure cristalline de type A. Le tamis mol\u00e9culaire 5A a une ouverture de pore effective de 5 angstr\u00f6ms (0,5 nm). Le tamis mol\u00e9culaire 5A adsorbe les mol\u00e9cules dont le diam\u00e8tre cin\u00e9tique est inf\u00e9rieur \u00e0 5 angstr\u00f6ms et exclut celles qui sont plus grandes.<\/p>\n<p>5A\u00a0<a href=\"https:\/\/www.laiko.net\/product-category\/molecular-sieve-zeolite\/\" target=\"_self\" rel=\"noopener\">mat\u00e9riau de tamis mol\u00e9culaire<\/a>\u00a0est particuli\u00e8rement adapt\u00e9 aux applications d'adsorption PSA o\u00f9 il peut \u00eatre utilis\u00e9 pour la s\u00e9paration des paraffines normales et iso-paraffines (esp\u00e8ces C4 \u00e0 C6), dans la purification de l'hydrog\u00e8ne PSA et dans les concentrateurs d'oxyg\u00e8ne.<\/p>","protected":false},"featured_media":992,"template":"","meta":{"_seopress_robots_primary_cat":"none","_monsterinsights_skip_tracking":false,"_monsterinsights_sitenote_active":false,"_monsterinsights_sitenote_note":"","_monsterinsights_sitenote_category":0,"_joinchat":[]},"product_cat":[79],"product_tag":[],"class_list":["post-3456","product","type-product","status-publish","has-post-thumbnail","hentry","product_cat-molecular-sieve-zeolite"],"featured_image_urls":{"full":["https:\/\/www.laiko.net\/wp-content\/uploads\/2023\/10\/frc-792f06997393814e985f62ef23605688.jpg",600,350,false],"thumbnail":["https:\/\/www.laiko.net\/wp-content\/uploads\/2023\/10\/frc-792f06997393814e985f62ef23605688-150x150.jpg",150,150,true],"medium":["https:\/\/www.laiko.net\/wp-content\/uploads\/2023\/10\/frc-792f06997393814e985f62ef23605688-300x175.jpg",300,175,true],"medium_large":["https:\/\/www.laiko.net\/wp-content\/uploads\/2023\/10\/frc-792f06997393814e985f62ef23605688.jpg",600,350,false],"large":["https:\/\/www.laiko.net\/wp-content\/uploads\/2023\/10\/frc-792f06997393814e985f62ef23605688.jpg",600,350,false],"1536x1536":["https:\/\/www.laiko.net\/wp-content\/uploads\/2023\/10\/frc-792f06997393814e985f62ef23605688.jpg",600,350,false],"2048x2048":["https:\/\/www.laiko.net\/wp-content\/uploads\/2023\/10\/frc-792f06997393814e985f62ef23605688.jpg",600,350,false],"trp-custom-language-flag":["https:\/\/www.laiko.net\/wp-content\/uploads\/2023\/10\/frc-792f06997393814e985f62ef23605688.jpg",18,12,false],"woocommerce_thumbnail":["https:\/\/www.laiko.net\/wp-content\/uploads\/2023\/10\/frc-792f06997393814e985f62ef23605688-300x175.jpg",300,175,true],"woocommerce_single":["https:\/\/www.laiko.net\/wp-content\/uploads\/2023\/10\/frc-792f06997393814e985f62ef23605688.jpg",600,350,false],"woocommerce_gallery_thumbnail":["https:\/\/www.laiko.net\/wp-content\/uploads\/2023\/10\/frc-792f06997393814e985f62ef23605688-100x100.jpg",100,100,true]},"post_excerpt_stackable":"<p>5A Molecular Sieve is an alkali alumino silicate; 5A Molecular Sieve is the calcium form of the Type A crystal structure. 5A Molecular Sieve has an effective pore opening of \u00a05 angstroms (0.5 nm). 5A Molecular sieve will adsorb molecules with a kinetic diameter of less than 5 Angstrom and exclude those larger.<\/p>\n<p>5A\u00a0<a href=\"https:\/\/www.laiko.net\/product-category\/molecular-sieve-zeolite\/\" target=\"_self\" rel=\"noopener\">molecular sieve material<\/a>\u00a0is especially suitable for PSA adsorber applications where it may be used for the separation of normal- and iso-paraffins (C4 to C6 species), in PSA hydrogen purification and in oxygen concentrators.<\/p>\n","category_list":"","author_info":{"name":"","url":""},"comments_num":"0 commentaire","_links":{"self":[{"href":"https:\/\/www.laiko.net\/fr\/wp-json\/wp\/v2\/product\/3456","targetHints":{"allow":["GET"]}}],"collection":[{"href":"https:\/\/www.laiko.net\/fr\/wp-json\/wp\/v2\/product"}],"about":[{"href":"https:\/\/www.laiko.net\/fr\/wp-json\/wp\/v2\/types\/product"}],"wp:featuredmedia":[{"embeddable":true,"href":"https:\/\/www.laiko.net\/fr\/wp-json\/wp\/v2\/media\/992"}],"wp:attachment":[{"href":"https:\/\/www.laiko.net\/fr\/wp-json\/wp\/v2\/media?parent=3456"}],"wp:term":[{"taxonomy":"product_cat","embeddable":true,"href":"https:\/\/www.laiko.net\/fr\/wp-json\/wp\/v2\/product_cat?post=3456"},{"taxonomy":"product_tag","embeddable":true,"href":"https:\/\/www.laiko.net\/fr\/wp-json\/wp\/v2\/product_tag?post=3456"}],"curies":[{"name":"wp","href":"https:\/\/api.w.org\/{rel}","templated":true}]}}