{"id":3455,"date":"2023-11-08T11:15:52","date_gmt":"2023-11-08T03:15:52","guid":{"rendered":"http:\/\/www3.laiko.net\/?post_type=product&#038;p=3455"},"modified":"2023-11-22T11:04:48","modified_gmt":"2023-11-22T03:04:48","slug":"5a-molecular-sieve","status":"publish","type":"product","link":"https:\/\/www.laiko.net\/fr\/produit\/tamis-moleculaire-5a\/","title":{"rendered":"5A PSA Tamis mol\u00e9culaire"},"content":{"rendered":"<div class=\"detai smcenter\">\n<div class=\"detai_lef\">\n<div id=\"thumbs\" class=\"swiper-container swiper-container-initialized swiper-container-horizontal swiper-container-thumbs\">\n<div class=\"swiper-wrapper\"><\/div>\n<\/div>\n<\/div>\n<\/div>\n<div class=\"flexbox smcenter\">\n<div class=\"flex-right richtext\">\n<h3>Sp\u00e9cifications techniques du tamis mol\u00e9culaire\/z\u00e9olite 5A PSA<\/h3>\n<div class=\"overflow_x\">\n<table width=\"419\" cellspacing=\"0\" cellpadding=\"0\">\n<colgroup>\n<col width=\"214\" \/>\n<col span=\"3\" width=\"115\" \/><\/colgroup>\n<tbody>\n<tr class=\"firstRow\">\n<td class=\"et3\" width=\"160\" height=\"24\">Les \u00e9l\u00e9ments du test<\/td>\n<td class=\"et4\" width=\"86\">Unit\u00e9<\/td>\n<td class=\"et4\" colspan=\"2\" width=\"172\">Sph\u00e8re<\/td>\n<\/tr>\n<tr>\n<td class=\"et3\" width=\"160\" height=\"24\">Diam\u00e8tre<\/td>\n<td class=\"et4\" width=\"86\">mm<\/td>\n<td class=\"et4\" width=\"86\">1.2-1.6<\/td>\n<td class=\"et4\" width=\"86\">1.6-2.5<\/td>\n<\/tr>\n<tr>\n<td class=\"et3\" width=\"160\" height=\"24\">Taille des particules<\/td>\n<td class=\"et4\" width=\"86\">%<\/td>\n<td class=\"et4\" width=\"86\">95.54<\/td>\n<td class=\"et4\" width=\"86\">95.54<\/td>\n<\/tr>\n<tr>\n<td class=\"et3\" width=\"160\" height=\"24\">Absorption de l'eau statique<\/td>\n<td class=\"et4\" width=\"86\">\u2265%<\/td>\n<td class=\"et4\" width=\"86\">25<\/td>\n<td class=\"et4\" width=\"86\">25<\/td>\n<\/tr>\n<tr>\n<td class=\"et3\" width=\"160\" height=\"24\">Densit\u00e9 en vrac<\/td>\n<td class=\"et4\" width=\"86\">\u2265g\/ml<\/td>\n<td class=\"et4\" width=\"86\">0.74<\/td>\n<td class=\"et4\" width=\"86\">0.7<\/td>\n<\/tr>\n<tr>\n<td class=\"et3\" width=\"160\" height=\"24\">R\u00e9sistance \u00e0 l'\u00e9crasement<\/td>\n<td class=\"et4\" width=\"86\">\u2265N\/Pc<\/td>\n<td class=\"et4\" width=\"86\">16<\/td>\n<td class=\"et4\" width=\"86\">35<\/td>\n<\/tr>\n<tr>\n<td class=\"et3\" width=\"160\" height=\"24\">Taux d'attrition<\/td>\n<td class=\"et4\" width=\"86\">\u2264%<\/td>\n<td class=\"et4\" width=\"86\">0.3<\/td>\n<td class=\"et4\" width=\"86\">0.3<\/td>\n<\/tr>\n<tr>\n<td class=\"et3\" width=\"160\" height=\"24\"><span class=\"font1\">Humidit\u00e9 de l'emballage<\/span><span class=\"font0\">\uff08<\/span><span class=\"font1\">\u00a0575<\/span><span class=\"font0\">\u2103<\/span><span class=\"font1\">, 2h<\/span><span class=\"font0\">\uff09<\/span><\/td>\n<td class=\"et5\" width=\"86\"><span class=\"font0\">\uff1c<\/span><span class=\"font1\">%<\/span><\/td>\n<td class=\"et4\" width=\"86\">1<\/td>\n<td class=\"et4\" width=\"86\">1<\/td>\n<\/tr>\n<tr>\n<td class=\"et3\" width=\"160\" height=\"24\"><span class=\"font1\">\u00a0Absorption de N2 (0,1MPa, 25<\/span><span class=\"font0\">\u2103<\/span><span class=\"font1\">\u00a0)<\/span><\/td>\n<td class=\"et5\" width=\"86\"><span class=\"font0\">\uff1e<\/span><span class=\"font1\">g\/ml<\/span><\/td>\n<td class=\"et4\" width=\"86\">11.3<\/td>\n<td class=\"et4\" width=\"86\">11.3<\/td>\n<\/tr>\n<tr>\n<td class=\"et3\" width=\"160\" height=\"24\">Absorption statique du CO2<\/td>\n<td class=\"et4\" width=\"86\">\u2265%<\/td>\n<td class=\"et4\" width=\"86\">18<\/td>\n<td class=\"et4\" width=\"86\">18<\/td>\n<\/tr>\n<\/tbody>\n<\/table>\n<\/div>\n<h3>R\u00e9g\u00e9n\u00e9ration du tamis mol\u00e9culaire\/z\u00e9olite 5A PSA<\/h3>\n<p>Les tamis mol\u00e9culaires de type 5A PSA peuvent \u00eatre r\u00e9g\u00e9n\u00e9r\u00e9s soit par chauffage dans le cas des proc\u00e9d\u00e9s \u00e0 oscillation thermique, soit par abaissement de la pression dans le cas des proc\u00e9d\u00e9s \u00e0 oscillation de pression.<\/p>\n<p>Pour \u00e9liminer l'humidit\u00e9 d'un tamis mol\u00e9culaire 5A, une temp\u00e9rature de 250-300\u00b0C est n\u00e9cessaire. Un tamis mol\u00e9culaire correctement r\u00e9g\u00e9n\u00e9r\u00e9 peut donner des points de ros\u00e9e inf\u00e9rieurs \u00e0 -100\u00b0C, ou des niveaux de mercaptan ou de CO2 inf\u00e9rieurs \u00e0 2 ppmv.<\/p>\n<p>Les concentrations \u00e0 la sortie d'un proc\u00e9d\u00e9 \u00e0 oscillation de pression d\u00e9pendent du gaz pr\u00e9sent et des conditions du proc\u00e9d\u00e9.<\/p>\n<h3>Application du tamis mol\u00e9culaire\/z\u00e9olite 5A PSA<\/h3>\n<p>Il est utilis\u00e9 pour la purification des hydrocarbures GPL, le d\u00e9paraffinage du p\u00e9trole, la production d'hydrog\u00e8ne PSA, la d\u00e9shydratation et la purification.<\/p>\n<\/div>\n<\/div>","protected":false},"excerpt":{"rendered":"<p>Le tamis mol\u00e9culaire 5A est un silicate alcalin alcalin ; il s'agit de la forme calcique de la structure cristalline de type A. Le type 5A a une ouverture de pore effective de 5 angstr\u00f6ms (0,5 nm). Le type 5A a une ouverture de pore effective de 5 angstr\u00f6ms (0,5 nm). Il adsorbe les mol\u00e9cules dont le diam\u00e8tre cin\u00e9tique est inf\u00e9rieur \u00e0 5 angstr\u00f6ms et exclut celles qui sont plus grandes.<\/p>\n<p>Il est particuli\u00e8rement adapt\u00e9 aux applications des adsorbeurs PSA o\u00f9 il peut \u00eatre utilis\u00e9 pour la s\u00e9paration des paraffines normales et iso-paraffines (esp\u00e8ces C4 \u00e0 C6), dans la purification de l'hydrog\u00e8ne PSA et dans les concentrateurs d'oxyg\u00e8ne.<\/p>","protected":false},"featured_media":1009,"template":"","meta":{"_seopress_robots_primary_cat":"none","_monsterinsights_skip_tracking":false,"_monsterinsights_sitenote_active":false,"_monsterinsights_sitenote_note":"","_monsterinsights_sitenote_category":0,"_joinchat":[]},"product_cat":[99,79],"product_tag":[],"class_list":["post-3455","product","type-product","status-publish","has-post-thumbnail","hentry","product_cat-hot-sale-products","product_cat-molecular-sieve-zeolite"],"featured_image_urls":{"full":["https:\/\/www.laiko.net\/wp-content\/uploads\/2023\/10\/frc-3ce4f2fd5814dfa71d032effa71d0a53.jpg",600,350,false],"thumbnail":["https:\/\/www.laiko.net\/wp-content\/uploads\/2023\/10\/frc-3ce4f2fd5814dfa71d032effa71d0a53-150x150.jpg",150,150,true],"medium":["https:\/\/www.laiko.net\/wp-content\/uploads\/2023\/10\/frc-3ce4f2fd5814dfa71d032effa71d0a53-300x175.jpg",300,175,true],"medium_large":["https:\/\/www.laiko.net\/wp-content\/uploads\/2023\/10\/frc-3ce4f2fd5814dfa71d032effa71d0a53.jpg",600,350,false],"large":["https:\/\/www.laiko.net\/wp-content\/uploads\/2023\/10\/frc-3ce4f2fd5814dfa71d032effa71d0a53.jpg",600,350,false],"1536x1536":["https:\/\/www.laiko.net\/wp-content\/uploads\/2023\/10\/frc-3ce4f2fd5814dfa71d032effa71d0a53.jpg",600,350,false],"2048x2048":["https:\/\/www.laiko.net\/wp-content\/uploads\/2023\/10\/frc-3ce4f2fd5814dfa71d032effa71d0a53.jpg",600,350,false],"trp-custom-language-flag":["https:\/\/www.laiko.net\/wp-content\/uploads\/2023\/10\/frc-3ce4f2fd5814dfa71d032effa71d0a53.jpg",18,12,false],"woocommerce_thumbnail":["https:\/\/www.laiko.net\/wp-content\/uploads\/2023\/10\/frc-3ce4f2fd5814dfa71d032effa71d0a53-300x175.jpg",300,175,true],"woocommerce_single":["https:\/\/www.laiko.net\/wp-content\/uploads\/2023\/10\/frc-3ce4f2fd5814dfa71d032effa71d0a53.jpg",600,350,false],"woocommerce_gallery_thumbnail":["https:\/\/www.laiko.net\/wp-content\/uploads\/2023\/10\/frc-3ce4f2fd5814dfa71d032effa71d0a53-100x100.jpg",100,100,true]},"post_excerpt_stackable":"<p>5A Molecular Sieve is an alkali alumino silicate; it is the calcium form of the Type A crystal structure. Type 5A has an effective pore opening of \u00a05 angstroms (0.5 nm). It will adsorb molecules with a kinetic diameter of less than 5 Angstrom and exclude those larger.<\/p>\n<p>It is especially suitable for PSA adsorber applications where it may be used for the separation of normal- and iso- paraffins (C4 to C6 species), in PSA hydrogen purification and in oxygen concentrators.<\/p>\n","category_list":"","author_info":{"name":"","url":""},"comments_num":"0 commentaire","_links":{"self":[{"href":"https:\/\/www.laiko.net\/fr\/wp-json\/wp\/v2\/product\/3455","targetHints":{"allow":["GET"]}}],"collection":[{"href":"https:\/\/www.laiko.net\/fr\/wp-json\/wp\/v2\/product"}],"about":[{"href":"https:\/\/www.laiko.net\/fr\/wp-json\/wp\/v2\/types\/product"}],"wp:featuredmedia":[{"embeddable":true,"href":"https:\/\/www.laiko.net\/fr\/wp-json\/wp\/v2\/media\/1009"}],"wp:attachment":[{"href":"https:\/\/www.laiko.net\/fr\/wp-json\/wp\/v2\/media?parent=3455"}],"wp:term":[{"taxonomy":"product_cat","embeddable":true,"href":"https:\/\/www.laiko.net\/fr\/wp-json\/wp\/v2\/product_cat?post=3455"},{"taxonomy":"product_tag","embeddable":true,"href":"https:\/\/www.laiko.net\/fr\/wp-json\/wp\/v2\/product_tag?post=3455"}],"curies":[{"name":"wp","href":"https:\/\/api.w.org\/{rel}","templated":true}]}}