{"id":3453,"date":"2023-11-09T11:09:23","date_gmt":"2023-11-09T03:09:23","guid":{"rendered":"http:\/\/www3.laiko.net\/?post_type=product&#038;p=3453"},"modified":"2023-12-26T16:23:23","modified_gmt":"2023-12-26T08:23:23","slug":"13x-molecular-sieve","status":"publish","type":"product","link":"https:\/\/www.laiko.net\/fr\/produit\/13x-tamis-moleculaire\/","title":{"rendered":"13X Tamis mol\u00e9culaire"},"content":{"rendered":"<h2>Sp\u00e9cifications du tamis mol\u00e9culaire 13x<\/h2>\n<div class=\"overflow_x\">\n<table cellspacing=\"0\" cellpadding=\"0\">\n<colgroup>\n<col \/>\n<col \/>\n<col \/>\n<col \/>\n<col \/>\n<col \/><\/colgroup>\n<tbody>\n<tr class=\"firstRow\">\n<td height=\"18\">Forme<\/td>\n<td><\/td>\n<td colspan=\"2\">Pellet<\/td>\n<td colspan=\"2\">Sph\u00e8re<\/td>\n<\/tr>\n<tr>\n<td height=\"18\">Diam\u00e8tre<\/td>\n<td>mm<\/td>\n<td>1.5-1.7<\/td>\n<td>3.0-3.3<\/td>\n<td>1.7-2.5<\/td>\n<td>3.0-5.0<\/td>\n<\/tr>\n<tr>\n<td height=\"18\">Rapport de taille jusqu'\u00e0 la classe<\/td>\n<td>%<\/td>\n<td>\u226598<\/td>\n<td>\u226598<\/td>\n<td>\u226596<\/td>\n<td>\u226596<\/td>\n<\/tr>\n<tr>\n<td height=\"18\">Densit\u00e9 apparente<\/td>\n<td>g\/ml<\/td>\n<td>\u22650.61<\/td>\n<td>\u22650.61<\/td>\n<td>\u22650.64<\/td>\n<td>\u22650.64<\/td>\n<\/tr>\n<tr>\n<td height=\"18\">Taux d'usure<\/td>\n<td>%<\/td>\n<td>\u22640.10<\/td>\n<td>\u22640.20<\/td>\n<td>\u22640.10<\/td>\n<td>\u22640.10<\/td>\n<\/tr>\n<tr>\n<td height=\"54\">R\u00e9sistance \u00e0 l'\u00e9crasement<\/td>\n<td>N<\/td>\n<td>\u226530\/cm<\/td>\n<td>\u226545\/cm<\/td>\n<td>\u226525\/pi\u00e8ce<\/td>\n<td>\u226565\/pi\u00e8ce<\/td>\n<\/tr>\n<tr>\n<td height=\"18\">Adsorption statique de l'eau<\/td>\n<td>%<\/td>\n<td>\u226523.5<\/td>\n<td>\u226523.5<\/td>\n<td>\u226523.5<\/td>\n<td>\u226523.5<\/td>\n<\/tr>\n<tr>\n<td height=\"18\">Adsorption statique du CO2<\/td>\n<td>%<\/td>\n<td>\u226518<\/td>\n<td>\u226518<\/td>\n<td>\u226518<\/td>\n<td>\u226518<\/td>\n<\/tr>\n<tr>\n<td height=\"18\">Teneur en eau, telle qu'exp\u00e9di\u00e9e<\/td>\n<td>%<\/td>\n<td>\u22641.5<\/td>\n<td>\u22641.5<\/td>\n<td>\u22641.5<\/td>\n<td>\u22641.5<\/td>\n<\/tr>\n<\/tbody>\n<\/table>\n<\/div>\n<h2>Tamis mol\u00e9culaire 13x Types<\/h2>\n<p>Cat\u00e9gorie de d\u00e9shydratant industriel : Principalement utilis\u00e9 pour l'utilisation de l'\u00e9quipement de dessiccation, le s\u00e9chage en profondeur du s\u00e9cheur de compresseur d'air, le type de tamis mol\u00e9culaire 3A couramment utilis\u00e9, la sp\u00e9cification couramment utilis\u00e9e est de 3-5mm, le type principal de processus de verre isolant est le tamis mol\u00e9culaire 3A, la sp\u00e9cification principale est de taille 1,5-2,5mm.<\/p>\n<p>Tamis mol\u00e9culaire pour la production d'oxyg\u00e8ne : Le tamis mol\u00e9culaire est un bon choix pour la production d'oxyg\u00e8ne. La concentration de la production d'oxyg\u00e8ne est de 93-96%. Selon les diff\u00e9rents indicateurs de l'\u00e9quipement, le tamis mol\u00e9culaire pour la production d'oxyg\u00e8ne est g\u00e9n\u00e9ralement un tamis mol\u00e9culaire de type 13X avec une taille conventionnelle de 1,6-2,5 mm.<\/p>\n<p>Type d'\u00e9quipement de s\u00e9paration de l'air : \u00c9quipement de s\u00e9paration de l'air, qui s\u00e9pare principalement les gaz rares dans l'air, tels que l'h\u00e9lium, l'azote, l'argon, etc. Le type le plus couramment utilis\u00e9 est le tamis mol\u00e9culaire 13x avec une sp\u00e9cification de 1,6x-2,5mm.<\/p>\n<p><a href=\"https:\/\/www.laiko.net\/product\/molecular-sieves-13x-hp\/\" target=\"_self\" rel=\"noopener\">Tamis mol\u00e9culaire 13X-HP<\/a>: Un nouveau type de tamis mol\u00e9culaire en z\u00e9olithe X, un tamis mol\u00e9culaire sp\u00e9cial pour la production d'oxyg\u00e8ne. Le principe de la production d'oxyg\u00e8ne : l'air est absorb\u00e9 par le compresseur pour absorber l'air, et l'air est extrait dans le tamis mol\u00e9culaire 13X-HP. Le tamis mol\u00e9culaire en z\u00e9olithe 13x absorbe l'azote, le dioxyde de carbone et les autres gaz r\u00e9siduels pr\u00e9sents dans l'air, et seul l'oxyg\u00e8ne reste dans la bouteille de collecte des gaz. L'oxyg\u00e8ne de z\u00e9olithe 13x est purifi\u00e9 par la soupape \u00e0 haute pression et l'oxyg\u00e8ne est produit apr\u00e8s avoir augment\u00e9 la concentration de la machine de fabrication d'oxyg\u00e8ne jusqu'\u00e0 la norme.<\/p>\n<h2>Comment les tamis mol\u00e9culaires 13x \u00e9liminent-ils l'eau ?<\/h2>\n<p>Le tamis mol\u00e9culaire 13x adsorbe l'eau, ce qui permet de s\u00e9cher le gaz tr\u00e8s rapidement. Selon la recherche, dans la d\u00e9sulfuration par tamis mol\u00e9culaire, parce que le tamis mol\u00e9culaire a une tr\u00e8s forte capacit\u00e9 d'adsorption de l'eau et d'autres petites mol\u00e9cules polaires, le processus d'\u00e9limination du mercaptan du GPL doit donc contr\u00f4ler strictement la teneur en eau. En raison des limites de l'\u00e9limination du mercaptan du GPL, ce proc\u00e9d\u00e9 est largement utilis\u00e9 en Europe et aux \u00c9tats-Unis, et il existe \u00e9galement une application pr\u00e9liminaire en Chine.<\/p>\n<p>Le tamis mol\u00e9culaire 13x est utilis\u00e9 comme adsorbant solide dans l'industrie chimique. La substance adsorb\u00e9e par le tamis mol\u00e9culaire 13x peut \u00eatre d\u00e9sorb\u00e9e et l'adsorbant du tamis mol\u00e9culaire au carbone peut \u00eatre r\u00e9g\u00e9n\u00e9r\u00e9. Parall\u00e8lement, les tamis mol\u00e9culaires sont \u00e9galement utilis\u00e9s pour le s\u00e9chage, la s\u00e9paration, la purification et la r\u00e9cup\u00e9ration des gaz et des liquides. Dans l'industrie p\u00e9troli\u00e8re, un tamis mol\u00e9culaire modifi\u00e9 de type X ou Y \u00e9chang\u00e9 par des cations m\u00e9talliques de haute valence, tels que le lanthane, les \u00e9l\u00e9ments de terres rares l\u00e9g\u00e8res mixtes et le c\u00e9rium, est adsorb\u00e9 physiquement pour \u00e9liminer les sulfures organiques du gaz de p\u00e9trole liqu\u00e9fi\u00e9. de cette mani\u00e8re, le gaz peut \u00eatre s\u00e9ch\u00e9 tr\u00e8s rapidement pour r\u00e9pondre aux besoins de l'entreprise.<\/p>\n<h2>Tamis mol\u00e9culaire 13x\/z\u00e9olite 13x Utilisations<\/h2>\n<p>En tant que mat\u00e9riau adsorbant polaire, le tamis mol\u00e9culaire poss\u00e8de de tr\u00e8s fortes propri\u00e9t\u00e9s hydrophiles et constitue un excellent mat\u00e9riau pour la d\u00e9shydratation et le s\u00e9chage. La taille des pores des tamis mol\u00e9culaires 13X est sup\u00e9rieure \u00e0 celle des tamis mol\u00e9culaires de type A, ce qui leur conf\u00e8re des propri\u00e9t\u00e9s d'absorption de l'eau plus fortes et plus nombreuses.<\/p>\n<p>Les tamis mol\u00e9culaires produits par Naike Chemical sont fabriqu\u00e9s \u00e0 l'aide d'un \u00e9quipement automatis\u00e9 en circuit ferm\u00e9, ce qui permet d'obtenir une teneur en eau inf\u00e9rieure \u00e0 celle de l'industrie, une capacit\u00e9 d'adsorption de l'eau sup\u00e9rieure \u00e0 la norme nationale et une tr\u00e8s forte capacit\u00e9 d'absorption de l'eau \u00e0 la temp\u00e9rature et \u00e0 la pression ambiantes.<\/p>\n<p>Le s\u00e9chage et la d\u00e9shydratation par tamis mol\u00e9culaire 13x sont principalement utilis\u00e9s dans divers types de s\u00e9cheurs d'air, pour r\u00e9pondre \u00e0 diverses exigences de l'industrie en mati\u00e8re de teneur en eau \u00e9lev\u00e9e. Dans l'industrie p\u00e9troli\u00e8re, l'industrie du gaz naturel et le traitement de s\u00e9chage des hydrocarbures liquides peuvent \u00eatre utilis\u00e9s comme traitement de d\u00e9shydratation par adsorption sur tamis mol\u00e9culaire.<\/p>\n<p>Le tamis mol\u00e9culaire 13x peut s\u00e9cher le gaz tr\u00e8s rapidement car il poss\u00e8de une forte capacit\u00e9 d'adsorption de l'eau et du dioxyde de carbone, ce qui r\u00e9pond parfaitement aux besoins sp\u00e9cifiques de l'industrie de la s\u00e9paration de l'air de refroidissement. Le tamis mol\u00e9culaire 13x absorbe l'eau pour s\u00e9cher le gaz tr\u00e8s rapidement car il s'agit d'une sorte de z\u00e9olithe synth\u00e9tique. La s\u00e9lectivit\u00e9 de l'adsorption se caract\u00e9rise par le fait que le H2S et le soufre organique peuvent \u00eatre \u00e9limin\u00e9s \u00e0 un niveau inf\u00e9rieur en m\u00eame temps. Elle se caract\u00e9rise par une adsorption physique et aucune r\u00e9action chimique.<\/p>\n<p>Le tamis mol\u00e9culaire 13x, \u00e9galement connu sous le nom de z\u00e9olite et de z\u00e9olite \u00e0 tamis mol\u00e9culaire 13x, est une sorte d'aluminosilicate cristallin dont la structure cristalline pr\u00e9sente des pores r\u00e9guliers et uniformes. C'est le meilleur adsorbant pour l'\u00e9dulcoration. La m\u00e9thode du tamis mol\u00e9culaire pr\u00e9sente l'avantage de ne pas n\u00e9cessiter de lavage caustique, de ne pas \u00eatre polluante et de pouvoir \u00eatre adsorb\u00e9e \u00e0 temp\u00e9rature ambiante. En m\u00eame temps, comme il ne peut \u00eatre r\u00e9g\u00e9n\u00e9r\u00e9 qu'\u00e0 environ 300\u00b0C, il faudra augmenter le co\u00fbt des intrants de l'entreprise. La taille des pores du tamis mol\u00e9culaire \u00e9tant de l'ordre de grandeur de la taille des mol\u00e9cules, seules les mol\u00e9cules dont le diam\u00e8tre est inf\u00e9rieur \u00e0 la taille des pores peuvent y p\u00e9n\u00e9trer, de sorte que les mol\u00e9cules du m\u00e9lange peuvent \u00eatre tri\u00e9es en fonction de leur taille, ce qui permet d'obtenir des produits de la meilleure qualit\u00e9 possible.<\/p>\n<p>Note : La poudre de z\u00e9olithe 13x ne doit pas adsorber de gaz ou de liquides organiques avant utilisation, sinon le tamis mol\u00e9culaire 13x doit \u00eatre r\u00e9g\u00e9n\u00e9r\u00e9.<\/p>\n<h2>13X Paquet de tamis mol\u00e9culaires<\/h2>\n<p><img loading=\"lazy\" decoding=\"async\" class=\"alignnone size-medium wp-image-4389\" src=\"https:\/\/www.laiko.net\/wp-content\/uploads\/2023\/11\/13x-zeolite-molecular-sieve-package-230x300.png\" alt=\"\" width=\"230\" height=\"300\" srcset=\"https:\/\/www.laiko.net\/wp-content\/uploads\/2023\/11\/13x-zeolite-molecular-sieve-package-230x300.png 230w, https:\/\/www.laiko.net\/wp-content\/uploads\/2023\/11\/13x-zeolite-molecular-sieve-package-9x12.png 9w, https:\/\/www.laiko.net\/wp-content\/uploads\/2023\/11\/13x-zeolite-molecular-sieve-package-300x391.png 300w, https:\/\/www.laiko.net\/wp-content\/uploads\/2023\/11\/13x-zeolite-molecular-sieve-package.png 330w\" sizes=\"auto, (max-width: 230px) 100vw, 230px\" \/> <img loading=\"lazy\" decoding=\"async\" class=\"alignnone size-medium wp-image-4390\" src=\"https:\/\/www.laiko.net\/wp-content\/uploads\/2023\/11\/package-in-molecular-sieve-factory-230x300.jpg\" alt=\"\" width=\"230\" height=\"300\" srcset=\"https:\/\/www.laiko.net\/wp-content\/uploads\/2023\/11\/package-in-molecular-sieve-factory-230x300.jpg 230w, https:\/\/www.laiko.net\/wp-content\/uploads\/2023\/11\/package-in-molecular-sieve-factory-9x12.jpg 9w, https:\/\/www.laiko.net\/wp-content\/uploads\/2023\/11\/package-in-molecular-sieve-factory-300x391.jpg 300w, https:\/\/www.laiko.net\/wp-content\/uploads\/2023\/11\/package-in-molecular-sieve-factory.jpg 330w\" sizes=\"auto, (max-width: 230px) 100vw, 230px\" \/><img loading=\"lazy\" decoding=\"async\" class=\"alignnone size-medium wp-image-4401\" src=\"https:\/\/www.laiko.net\/wp-content\/uploads\/2023\/11\/13x-molecular-sieve-package-225x300.jpg\" alt=\"\" width=\"225\" height=\"300\" srcset=\"https:\/\/www.laiko.net\/wp-content\/uploads\/2023\/11\/13x-molecular-sieve-package-225x300.jpg 225w, https:\/\/www.laiko.net\/wp-content\/uploads\/2023\/11\/13x-molecular-sieve-package-9x12.jpg 9w, https:\/\/www.laiko.net\/wp-content\/uploads\/2023\/11\/13x-molecular-sieve-package-300x400.jpg 300w, https:\/\/www.laiko.net\/wp-content\/uploads\/2023\/11\/13x-molecular-sieve-package.jpg 448w\" sizes=\"auto, (max-width: 225px) 100vw, 225px\" \/><\/p>\n<p>&nbsp;<\/p>\n<p>&nbsp;<\/p>","protected":false},"excerpt":{"rendered":"<p>Le tamis mol\u00e9culaire 13X est la forme sodique du cristal de type X et poss\u00e8de une ouverture de pore beaucoup plus grande que celle des cristaux de type A. Il absorbe les mol\u00e9cules dont le diam\u00e8tre cin\u00e9tique est inf\u00e9rieur \u00e0 9 angstr\u00f6ms (0,9 nm). Le tamis mol\u00e9culaire 13X adsorbe les mol\u00e9cules dont le diam\u00e8tre cin\u00e9tique est inf\u00e9rieur \u00e0 9 angstr\u00f6ms (0,9 nm) et exclut celles qui sont plus grandes.<\/p>\n<p>13X\u00a0<a href=\"https:\/\/www.laiko.net\/product-category\/molecular-sieve-zeolite\/\" target=\"_self\" rel=\"noopener\">mat\u00e9riau de tamis mol\u00e9culaire<\/a>\u00a0poss\u00e8de \u00e9galement la capacit\u00e9 th\u00e9orique la plus \u00e9lev\u00e9e des adsorbants courants et de tr\u00e8s bons taux de transfert de masse. Le tamis mol\u00e9culaire 13x fourni par NAIKE CHEMICAL, l'un des fournisseurs professionnels de z\u00e9olithe 13x en Chine, peut \u00e9liminer les impuret\u00e9s trop grosses pour entrer dans un cristal de type A et est couramment utilis\u00e9 pour s\u00e9parer l'azote de l'oxyg\u00e8ne.<\/p>","protected":false},"featured_media":1013,"template":"","meta":{"_seopress_robots_primary_cat":"none","_monsterinsights_skip_tracking":false,"_monsterinsights_sitenote_active":false,"_monsterinsights_sitenote_note":"","_monsterinsights_sitenote_category":0,"_joinchat":[]},"product_cat":[79],"product_tag":[],"class_list":["post-3453","product","type-product","status-publish","has-post-thumbnail","hentry","product_cat-molecular-sieve-zeolite"],"featured_image_urls":{"full":["https:\/\/www.laiko.net\/wp-content\/uploads\/2023\/10\/frc-7ac5c842cb81699b0a6a746c94b74559.jpg",600,350,false],"thumbnail":["https:\/\/www.laiko.net\/wp-content\/uploads\/2023\/10\/frc-7ac5c842cb81699b0a6a746c94b74559-150x150.jpg",150,150,true],"medium":["https:\/\/www.laiko.net\/wp-content\/uploads\/2023\/10\/frc-7ac5c842cb81699b0a6a746c94b74559-300x175.jpg",300,175,true],"medium_large":["https:\/\/www.laiko.net\/wp-content\/uploads\/2023\/10\/frc-7ac5c842cb81699b0a6a746c94b74559.jpg",600,350,false],"large":["https:\/\/www.laiko.net\/wp-content\/uploads\/2023\/10\/frc-7ac5c842cb81699b0a6a746c94b74559.jpg",600,350,false],"1536x1536":["https:\/\/www.laiko.net\/wp-content\/uploads\/2023\/10\/frc-7ac5c842cb81699b0a6a746c94b74559.jpg",600,350,false],"2048x2048":["https:\/\/www.laiko.net\/wp-content\/uploads\/2023\/10\/frc-7ac5c842cb81699b0a6a746c94b74559.jpg",600,350,false],"trp-custom-language-flag":["https:\/\/www.laiko.net\/wp-content\/uploads\/2023\/10\/frc-7ac5c842cb81699b0a6a746c94b74559.jpg",18,12,false],"woocommerce_thumbnail":["https:\/\/www.laiko.net\/wp-content\/uploads\/2023\/10\/frc-7ac5c842cb81699b0a6a746c94b74559-300x175.jpg",300,175,true],"woocommerce_single":["https:\/\/www.laiko.net\/wp-content\/uploads\/2023\/10\/frc-7ac5c842cb81699b0a6a746c94b74559.jpg",600,350,false],"woocommerce_gallery_thumbnail":["https:\/\/www.laiko.net\/wp-content\/uploads\/2023\/10\/frc-7ac5c842cb81699b0a6a746c94b74559-100x100.jpg",100,100,true]},"post_excerpt_stackable":"<p>13X Molecular Sieve is the sodium form of the type X crystal and has a much larger pore opening than the type A crystals. 13X Molecular Sieve will adsorb molecules with a kinetic diameter of less than 9 Angstrom (0.9 nm) and exclude those larger.<\/p>\n<p>13X\u00a0<a href=\"https:\/\/www.laiko.net\/product-category\/molecular-sieve-zeolite\/\" target=\"_self\" rel=\"noopener\">molecular sieve material<\/a>\u00a0also has the highest theoretical capacity of the common adsorbents and very good mass transfer rates. Molecular sieve 13x provided by NAIKE CHEMICAL, one of the professional zeolite 13x suppliers in China, can remove impurities too large to fit into a type A crystal and is commonly used to separate nitrogen from oxygen.<\/p>\n","category_list":"","author_info":{"name":"","url":""},"comments_num":"0 commentaire","_links":{"self":[{"href":"https:\/\/www.laiko.net\/fr\/wp-json\/wp\/v2\/product\/3453","targetHints":{"allow":["GET"]}}],"collection":[{"href":"https:\/\/www.laiko.net\/fr\/wp-json\/wp\/v2\/product"}],"about":[{"href":"https:\/\/www.laiko.net\/fr\/wp-json\/wp\/v2\/types\/product"}],"wp:featuredmedia":[{"embeddable":true,"href":"https:\/\/www.laiko.net\/fr\/wp-json\/wp\/v2\/media\/1013"}],"wp:attachment":[{"href":"https:\/\/www.laiko.net\/fr\/wp-json\/wp\/v2\/media?parent=3453"}],"wp:term":[{"taxonomy":"product_cat","embeddable":true,"href":"https:\/\/www.laiko.net\/fr\/wp-json\/wp\/v2\/product_cat?post=3453"},{"taxonomy":"product_tag","embeddable":true,"href":"https:\/\/www.laiko.net\/fr\/wp-json\/wp\/v2\/product_tag?post=3453"}],"curies":[{"name":"wp","href":"https:\/\/api.w.org\/{rel}","templated":true}]}}