{"id":3450,"date":"2023-11-12T10:13:04","date_gmt":"2023-11-12T02:13:04","guid":{"rendered":"http:\/\/www3.laiko.net\/?post_type=product&#038;p=3450"},"modified":"2023-11-14T16:07:06","modified_gmt":"2023-11-14T08:07:06","slug":"cax-molecular-sieve","status":"publish","type":"product","link":"https:\/\/www.laiko.net\/fr\/produit\/tamis-moleculaire-cax\/","title":{"rendered":"Tamis mol\u00e9culaire CaX"},"content":{"rendered":"<h2>Sp\u00e9cification du tamis mol\u00e9culaire CaX<\/h2>\n<div class=\"overflow_x\">\n<table>\n<tbody>\n<tr>\n<td width=\"283\">Objet<\/td>\n<td width=\"164\">Unit\u00e9<\/td>\n<td colspan=\"2\" width=\"178\">Cax<\/td>\n<\/tr>\n<tr>\n<td width=\"283\">Forme<\/td>\n<td width=\"164\"><\/td>\n<td colspan=\"2\" width=\"178\">Sph\u00e8re\uff08granulaire\uff09<\/td>\n<\/tr>\n<tr>\n<td width=\"283\">Diam\u00e8tre<\/td>\n<td width=\"164\">mm<\/td>\n<td width=\"112\">\u03b81.2~1.8<\/td>\n<td width=\"66\">\u03b81.6~2.5<\/td>\n<\/tr>\n<tr>\n<td width=\"283\">Densit\u00e9 en vrac<\/td>\n<td width=\"164\">kg\/L<\/td>\n<td width=\"112\">0.62~0.68<\/td>\n<td width=\"66\">0.62~0.68<\/td>\n<\/tr>\n<tr>\n<td width=\"283\">R\u00e9sistance \u00e0 l'\u00e9crasement<\/td>\n<td width=\"164\">N\/Pellet<\/td>\n<td width=\"112\">\u226512<\/td>\n<td width=\"66\">\u226518<\/td>\n<\/tr>\n<tr>\n<td width=\"283\">Taux d'abrasion<\/td>\n<td width=\"164\">%wt<\/td>\n<td colspan=\"2\" width=\"178\">\u22640.3<\/td>\n<\/tr>\n<tr>\n<td width=\"283\">Absorption statique de N2<\/td>\n<td width=\"164\">ml\/g<\/td>\n<td colspan=\"2\" width=\"178\">\u226522.0<\/td>\n<\/tr>\n<tr>\n<td width=\"283\">Coefficient de s\u00e9paration N2 \/O2<\/td>\n<td width=\"164\"><\/td>\n<td colspan=\"2\" width=\"178\">\u22654.1<\/td>\n<\/tr>\n<tr>\n<td width=\"283\">Absorption statique de l'eau<\/td>\n<td width=\"164\">%wt<\/td>\n<td colspan=\"2\" width=\"178\">\u226528.0<\/td>\n<\/tr>\n<tr>\n<td width=\"283\">Teneur en eau<\/td>\n<td width=\"164\">%wt<\/td>\n<td colspan=\"2\" width=\"178\">\u22641.0<\/td>\n<\/tr>\n<tr>\n<td width=\"283\">Pression d'absorption pour la production d'oxyg\u00e8ne<\/td>\n<td width=\"164\">KP<\/td>\n<td colspan=\"2\" width=\"178\">50<\/td>\n<\/tr>\n<tr>\n<td width=\"283\">Pression de d\u00e9sorption<\/td>\n<td width=\"164\">KP<\/td>\n<td colspan=\"2\" width=\"178\">-50<\/td>\n<\/tr>\n<tr>\n<td width=\"283\">Concentration d'oxyg\u00e8ne \u00e0 la sortie<\/td>\n<td width=\"164\">%<\/td>\n<td colspan=\"2\" width=\"178\">93<\/td>\n<\/tr>\n<tr>\n<td width=\"283\">Capacit\u00e9 de production d'oxyg\u00e8ne<\/td>\n<td width=\"164\">\/tonne Tamis mol\u00e9culaire<\/td>\n<td colspan=\"2\" width=\"178\">45m3<\/td>\n<\/tr>\n<\/tbody>\n<\/table>\n<\/div>\n<p>Attention : Le CaX ne peut pas \u00eatre expos\u00e9 \u00e0 l'air libre et doit \u00eatre stock\u00e9 au sec dans un emballage \u00e9tanche \u00e0 l'air. Il peut \u00eatre r\u00e9g\u00e9n\u00e9r\u00e9 apr\u00e8s une certaine p\u00e9riode d'adsorption. La temp\u00e9rature de r\u00e9g\u00e9n\u00e9ration appropri\u00e9e est de pr\u00e9f\u00e9rence inf\u00e9rieure \u00e0 350\u00b0C.<\/p>\n<h2>Principales applications du tamis mol\u00e9culaire CaX<\/h2>\n<p>Il est principalement utilis\u00e9 pour la production d'oxyg\u00e8ne dans la s\u00e9paration de l'air par adsorption modul\u00e9e en pression.<\/p>","protected":false},"excerpt":{"rendered":"<p>Le CaX est un aluminosilicate de m\u00e9tal alcalin dont le cristal pr\u00e9sente une structure de type X de calcium. Le tamis mol\u00e9culaire peut adsorber des mol\u00e9cules d'un diam\u00e8tre critique de 9A. Il s'agit d'un tamis mol\u00e9culaire sp\u00e9cial pour l'adsorption par variation de pression et la production d'oxyg\u00e8ne.<\/p>","protected":false},"featured_media":1037,"template":"","meta":{"_seopress_robots_primary_cat":"none","_monsterinsights_skip_tracking":false,"_monsterinsights_sitenote_active":false,"_monsterinsights_sitenote_note":"","_monsterinsights_sitenote_category":0,"_joinchat":[]},"product_cat":[79],"product_tag":[],"class_list":["post-3450","product","type-product","status-publish","has-post-thumbnail","hentry","product_cat-molecular-sieve-zeolite"],"featured_image_urls":{"full":["https:\/\/www.laiko.net\/wp-content\/uploads\/2023\/10\/frc-e042769be74bf156b3c25e54849f8551.jpg",600,350,false],"thumbnail":["https:\/\/www.laiko.net\/wp-content\/uploads\/2023\/10\/frc-e042769be74bf156b3c25e54849f8551-150x150.jpg",150,150,true],"medium":["https:\/\/www.laiko.net\/wp-content\/uploads\/2023\/10\/frc-e042769be74bf156b3c25e54849f8551-300x175.jpg",300,175,true],"medium_large":["https:\/\/www.laiko.net\/wp-content\/uploads\/2023\/10\/frc-e042769be74bf156b3c25e54849f8551.jpg",600,350,false],"large":["https:\/\/www.laiko.net\/wp-content\/uploads\/2023\/10\/frc-e042769be74bf156b3c25e54849f8551.jpg",600,350,false],"1536x1536":["https:\/\/www.laiko.net\/wp-content\/uploads\/2023\/10\/frc-e042769be74bf156b3c25e54849f8551.jpg",600,350,false],"2048x2048":["https:\/\/www.laiko.net\/wp-content\/uploads\/2023\/10\/frc-e042769be74bf156b3c25e54849f8551.jpg",600,350,false],"trp-custom-language-flag":["https:\/\/www.laiko.net\/wp-content\/uploads\/2023\/10\/frc-e042769be74bf156b3c25e54849f8551.jpg",18,12,false],"woocommerce_thumbnail":["https:\/\/www.laiko.net\/wp-content\/uploads\/2023\/10\/frc-e042769be74bf156b3c25e54849f8551-300x175.jpg",300,175,true],"woocommerce_single":["https:\/\/www.laiko.net\/wp-content\/uploads\/2023\/10\/frc-e042769be74bf156b3c25e54849f8551.jpg",600,350,false],"woocommerce_gallery_thumbnail":["https:\/\/www.laiko.net\/wp-content\/uploads\/2023\/10\/frc-e042769be74bf156b3c25e54849f8551-100x100.jpg",100,100,true]},"post_excerpt_stackable":"<p>CaX is an alkali metal aluminosilicate whose crystal is a calcium X-type structure. The molecular sieve can adsorb molecules with a critical diameter of 9A. It is a special molecular sieve for pressure swing adsorption and oxygen production.<\/p>\n","category_list":"","author_info":{"name":"","url":""},"comments_num":"0 commentaire","_links":{"self":[{"href":"https:\/\/www.laiko.net\/fr\/wp-json\/wp\/v2\/product\/3450","targetHints":{"allow":["GET"]}}],"collection":[{"href":"https:\/\/www.laiko.net\/fr\/wp-json\/wp\/v2\/product"}],"about":[{"href":"https:\/\/www.laiko.net\/fr\/wp-json\/wp\/v2\/types\/product"}],"wp:featuredmedia":[{"embeddable":true,"href":"https:\/\/www.laiko.net\/fr\/wp-json\/wp\/v2\/media\/1037"}],"wp:attachment":[{"href":"https:\/\/www.laiko.net\/fr\/wp-json\/wp\/v2\/media?parent=3450"}],"wp:term":[{"taxonomy":"product_cat","embeddable":true,"href":"https:\/\/www.laiko.net\/fr\/wp-json\/wp\/v2\/product_cat?post=3450"},{"taxonomy":"product_tag","embeddable":true,"href":"https:\/\/www.laiko.net\/fr\/wp-json\/wp\/v2\/product_tag?post=3450"}],"curies":[{"name":"wp","href":"https:\/\/api.w.org\/{rel}","templated":true}]}}