{"id":3449,"date":"2023-11-13T18:04:12","date_gmt":"2023-11-13T10:04:12","guid":{"rendered":"http:\/\/www3.laiko.net\/?post_type=product&#038;p=3449"},"modified":"2023-12-26T16:27:37","modified_gmt":"2023-12-26T08:27:37","slug":"lithium-molecular-sieve","status":"publish","type":"product","link":"https:\/\/www.laiko.net\/fr\/produit\/tamis-moleculaire-au-lithium\/","title":{"rendered":"Tamis mol\u00e9culaire de lithium"},"content":{"rendered":"<h2>Param\u00e8tres de la z\u00e9olithe de lithium\/du tamis mol\u00e9culaire<\/h2>\n<p>Naike Chemical est un fabricant professionnel de tamis mol\u00e9culaire en z\u00e9olite pour g\u00e9n\u00e9rateur d'oxyg\u00e8ne, fournissant divers tamis mol\u00e9culaires pour la vente. Il existe principalement quatre types de tamis mol\u00e9culaire \u00e0 base de lithium pour le concentrateur d'oxyg\u00e8ne : NKOX-100, NKOX-101, NKOX-102 et NKOX-103. Les param\u00e8tres du tamis mol\u00e9culaire au lithium sont les suivants :<\/p>\n<div class=\"overflow_x\">\n<table cellspacing=\"0\" cellpadding=\"0\">\n<colgroup>\n<col \/>\n<col \/>\n<col \/>\n<col span=\"3\" \/><\/colgroup>\n<tbody>\n<tr class=\"firstRow\">\n<td rowspan=\"2\" height=\"44\">Les \u00e9l\u00e9ments du test<\/td>\n<td rowspan=\"2\">unit\u00e9<\/td>\n<td colspan=\"4\">LiX<\/td>\n<td rowspan=\"2\">Note<\/td>\n<\/tr>\n<tr>\n<td>NKOX-100<\/td>\n<td>NKOX-101<\/td>\n<td colspan=\"1\" rowspan=\"1\" valign=\"null\">NKOX-102<\/td>\n<td>NKOX-103<\/td>\n<\/tr>\n<tr>\n<td height=\"22\">Diamant<\/td>\n<td>mm<\/td>\n<td>1.6-2.5<\/td>\n<td>0.4-0.8<\/td>\n<td colspan=\"1\" rowspan=\"1\" valign=\"null\">0.8-1.2<\/td>\n<td>1.3-1.7<\/td>\n<td>~<\/td>\n<\/tr>\n<tr>\n<td height=\"22\">Statique Adsorption d'azote<\/td>\n<td>ml\/g<\/td>\n<td>\u226525<\/td>\n<td>\u226528<\/td>\n<td colspan=\"1\" rowspan=\"1\" valign=\"null\">\u226528<\/td>\n<td>\u226526<\/td>\n<td>1bar, 25\u00b0C<\/td>\n<\/tr>\n<tr>\n<td height=\"22\">Coefficient de s\u00e9paration azote\/oxyg\u00e8ne<\/td>\n<td>~<\/td>\n<td>\u22656.2<\/td>\n<td>\u22656.2<\/td>\n<td colspan=\"1\" rowspan=\"1\" valign=\"null\">\u22656.2<\/td>\n<td>\u22656.3<\/td>\n<td>1bar, 25\u00b0C<\/td>\n<\/tr>\n<tr>\n<td height=\"32\">R\u00e9sistance \u00e0 l'\u00e9crasement<\/td>\n<td>N<\/td>\n<td>\u226517<\/td>\n<td>~<\/td>\n<td colspan=\"1\" rowspan=\"1\" valign=\"null\">\u22658<\/td>\n<td>\u226516<\/td>\n<td>La moyenne<\/td>\n<\/tr>\n<tr>\n<td height=\"18\">Densit\u00e9 apparente<\/td>\n<td>kg\/m3<\/td>\n<td>610-640<\/td>\n<td>610-640<\/td>\n<td colspan=\"1\" rowspan=\"1\" valign=\"null\">610-640<\/td>\n<td>610-640<\/td>\n<td><\/td>\n<\/tr>\n<tr>\n<td colspan=\"1\" rowspan=\"1\">Taille des particules<\/td>\n<td colspan=\"1\" rowspan=\"1\">%wt<\/td>\n<td colspan=\"1\" rowspan=\"1\">\u226598<\/td>\n<td colspan=\"1\" rowspan=\"1\">\u226595<\/td>\n<td colspan=\"1\" rowspan=\"1\">\u226598<\/td>\n<td colspan=\"1\" rowspan=\"1\">\u226598<\/td>\n<td colspan=\"1\" rowspan=\"1\">550\u00b0C, 1 heure<\/td>\n<\/tr>\n<tr>\n<td height=\"32\">Coefficient de variation<\/td>\n<td><\/td>\n<td>\u22640.4<\/td>\n<td>\u22640.4<\/td>\n<td colspan=\"1\" rowspan=\"1\" valign=\"null\">\u22640.4<\/td>\n<td>\u22640.4<\/td>\n<td><\/td>\n<\/tr>\n<tr>\n<td height=\"18\">Eau r\u00e9siduelle<\/td>\n<td>%wt<\/td>\n<td>\u22640.2<\/td>\n<td>\u22640.15<\/td>\n<td colspan=\"1\" rowspan=\"1\" valign=\"null\">\u22640.15<\/td>\n<td>\u22640.13<\/td>\n<td>575\u00b0C, 1 heure<\/td>\n<\/tr>\n<\/tbody>\n<\/table>\n<\/div>\n<h2>Poudre de z\u00e9olithe \u00e0 tamis mol\u00e9culaire de lithium<\/h2>\n<h2>pour concentrateur d'oxyg\u00e8ne<\/h2>\n<p>Les tamis mol\u00e9culaires au lithium peuvent \u00eatre utilis\u00e9s dans l'industrie chimique et dans le secteur des soins de sant\u00e9. Afin de r\u00e9pondre aux exigences \u00e9lev\u00e9es actuelles de l'oxyg\u00e9noth\u00e9rapie et de r\u00e9duire les inconv\u00e9nients, un tamis mol\u00e9culaire en z\u00e9olithe est utilis\u00e9 dans les cliniques comme un nouveau type de puce \u00e0 oxyg\u00e8ne m\u00e9dical. D'une mani\u00e8re g\u00e9n\u00e9rale, l'\u00e9quipement de production d'oxyg\u00e8ne par tamis mol\u00e9culaire m\u00e9dical utilise l'air comme mati\u00e8re premi\u00e8re, tandis que le tamis mol\u00e9culaire en z\u00e9olithe (ZMS) est utilis\u00e9 comme adsorbant pour produire de l'oxyg\u00e8ne par adsorption modul\u00e9e en pression (AMP). La concentration d'oxyg\u00e8ne est g\u00e9n\u00e9ralement de 93 \u00b13%.<\/p>\n<p>\u00c0 l'heure actuelle, il existe principalement deux types de tamis mol\u00e9culaires z\u00e9olithiques utilis\u00e9s dans les concentrateurs d'oxyg\u00e8ne sur le march\u00e9 : le type sodium et le type lithium. Naike molecular sieve company peut fournir de la z\u00e9olite PSA professionnelle pour les concentrateurs d'oxyg\u00e8ne. Le tamis mol\u00e9culaire en z\u00e9olithe de lithium est plus efficace que le tamis mol\u00e9culaire en z\u00e9olithe de sodium, ce qui permet de r\u00e9duire consid\u00e9rablement le volume du g\u00e9n\u00e9rateur d'oxyg\u00e8ne et de rendre le concentrateur d'oxyg\u00e8ne plus petit et plus facile \u00e0 transporter.<\/p>\n<h2>Tamis mol\u00e9culaire au lithium pour concentrateur d'oxyg\u00e8ne<\/h2>\n<h2>Utilisations<\/h2>\n<p>3A : S\u00e9chage du gaz de craquage du p\u00e9trole et des ol\u00e9fines.<\/p>\n<p>4A : S\u00e9chage du gaz naturel et s\u00e9paration des alcanes.<\/p>\n<p>5A : S\u00e9chage et purification de l'air, d\u00e9shydratation et d\u00e9sulfuration du gaz naturel, d\u00e9sulfuration du gaz de p\u00e9trole liqu\u00e9fi\u00e9 et production d'oxyg\u00e8ne et d'hydrog\u00e8ne par adsorption modul\u00e9e en pression.<\/p>\n<p>5A-DW : d\u00e9paraffinage, abaissement du point d'\u00e9coulement et s\u00e9paration des paraffines du k\u00e9ros\u00e8ne d'aviation et du gazole.<\/p>\n<p>10X : adsorbant efficace pour le s\u00e9chage des gaz et des liquides, la d\u00e9sulfuration, la d\u00e9carbonatation et la s\u00e9paration des aromatiques.<\/p>\n<p><a href=\"https:\/\/www.laiko.net\/product\/13x-molecular-sieve\/\" target=\"_self\" rel=\"noopener\">Tamis mol\u00e9culaires 13X<\/a>: S\u00e9chage, d\u00e9sulfuration et purification GPL et gaz naturel.<\/p>\n<p>Tamis mol\u00e9culaires 13X-AS : d\u00e9carbonisation et s\u00e9chage de l'air.<\/p>\n<h2>Caract\u00e9ristiques du tamis mol\u00e9culaire de lithium<\/h2>\n<h2>pour concentrateur d'oxyg\u00e8ne<\/h2>\n<ul class=\"list-paddingleft-2\">\n<li>Le tamis mol\u00e9culaire \u00e0 base de lithium est une z\u00e9olithe synth\u00e9tique de structure cristalline de type lithium, \u00e0 grande capacit\u00e9 d'adsorption d'azote, \u00e0 grande efficacit\u00e9 de s\u00e9paration oxyg\u00e8ne\/azote.<\/li>\n<li>Il permet ainsi d'utiliser ce syst\u00e8me pour des op\u00e9rations futures.<\/li>\n<li>Le tamis mol\u00e9culaire \u00e0 base de lithium pr\u00e9sente une s\u00e9paration N2\/O2 \u00e9lev\u00e9e sous une pression tr\u00e8s basse, ce qui r\u00e9duit la consommation de production d'oxyg\u00e8ne.<\/li>\n<li>L'avantage de la capacit\u00e9 d'adsorption \u00e0 l'\u00e9quilibre et du tamis mol\u00e9culaire au lithium est appliqu\u00e9 \u00e0 divers dispositifs VPSA pour les concentrateurs d'oxyg\u00e8ne.<\/li>\n<\/ul>\n<h2>Paquet de tamis mol\u00e9culaires au lithium<\/h2>\n<p><img loading=\"lazy\" decoding=\"async\" class=\"alignnone size-medium wp-image-3187\" src=\"https:\/\/www.laiko.net\/wp-content\/uploads\/2023\/10\/lithium-zeolite-for-oxygen-concentrator-1-e1697715152249-300x167.webp\" alt=\"\" width=\"300\" height=\"167\" srcset=\"https:\/\/www.laiko.net\/wp-content\/uploads\/2023\/10\/lithium-zeolite-for-oxygen-concentrator-1-e1697715152249-300x167.webp 300w, https:\/\/www.laiko.net\/wp-content\/uploads\/2023\/10\/lithium-zeolite-for-oxygen-concentrator-1-e1697715152249.webp 360w\" sizes=\"auto, (max-width: 300px) 100vw, 300px\" \/><\/p>\n<p><img loading=\"lazy\" decoding=\"async\" class=\"alignnone size-medium wp-image-1047\" src=\"https:\/\/www.laiko.net\/wp-content\/uploads\/2023\/10\/frc-5a02aa25c27c0d3ef2dde146d6f328a1-300x194.png\" alt=\"\" width=\"300\" height=\"194\" srcset=\"https:\/\/www.laiko.net\/wp-content\/uploads\/2023\/10\/frc-5a02aa25c27c0d3ef2dde146d6f328a1-300x194.png 300w, https:\/\/www.laiko.net\/wp-content\/uploads\/2023\/10\/frc-5a02aa25c27c0d3ef2dde146d6f328a1.png 425w\" sizes=\"auto, (max-width: 300px) 100vw, 300px\" \/><\/p>\n<p><img loading=\"lazy\" decoding=\"async\" class=\"alignnone size-medium wp-image-1044\" src=\"https:\/\/www.laiko.net\/wp-content\/uploads\/2023\/10\/frc-8901f5492d0b83e752d9e3213864411e-300x135.png\" alt=\"\" width=\"300\" height=\"135\" srcset=\"https:\/\/www.laiko.net\/wp-content\/uploads\/2023\/10\/frc-8901f5492d0b83e752d9e3213864411e-300x135.png 300w, https:\/\/www.laiko.net\/wp-content\/uploads\/2023\/10\/frc-8901f5492d0b83e752d9e3213864411e-600x270.png 600w, https:\/\/www.laiko.net\/wp-content\/uploads\/2023\/10\/frc-8901f5492d0b83e752d9e3213864411e-1024x461.png 1024w, https:\/\/www.laiko.net\/wp-content\/uploads\/2023\/10\/frc-8901f5492d0b83e752d9e3213864411e-768x346.png 768w, https:\/\/www.laiko.net\/wp-content\/uploads\/2023\/10\/frc-8901f5492d0b83e752d9e3213864411e-1536x691.png 1536w, https:\/\/www.laiko.net\/wp-content\/uploads\/2023\/10\/frc-8901f5492d0b83e752d9e3213864411e.png 1920w\" sizes=\"auto, (max-width: 300px) 100vw, 300px\" \/><\/p>\n<p><img loading=\"lazy\" decoding=\"async\" class=\"alignnone size-medium wp-image-1045\" src=\"https:\/\/www.laiko.net\/wp-content\/uploads\/2023\/10\/frc-dff4748b5c9c73bfeb7f58b1c1bd663b-300x194.png\" alt=\"\" width=\"300\" height=\"194\" srcset=\"https:\/\/www.laiko.net\/wp-content\/uploads\/2023\/10\/frc-dff4748b5c9c73bfeb7f58b1c1bd663b-300x194.png 300w, https:\/\/www.laiko.net\/wp-content\/uploads\/2023\/10\/frc-dff4748b5c9c73bfeb7f58b1c1bd663b.png 425w\" sizes=\"auto, (max-width: 300px) 100vw, 300px\" \/><\/p>\n<p>&nbsp;<\/p>\n<p>&nbsp;<\/p>","protected":false},"excerpt":{"rendered":"<p>Le tamis mol\u00e9culaire au lithium est une forme de z\u00e9olithe de type X \u00e0 faible teneur en silice et \u00e0 \u00e9change de lithium de haute performance, dot\u00e9e d'une capacit\u00e9 d'azote exceptionnelle, qui offre des performances optimales pour la s\u00e9paration de l'oxyg\u00e8ne de l'air dans les concentrateurs d'oxyg\u00e8ne m\u00e9dical. Le tamis mol\u00e9culaire\u00a0<a href=\"https:\/\/www.laiko.net\/product-category\/molecular-sieve-zeolite\/\" target=\"_self\" rel=\"noopener\">mat\u00e9riau de tamis mol\u00e9culaire<\/a>\u00a0est d\u00e9velopp\u00e9 et con\u00e7u pour la production de flux d'air riches en oxyg\u00e8ne jusqu'\u00e0 95% dans les concentrateurs d'oxyg\u00e8ne m\u00e9dical avec des d\u00e9bits d'air allant jusqu'\u00e0 10 litres par minute. Il existe trois m\u00e9canismes de s\u00e9paration par adsorption : l'effet d'entrave st\u00e9rique, l'effet cin\u00e9tique et l'effet d'\u00e9quilibre.<\/p>","protected":false},"featured_media":3187,"template":"","meta":{"_seopress_robots_primary_cat":"none","_monsterinsights_skip_tracking":false,"_monsterinsights_sitenote_active":false,"_monsterinsights_sitenote_note":"","_monsterinsights_sitenote_category":0,"_joinchat":[]},"product_cat":[99,79],"product_tag":[],"class_list":["post-3449","product","type-product","status-publish","has-post-thumbnail","hentry","product_cat-hot-sale-products","product_cat-molecular-sieve-zeolite"],"featured_image_urls":{"full":["https:\/\/www.laiko.net\/wp-content\/uploads\/2023\/10\/lithium-zeolite-for-oxygen-concentrator-1-e1697715152249.webp",360,200,false],"thumbnail":["https:\/\/www.laiko.net\/wp-content\/uploads\/2023\/10\/lithium-zeolite-for-oxygen-concentrator-1-e1697715152249-150x150.webp",150,150,true],"medium":["https:\/\/www.laiko.net\/wp-content\/uploads\/2023\/10\/lithium-zeolite-for-oxygen-concentrator-1-e1697715152249-300x167.webp",300,167,true],"medium_large":["https:\/\/www.laiko.net\/wp-content\/uploads\/2023\/10\/lithium-zeolite-for-oxygen-concentrator-1-e1697715152249.webp",360,200,false],"large":["https:\/\/www.laiko.net\/wp-content\/uploads\/2023\/10\/lithium-zeolite-for-oxygen-concentrator-1-e1697715152249.webp",360,200,false],"1536x1536":["https:\/\/www.laiko.net\/wp-content\/uploads\/2023\/10\/lithium-zeolite-for-oxygen-concentrator-1-e1697715152249.webp",360,200,false],"2048x2048":["https:\/\/www.laiko.net\/wp-content\/uploads\/2023\/10\/lithium-zeolite-for-oxygen-concentrator-1-e1697715152249.webp",360,200,false],"trp-custom-language-flag":["https:\/\/www.laiko.net\/wp-content\/uploads\/2023\/10\/lithium-zeolite-for-oxygen-concentrator-1-e1697715152249.webp",18,10,false],"woocommerce_thumbnail":["https:\/\/www.laiko.net\/wp-content\/uploads\/2023\/10\/lithium-zeolite-for-oxygen-concentrator-1-e1697715152249-300x167.webp",300,167,true],"woocommerce_single":["https:\/\/www.laiko.net\/wp-content\/uploads\/2023\/10\/lithium-zeolite-for-oxygen-concentrator-1-e1697715152249.webp",360,200,false],"woocommerce_gallery_thumbnail":["https:\/\/www.laiko.net\/wp-content\/uploads\/2023\/10\/lithium-zeolite-for-oxygen-concentrator-1-e1697715152249-100x100.webp",100,100,true]},"post_excerpt_stackable":"<p>Lithium molecular sieve is high-performance lithium exchanged low silica form of the X-type zeolite with exceptional nitrogen capacity to provide optimal performance in the separation of oxygen from the air in medical oxygen concentrators. The\u00a0<a href=\"https:\/\/www.laiko.net\/product-category\/molecular-sieve-zeolite\/\" target=\"_self\" rel=\"noopener\">molecular sieve material<\/a>\u00a0is developed and designed for the production of up to 95% oxygen-rich airstreams in medical oxygen concentrators with air flows up to 10 liters per minute. There are three mechanisms of adsorption separation: steric hindrance effect, kinetic effect, and equilibrium effect.<\/p>\n","category_list":"","author_info":{"name":"","url":""},"comments_num":"0 commentaire","_links":{"self":[{"href":"https:\/\/www.laiko.net\/fr\/wp-json\/wp\/v2\/product\/3449","targetHints":{"allow":["GET"]}}],"collection":[{"href":"https:\/\/www.laiko.net\/fr\/wp-json\/wp\/v2\/product"}],"about":[{"href":"https:\/\/www.laiko.net\/fr\/wp-json\/wp\/v2\/types\/product"}],"wp:featuredmedia":[{"embeddable":true,"href":"https:\/\/www.laiko.net\/fr\/wp-json\/wp\/v2\/media\/3187"}],"wp:attachment":[{"href":"https:\/\/www.laiko.net\/fr\/wp-json\/wp\/v2\/media?parent=3449"}],"wp:term":[{"taxonomy":"product_cat","embeddable":true,"href":"https:\/\/www.laiko.net\/fr\/wp-json\/wp\/v2\/product_cat?post=3449"},{"taxonomy":"product_tag","embeddable":true,"href":"https:\/\/www.laiko.net\/fr\/wp-json\/wp\/v2\/product_tag?post=3449"}],"curies":[{"name":"wp","href":"https:\/\/api.w.org\/{rel}","templated":true}]}}