{"id":3448,"date":"2023-10-26T17:59:04","date_gmt":"2023-10-26T09:59:04","guid":{"rendered":"http:\/\/www3.laiko.net\/?post_type=product&#038;p=3448"},"modified":"2023-10-26T17:59:04","modified_gmt":"2023-10-26T09:59:04","slug":"mcm-22-zeolite","status":"publish","type":"product","link":"https:\/\/www.laiko.net\/fr\/produit\/zeolithe-mcm-22\/","title":{"rendered":"Z\u00e9olithe MCM-22"},"content":{"rendered":"<p><strong>Param\u00e8tres de la z\u00e9olithe MCM-22<\/strong><\/p>\n<div class=\"overflow_x\">\n<table style=\"height: 220px;\" width=\"508\" cellspacing=\"0\" cellpadding=\"0\">\n<colgroup>\n<col \/>\n<col \/><\/colgroup>\n<tbody>\n<tr class=\"firstRow\">\n<td height=\"22\">apparence<\/td>\n<td>Poudre blanche<\/td>\n<\/tr>\n<tr>\n<td height=\"22\">Contenu en Na +\uff08%\uff09<\/td>\n<td>\u22640.1<\/td>\n<\/tr>\n<tr>\n<td height=\"22\">Ouverture (nm)<\/td>\n<td>0.55-1.0<\/td>\n<\/tr>\n<tr>\n<td height=\"22\">Surface sp\u00e9cifique (m2 \/ g)<\/td>\n<td>550-800<\/td>\n<\/tr>\n<tr>\n<td height=\"22\">Capacit\u00e9 du trou (cm3 \/ g)<\/td>\n<td>0.15~0.50<\/td>\n<\/tr>\n<tr>\n<td height=\"22\">Rapport entre le phosphore et l'aluminium<\/td>\n<td>20~70<\/td>\n<\/tr>\n<tr>\n<td height=\"22\">Cristallinit\u00e9 relative\uff08%\uff09<\/td>\n<td>\u226595<\/td>\n<\/tr>\n<tr>\n<td height=\"22\">Sodium r\u00e9siduel (%)<\/td>\n<td>\u22640.1<\/td>\n<\/tr>\n<tr>\n<td height=\"22\">Br\u00fblage (%)<\/td>\n<td>\u22645<\/td>\n<\/tr>\n<\/tbody>\n<\/table>\n<\/div>","protected":false},"excerpt":{"rendered":"<p>Le tamis mol\u00e9culaire m\u00e9soporeux MCM-22 est un nouveau tamis mol\u00e9culaire microporeux \u00e0 structure MWW. Dans la structure en couches du tamis mol\u00e9culaire, les surfaces sup\u00e9rieures et inf\u00e9rieures sont recouvertes d'une structure \u00e0 trous de haute densit\u00e9, l'ensemble de la structure pour l'ouverture de l'anneau de douze yuans, la profondeur \u00e9tant d'environ 0,7 nm.<\/p>","protected":false},"featured_media":1387,"template":"","meta":{"_seopress_robots_primary_cat":"","_monsterinsights_skip_tracking":false,"_monsterinsights_sitenote_active":false,"_monsterinsights_sitenote_note":"","_monsterinsights_sitenote_category":0,"_joinchat":[]},"product_cat":[78],"product_tag":[],"class_list":["post-3448","product","type-product","status-publish","has-post-thumbnail","hentry","product_cat-fcc-catalyst"],"featured_image_urls":{"full":["https:\/\/www.laiko.net\/wp-content\/uploads\/2023\/10\/frc-dd8fe3fffabcbbfc4887fd828bd9be23.jpg",600,350,false],"thumbnail":["https:\/\/www.laiko.net\/wp-content\/uploads\/2023\/10\/frc-dd8fe3fffabcbbfc4887fd828bd9be23-150x150.jpg",150,150,true],"medium":["https:\/\/www.laiko.net\/wp-content\/uploads\/2023\/10\/frc-dd8fe3fffabcbbfc4887fd828bd9be23-300x175.jpg",300,175,true],"medium_large":["https:\/\/www.laiko.net\/wp-content\/uploads\/2023\/10\/frc-dd8fe3fffabcbbfc4887fd828bd9be23.jpg",600,350,false],"large":["https:\/\/www.laiko.net\/wp-content\/uploads\/2023\/10\/frc-dd8fe3fffabcbbfc4887fd828bd9be23.jpg",600,350,false],"1536x1536":["https:\/\/www.laiko.net\/wp-content\/uploads\/2023\/10\/frc-dd8fe3fffabcbbfc4887fd828bd9be23.jpg",600,350,false],"2048x2048":["https:\/\/www.laiko.net\/wp-content\/uploads\/2023\/10\/frc-dd8fe3fffabcbbfc4887fd828bd9be23.jpg",600,350,false],"trp-custom-language-flag":["https:\/\/www.laiko.net\/wp-content\/uploads\/2023\/10\/frc-dd8fe3fffabcbbfc4887fd828bd9be23.jpg",18,12,false],"woocommerce_thumbnail":["https:\/\/www.laiko.net\/wp-content\/uploads\/2023\/10\/frc-dd8fe3fffabcbbfc4887fd828bd9be23-300x175.jpg",300,175,true],"woocommerce_single":["https:\/\/www.laiko.net\/wp-content\/uploads\/2023\/10\/frc-dd8fe3fffabcbbfc4887fd828bd9be23.jpg",600,350,false],"woocommerce_gallery_thumbnail":["https:\/\/www.laiko.net\/wp-content\/uploads\/2023\/10\/frc-dd8fe3fffabcbbfc4887fd828bd9be23-100x100.jpg",100,100,true]},"post_excerpt_stackable":"<p>Mesoporous Molecular sieve MCM-22 zeolite is a novel microporous molecular sieve with MWW structure. In the molecular sieve layered structure of the upper and lower surfaces are covered with a high density of the hole structure, the whole structure for the twelve yuan ring opening, the depth of about 0.7 nm.<\/p>\n","category_list":"","author_info":{"name":"","url":""},"comments_num":"0 commentaire","_links":{"self":[{"href":"https:\/\/www.laiko.net\/fr\/wp-json\/wp\/v2\/product\/3448","targetHints":{"allow":["GET"]}}],"collection":[{"href":"https:\/\/www.laiko.net\/fr\/wp-json\/wp\/v2\/product"}],"about":[{"href":"https:\/\/www.laiko.net\/fr\/wp-json\/wp\/v2\/types\/product"}],"wp:featuredmedia":[{"embeddable":true,"href":"https:\/\/www.laiko.net\/fr\/wp-json\/wp\/v2\/media\/1387"}],"wp:attachment":[{"href":"https:\/\/www.laiko.net\/fr\/wp-json\/wp\/v2\/media?parent=3448"}],"wp:term":[{"taxonomy":"product_cat","embeddable":true,"href":"https:\/\/www.laiko.net\/fr\/wp-json\/wp\/v2\/product_cat?post=3448"},{"taxonomy":"product_tag","embeddable":true,"href":"https:\/\/www.laiko.net\/fr\/wp-json\/wp\/v2\/product_tag?post=3448"}],"curies":[{"name":"wp","href":"https:\/\/api.w.org\/{rel}","templated":true}]}}