{"id":3443,"date":"2023-10-26T17:42:19","date_gmt":"2023-10-26T09:42:19","guid":{"rendered":"http:\/\/www3.laiko.net\/?post_type=product&#038;p=3443"},"modified":"2023-10-26T17:53:29","modified_gmt":"2023-10-26T09:53:29","slug":"hy-zeolite","status":"publish","type":"product","link":"https:\/\/www.laiko.net\/fr\/produit\/hy-zeolite\/","title":{"rendered":"Z\u00e9olithe HY"},"content":{"rendered":"<p><strong>Param\u00e8tres de la z\u00e9olithe NaY<\/strong><\/p>\n<div class=\"overflow_x\">\n<table style=\"height: 406px;\" width=\"710\" cellspacing=\"0\" cellpadding=\"0\">\n<colgroup>\n<col \/>\n<col \/>\n<col \/>\n<col \/><\/colgroup>\n<tbody>\n<tr class=\"firstRow\">\n<td height=\"32\">Objet<\/td>\n<td>Unit\u00e9<\/td>\n<td>r\u00e9sultat<\/td>\n<td>m\u00e9thode d'analyse<\/td>\n<\/tr>\n<tr>\n<td height=\"48\">Cristallinit\u00e9<\/td>\n<td>%<\/td>\n<td>85<\/td>\n<td>Diffractom\u00e8tre \u00e0 rayons X<\/td>\n<\/tr>\n<tr>\n<td height=\"64\">SiO2\/Al2O3<\/td>\n<td><\/td>\n<td>5.5<\/td>\n<td>Instrument de fluorescence X<\/td>\n<\/tr>\n<tr>\n<td height=\"48\">D50<\/td>\n<td>um<\/td>\n<td>5.1<\/td>\n<td>Analyseur laser de la taille des particules<\/td>\n<\/tr>\n<tr>\n<td height=\"48\">D90<\/td>\n<td>um<\/td>\n<td>7.9<\/td>\n<td>Analyseur laser de la taille des particules<\/td>\n<\/tr>\n<tr>\n<td height=\"32\">Na2O<\/td>\n<td>%<\/td>\n<td>0.2<\/td>\n<td>Photom\u00e9trie de flamme<\/td>\n<\/tr>\n<tr>\n<td height=\"32\">L.O.I<\/td>\n<td>%<\/td>\n<td>23<\/td>\n<td>Analyse gravim\u00e9trique<\/td>\n<\/tr>\n<tr>\n<td height=\"48\">Unit\u00e9 Taille de la cellule<\/td>\n<td>\u00c5<\/td>\n<td>24.53<\/td>\n<td>Diffractom\u00e8tre \u00e0 rayons X<\/td>\n<\/tr>\n<tr>\n<td height=\"48\">Surface sp\u00e9cifique<\/td>\n<td>m2\/g<\/td>\n<td>700<\/td>\n<td>D\u00e9sorbeur par adsorption Bet<\/td>\n<\/tr>\n<\/tbody>\n<\/table>\n<\/div>","protected":false},"excerpt":{"rendered":"<p>Le tamis mol\u00e9culaire de type Na-Y est un cristal d'aluminosilicate de type sodium ayant une grande surface sp\u00e9cifique. Le tamis mol\u00e9culaire Y est largement utilis\u00e9 comme catalyseur de craquage catalytique en tant que composant d'activation acide, et peut \u00e9galement \u00eatre utilis\u00e9 dans le raffinage du p\u00e9trole et les processus catalytiques p\u00e9trochimiques tels que l'adsorbant, l'hydrocraquage, l'alkylation, l'hydrod\u00e9paraffinage, l'abaissement du point d'\u00e9coulement du diesel.<\/p>","protected":false},"featured_media":1474,"template":"","meta":{"_seopress_robots_primary_cat":"","_monsterinsights_skip_tracking":false,"_monsterinsights_sitenote_active":false,"_monsterinsights_sitenote_note":"","_monsterinsights_sitenote_category":0,"_joinchat":[]},"product_cat":[78],"product_tag":[],"class_list":["post-3443","product","type-product","status-publish","has-post-thumbnail","hentry","product_cat-fcc-catalyst"],"featured_image_urls":{"full":["https:\/\/www.laiko.net\/wp-content\/uploads\/2023\/10\/frc-dfeeda7014141c0e91dad6d7e250a7b0.jpg",600,350,false],"thumbnail":["https:\/\/www.laiko.net\/wp-content\/uploads\/2023\/10\/frc-dfeeda7014141c0e91dad6d7e250a7b0-150x150.jpg",150,150,true],"medium":["https:\/\/www.laiko.net\/wp-content\/uploads\/2023\/10\/frc-dfeeda7014141c0e91dad6d7e250a7b0-300x175.jpg",300,175,true],"medium_large":["https:\/\/www.laiko.net\/wp-content\/uploads\/2023\/10\/frc-dfeeda7014141c0e91dad6d7e250a7b0.jpg",600,350,false],"large":["https:\/\/www.laiko.net\/wp-content\/uploads\/2023\/10\/frc-dfeeda7014141c0e91dad6d7e250a7b0.jpg",600,350,false],"1536x1536":["https:\/\/www.laiko.net\/wp-content\/uploads\/2023\/10\/frc-dfeeda7014141c0e91dad6d7e250a7b0.jpg",600,350,false],"2048x2048":["https:\/\/www.laiko.net\/wp-content\/uploads\/2023\/10\/frc-dfeeda7014141c0e91dad6d7e250a7b0.jpg",600,350,false],"trp-custom-language-flag":["https:\/\/www.laiko.net\/wp-content\/uploads\/2023\/10\/frc-dfeeda7014141c0e91dad6d7e250a7b0.jpg",18,12,false],"woocommerce_thumbnail":["https:\/\/www.laiko.net\/wp-content\/uploads\/2023\/10\/frc-dfeeda7014141c0e91dad6d7e250a7b0-300x175.jpg",300,175,true],"woocommerce_single":["https:\/\/www.laiko.net\/wp-content\/uploads\/2023\/10\/frc-dfeeda7014141c0e91dad6d7e250a7b0.jpg",600,350,false],"woocommerce_gallery_thumbnail":["https:\/\/www.laiko.net\/wp-content\/uploads\/2023\/10\/frc-dfeeda7014141c0e91dad6d7e250a7b0-100x100.jpg",100,100,true]},"post_excerpt_stackable":"<p>The Na-Y type molecular sieve is a sodium type aluminosilicate crystal having a large specific surface area. Y molecular sieve is widely used as the catalytic cracking catalyst as acid activation component, and can also be used in petroleum refining and petrochemical catalytic processes such as adsorbent, hydrocracking, alkylation, hydrodewaxing, diesel pour point depressing.<\/p>\n","category_list":"","author_info":{"name":"","url":""},"comments_num":"0 commentaire","_links":{"self":[{"href":"https:\/\/www.laiko.net\/fr\/wp-json\/wp\/v2\/product\/3443","targetHints":{"allow":["GET"]}}],"collection":[{"href":"https:\/\/www.laiko.net\/fr\/wp-json\/wp\/v2\/product"}],"about":[{"href":"https:\/\/www.laiko.net\/fr\/wp-json\/wp\/v2\/types\/product"}],"wp:featuredmedia":[{"embeddable":true,"href":"https:\/\/www.laiko.net\/fr\/wp-json\/wp\/v2\/media\/1474"}],"wp:attachment":[{"href":"https:\/\/www.laiko.net\/fr\/wp-json\/wp\/v2\/media?parent=3443"}],"wp:term":[{"taxonomy":"product_cat","embeddable":true,"href":"https:\/\/www.laiko.net\/fr\/wp-json\/wp\/v2\/product_cat?post=3443"},{"taxonomy":"product_tag","embeddable":true,"href":"https:\/\/www.laiko.net\/fr\/wp-json\/wp\/v2\/product_tag?post=3443"}],"curies":[{"name":"wp","href":"https:\/\/api.w.org\/{rel}","templated":true}]}}