{"id":3391,"date":"2023-10-26T11:09:59","date_gmt":"2023-10-26T03:09:59","guid":{"rendered":"http:\/\/www3.laiko.net\/?post_type=product&#038;p=3391"},"modified":"2023-10-30T10:19:38","modified_gmt":"2023-10-30T02:19:38","slug":"zsm-5-zeolite","status":"publish","type":"product","link":"https:\/\/www.laiko.net\/fr\/produit\/zsm-5-zeolite\/","title":{"rendered":"ZSM-5 Z\u00e9olite"},"content":{"rendered":"<div class=\"overflow_x\">\n<h2><strong>Param\u00e8tres de la z\u00e9olithe ZSM-5<\/strong><\/h2>\n<table>\n<tbody>\n<tr class=\"firstRow\" align=\"left\">\n<td>Produits Zeolyst<\/td>\n<td><span data-spm-anchor-id=\"a2700.details.pronpeci14.i3.6f7a5154Ap0reL\">Rapport molaire SiO2\/Al2O3<\/span><\/td>\n<td>Forme nominale des cations<\/td>\n<td>Na2O Poids %<\/td>\n<td>Surface m2\/g<\/td>\n<\/tr>\n<tr align=\"left\">\n<td>CBV 2314<\/td>\n<td>23<\/td>\n<td>Ammonium<\/td>\n<td>0.05<\/td>\n<td>425<\/td>\n<\/tr>\n<tr align=\"left\">\n<td>CBV 3024E<\/td>\n<td>30<\/td>\n<td>Ammonium<\/td>\n<td>0.05<\/td>\n<td>405<\/td>\n<\/tr>\n<tr align=\"left\">\n<td>CBV 5524G<\/td>\n<td>50<\/td>\n<td>Ammonium<\/td>\n<td>0.05<\/td>\n<td>425<\/td>\n<\/tr>\n<tr align=\"left\">\n<td>CBV 8014<\/td>\n<td>80<\/td>\n<td>Ammonium<\/td>\n<td>0.05<\/td>\n<td>425<\/td>\n<\/tr>\n<tr align=\"left\">\n<td>CBV 28014<\/td>\n<td>280<\/td>\n<td>Ammonium<\/td>\n<td>0.05<\/td>\n<td>400<\/td>\n<\/tr>\n<\/tbody>\n<\/table>\n<\/div>","protected":false},"excerpt":{"rendered":"<p>Le catalyseur \u00e0 tamis mol\u00e9culaire z\u00e9olithe ZSM-5 a \u00e9t\u00e9 utilis\u00e9 comme catalyseur d'alkylation, d'isom\u00e9ration, d'aromatisation et de d\u00e9paraffinage, etc. Le catalyseur \u00e0 tamis mol\u00e9culaire z\u00e9olithe ZSM-5, qui se caract\u00e9rise par un processus de synth\u00e8se plus simple, une qualit\u00e9 plus stable, l'absence de pollution, un co\u00fbt moindre et une meilleure hydrothermie, compar\u00e9 au catalyseur \u00e0 tamis mol\u00e9culaire ZSM-5 synth\u00e9tis\u00e9 \u00e0 l'aide de compos\u00e9s organiques \u00e0 l'\u00e9tranger, a remport\u00e9 la deuxi\u00e8me place du prix de l'invention de l'\u00c9tat de la R\u00e9publique populaire de Chine.<\/p>","protected":false},"featured_media":1467,"template":"","meta":{"_seopress_robots_primary_cat":"","_monsterinsights_skip_tracking":false,"_monsterinsights_sitenote_active":false,"_monsterinsights_sitenote_note":"","_monsterinsights_sitenote_category":0,"_joinchat":[]},"product_cat":[78,99],"product_tag":[],"class_list":["post-3391","product","type-product","status-publish","has-post-thumbnail","hentry","product_cat-fcc-catalyst","product_cat-hot-sale-products"],"featured_image_urls":{"full":["https:\/\/www.laiko.net\/wp-content\/uploads\/2023\/10\/frc-c29c19a0078056bef7abc0ba746cd585.jpg",600,350,false],"thumbnail":["https:\/\/www.laiko.net\/wp-content\/uploads\/2023\/10\/frc-c29c19a0078056bef7abc0ba746cd585-150x150.jpg",150,150,true],"medium":["https:\/\/www.laiko.net\/wp-content\/uploads\/2023\/10\/frc-c29c19a0078056bef7abc0ba746cd585-300x175.jpg",300,175,true],"medium_large":["https:\/\/www.laiko.net\/wp-content\/uploads\/2023\/10\/frc-c29c19a0078056bef7abc0ba746cd585.jpg",600,350,false],"large":["https:\/\/www.laiko.net\/wp-content\/uploads\/2023\/10\/frc-c29c19a0078056bef7abc0ba746cd585.jpg",600,350,false],"1536x1536":["https:\/\/www.laiko.net\/wp-content\/uploads\/2023\/10\/frc-c29c19a0078056bef7abc0ba746cd585.jpg",600,350,false],"2048x2048":["https:\/\/www.laiko.net\/wp-content\/uploads\/2023\/10\/frc-c29c19a0078056bef7abc0ba746cd585.jpg",600,350,false],"trp-custom-language-flag":["https:\/\/www.laiko.net\/wp-content\/uploads\/2023\/10\/frc-c29c19a0078056bef7abc0ba746cd585.jpg",18,12,false],"woocommerce_thumbnail":["https:\/\/www.laiko.net\/wp-content\/uploads\/2023\/10\/frc-c29c19a0078056bef7abc0ba746cd585-300x175.jpg",300,175,true],"woocommerce_single":["https:\/\/www.laiko.net\/wp-content\/uploads\/2023\/10\/frc-c29c19a0078056bef7abc0ba746cd585.jpg",600,350,false],"woocommerce_gallery_thumbnail":["https:\/\/www.laiko.net\/wp-content\/uploads\/2023\/10\/frc-c29c19a0078056bef7abc0ba746cd585-100x100.jpg",100,100,true]},"post_excerpt_stackable":"<p>Zeolite ZSM-5 molecular sieve catalyst has been used as the parent of alkylationm, isomeration, aromatization and dewaxing catalysts and so on. The zeolite ZSM-5 molecular sieve catalyst, characteristic of the simpler synthesis process, stabler quality, free of pollution, less cost, better hydrothermally, compared to those of ZSM-5 molecular sieve catalyst synthesized using organic compounds overseas, won the second place of the state inbvention prize of P.R.C.<\/p>\n","category_list":"","author_info":{"name":"","url":""},"comments_num":"0 commentaire","_links":{"self":[{"href":"https:\/\/www.laiko.net\/fr\/wp-json\/wp\/v2\/product\/3391","targetHints":{"allow":["GET"]}}],"collection":[{"href":"https:\/\/www.laiko.net\/fr\/wp-json\/wp\/v2\/product"}],"about":[{"href":"https:\/\/www.laiko.net\/fr\/wp-json\/wp\/v2\/types\/product"}],"wp:featuredmedia":[{"embeddable":true,"href":"https:\/\/www.laiko.net\/fr\/wp-json\/wp\/v2\/media\/1467"}],"wp:attachment":[{"href":"https:\/\/www.laiko.net\/fr\/wp-json\/wp\/v2\/media?parent=3391"}],"wp:term":[{"taxonomy":"product_cat","embeddable":true,"href":"https:\/\/www.laiko.net\/fr\/wp-json\/wp\/v2\/product_cat?post=3391"},{"taxonomy":"product_tag","embeddable":true,"href":"https:\/\/www.laiko.net\/fr\/wp-json\/wp\/v2\/product_tag?post=3391"}],"curies":[{"name":"wp","href":"https:\/\/api.w.org\/{rel}","templated":true}]}}