{"id":3765,"date":"2023-10-31T16:34:54","date_gmt":"2023-10-31T08:34:54","guid":{"rendered":"http:\/\/www3.laiko.net\/?post_type=product&#038;p=3765"},"modified":"2023-10-31T16:34:54","modified_gmt":"2023-10-31T08:34:54","slug":"plastic-polyhedral-hollow-ball","status":"publish","type":"product","link":"https:\/\/www.laiko.net\/es\/producto\/bola-hueca-poliedrica-de-plastico\/","title":{"rendered":"Bola hueca poli\u00e9drica de pl\u00e1stico"},"content":{"rendered":"<h2>Par\u00e1metros de la bola hueca poli\u00e9drica de pl\u00e1stico<\/h2>\n<div class=\"overflow_x\">\n<table>\n<tbody>\n<tr class=\"firstRow\">\n<td>D\u00d7H\u00d7\u03b4 mm<\/td>\n<td>Superficie espec\u00edfica m2\/m3<\/td>\n<td>Tasa de vac\u00edo %<\/td>\n<td colspan=\"2\">N\u00famero a granel g\/m3<\/td>\n<td colspan=\"2\">Densidad del envase (kg\/m3)<\/td>\n<\/tr>\n<tr>\n<td>25<\/td>\n<td>460<\/td>\n<td>84<\/td>\n<td colspan=\"2\">64000<\/td>\n<td colspan=\"2\">70.4<\/td>\n<\/tr>\n<tr>\n<td>38<\/td>\n<td>312<\/td>\n<td>87<\/td>\n<td colspan=\"2\">25000<\/td>\n<td colspan=\"2\">75<\/td>\n<\/tr>\n<tr>\n<td>50<\/td>\n<td>237<\/td>\n<td>90<\/td>\n<td colspan=\"2\">11500<\/td>\n<td colspan=\"2\">80.5<\/td>\n<\/tr>\n<tr>\n<td>76<\/td>\n<td>214<\/td>\n<td>92<\/td>\n<td colspan=\"2\">3000<\/td>\n<td colspan=\"2\">59<\/td>\n<\/tr>\n<tr>\n<td>100<\/td>\n<td>261<\/td>\n<td>92<\/td>\n<td colspan=\"2\">1800<\/td>\n<td colspan=\"2\">50.4<\/td>\n<\/tr>\n<\/tbody>\n<\/table>\n<\/div>\n<h2>Propiedades f\u00edsicas y qu\u00edmicas<\/h2>\n<div class=\"overflow_x\">\n<table data-sort=\"sortDisabled\">\n<tbody>\n<tr class=\"firstRow\">\n<td colspan=\"7\" rowspan=\"1\">Propiedades f\u00edsicas y qu\u00edmicas<\/td>\n<\/tr>\n<tr>\n<td>Rendimiento\/Material<\/td>\n<td>PE<\/td>\n<td>PP<\/td>\n<td>RPP<\/td>\n<td>PVC<\/td>\n<td>CPVC<\/td>\n<td>PVDF<\/td>\n<\/tr>\n<tr>\n<td>Densidad(g\/cm3)<\/td>\n<td>0.94-0.96<\/td>\n<td>0.89-0.91<\/td>\n<td>0.93-0.94<\/td>\n<td>1.32-1.44<\/td>\n<td>1.50-1.54<\/td>\n<td>\n<ul class=\"list-paddingleft-2\">\n<li>1.75-1.78<\/li>\n<\/ul>\n<\/td>\n<\/tr>\n<tr>\n<td>Operaci\u00f3n Temp(\u2103)<\/td>\n<td>90<\/td>\n<td>\uff1e100<\/td>\n<td>\uff1e120<\/td>\n<td>\uff1e60<\/td>\n<td>\uff1e90<\/td>\n<td>\uff1e150<\/td>\n<\/tr>\n<tr>\n<td>Corrosi\u00f3n qu\u00edmica<\/td>\n<td>Bien<\/td>\n<td>Bien<\/td>\n<td>Bien<\/td>\n<td>Bien<\/td>\n<td>Bien<\/td>\n<td>Bien<\/td>\n<\/tr>\n<tr>\n<td>Resistencia a la compresi\u00f3n(MP<\/td>\n<td>\uff1e6.0<\/td>\n<td>\uff1e6.5<\/td>\n<td>\uff1e7.0<\/td>\n<td>\uff1e6.0<\/td>\n<td>\uff1e8.0<\/td>\n<td>\uff1e10.0<\/td>\n<\/tr>\n<\/tbody>\n<\/table>\n<\/div>\n<h2>Ventajas de las bolas huecas poli\u00e9dricas de pl\u00e1stico<\/h2>\n<ul class=\"list-paddingleft-2\">\n<li>Gran vac\u00edo<\/li>\n<li>Baja ca\u00edda de presi\u00f3n<\/li>\n<li>Baja altura de la unidad de transferencia de masa<\/li>\n<li>Bajo peso espec\u00edfico<\/li>\n<li>Abundante contacto gas-l\u00edquido<\/li>\n<li>Gran superficie<\/li>\n<li>Excelente eficacia de transferencia<\/li>\n<\/ul>\n<h2>Embalaje de la bola hueca poli\u00e9drica de pl\u00e1stico<\/h2>\n<p>\u25cf Bolsa de pl\u00e1stico compuesto de 25kgs\/50kgs.<\/p>\n<p>\u25cf Bolsa Jumbo de 1 metro c\u00fabico<\/p>\n<p>\u25cf Otros embalajes est\u00e1n disponibles bajo su petici\u00f3n<\/p>\n<h2>Aplicaci\u00f3n de la bola hueca poli\u00e9drica de pl\u00e1stico<\/h2>\n<p>\u25cfAbsorbentes<\/p>\n<p>\u25cfBaja ca\u00edda de presi\u00f3n<\/p>\n<p>\u25cfDesgasificaci\u00f3n<\/p>\n<p>\u25cfAltura de la unidad de transferencia de masa baja.<\/p>\n<p>\u25cfExtracci\u00f3n l\u00edquido\/l\u00edquido<\/p>\n<p>\u25cfBajo peso espec\u00edfico<\/p>\n<p>\u25cf tratamiento del agua<\/p>\n<p>\u25cfAbundancia de contacto gas-l\u00edquido<\/p>\n<p>\u25cfTransferencia de calor<\/p>","protected":false},"excerpt":{"rendered":"<p>La bola hueca poli\u00e9drica de pl\u00e1stico NAIKE es un tipo de embalaje aleatorio de pl\u00e1stico formado por dos semiesferas. Cada hemisferio est\u00e1 formado por muchas paletas flabeladas. Su superficie espec\u00edfica es mayor que la de cualquier otra empaquetadura esf\u00e9rica. Es el representante t\u00edpico de las empaquetaduras aleatorias de pl\u00e1stico. La bola hueca poli\u00e9drica de pl\u00e1stico se utiliza mucho para las torres de empaquetadura en<br \/>\nindustria petrolera, industria qu\u00edmica, industria del cloruro alcalino, industria del gas de hulla y protecci\u00f3n del medio ambiente, etc.<\/p>","protected":false},"featured_media":1379,"template":"","meta":{"_seopress_robots_primary_cat":"","_monsterinsights_skip_tracking":false,"_monsterinsights_sitenote_active":false,"_monsterinsights_sitenote_note":"","_monsterinsights_sitenote_category":0,"_joinchat":[]},"product_cat":[104],"product_tag":[],"class_list":["post-3765","product","type-product","status-publish","has-post-thumbnail","hentry","product_cat-plastic-tower-packing"],"featured_image_urls":{"full":["https:\/\/www.laiko.net\/wp-content\/uploads\/2023\/10\/frc-edf4c6acce7a4f951b9af1312c437875.jpg",600,350,false],"thumbnail":["https:\/\/www.laiko.net\/wp-content\/uploads\/2023\/10\/frc-edf4c6acce7a4f951b9af1312c437875-150x150.jpg",150,150,true],"medium":["https:\/\/www.laiko.net\/wp-content\/uploads\/2023\/10\/frc-edf4c6acce7a4f951b9af1312c437875-300x175.jpg",300,175,true],"medium_large":["https:\/\/www.laiko.net\/wp-content\/uploads\/2023\/10\/frc-edf4c6acce7a4f951b9af1312c437875.jpg",600,350,false],"large":["https:\/\/www.laiko.net\/wp-content\/uploads\/2023\/10\/frc-edf4c6acce7a4f951b9af1312c437875.jpg",600,350,false],"1536x1536":["https:\/\/www.laiko.net\/wp-content\/uploads\/2023\/10\/frc-edf4c6acce7a4f951b9af1312c437875.jpg",600,350,false],"2048x2048":["https:\/\/www.laiko.net\/wp-content\/uploads\/2023\/10\/frc-edf4c6acce7a4f951b9af1312c437875.jpg",600,350,false],"trp-custom-language-flag":["https:\/\/www.laiko.net\/wp-content\/uploads\/2023\/10\/frc-edf4c6acce7a4f951b9af1312c437875.jpg",18,12,false],"woocommerce_thumbnail":["https:\/\/www.laiko.net\/wp-content\/uploads\/2023\/10\/frc-edf4c6acce7a4f951b9af1312c437875-300x175.jpg",300,175,true],"woocommerce_single":["https:\/\/www.laiko.net\/wp-content\/uploads\/2023\/10\/frc-edf4c6acce7a4f951b9af1312c437875.jpg",600,350,false],"woocommerce_gallery_thumbnail":["https:\/\/www.laiko.net\/wp-content\/uploads\/2023\/10\/frc-edf4c6acce7a4f951b9af1312c437875-100x100.jpg",100,100,true]},"post_excerpt_stackable":"<p>NAIKE Plastic polyhedral hollow ball is a kind of plastic random packing made of two hemispheres. Each hemisphere is made of many flabellate vanes. Its specific surface area is larger than any other spherical packings. It is the typical representative of plastic random packing. The plastic polyhedral hollow ball is extensively used for the packing towers in<br \/>\npetroleum industry, chemical industry, alkali chloride industry, coal gas industry and environmental protection, etc.<\/p>\n","category_list":"","author_info":{"name":"","url":""},"comments_num":"0 comentarios","_links":{"self":[{"href":"https:\/\/www.laiko.net\/es\/wp-json\/wp\/v2\/product\/3765","targetHints":{"allow":["GET"]}}],"collection":[{"href":"https:\/\/www.laiko.net\/es\/wp-json\/wp\/v2\/product"}],"about":[{"href":"https:\/\/www.laiko.net\/es\/wp-json\/wp\/v2\/types\/product"}],"wp:featuredmedia":[{"embeddable":true,"href":"https:\/\/www.laiko.net\/es\/wp-json\/wp\/v2\/media\/1379"}],"wp:attachment":[{"href":"https:\/\/www.laiko.net\/es\/wp-json\/wp\/v2\/media?parent=3765"}],"wp:term":[{"taxonomy":"product_cat","embeddable":true,"href":"https:\/\/www.laiko.net\/es\/wp-json\/wp\/v2\/product_cat?post=3765"},{"taxonomy":"product_tag","embeddable":true,"href":"https:\/\/www.laiko.net\/es\/wp-json\/wp\/v2\/product_tag?post=3765"}],"curies":[{"name":"wp","href":"https:\/\/api.w.org\/{rel}","templated":true}]}}