{"id":3762,"date":"2023-10-31T16:23:12","date_gmt":"2023-10-31T08:23:12","guid":{"rendered":"http:\/\/www3.laiko.net\/?post_type=product&#038;p=3762"},"modified":"2023-11-28T16:56:26","modified_gmt":"2023-11-28T08:56:26","slug":"metal-structured-packing","status":"publish","type":"product","link":"https:\/\/www.laiko.net\/es\/producto\/envases-de-estructura-metalica\/","title":{"rendered":"Embalaje con estructura met\u00e1lica"},"content":{"rendered":"<h2>Par\u00e1metros de los embalajes con estructura met\u00e1lica<\/h2>\n<div class=\"overflow_x\">\n<table cellspacing=\"0\" cellpadding=\"0\">\n<tbody>\n<tr class=\"firstRow\">\n<td valign=\"top\" height=\"45\">Tipo<\/td>\n<td valign=\"top\" height=\"45\">superficie espec\u00edfica son m<sup>2<\/sup>\/m<sup>3<\/sup><\/td>\n<td valign=\"top\" height=\"45\">Volumen vac\u00edo<\/p>\n<p>%<\/td>\n<td valign=\"top\" height=\"45\">Gran peso<\/p>\n<p>Kg\/m<sup>3<\/sup><\/td>\n<td valign=\"top\" height=\"45\">Onda<\/p>\n<p>Altura<\/p>\n<p>mm<\/td>\n<td valign=\"top\" height=\"45\">Placa te\u00f3rica<br \/>\nn\u00famero<br \/>\nm<sup>-1<\/sup><\/td>\n<td valign=\"top\" height=\"45\">\u0394 P<br \/>\nPa\/m<\/td>\n<td valign=\"top\" height=\"45\">Factor F m\u00e1x.<\/p>\n<p>m\/s(kg\/m<sup>3<\/sup>)<sup>0.5<\/sup><\/td>\n<\/tr>\n<tr>\n<td valign=\"top\" height=\"47\">125Y<\/td>\n<td valign=\"top\" height=\"47\">125<\/td>\n<td valign=\"top\" height=\"47\">98<\/td>\n<td valign=\"top\" height=\"47\">85-100<\/td>\n<td valign=\"top\" height=\"47\">25.4<\/td>\n<td valign=\"top\" height=\"47\">1.0-2.0<\/td>\n<td valign=\"top\" height=\"47\">150<\/td>\n<td valign=\"top\" height=\"47\">3.0<\/td>\n<\/tr>\n<tr>\n<td valign=\"top\" height=\"47\">250Y<\/td>\n<td valign=\"top\" height=\"47\">250<\/td>\n<td valign=\"top\" height=\"47\">97<\/td>\n<td valign=\"top\" height=\"47\">170-200<\/td>\n<td valign=\"top\" height=\"47\">12.5<\/td>\n<td valign=\"top\" height=\"47\">2.0-3.0<\/td>\n<td valign=\"top\" height=\"47\">200<\/td>\n<td valign=\"top\" height=\"47\">2.6<\/td>\n<\/tr>\n<tr>\n<td valign=\"top\" height=\"47\">350Y<\/td>\n<td valign=\"top\" height=\"47\">350<\/td>\n<td valign=\"top\" height=\"47\">94<\/td>\n<td valign=\"top\" height=\"47\">240-280<\/td>\n<td valign=\"top\" height=\"47\">9<\/td>\n<td valign=\"top\" height=\"47\">2.0-2.5<\/td>\n<td valign=\"top\" height=\"47\">300<\/td>\n<td valign=\"top\" height=\"47\">2.0<\/td>\n<\/tr>\n<tr>\n<td valign=\"top\" height=\"47\">500Y<\/td>\n<td valign=\"top\" height=\"47\">500<\/td>\n<td valign=\"top\" height=\"47\">92<\/td>\n<td valign=\"top\" height=\"47\">360-400<\/td>\n<td valign=\"top\" height=\"47\">6.3<\/td>\n<td valign=\"top\" height=\"47\">4.0-5.0<\/td>\n<td valign=\"top\" height=\"47\">180<\/td>\n<td valign=\"top\" height=\"47\">1.8<\/td>\n<\/tr>\n<\/tbody>\n<\/table>\n<\/div>\n<h2>Material del embalaje con estructura met\u00e1lica<\/h2>\n<p>Las empaquetaduras onduladas de chapa perforada est\u00e1n disponibles en una amplia gama de materiales, como aceros inoxidables 304, 316, 316L, aceros al carbono, aluminio, bronce de cobre para alambiques de reflujo, etc. Otros materiales disponibles bajo pedido.<\/p>\n<h2>Aplicaci\u00f3n de los envases met\u00e1licos para torres de destilaci\u00f3n<\/h2>\n<ul class=\"list-paddingleft-2\">\n<li>Embalaje ondulado de chapa perforada con una amplia gama de aplicaciones.<\/li>\n<li><a href=\"https:\/\/www.laiko.net\/product-category\/tower-packing-column-packing\/structured-packing\/\" target=\"_self\" rel=\"noopener\">Embalaje de torre estructurado<\/a>\u00a0Di\u00e1metro: 0,1-12 m; Presi\u00f3n: De vac\u00edo a alta presi\u00f3n;<\/li>\n<li>Caudal l\u00edquido: de 0,2 a m\u00e1s de 300 m3\/m2. H;<\/li>\n<li>Sistema: Etilbenceno\/estireno, \u00c1cido graso, ciclohex anona\/ciclohexanol, caprolacci\u00f3n, etc, Absorci\u00f3n desorci\u00f3n<\/li>\n<\/ul>","protected":false},"excerpt":{"rendered":"<p>La empaquetadura estructurada de metal (empaquetadura corrugada de placa perforada de metal) est\u00e1 hecha de una placa perforada con corrugaci\u00f3n de canal en la superficie, y sigue siendo una caracter\u00edstica estructurada de la empaquetadura de gasa de alambre de metal. Refuerza la distribuci\u00f3n uniforme del l\u00edquido y la capacidad de humectaci\u00f3n de la superficie, lo que aumenta la eficiencia de la transferencia de masa.<\/p>\n<p>Acero inoxidable<\/p>\n<p>Acero al carbono<\/p>\n<p>Aleaciones de acero inoxidable<\/p>\n<p>Aluminio<\/p>\n<p>Titanio<\/p>\n<p>Aleaciones de n\u00edquel<\/p>\n<p>Aleaciones de cobre<\/p>\n<p>Cobre<\/p>\n<p>Zirconio<\/p>","protected":false},"featured_media":1251,"template":"","meta":{"_seopress_robots_primary_cat":"none","_monsterinsights_skip_tracking":false,"_monsterinsights_sitenote_active":false,"_monsterinsights_sitenote_note":"","_monsterinsights_sitenote_category":0,"_joinchat":[]},"product_cat":[103,82],"product_tag":[],"class_list":["post-3762","product","type-product","status-publish","has-post-thumbnail","hentry","product_cat-metal-tower-packing","product_cat-structured-packing"],"featured_image_urls":{"full":["https:\/\/www.laiko.net\/wp-content\/uploads\/2023\/10\/frc-42aa1e5b2096b12226785b990eac6be5.jpg",600,350,false],"thumbnail":["https:\/\/www.laiko.net\/wp-content\/uploads\/2023\/10\/frc-42aa1e5b2096b12226785b990eac6be5-150x150.jpg",150,150,true],"medium":["https:\/\/www.laiko.net\/wp-content\/uploads\/2023\/10\/frc-42aa1e5b2096b12226785b990eac6be5-300x175.jpg",300,175,true],"medium_large":["https:\/\/www.laiko.net\/wp-content\/uploads\/2023\/10\/frc-42aa1e5b2096b12226785b990eac6be5.jpg",600,350,false],"large":["https:\/\/www.laiko.net\/wp-content\/uploads\/2023\/10\/frc-42aa1e5b2096b12226785b990eac6be5.jpg",600,350,false],"1536x1536":["https:\/\/www.laiko.net\/wp-content\/uploads\/2023\/10\/frc-42aa1e5b2096b12226785b990eac6be5.jpg",600,350,false],"2048x2048":["https:\/\/www.laiko.net\/wp-content\/uploads\/2023\/10\/frc-42aa1e5b2096b12226785b990eac6be5.jpg",600,350,false],"trp-custom-language-flag":["https:\/\/www.laiko.net\/wp-content\/uploads\/2023\/10\/frc-42aa1e5b2096b12226785b990eac6be5.jpg",18,12,false],"woocommerce_thumbnail":["https:\/\/www.laiko.net\/wp-content\/uploads\/2023\/10\/frc-42aa1e5b2096b12226785b990eac6be5-300x175.jpg",300,175,true],"woocommerce_single":["https:\/\/www.laiko.net\/wp-content\/uploads\/2023\/10\/frc-42aa1e5b2096b12226785b990eac6be5.jpg",600,350,false],"woocommerce_gallery_thumbnail":["https:\/\/www.laiko.net\/wp-content\/uploads\/2023\/10\/frc-42aa1e5b2096b12226785b990eac6be5-100x100.jpg",100,100,true]},"post_excerpt_stackable":"<p>Metal structured packing(Metal Perforated Plate Corrugated Packing) is made of a perforated plate with channel corrugation on surface, and remains a structured feature of metal wire gauze packing. It strengthens uniform liquid distribution and surface wetting ability, which increases mass transfer efficiency.<\/p>\n<p>Stainless steel<\/p>\n<p>Carbon steel<\/p>\n<p>Stainless steel alloys<\/p>\n<p>Aluminum<\/p>\n<p>Titanium<\/p>\n<p>Nickel alloys<\/p>\n<p>Copper alloys<\/p>\n<p>Copper<\/p>\n<p>Zirconium<\/p>\n","category_list":"","author_info":{"name":"","url":""},"comments_num":"0 comentarios","_links":{"self":[{"href":"https:\/\/www.laiko.net\/es\/wp-json\/wp\/v2\/product\/3762","targetHints":{"allow":["GET"]}}],"collection":[{"href":"https:\/\/www.laiko.net\/es\/wp-json\/wp\/v2\/product"}],"about":[{"href":"https:\/\/www.laiko.net\/es\/wp-json\/wp\/v2\/types\/product"}],"wp:featuredmedia":[{"embeddable":true,"href":"https:\/\/www.laiko.net\/es\/wp-json\/wp\/v2\/media\/1251"}],"wp:attachment":[{"href":"https:\/\/www.laiko.net\/es\/wp-json\/wp\/v2\/media?parent=3762"}],"wp:term":[{"taxonomy":"product_cat","embeddable":true,"href":"https:\/\/www.laiko.net\/es\/wp-json\/wp\/v2\/product_cat?post=3762"},{"taxonomy":"product_tag","embeddable":true,"href":"https:\/\/www.laiko.net\/es\/wp-json\/wp\/v2\/product_tag?post=3762"}],"curies":[{"name":"wp","href":"https:\/\/api.w.org\/{rel}","templated":true}]}}