{"id":3543,"date":"2023-10-28T15:51:42","date_gmt":"2023-10-28T07:51:42","guid":{"rendered":"http:\/\/www3.laiko.net\/?post_type=product&#038;p=3543"},"modified":"2023-11-10T15:33:06","modified_gmt":"2023-11-10T07:33:06","slug":"porous-ceramic-ball","status":"publish","type":"product","link":"https:\/\/www.laiko.net\/es\/producto\/bola-de-ceramica-porosa\/","title":{"rendered":"Bola de cer\u00e1mica"},"content":{"rendered":"<p>La bola cer\u00e1mica de al\u00famina se utiliza ampliamente en la industria petroqu\u00edmica, la industria qu\u00edmica, la industria de fertilizantes, la industria del gas natural y la protecci\u00f3n del medio ambiente, etc., y funciona principalmente como material de recubrimiento y soporte del catalizador en las torres de reacci\u00f3n. Su papel principal es acelerar la distribuci\u00f3n de gas o l\u00edquido, y apoyar o proteger el catalizador activo que tiene la resistencia mec\u00e1nica relevantemente inferior.<\/p>\n<h2>Par\u00e1metros de la bola cer\u00e1mica<\/h2>\n<table width=\"360\">\n<tbody>\n<tr>\n<td colspan=\"2\" width=\"144\">Nombre del producto Art\u00edculo<\/td>\n<td colspan=\"3\" width=\"216\">Bola cer\u00e1mica (tipo normal)<\/td>\n<\/tr>\n<tr>\n<td colspan=\"2\" width=\"144\">Di\u00e1metro(\u03a6)mm<\/td>\n<td colspan=\"3\" width=\"216\">3,6,8,10<\/td>\n<\/tr>\n<tr>\n<td colspan=\"2\" width=\"144\">Al2O3<\/td>\n<td colspan=\"3\" width=\"216\">17-23%<\/td>\n<\/tr>\n<tr>\n<td colspan=\"2\" width=\"144\">Al2O3 +SiO2(%)<\/td>\n<td colspan=\"3\" width=\"216\">\u226592%<\/td>\n<\/tr>\n<tr>\n<td colspan=\"2\" width=\"144\">Fe2O3(%)<\/td>\n<td colspan=\"3\" width=\"216\">\uff1c1%<\/td>\n<\/tr>\n<tr>\n<td colspan=\"2\" width=\"144\">CaO (%)<\/td>\n<td colspan=\"3\" width=\"216\">\uff1c1.5%<\/td>\n<\/tr>\n<tr>\n<td colspan=\"2\" width=\"144\">MgO(%)<\/td>\n<td colspan=\"3\" width=\"216\">\uff1c2.5%<\/td>\n<\/tr>\n<tr>\n<td colspan=\"2\" width=\"144\">K2O+Na2O(%)<\/td>\n<td colspan=\"3\" width=\"216\">\uff1c4.0%<\/td>\n<\/tr>\n<tr>\n<td colspan=\"2\" width=\"144\">TiO2 (%)<\/td>\n<td colspan=\"3\" width=\"216\">\uff1c0.5%<\/td>\n<\/tr>\n<tr>\n<td colspan=\"2\" width=\"144\">Absorci\u00f3n de agua<\/td>\n<td colspan=\"3\" width=\"216\">\uff1c3%<\/td>\n<\/tr>\n<tr>\n<td colspan=\"2\" width=\"144\">Resistencia a los \u00e1cidos<\/td>\n<td colspan=\"3\" width=\"216\">\uff1e98%<\/td>\n<\/tr>\n<tr>\n<td colspan=\"2\" width=\"144\">Resistencia a los \u00e1lcalis<\/td>\n<td colspan=\"3\" width=\"216\">\uff1e80%<\/td>\n<\/tr>\n<tr>\n<td colspan=\"2\" width=\"144\">Temperatura de funcionamiento (\u00b0C)<\/td>\n<td colspan=\"3\" width=\"216\">\uff1e980<\/td>\n<\/tr>\n<tr>\n<td colspan=\"2\" width=\"144\">Resistencia al desprendimiento(\u00b0C)<\/td>\n<td colspan=\"3\" width=\"216\">\uff1e300<\/td>\n<\/tr>\n<tr>\n<td colspan=\"2\" width=\"144\">Gravedad(g\/cm3)<\/td>\n<td colspan=\"3\">2.3-2.4<\/td>\n<\/tr>\n<tr>\n<td colspan=\"2\" width=\"144\">Dureza Mohs Max<\/td>\n<td colspan=\"3\" width=\"216\">6.5<\/td>\n<\/tr>\n<\/tbody>\n<\/table>","protected":false},"excerpt":{"rendered":"<p>La Bola Cer\u00e1mica \/ Bola Cer\u00e1mica Inerte tiene caracter\u00edsticas qu\u00edmicas estables y un bajo \u00edndice de absorci\u00f3n de agua, resistente a altas temperaturas y altas presiones. Tambi\u00e9n es resistente a la corrosi\u00f3n de \u00e1cidos, \u00e1lcalis y otros disolventes org\u00e1nicos. Pueden soportar los r\u00e1pidos cambios de temperatura durante el proceso de fabricaci\u00f3n.<\/p>\n<p>&nbsp;<\/p>","protected":false},"featured_media":4021,"template":"","meta":{"_seopress_robots_primary_cat":"","_monsterinsights_skip_tracking":false,"_monsterinsights_sitenote_active":false,"_monsterinsights_sitenote_note":"","_monsterinsights_sitenote_category":0,"_joinchat":[]},"product_cat":[84,102],"product_tag":[],"class_list":["post-3543","product","type-product","status-publish","has-post-thumbnail","hentry","product_cat-ceramic-ball","product_cat-ceramic-tower-packing"],"featured_image_urls":{"full":["https:\/\/www.laiko.net\/wp-content\/uploads\/2023\/10\/ceramic-ball-4.jpg",600,350,false],"thumbnail":["https:\/\/www.laiko.net\/wp-content\/uploads\/2023\/10\/ceramic-ball-4-150x150.jpg",150,150,true],"medium":["https:\/\/www.laiko.net\/wp-content\/uploads\/2023\/10\/ceramic-ball-4-300x175.jpg",300,175,true],"medium_large":["https:\/\/www.laiko.net\/wp-content\/uploads\/2023\/10\/ceramic-ball-4.jpg",600,350,false],"large":["https:\/\/www.laiko.net\/wp-content\/uploads\/2023\/10\/ceramic-ball-4.jpg",600,350,false],"1536x1536":["https:\/\/www.laiko.net\/wp-content\/uploads\/2023\/10\/ceramic-ball-4.jpg",600,350,false],"2048x2048":["https:\/\/www.laiko.net\/wp-content\/uploads\/2023\/10\/ceramic-ball-4.jpg",600,350,false],"trp-custom-language-flag":["https:\/\/www.laiko.net\/wp-content\/uploads\/2023\/10\/ceramic-ball-4.jpg",18,12,false],"woocommerce_thumbnail":["https:\/\/www.laiko.net\/wp-content\/uploads\/2023\/10\/ceramic-ball-4-300x175.jpg",300,175,true],"woocommerce_single":["https:\/\/www.laiko.net\/wp-content\/uploads\/2023\/10\/ceramic-ball-4.jpg",600,350,false],"woocommerce_gallery_thumbnail":["https:\/\/www.laiko.net\/wp-content\/uploads\/2023\/10\/ceramic-ball-4-100x100.jpg",100,100,true]},"post_excerpt_stackable":"<p>Ceramic Ball \/Inert Ceramic Ball has stable chemical features and a low rate of water absorption, resistant to high temperature and high pressure. It is also resistant to the corrosion of acid, alkali and some other organic solvents. They can stand the rapid changes in temperature during the manufacturing process.<\/p>\n<p>&nbsp;<\/p>\n","category_list":"","author_info":{"name":"","url":""},"comments_num":"0 comentarios","_links":{"self":[{"href":"https:\/\/www.laiko.net\/es\/wp-json\/wp\/v2\/product\/3543","targetHints":{"allow":["GET"]}}],"collection":[{"href":"https:\/\/www.laiko.net\/es\/wp-json\/wp\/v2\/product"}],"about":[{"href":"https:\/\/www.laiko.net\/es\/wp-json\/wp\/v2\/types\/product"}],"wp:featuredmedia":[{"embeddable":true,"href":"https:\/\/www.laiko.net\/es\/wp-json\/wp\/v2\/media\/4021"}],"wp:attachment":[{"href":"https:\/\/www.laiko.net\/es\/wp-json\/wp\/v2\/media?parent=3543"}],"wp:term":[{"taxonomy":"product_cat","embeddable":true,"href":"https:\/\/www.laiko.net\/es\/wp-json\/wp\/v2\/product_cat?post=3543"},{"taxonomy":"product_tag","embeddable":true,"href":"https:\/\/www.laiko.net\/es\/wp-json\/wp\/v2\/product_tag?post=3543"}],"curies":[{"name":"wp","href":"https:\/\/api.w.org\/{rel}","templated":true}]}}