{"id":3542,"date":"2023-10-28T15:49:15","date_gmt":"2023-10-28T07:49:15","guid":{"rendered":"http:\/\/www3.laiko.net\/?post_type=product&#038;p=3542"},"modified":"2023-11-10T15:48:04","modified_gmt":"2023-11-10T07:48:04","slug":"high-alumina-ball","status":"publish","type":"product","link":"https:\/\/www.laiko.net\/es\/producto\/bola-de-alta-alumina\/","title":{"rendered":"Bola de alta al\u00famina"},"content":{"rendered":"<h2>Visi\u00f3n general de la bola de molienda de alta al\u00famina<\/h2>\n<p>La al\u00famina activada es un importante tipo de\u00a0<a href=\"https:\/\/www.laiko.net\/products\/ceramic-ball\/\" target=\"_self\" rel=\"noopener\">material de embalaje cer\u00e1mico<\/a>\u00a0que tiene las ventajas de gran superficie, muchos microporos, bien dispersante, por lo que tiene una alta afinidad por el agua\/impureza y catalizador activado. Seg\u00fan las aplicaciones de las bolas, existen 3 tipos de sorbente de al\u00famina activada, desecante de al\u00famina activada y soporte de catalizador de al\u00famina activada. Mientras tanto, la composici\u00f3n interior de la fase cristalina se dividi\u00f3 en modo Y y X-P.<\/p>\n<h2>Propiedades f\u00edsicas de los medios de molienda de alta al\u00famina<\/h2>\n<div class=\"overflow_x\">\n<table cellspacing=\"0\" cellpadding=\"0\">\n<tbody>\n<tr class=\"firstRow\">\n<td height=\"74\">Indicadores<\/td>\n<td>Al2O3 %<\/td>\n<td>P\u00e9rdida de encendido %<\/td>\n<td>Superficie\u33a1\/g<\/td>\n<td>Volumen de poro ml\/g<\/td>\n<td>Densidad aparente g\/ml<\/td>\n<td>Resistencia al aplastamiento N\/A<\/td>\n<td>Abrasi\u00f3n %<\/td>\n<td>Tama\u00f1o mm<\/td>\n<\/tr>\n<tr>\n<td rowspan=\"6\" height=\"448\">Requisitos t\u00e9cnicos<\/td>\n<td>\u226592<\/td>\n<td>\u22648.0<\/td>\n<td>\u2265300<\/td>\n<td>\u22650.40<\/td>\n<td>0.70-0.80<\/td>\n<td>\u226560<\/td>\n<td>\u22640.3<\/td>\n<td>\uffe01-3<\/td>\n<\/tr>\n<tr>\n<td>\u226592<\/td>\n<td>\u22648.0<\/td>\n<td>\u2265300<\/td>\n<td>\u22650.40<\/td>\n<td>0.70-0.80<\/td>\n<td>\u2265100<\/td>\n<td>\u22640.3<\/td>\n<td>\uffe02-4<\/td>\n<\/tr>\n<tr>\n<td>\u226592<\/td>\n<td>\u22648.0<\/td>\n<td>\u2265300<\/td>\n<td>\u22650.40<\/td>\n<td>0.70-0.80<\/td>\n<td>\u2265140<\/td>\n<td>\u22640.3<\/td>\n<td>\uffe03-5<\/td>\n<\/tr>\n<tr>\n<td>\u226592<\/td>\n<td>\u22648.0<\/td>\n<td>\u2265300<\/td>\n<td>\u22650.40<\/td>\n<td>0.70-0.80<\/td>\n<td>\u2265180<\/td>\n<td>\u22640.3<\/td>\n<td>\uffe04-6<\/td>\n<\/tr>\n<tr>\n<td>\u226592<\/td>\n<td>\u22648.0<\/td>\n<td>\u2265280<\/td>\n<td>\u22650.40<\/td>\n<td>0.70-0.80<\/td>\n<td>\u2265220<\/td>\n<td>\u22640.3<\/td>\n<td>\uffe05-7<\/td>\n<\/tr>\n<tr>\n<td>\u226592<\/td>\n<td>\u22648.0<\/td>\n<td>\u2265240<\/td>\n<td>\u22650.40<\/td>\n<td>0.70-0.80<\/td>\n<td>\u2265260<\/td>\n<td>\u22640.3<\/td>\n<td>\uffe06-8<\/td>\n<\/tr>\n<\/tbody>\n<\/table>\n<\/div>\n<p>KA401: se utiliza como adsorbente<br \/>\nKA402: es para defluoraci\u00f3n<br \/>\nKA403: es para la absorci\u00f3n en la producci\u00f3n de perixido de hidr\u00f3geno (H2O2)<br \/>\nKA404: es para portador de catalizador<br \/>\nKA405: para deshidrataci\u00f3n y secado en separaci\u00f3n por aire, etc.<\/p>\n<h2>Aplicaci\u00f3n de las bolas de al\u00famina<\/h2>\n<p>Las bolas activadas se utilizan ampliamente en el agente de secado de gas multiforme y l\u00edquido, tambi\u00e9n la funci\u00f3n se utiliza como sorbente, desecante, soporte de catalizador en reactores para la industria petroqu\u00edmica, industria qu\u00edmica, industria de fertilizantes y as\u00ed sucesivamente.<\/p>","protected":false},"excerpt":{"rendered":"<p>La Al\u00famina Activada tiene las ventajas de gran superficie, muchos mciro-poros, bien dispersante, por lo que tiene una alta afinidad por el agua\/impureza y catalizador activado. Seg\u00fan las aplicaciones de las bolas, hay 3 tipos de sorbente de al\u00famina activada, desecante de al\u00famina activada y portador de catalizador de al\u00famina activada. Mientras tanto, la composici\u00f3n interior de la fase cristalina se dividi\u00f3 en modo Y y X-P.<\/p>","protected":false},"featured_media":1296,"template":"","meta":{"_seopress_robots_primary_cat":"","_monsterinsights_skip_tracking":false,"_monsterinsights_sitenote_active":false,"_monsterinsights_sitenote_note":"","_monsterinsights_sitenote_category":0,"_joinchat":[]},"product_cat":[84,102],"product_tag":[],"class_list":["post-3542","product","type-product","status-publish","has-post-thumbnail","hentry","product_cat-ceramic-ball","product_cat-ceramic-tower-packing"],"featured_image_urls":{"full":["https:\/\/www.laiko.net\/wp-content\/uploads\/2023\/10\/frc-ed3841f2570b3d6ef9b21303589c277e.jpg",600,350,false],"thumbnail":["https:\/\/www.laiko.net\/wp-content\/uploads\/2023\/10\/frc-ed3841f2570b3d6ef9b21303589c277e-150x150.jpg",150,150,true],"medium":["https:\/\/www.laiko.net\/wp-content\/uploads\/2023\/10\/frc-ed3841f2570b3d6ef9b21303589c277e-300x175.jpg",300,175,true],"medium_large":["https:\/\/www.laiko.net\/wp-content\/uploads\/2023\/10\/frc-ed3841f2570b3d6ef9b21303589c277e.jpg",600,350,false],"large":["https:\/\/www.laiko.net\/wp-content\/uploads\/2023\/10\/frc-ed3841f2570b3d6ef9b21303589c277e.jpg",600,350,false],"1536x1536":["https:\/\/www.laiko.net\/wp-content\/uploads\/2023\/10\/frc-ed3841f2570b3d6ef9b21303589c277e.jpg",600,350,false],"2048x2048":["https:\/\/www.laiko.net\/wp-content\/uploads\/2023\/10\/frc-ed3841f2570b3d6ef9b21303589c277e.jpg",600,350,false],"trp-custom-language-flag":["https:\/\/www.laiko.net\/wp-content\/uploads\/2023\/10\/frc-ed3841f2570b3d6ef9b21303589c277e.jpg",18,12,false],"woocommerce_thumbnail":["https:\/\/www.laiko.net\/wp-content\/uploads\/2023\/10\/frc-ed3841f2570b3d6ef9b21303589c277e-300x175.jpg",300,175,true],"woocommerce_single":["https:\/\/www.laiko.net\/wp-content\/uploads\/2023\/10\/frc-ed3841f2570b3d6ef9b21303589c277e.jpg",600,350,false],"woocommerce_gallery_thumbnail":["https:\/\/www.laiko.net\/wp-content\/uploads\/2023\/10\/frc-ed3841f2570b3d6ef9b21303589c277e-100x100.jpg",100,100,true]},"post_excerpt_stackable":"<p>Activated Alumina has the advantages of large surface area, many mciro-pores, well disperser, so it has a high affinity for water\/impurity and activated catalyst. According to the applications of balls, there are 3 types of Activated Alumina Sorbent, Activated Alumina Desiccant and Activated Alumina Catalyst carrier. Meantime interior composition of the crystal phase was divided into mode Y and X-P.<\/p>\n","category_list":"","author_info":{"name":"","url":""},"comments_num":"0 comentarios","_links":{"self":[{"href":"https:\/\/www.laiko.net\/es\/wp-json\/wp\/v2\/product\/3542","targetHints":{"allow":["GET"]}}],"collection":[{"href":"https:\/\/www.laiko.net\/es\/wp-json\/wp\/v2\/product"}],"about":[{"href":"https:\/\/www.laiko.net\/es\/wp-json\/wp\/v2\/types\/product"}],"wp:featuredmedia":[{"embeddable":true,"href":"https:\/\/www.laiko.net\/es\/wp-json\/wp\/v2\/media\/1296"}],"wp:attachment":[{"href":"https:\/\/www.laiko.net\/es\/wp-json\/wp\/v2\/media?parent=3542"}],"wp:term":[{"taxonomy":"product_cat","embeddable":true,"href":"https:\/\/www.laiko.net\/es\/wp-json\/wp\/v2\/product_cat?post=3542"},{"taxonomy":"product_tag","embeddable":true,"href":"https:\/\/www.laiko.net\/es\/wp-json\/wp\/v2\/product_tag?post=3542"}],"curies":[{"name":"wp","href":"https:\/\/api.w.org\/{rel}","templated":true}]}}