{"id":3540,"date":"2023-10-28T15:45:12","date_gmt":"2023-10-28T07:45:12","guid":{"rendered":"http:\/\/www3.laiko.net\/?post_type=product&#038;p=3540"},"modified":"2023-10-31T16:55:47","modified_gmt":"2023-10-31T08:55:47","slug":"lanpack","status":"publish","type":"product","link":"https:\/\/www.laiko.net\/es\/producto\/lanpack\/","title":{"rendered":"Lanpack"},"content":{"rendered":"<h2>Par\u00e1metros de Lanpack<\/h2>\n<div class=\"overflow_x\">\n<table width=\"432\" cellspacing=\"0\" cellpadding=\"0\">\n<colgroup>\n<col span=\"6\" width=\"72\" \/><\/colgroup>\n<tbody>\n<tr class=\"firstRow\">\n<td width=\"72\" height=\"32\">Talla<\/td>\n<td width=\"72\">Superficie<\/td>\n<td width=\"72\">Tasa de vac\u00edos<\/td>\n<td width=\"72\">N\u00famero de embalaje<\/td>\n<td width=\"72\">Densidad de embalaje<\/td>\n<td width=\"72\">Factor de embalaje en seco<\/td>\n<\/tr>\n<tr>\n<td width=\"72\" height=\"18\">mm<\/td>\n<td width=\"72\">m2\/m3<\/td>\n<td width=\"72\">%<\/td>\n<td width=\"72\">pieza\/m3<\/td>\n<td width=\"72\">k\/m3<\/td>\n<td width=\"72\">m-1<\/td>\n<\/tr>\n<tr>\n<td width=\"72\" height=\"18\">60<\/td>\n<td width=\"72\">222<\/td>\n<td width=\"72\">89<\/td>\n<td width=\"72\">7060<\/td>\n<td width=\"72\">84<\/td>\n<td width=\"72\">69<\/td>\n<\/tr>\n<tr>\n<td width=\"72\" height=\"18\">90<\/td>\n<td width=\"72\">144<\/td>\n<td width=\"72\">92.5<\/td>\n<td width=\"72\">1760<\/td>\n<td width=\"72\">56<\/td>\n<td width=\"72\">46<\/td>\n<\/tr>\n<\/tbody>\n<\/table>\n<\/div>\n<h2>Caracter\u00edsticas de Lanpack<\/h2>\n<ul class=\"list-paddingleft-2\">\n<li>Gran capacidad de caudal de gas y l\u00edquido<\/li>\n<li>Ca\u00edda de presi\u00f3n extremadamente baja<\/li>\n<li>Alta carga de l\u00edquidos<\/li>\n<li>Alta eficacia de separaci\u00f3n<\/li>\n<li>Alta eficiencia de transferencia de masa<\/li>\n<\/ul>\n<h2>Aplicaci\u00f3n del embalaje Lanpac<\/h2>\n<p>Antes de comprender la Aplicaci\u00f3n de la Empaquetadura Lanpac, en primer lugar, una breve introducci\u00f3n a las ventajas estructurales de la Empaquetadura Lanpac, que nos facilitar\u00e1 la comprensi\u00f3n de su aplicaci\u00f3n.<\/p>\n<p>El dise\u00f1o innovador de la geometr\u00eda de Lanpac Packing tiene una estructura de flujo de embalaje m\u00e1s razonable, peque\u00f1a ca\u00edda de resistencia, fuerte capacidad de procesamiento, alto efecto de transferencia de masa, gran elasticidad de carga, m\u00e1s la fuerza de la estructura de dise\u00f1o de embalaje, mayor vida \u00fatil, y el mismo material para mantener el embalaje no se deforma la temperatura de aplicaci\u00f3n es mayor, estructura de forma elegante y alta relaci\u00f3n de vac\u00edo, tiene excelentes caracter\u00edsticas anti-incrustaciones y anti-obstrucci\u00f3n, mejorar significativamente el \u00e1rea de contacto gas\/l\u00edquido equivalente. Lanpac Packing tiene un dise\u00f1o \u00fanico que proporciona acceso superficial a los l\u00edquidos de escape y depuraci\u00f3n. El producto tiene una eficacia de purga muy alta y ha demostrado ser una excelente empaquetadura de torre para aplicaciones con altas cargas de l\u00edquido.<\/p>\n<p>Las principales aplicaciones de Lanpac Packing se encuentran en las siguientes \u00e1reas:<\/p>\n<p>1. La empaquetadura Lanpac se utiliza en sistemas de absorci\u00f3n de regeneraci\u00f3n de \u00e1cidos en acer\u00edas, as\u00ed como en tanques de decapado, tanques electrol\u00edticos, tanques de almacenamiento y otros lugares especiales. 2. Lanpac Packing tambi\u00e9n se utiliza ampliamente en las industrias qu\u00edmica, farmac\u00e9utica, alimentaria y de protecci\u00f3n del medio ambiente, especialmente para la purificaci\u00f3n profunda de agua potable, aguas residuales, tratamiento de gases residuales y extracci\u00f3n de metales preciosos, recuperaci\u00f3n de disolventes, etc.<\/p>\n<p>2. La empaquetadura Lanpac tambi\u00e9n se aplica en la extracci\u00f3n de gas Torre de empaquetadura para eliminar el PCE de las aguas subterr\u00e1neas.<\/p>\n<p>3. La empaquetadura Lanpac se utiliza para resolver el problema de la destilaci\u00f3n metanol\/agua para los fabricantes de productos farmac\u00e9uticos, despu\u00e9s de aplicar la empaquetadura, se puede duplicar la velocidad de alimentaci\u00f3n, se reduce la ca\u00edda de presi\u00f3n y se mejora la eficiencia de la transferencia de masa;<\/p>\n<p>4. Lanpac Packing tambi\u00e9n se utiliza en las f\u00e1bricas de papel para aumentar el caudal de gas en la torre de lavado de la f\u00e1brica de pasta de 40%, lo que puede reducir la obstrucci\u00f3n.<\/p>\n<p><img decoding=\"async\" title=\"lanpac-embalaje-en-tr\u00e1nsito.jpg\" src=\"https:\/\/laiko.net\/uploads\/image\/20220802\/lanpac-packing-in-transit.jpg\" alt=\"lanpac-embalaje-en-tr\u00e1nsito.jpg\" \/><\/p>","protected":false},"excerpt":{"rendered":"<p>La empaquetadura Lanpack de pl\u00e1stico para empaquetado en torre es la caracter\u00edstica m\u00e1s distintiva. Este dise\u00f1o permite una eficacia de fregado extraordinariamente alta a la vez que minimiza la cantidad de medios y la profundidad de empaquetado necesarios. Mientras tanto, el dise\u00f1o de varillas espaciadas uniformemente puede eliminar en gran medida los atascos. La distribuci\u00f3n vertical descendente de las varillas de cada capa no s\u00f3lo rompe las gotas grandes, sino que tambi\u00e9n forma muchas zonas de contacto gas-l\u00edquido. Esto mejorar\u00e1 la eficiencia de separaci\u00f3n. Embalaje de pl\u00e1stico Lanpack es ampliamente utilizado en lavador h\u00famedo y extracci\u00f3n de gas.<\/p>","protected":false},"featured_media":2518,"template":"","meta":{"_seopress_robots_primary_cat":"","_monsterinsights_skip_tracking":false,"_monsterinsights_sitenote_active":false,"_monsterinsights_sitenote_note":"","_monsterinsights_sitenote_category":0,"_joinchat":[]},"product_cat":[106,104],"product_tag":[],"class_list":["post-3540","product","type-product","status-publish","has-post-thumbnail","hentry","product_cat-lanpack","product_cat-plastic-tower-packing"],"featured_image_urls":{"full":["https:\/\/www.laiko.net\/wp-content\/uploads\/2023\/10\/frc-1c9593058c81c068e00c33cab25d2e42.jpg",600,350,false],"thumbnail":["https:\/\/www.laiko.net\/wp-content\/uploads\/2023\/10\/frc-1c9593058c81c068e00c33cab25d2e42-150x150.jpg",150,150,true],"medium":["https:\/\/www.laiko.net\/wp-content\/uploads\/2023\/10\/frc-1c9593058c81c068e00c33cab25d2e42-300x175.jpg",300,175,true],"medium_large":["https:\/\/www.laiko.net\/wp-content\/uploads\/2023\/10\/frc-1c9593058c81c068e00c33cab25d2e42.jpg",600,350,false],"large":["https:\/\/www.laiko.net\/wp-content\/uploads\/2023\/10\/frc-1c9593058c81c068e00c33cab25d2e42.jpg",600,350,false],"1536x1536":["https:\/\/www.laiko.net\/wp-content\/uploads\/2023\/10\/frc-1c9593058c81c068e00c33cab25d2e42.jpg",600,350,false],"2048x2048":["https:\/\/www.laiko.net\/wp-content\/uploads\/2023\/10\/frc-1c9593058c81c068e00c33cab25d2e42.jpg",600,350,false],"trp-custom-language-flag":["https:\/\/www.laiko.net\/wp-content\/uploads\/2023\/10\/frc-1c9593058c81c068e00c33cab25d2e42.jpg",18,12,false],"woocommerce_thumbnail":["https:\/\/www.laiko.net\/wp-content\/uploads\/2023\/10\/frc-1c9593058c81c068e00c33cab25d2e42-300x175.jpg",300,175,true],"woocommerce_single":["https:\/\/www.laiko.net\/wp-content\/uploads\/2023\/10\/frc-1c9593058c81c068e00c33cab25d2e42.jpg",600,350,false],"woocommerce_gallery_thumbnail":["https:\/\/www.laiko.net\/wp-content\/uploads\/2023\/10\/frc-1c9593058c81c068e00c33cab25d2e42-100x100.jpg",100,100,true]},"post_excerpt_stackable":"<p>Plastic Lanpack Packing For Tower Packing is the most distinguishing feature. This design enables an extraordinarily high scrubbing efficiency while minimizing the amount of media and packing depth required. Meanwhile, Evenly spaced rod design can largely eliminate clogging. Each layer&#8217;s vertical downward rod&#8217;s distribution is not only broken large droplet, but also form many gas-liquid contacting areas. It will improve separation efficiency. Plastic Lanpack Packing is widely used in wet scrubber &amp; gas stripping.<\/p>\n","category_list":"","author_info":{"name":"","url":""},"comments_num":"0 comentarios","_links":{"self":[{"href":"https:\/\/www.laiko.net\/es\/wp-json\/wp\/v2\/product\/3540","targetHints":{"allow":["GET"]}}],"collection":[{"href":"https:\/\/www.laiko.net\/es\/wp-json\/wp\/v2\/product"}],"about":[{"href":"https:\/\/www.laiko.net\/es\/wp-json\/wp\/v2\/types\/product"}],"wp:featuredmedia":[{"embeddable":true,"href":"https:\/\/www.laiko.net\/es\/wp-json\/wp\/v2\/media\/2518"}],"wp:attachment":[{"href":"https:\/\/www.laiko.net\/es\/wp-json\/wp\/v2\/media?parent=3540"}],"wp:term":[{"taxonomy":"product_cat","embeddable":true,"href":"https:\/\/www.laiko.net\/es\/wp-json\/wp\/v2\/product_cat?post=3540"},{"taxonomy":"product_tag","embeddable":true,"href":"https:\/\/www.laiko.net\/es\/wp-json\/wp\/v2\/product_tag?post=3540"}],"curies":[{"name":"wp","href":"https:\/\/api.w.org\/{rel}","templated":true}]}}