{"id":3538,"date":"2023-10-28T15:45:25","date_gmt":"2023-10-28T07:45:25","guid":{"rendered":"http:\/\/www3.laiko.net\/?post_type=product&#038;p=3538"},"modified":"2023-10-31T15:57:37","modified_gmt":"2023-10-31T07:57:37","slug":"ceramic-grinding-ball","status":"publish","type":"product","link":"https:\/\/www.laiko.net\/es\/producto\/bola-ceramica-de-molienda\/","title":{"rendered":"Bolas de cer\u00e1mica para molienda"},"content":{"rendered":"<h2>Ventajas de las bolas de cer\u00e1mica<\/h2>\n<ul class=\"list-paddingleft-2\">\n<li>Resistencia y eliminaci\u00f3n del estafilococo dorado\u226590%<\/li>\n<li>Resistir y matar al bacilo Coli \u226590%<\/li>\n<li>Cantidad de generaci\u00f3n de iones negativos: 150\uff5e300p\/s.cm3<\/li>\n<li>Sustancia mineral insoluble que se libera gradualmente<\/li>\n<\/ul>\n<h2>Principales ingredientes de las bolas de cer\u00e1mica<\/h2>\n<ul class=\"list-paddingleft-2\">\n<li>Nanoplata en polvo: 1%<\/li>\n<li>Piedra Maifan: 50\uff5e60%<\/li>\n<li>\u00d3xido de zinc: aproximadamente 2,5%<\/li>\n<li>Caol\u00edn: 10\uff5e15%<\/li>\n<li>Polvo infrarrojo lejano: 10%<\/li>\n<li>Arcilla de primera calidad: 20\uff5e30%<\/li>\n<\/ul>\n<p>&nbsp;<\/p>\n<h2>Especificaciones de las bolas de amolar cer\u00e1micas<\/h2>\n<p>2-4mm,3-5mm,5-8mm, o personalizado disponible para este\u00a0<a href=\"https:\/\/www.laiko.net\/products\/ceramic-ball\/\" target=\"_self\" rel=\"noopener\">material de embalaje cer\u00e1mico<\/a>.<\/p>\n<h2>Embalaje y almacenamiento de medios de molienda cer\u00e1micos<\/h2>\n<p>Embalaje con bolsas de pl\u00e1stico, 25kg\/bolsa, o personalizado<\/p>\n<p>Proteger de la lluvia y evitar la humedad. Almacenar en un lugar seco.<\/p>\n<h2>Instrucciones de uso de las bolas abrasivas de cer\u00e1mica<\/h2>\n<ol class=\"list-paddingleft-2\">\n<li>Debe lavarse con agua limpia durante dos veces en la primera, entonces se puede utilizar directamente para el tratamiento de agua potable. Nota: la temperatura m\u00e1xima de uso es de 950\u2103.<\/li>\n<li>Antes del ba\u00f1o, para evitar que las peque\u00f1as bolas cer\u00e1micas granuladas se deslicen de la boquilla y provoquen fen\u00f3menos de contusi\u00f3n en el cuerpo humano, es mejor colocar en el interior un trozo de membrana filtrante de algod\u00f3n PP con un di\u00e1metro interior de aproximadamente 5\u00b5m.<\/li>\n<li>Es mejor no utilizar champ\u00fa l\u00edquido \u00e1cido y loci\u00f3n de ba\u00f1o para evitar que la neutralizaci\u00f3n entre el agua alcalina despu\u00e9s de ser tratada por las bolas de cer\u00e1mica y el l\u00edquido de ba\u00f1o \u00e1cido influya en el efecto del ba\u00f1o.<\/li>\n<\/ol>","protected":false},"excerpt":{"rendered":"<div class=\"summary\">\n<p>Un tipo de bola para la protecci\u00f3n del medio ambiente y el cuidado de la salud que est\u00e1 hecha principalmente de turmalina mineral no met\u00e1lica natural, arcilla de porcelana y arcilla de alto grado mediante tecnolog\u00eda de trituraci\u00f3n nanom\u00e9trica, f\u00f3rmula especial y t\u00e9cnicas de aglomeraci\u00f3n, y se utiliza con la bola de cer\u00e1mica para eliminar bacterias de purificadores de agua, fibra textil, etc.<\/p>\n<\/div>","protected":false},"featured_media":1308,"template":"","meta":{"_seopress_robots_primary_cat":"","_monsterinsights_skip_tracking":false,"_monsterinsights_sitenote_active":false,"_monsterinsights_sitenote_note":"","_monsterinsights_sitenote_category":0,"_joinchat":[]},"product_cat":[84,102],"product_tag":[],"class_list":["post-3538","product","type-product","status-publish","has-post-thumbnail","hentry","product_cat-ceramic-ball","product_cat-ceramic-tower-packing"],"featured_image_urls":{"full":["https:\/\/www.laiko.net\/wp-content\/uploads\/2023\/10\/frc-f49035de06940ffd536d485737c8d5a1.jpg",600,350,false],"thumbnail":["https:\/\/www.laiko.net\/wp-content\/uploads\/2023\/10\/frc-f49035de06940ffd536d485737c8d5a1-150x150.jpg",150,150,true],"medium":["https:\/\/www.laiko.net\/wp-content\/uploads\/2023\/10\/frc-f49035de06940ffd536d485737c8d5a1-300x175.jpg",300,175,true],"medium_large":["https:\/\/www.laiko.net\/wp-content\/uploads\/2023\/10\/frc-f49035de06940ffd536d485737c8d5a1.jpg",600,350,false],"large":["https:\/\/www.laiko.net\/wp-content\/uploads\/2023\/10\/frc-f49035de06940ffd536d485737c8d5a1.jpg",600,350,false],"1536x1536":["https:\/\/www.laiko.net\/wp-content\/uploads\/2023\/10\/frc-f49035de06940ffd536d485737c8d5a1.jpg",600,350,false],"2048x2048":["https:\/\/www.laiko.net\/wp-content\/uploads\/2023\/10\/frc-f49035de06940ffd536d485737c8d5a1.jpg",600,350,false],"trp-custom-language-flag":["https:\/\/www.laiko.net\/wp-content\/uploads\/2023\/10\/frc-f49035de06940ffd536d485737c8d5a1.jpg",18,12,false],"woocommerce_thumbnail":["https:\/\/www.laiko.net\/wp-content\/uploads\/2023\/10\/frc-f49035de06940ffd536d485737c8d5a1-300x175.jpg",300,175,true],"woocommerce_single":["https:\/\/www.laiko.net\/wp-content\/uploads\/2023\/10\/frc-f49035de06940ffd536d485737c8d5a1.jpg",600,350,false],"woocommerce_gallery_thumbnail":["https:\/\/www.laiko.net\/wp-content\/uploads\/2023\/10\/frc-f49035de06940ffd536d485737c8d5a1-100x100.jpg",100,100,true]},"post_excerpt_stackable":"<div class=\"summary\">\n<p>One kind of environmental protection and health care ball that is mainly made of the natural nonmetal mineral tourmaline, porcelain clay and high-grade clay by nanometer comminution technology, special formula and agglomeration techniques, and used with the ceramic ball for eliminating bacterium of water purifiers, textile fiber, etc.<\/p>\n<\/div>\n","category_list":"","author_info":{"name":"","url":""},"comments_num":"0 comentarios","_links":{"self":[{"href":"https:\/\/www.laiko.net\/es\/wp-json\/wp\/v2\/product\/3538","targetHints":{"allow":["GET"]}}],"collection":[{"href":"https:\/\/www.laiko.net\/es\/wp-json\/wp\/v2\/product"}],"about":[{"href":"https:\/\/www.laiko.net\/es\/wp-json\/wp\/v2\/types\/product"}],"wp:featuredmedia":[{"embeddable":true,"href":"https:\/\/www.laiko.net\/es\/wp-json\/wp\/v2\/media\/1308"}],"wp:attachment":[{"href":"https:\/\/www.laiko.net\/es\/wp-json\/wp\/v2\/media?parent=3538"}],"wp:term":[{"taxonomy":"product_cat","embeddable":true,"href":"https:\/\/www.laiko.net\/es\/wp-json\/wp\/v2\/product_cat?post=3538"},{"taxonomy":"product_tag","embeddable":true,"href":"https:\/\/www.laiko.net\/es\/wp-json\/wp\/v2\/product_tag?post=3538"}],"curies":[{"name":"wp","href":"https:\/\/api.w.org\/{rel}","templated":true}]}}