{"id":3536,"date":"2023-09-28T15:38:42","date_gmt":"2023-09-28T07:38:42","guid":{"rendered":"http:\/\/www3.laiko.net\/?post_type=product&#038;p=3536"},"modified":"2023-11-10T15:01:30","modified_gmt":"2023-11-10T07:01:30","slug":"fire-arresting-material","status":"publish","type":"product","link":"https:\/\/www.laiko.net\/es\/producto\/material-ignifugo\/","title":{"rendered":"Material ign\u00edfugo"},"content":{"rendered":"<h2>Par\u00e1metros del material ign\u00edfugo<\/h2>\n<div class=\"overflow_x\">\n<table cellspacing=\"0\">\n<tbody>\n<tr class=\"firstRow\">\n<td valign=\"top\">Art\u00edculos<\/td>\n<td valign=\"top\">Variaci\u00f3n admisible<\/td>\n<\/tr>\n<tr>\n<td valign=\"center\">h(mm)<\/td>\n<td valign=\"center\">\u00b10,02 mm<\/td>\n<\/tr>\n<tr>\n<td valign=\"center\">\u03bb(mm)<\/td>\n<td valign=\"center\">\u00b10,05 mm<\/td>\n<\/tr>\n<tr>\n<td valign=\"center\">\u03b1<\/td>\n<td valign=\"center\">\u00b15\u00b0<\/td>\n<\/tr>\n<tr>\n<td valign=\"center\">L(mm)<\/td>\n<td valign=\"center\">\u00b10,2 mm<\/td>\n<\/tr>\n<tr>\n<td valign=\"center\">D(mm)<\/td>\n<td valign=\"center\">\u00b10,2mm(D\uff1e120~400mm)<\/td>\n<\/tr>\n<\/tbody>\n<\/table>\n<\/div>\n<h2>Visi\u00f3n general del material ign\u00edfugo<\/h2>\n<p>El Matenal Ign\u00edfugo se compone de placas onduladas alrededor de un determinado tama\u00f1o de la placa del eje. La empresa determina el di\u00e1metro del n\u00facleo ondulado ign\u00edfugo y el di\u00e1metro del eje. Los par\u00e1metros del grosor, la anchura, el \u00e1ngulo del v\u00e9rtice, la altura del pico y la separaci\u00f3n del pico del cart\u00f3n ondulado utilizado para enrollar el n\u00facleo ondulado ign\u00edfugo tambi\u00e9n los determina la empresa (las cuestiones espec\u00edficas se determinan en funci\u00f3n de la capacidad real de procesamiento). El cart\u00f3n ondulado se fabrica con una chapa de acero inoxidable 304 de un grosor determinado. Donde h es la altura de onda, \u03bb es el paso de onda, \u03b4 es el espesor de la chapa ondulada 0,1 mm, \u03b1 es el \u00e1ngulo de v\u00e9rtice 90\u00b0, y L es la anchura de la banda ondulada. Se prefiere el valor h de altura de onda para cumplir las condiciones. Si otras condiciones de procesamiento no pueden cumplir los requisitos establecidos por la empresa, aseg\u00farese primero de que el valor de la altura de onda h cumple las condiciones de dise\u00f1o. La distancia de onda \u03bb y el \u00e1ngulo de v\u00e9rtice \u03b1 satisfacen una de ellas. Adem\u00e1s, el grosor del cart\u00f3n ondulado es de 0,1 mm, el \u00e1ngulo del v\u00e9rtice es de 90\u00b0 y el material es 304.<\/p>\n<h2>Ventajas del material ign\u00edfugo<\/h2>\n<ul class=\"list-paddingleft-2\">\n<li>Evitar eficazmente la propagaci\u00f3n de gases inflamables, llamas l\u00edquidas<\/li>\n<li>Evitar el templado y provocar una explosi\u00f3n<\/li>\n<\/ul>","protected":false},"excerpt":{"rendered":"<p>El material apagallamas es uno de los componentes m\u00e1s importantes de un apagallamas. Los apagallamas pueden impedir eficazmente la propagaci\u00f3n de la llama de gases y l\u00edquidos inflamables y evitar que se atemperen y provoquen una explosi\u00f3n. Las placas onduladas ign\u00edfugas de estos apagallamas suelen ondularse prensando tiras de acero inoxidable o materiales de aleaci\u00f3n de cobre y n\u00edquel. El tama\u00f1o de las ondulaciones viene determinado por la naturaleza del gas y la velocidad de retardo de la llama.<\/p>","protected":false},"featured_media":2556,"template":"","meta":{"_seopress_robots_primary_cat":"","_monsterinsights_skip_tracking":false,"_monsterinsights_sitenote_active":false,"_monsterinsights_sitenote_note":"","_monsterinsights_sitenote_category":0,"_joinchat":[]},"product_cat":[108,103],"product_tag":[],"class_list":["post-3536","product","type-product","status-publish","has-post-thumbnail","hentry","product_cat-fire-arresting-material","product_cat-metal-tower-packing"],"featured_image_urls":{"full":["https:\/\/www.laiko.net\/wp-content\/uploads\/2023\/10\/frc-3c81e929594dadd7c36ed39a01ce674a.jpg",600,350,false],"thumbnail":["https:\/\/www.laiko.net\/wp-content\/uploads\/2023\/10\/frc-3c81e929594dadd7c36ed39a01ce674a-150x150.jpg",150,150,true],"medium":["https:\/\/www.laiko.net\/wp-content\/uploads\/2023\/10\/frc-3c81e929594dadd7c36ed39a01ce674a-300x175.jpg",300,175,true],"medium_large":["https:\/\/www.laiko.net\/wp-content\/uploads\/2023\/10\/frc-3c81e929594dadd7c36ed39a01ce674a.jpg",600,350,false],"large":["https:\/\/www.laiko.net\/wp-content\/uploads\/2023\/10\/frc-3c81e929594dadd7c36ed39a01ce674a.jpg",600,350,false],"1536x1536":["https:\/\/www.laiko.net\/wp-content\/uploads\/2023\/10\/frc-3c81e929594dadd7c36ed39a01ce674a.jpg",600,350,false],"2048x2048":["https:\/\/www.laiko.net\/wp-content\/uploads\/2023\/10\/frc-3c81e929594dadd7c36ed39a01ce674a.jpg",600,350,false],"trp-custom-language-flag":["https:\/\/www.laiko.net\/wp-content\/uploads\/2023\/10\/frc-3c81e929594dadd7c36ed39a01ce674a.jpg",18,12,false],"woocommerce_thumbnail":["https:\/\/www.laiko.net\/wp-content\/uploads\/2023\/10\/frc-3c81e929594dadd7c36ed39a01ce674a-300x175.jpg",300,175,true],"woocommerce_single":["https:\/\/www.laiko.net\/wp-content\/uploads\/2023\/10\/frc-3c81e929594dadd7c36ed39a01ce674a.jpg",600,350,false],"woocommerce_gallery_thumbnail":["https:\/\/www.laiko.net\/wp-content\/uploads\/2023\/10\/frc-3c81e929594dadd7c36ed39a01ce674a-100x100.jpg",100,100,true]},"post_excerpt_stackable":"<p>Fire-arresting material is one of the most important components of a flame arrester. Flame arresters can effectively prevent the flame spread of flammable gas and liquid and prevent tempering and causing an explosion. The flame retardant corrugated plates in such flame arresters are usually corrugated by pressing stainless steel strips or copper-nickel alloy materials. The size of the corrugations is determined by the nature of the gas and the flame retarding speed.<\/p>\n","category_list":"","author_info":{"name":"","url":""},"comments_num":"0 comentarios","_links":{"self":[{"href":"https:\/\/www.laiko.net\/es\/wp-json\/wp\/v2\/product\/3536","targetHints":{"allow":["GET"]}}],"collection":[{"href":"https:\/\/www.laiko.net\/es\/wp-json\/wp\/v2\/product"}],"about":[{"href":"https:\/\/www.laiko.net\/es\/wp-json\/wp\/v2\/types\/product"}],"wp:featuredmedia":[{"embeddable":true,"href":"https:\/\/www.laiko.net\/es\/wp-json\/wp\/v2\/media\/2556"}],"wp:attachment":[{"href":"https:\/\/www.laiko.net\/es\/wp-json\/wp\/v2\/media?parent=3536"}],"wp:term":[{"taxonomy":"product_cat","embeddable":true,"href":"https:\/\/www.laiko.net\/es\/wp-json\/wp\/v2\/product_cat?post=3536"},{"taxonomy":"product_tag","embeddable":true,"href":"https:\/\/www.laiko.net\/es\/wp-json\/wp\/v2\/product_tag?post=3536"}],"curies":[{"name":"wp","href":"https:\/\/api.w.org\/{rel}","templated":true}]}}