{"id":3532,"date":"2023-10-28T15:23:32","date_gmt":"2023-10-28T07:23:32","guid":{"rendered":"http:\/\/www3.laiko.net\/?post_type=product&#038;p=3532"},"modified":"2023-10-28T15:23:33","modified_gmt":"2023-10-28T07:23:33","slug":"water-removal-agent-for-lithium-ion-battery-electrolytes","status":"publish","type":"product","link":"https:\/\/www.laiko.net\/es\/producto\/agente-de-eliminacion-de-agua-para-electrolitos-de-baterias-de-iones-de-litio\/","title":{"rendered":"Eliminador de agua para electrolitos de bater\u00edas de iones de litio"},"content":{"rendered":"<h2>Aplicaci\u00f3n:<\/h2>\n<p>Naike Chemical ha desarrollado un material f\u00edsico actualizado para la eliminaci\u00f3n del agua dise\u00f1ado espec\u00edficamente para la industria de las bater\u00edas de litio. Este material poroso a base de litio permanece estable y no reacciona qu\u00edmicamente con el electrolito. En su lugar, adsorbe el agua del electrolito de la bater\u00eda de iones de litio. Idealmente, con nuestro material f\u00edsico de eliminaci\u00f3n de agua actualizado se pueden conseguir eficiencias de eliminaci\u00f3n de agua inferiores a 10PPM. Esto asegurar\u00e1 la pureza del electrolito al no introducir grandes cantidades de impurezas durante la deshidrataci\u00f3n. En particular, Naike Chemical ofrece servicios de reciclaje post-uso que apoyan el intercambio de materiales gastados por otros frescos, de modo que los materiales f\u00edsicos de eliminaci\u00f3n de agua pueden reutilizarse m\u00faltiples veces. En determinadas condiciones, se espera que el material se recicle m\u00e1s de 10 veces, lo que no s\u00f3lo lo hace respetuoso con el medio ambiente y eficiente energ\u00e9ticamente, sino que tambi\u00e9n reduce el coste de fabricaci\u00f3n de los electrolitos de las bater\u00edas de iones de litio.<\/p>\n<h2>Ventajas de nuestra actualizaci\u00f3n f\u00edsica<\/h2>\n<h2>material de eliminaci\u00f3n de agua:<\/h2>\n<div class=\"overflow_x\">\n<table cellspacing=\"0\" cellpadding=\"0\">\n<colgroup>\n<col width=\"85\" \/>\n<col width=\"72\" \/>\n<col width=\"83\" \/>\n<col span=\"3\" width=\"72\" \/>\n<col width=\"42\" \/>\n<col span=\"2\" width=\"72\" \/>\n<col width=\"91\" \/><\/colgroup>\n<tbody>\n<tr class=\"firstRow\">\n<td colspan=\"3\">Art\u00edculos<\/td>\n<td colspan=\"4\">Material f\u00edsico de eliminaci\u00f3n de agua actualizado<\/td>\n<td colspan=\"3\">Eliminaci\u00f3n qu\u00edmica del agua<\/td>\n<\/tr>\n<tr>\n<td colspan=\"3\">Efectos de la eliminaci\u00f3n del agua<\/td>\n<td colspan=\"4\">Por debajo de 10PPM<\/td>\n<td colspan=\"3\">Por debajo de 10PPM<\/td>\n<\/tr>\n<tr>\n<td colspan=\"3\">Impureza<\/td>\n<td colspan=\"4\">\u00a0Trazas de iones<\/td>\n<td colspan=\"3\">Grandes cantidades de iones<\/td>\n<\/tr>\n<tr>\n<td colspan=\"3\">Pureza del electrolito<\/td>\n<td colspan=\"4\">Alta<\/td>\n<td colspan=\"3\">Bajo<\/td>\n<\/tr>\n<tr>\n<td colspan=\"3\">Proceso de cristalizaci\u00f3n<\/td>\n<td colspan=\"4\">Conveniencia<\/td>\n<td colspan=\"3\">Complejidad<\/td>\n<\/tr>\n<tr>\n<td colspan=\"3\">Vida \u00fatil<\/td>\n<td colspan=\"4\">Uso c\u00edclico a largo plazo<\/td>\n<td colspan=\"3\">Desechable<\/td>\n<\/tr>\n<tr>\n<td colspan=\"3\">Coste inicial<\/td>\n<td colspan=\"4\">Moderado<\/td>\n<td colspan=\"3\">Caro<\/td>\n<\/tr>\n<tr>\n<td colspan=\"3\">Coste final<\/td>\n<td colspan=\"4\">Bajo<\/td>\n<td colspan=\"3\">Alta<\/td>\n<\/tr>\n<\/tbody>\n<\/table>\n<\/div>\n<h2>Ventajas de nuestra actualizaci\u00f3n f\u00edsica<\/h2>\n<h2>material de eliminaci\u00f3n de agua:<\/h2>\n<div class=\"overflow_x\">\n<table width=\"733\" cellspacing=\"0\" cellpadding=\"0\">\n<colgroup>\n<col width=\"85\" \/>\n<col width=\"72\" \/>\n<col width=\"83\" \/>\n<col span=\"3\" width=\"72\" \/>\n<col width=\"42\" \/>\n<col span=\"2\" width=\"72\" \/>\n<col width=\"91\" \/><\/colgroup>\n<tbody>\n<tr class=\"firstRow\">\n<td colspan=\"3\" width=\"240\" height=\"39\">Art\u00edculos<\/td>\n<td colspan=\"4\" width=\"258\">\u00a0Material f\u00edsico de eliminaci\u00f3n de agua actualizado<\/td>\n<td colspan=\"3\" width=\"235\">Materiales f\u00edsicos tradicionales para la eliminaci\u00f3n del agua<\/td>\n<\/tr>\n<tr>\n<td colspan=\"3\" width=\"240\" height=\"27\">Efectos de la eliminaci\u00f3n del agua<\/td>\n<td colspan=\"4\" width=\"258\">Por debajo de 10PPM<\/td>\n<td colspan=\"3\" width=\"235\">Por debajo de 10PPM<\/td>\n<\/tr>\n<tr>\n<td colspan=\"3\" width=\"240\" height=\"27\">\u00cdndice de absorci\u00f3n del l\u00edquido original<\/td>\n<td colspan=\"4\" width=\"258\">\u00a0Ninguno<\/td>\n<td colspan=\"3\" width=\"235\">Cantidad determinada o superior<\/td>\n<\/tr>\n<tr>\n<td colspan=\"3\" width=\"240\" height=\"27\">Impureza<\/td>\n<td colspan=\"4\" width=\"258\">\u00a0Trazas de cationes<\/td>\n<td colspan=\"3\" width=\"235\">Grandes cantidades de aniones<\/td>\n<\/tr>\n<tr>\n<td colspan=\"3\" width=\"240\" height=\"27\">Cristalizaci\u00f3n<\/td>\n<td colspan=\"4\" width=\"258\">Alta<\/td>\n<td colspan=\"3\" width=\"235\">\u00a0Medio<\/td>\n<\/tr>\n<tr>\n<td colspan=\"3\" width=\"240\" height=\"27\">Vida \u00fatil<\/td>\n<td colspan=\"4\" width=\"258\">Uso c\u00edclico a largo plazo<\/td>\n<td colspan=\"3\" width=\"235\">Uso c\u00edclico a largo plazo<\/td>\n<\/tr>\n<tr>\n<td colspan=\"3\" width=\"240\" height=\"27\">Coste inicial<\/td>\n<td colspan=\"4\" width=\"258\">Alta<\/td>\n<td colspan=\"3\" width=\"235\">Bajo<\/td>\n<\/tr>\n<tr>\n<td colspan=\"3\" width=\"240\" height=\"27\">Coste final<\/td>\n<td colspan=\"4\" width=\"258\">Bajo<\/td>\n<td colspan=\"3\" width=\"235\">Alta<\/td>\n<\/tr>\n<\/tbody>\n<\/table>\n<\/div>\n<h2>Especificaci\u00f3n:<\/h2>\n<p>Los efectos significativos de nuestro agente f\u00edsico actualizado de eliminaci\u00f3n de agua en la mejora del rendimiento de las bater\u00edas de iones de litio se demuestran principalmente por:<\/p>\n<p>1. Mayor estabilidad t\u00e9rmica<\/p>\n<p>2. Mayor conductividad el\u00e9ctrica<\/p>\n<p>3. Mejor resistencia a la hidr\u00f3lisis<\/p>\n<p>4. Mejor rendimiento a bajas temperaturas<\/p>","protected":false},"excerpt":{"rendered":"<p>Como los electrolitos son muy sensibles a la humedad, la eliminaci\u00f3n del agua es un componente crucial en la producci\u00f3n de electrolitos para bater\u00edas de iones de litio. En la actualidad, los m\u00e9todos de eliminaci\u00f3n de agua para electrolitos de bater\u00edas de iones de litio son principalmente la eliminaci\u00f3n f\u00edsica y qu\u00edmica del agua. La eliminaci\u00f3n qu\u00edmica del agua utiliza agentes qu\u00edmicos para eliminar el agua de los electrolitos. Sin embargo, tambi\u00e9n introduce otras impurezas, lo que complica la purificaci\u00f3n. Adem\u00e1s, los agentes qu\u00edmicos de eliminaci\u00f3n de agua son consumibles caros que no pueden reciclarse y aumentar\u00e1n el coste de fabricaci\u00f3n de los electrolitos de las bater\u00edas de iones de litio.<\/p>","protected":false},"featured_media":3533,"template":"","meta":{"_seopress_robots_primary_cat":"","_monsterinsights_skip_tracking":false,"_monsterinsights_sitenote_active":false,"_monsterinsights_sitenote_note":"","_monsterinsights_sitenote_category":0,"_joinchat":[]},"product_cat":[97],"product_tag":[],"class_list":["post-3532","product","type-product","status-publish","has-post-thumbnail","hentry","product_cat-water-removal-agent-for-lithium-ion-battery-electrolytes"],"featured_image_urls":{"full":["https:\/\/www.laiko.net\/wp-content\/uploads\/2023\/10\/6R4A2787-scaled.jpg",2560,1707,false],"thumbnail":["https:\/\/www.laiko.net\/wp-content\/uploads\/2023\/10\/6R4A2787-150x150.jpg",150,150,true],"medium":["https:\/\/www.laiko.net\/wp-content\/uploads\/2023\/10\/6R4A2787-300x200.jpg",300,200,true],"medium_large":["https:\/\/www.laiko.net\/wp-content\/uploads\/2023\/10\/6R4A2787-768x512.jpg",768,512,true],"large":["https:\/\/www.laiko.net\/wp-content\/uploads\/2023\/10\/6R4A2787-1024x683.jpg",1024,683,true],"1536x1536":["https:\/\/www.laiko.net\/wp-content\/uploads\/2023\/10\/6R4A2787-1536x1024.jpg",1536,1024,true],"2048x2048":["https:\/\/www.laiko.net\/wp-content\/uploads\/2023\/10\/6R4A2787-2048x1365.jpg",2048,1365,true],"trp-custom-language-flag":["https:\/\/www.laiko.net\/wp-content\/uploads\/2023\/10\/6R4A2787-scaled.jpg",18,12,false],"woocommerce_thumbnail":["https:\/\/www.laiko.net\/wp-content\/uploads\/2023\/10\/6R4A2787-300x200.jpg",300,200,true],"woocommerce_single":["https:\/\/www.laiko.net\/wp-content\/uploads\/2023\/10\/6R4A2787-600x400.jpg",600,400,true],"woocommerce_gallery_thumbnail":["https:\/\/www.laiko.net\/wp-content\/uploads\/2023\/10\/6R4A2787-100x100.jpg",100,100,true]},"post_excerpt_stackable":"<p>As electrolytes are highly sensitive to moisture, water removal is a crucial component in the production of electrolytes for lithium-ion batteries. Currently, water removal methods for Li-ion battery electrolytes are mainly physical and chemical water removal. Chemical water removal uses chemical agents to remove water from electrolytes. However, it will also introduces other impurities, making purification more complicated. In addition, chemical dewatering agents are expensive consumables that cannot be recycled and will increase the manufacturing cost of lithium-ion battery electrolytes.<\/p>\n","category_list":"","author_info":{"name":"","url":""},"comments_num":"0 comentarios","_links":{"self":[{"href":"https:\/\/www.laiko.net\/es\/wp-json\/wp\/v2\/product\/3532","targetHints":{"allow":["GET"]}}],"collection":[{"href":"https:\/\/www.laiko.net\/es\/wp-json\/wp\/v2\/product"}],"about":[{"href":"https:\/\/www.laiko.net\/es\/wp-json\/wp\/v2\/types\/product"}],"wp:featuredmedia":[{"embeddable":true,"href":"https:\/\/www.laiko.net\/es\/wp-json\/wp\/v2\/media\/3533"}],"wp:attachment":[{"href":"https:\/\/www.laiko.net\/es\/wp-json\/wp\/v2\/media?parent=3532"}],"wp:term":[{"taxonomy":"product_cat","embeddable":true,"href":"https:\/\/www.laiko.net\/es\/wp-json\/wp\/v2\/product_cat?post=3532"},{"taxonomy":"product_tag","embeddable":true,"href":"https:\/\/www.laiko.net\/es\/wp-json\/wp\/v2\/product_tag?post=3532"}],"curies":[{"name":"wp","href":"https:\/\/api.w.org\/{rel}","templated":true}]}}