{"id":3528,"date":"2023-10-28T14:59:51","date_gmt":"2023-10-28T06:59:51","guid":{"rendered":"http:\/\/www3.laiko.net\/?post_type=product&#038;p=3528"},"modified":"2023-10-31T16:53:35","modified_gmt":"2023-10-31T08:53:35","slug":"plastic-snowflake-ring","status":"publish","type":"product","link":"https:\/\/www.laiko.net\/es\/producto\/anillo-copo-de-nieve-de-plastico\/","title":{"rendered":"Anillo copo de nieve de pl\u00e1stico"},"content":{"rendered":"<h2>Par\u00e1metros del anillo de pl\u00e1stico en forma de copo de nieve<\/h2>\n<div class=\"overflow_x\">\n<table>\n<colgroup>\n<col \/>\n<col \/>\n<col \/>\n<col \/>\n<col \/>\n<col \/>\n<col \/>\n<col \/>\n<col \/><\/colgroup>\n<tbody>\n<tr class=\"firstRow\">\n<td colspan=\"2\" height=\"14\">Rendimiento\/Material<\/td>\n<td height=\"14\">PE<\/td>\n<td height=\"14\">PP<\/td>\n<td height=\"14\">RPP<\/td>\n<td height=\"14\">PVC<\/td>\n<td height=\"14\">CPVC<\/td>\n<td colspan=\"2\" height=\"14\">PVDF<\/td>\n<\/tr>\n<tr>\n<td colspan=\"2\" height=\"14\">Densidad(g\/cm3)<\/td>\n<td height=\"14\">0.94-0.96<\/td>\n<td height=\"14\">0.89-0.91<\/td>\n<td height=\"14\">0.93-0.94<\/td>\n<td height=\"14\">1.32-1.44<\/td>\n<td height=\"14\">1.50-1.54<\/td>\n<td colspan=\"2\" height=\"14\">1.75-1.78<\/td>\n<\/tr>\n<tr>\n<td colspan=\"2\" height=\"14\">Operaci\u00f3n Temp(\u2103)<\/td>\n<td height=\"14\">90<\/td>\n<td height=\"14\">&gt;100<\/td>\n<td height=\"14\">&gt;120<\/td>\n<td height=\"14\">&gt;60<\/td>\n<td height=\"14\">&gt;90<\/td>\n<td colspan=\"2\" height=\"14\">&gt;150<\/td>\n<\/tr>\n<tr>\n<td colspan=\"2\" height=\"14\">Resistencia a la corrosi\u00f3n qu\u00edmica<\/td>\n<td height=\"14\">Bien<\/td>\n<td height=\"14\">Bien<\/td>\n<td height=\"14\">Bien<\/td>\n<td height=\"14\">Bien<\/td>\n<td height=\"14\">Bien<\/td>\n<td colspan=\"2\" height=\"14\">Bien<\/td>\n<\/tr>\n<tr>\n<td colspan=\"2\" height=\"14\">Resistencia a la compresi\u00f3n (MPa)<\/td>\n<td height=\"14\">&gt;6.0<\/td>\n<td height=\"14\">&gt;6.5<\/td>\n<td height=\"14\">&gt;7.0<\/td>\n<td height=\"14\">&gt;6.0<\/td>\n<td height=\"14\">&gt;8.0<\/td>\n<td colspan=\"2\" height=\"14\">&gt;10.0<\/td>\n<\/tr>\n<\/tbody>\n<\/table>\n<\/div>\n<h2>Ventajas del anillo copo de nieve de pl\u00e1stico<\/h2>\n<ul class=\"list-paddingleft-2\">\n<li>Alto volumen libre<\/li>\n<li>Baja ca\u00edda de presi\u00f3n<\/li>\n<li>Baja altura de la unidad de transferencia de masa<\/li>\n<li>Punto alto de inundaci\u00f3n<\/li>\n<li>Peso espec\u00edfico peque\u00f1o<\/li>\n<li>Alta eficiencia de transferencia de masa<\/li>\n<\/ul>","protected":false},"excerpt":{"rendered":"<p>Para la m\u00e1xima torre de rendimiento, Snowflake Ring ofrece una combinaci\u00f3n \u00fanica de eficacia de separaci\u00f3n superior y alta capacidad. Se aplica ampliamente en la industria de procesamiento qu\u00edmico, incluida la producci\u00f3n de cloro y bromo. Es el dispositivo de transferencia de masa preferido para depuradores de emergencia en procesos en los que intervienen hal\u00f3genos debido a su rendimiento superior en un amplio rango de funcionamiento. Se utiliza a menudo en aplicaciones medioambientales, como la depuraci\u00f3n y el decapado.<\/p>","protected":false},"featured_media":3062,"template":"","meta":{"_seopress_robots_primary_cat":"","_monsterinsights_skip_tracking":false,"_monsterinsights_sitenote_active":false,"_monsterinsights_sitenote_note":"","_monsterinsights_sitenote_category":0,"_joinchat":[]},"product_cat":[104,105],"product_tag":[],"class_list":["post-3528","product","type-product","status-publish","has-post-thumbnail","hentry","product_cat-plastic-tower-packing","product_cat-snowflake-ring-packing"],"featured_image_urls":{"full":["https:\/\/www.laiko.net\/wp-content\/uploads\/2023\/10\/frc-86973adffb2bda8473e9b028ca6531f4.jpg",600,350,false],"thumbnail":["https:\/\/www.laiko.net\/wp-content\/uploads\/2023\/10\/frc-86973adffb2bda8473e9b028ca6531f4-150x150.jpg",150,150,true],"medium":["https:\/\/www.laiko.net\/wp-content\/uploads\/2023\/10\/frc-86973adffb2bda8473e9b028ca6531f4-300x175.jpg",300,175,true],"medium_large":["https:\/\/www.laiko.net\/wp-content\/uploads\/2023\/10\/frc-86973adffb2bda8473e9b028ca6531f4.jpg",600,350,false],"large":["https:\/\/www.laiko.net\/wp-content\/uploads\/2023\/10\/frc-86973adffb2bda8473e9b028ca6531f4.jpg",600,350,false],"1536x1536":["https:\/\/www.laiko.net\/wp-content\/uploads\/2023\/10\/frc-86973adffb2bda8473e9b028ca6531f4.jpg",600,350,false],"2048x2048":["https:\/\/www.laiko.net\/wp-content\/uploads\/2023\/10\/frc-86973adffb2bda8473e9b028ca6531f4.jpg",600,350,false],"trp-custom-language-flag":["https:\/\/www.laiko.net\/wp-content\/uploads\/2023\/10\/frc-86973adffb2bda8473e9b028ca6531f4.jpg",18,12,false],"woocommerce_thumbnail":["https:\/\/www.laiko.net\/wp-content\/uploads\/2023\/10\/frc-86973adffb2bda8473e9b028ca6531f4-300x175.jpg",300,175,true],"woocommerce_single":["https:\/\/www.laiko.net\/wp-content\/uploads\/2023\/10\/frc-86973adffb2bda8473e9b028ca6531f4.jpg",600,350,false],"woocommerce_gallery_thumbnail":["https:\/\/www.laiko.net\/wp-content\/uploads\/2023\/10\/frc-86973adffb2bda8473e9b028ca6531f4-100x100.jpg",100,100,true]},"post_excerpt_stackable":"<p>For the maximum tower of performance, Snowflake Ring offers a unique combination of superior separation efficiency and high capacity. It is widely applied in the Chemical Processing Industry, including Chlorine and Bromine Production. It is the preferred mass transfer device for emergency scrubbers in processes involving halogens because of its superior performance over a wide operating range. It is often used in environmental applications, such as scrubbing and stripping.<\/p>\n","category_list":"","author_info":{"name":"","url":""},"comments_num":"0 comentarios","_links":{"self":[{"href":"https:\/\/www.laiko.net\/es\/wp-json\/wp\/v2\/product\/3528","targetHints":{"allow":["GET"]}}],"collection":[{"href":"https:\/\/www.laiko.net\/es\/wp-json\/wp\/v2\/product"}],"about":[{"href":"https:\/\/www.laiko.net\/es\/wp-json\/wp\/v2\/types\/product"}],"wp:featuredmedia":[{"embeddable":true,"href":"https:\/\/www.laiko.net\/es\/wp-json\/wp\/v2\/media\/3062"}],"wp:attachment":[{"href":"https:\/\/www.laiko.net\/es\/wp-json\/wp\/v2\/media?parent=3528"}],"wp:term":[{"taxonomy":"product_cat","embeddable":true,"href":"https:\/\/www.laiko.net\/es\/wp-json\/wp\/v2\/product_cat?post=3528"},{"taxonomy":"product_tag","embeddable":true,"href":"https:\/\/www.laiko.net\/es\/wp-json\/wp\/v2\/product_tag?post=3528"}],"curies":[{"name":"wp","href":"https:\/\/api.w.org\/{rel}","templated":true}]}}