{"id":3525,"date":"2023-10-28T14:47:25","date_gmt":"2023-10-28T06:47:25","guid":{"rendered":"http:\/\/www3.laiko.net\/?post_type=product&#038;p=3525"},"modified":"2023-10-31T16:21:17","modified_gmt":"2023-10-31T08:21:17","slug":"metal-tellerette-ring","status":"publish","type":"product","link":"https:\/\/www.laiko.net\/es\/producto\/anillo-de-metal-tellerette\/","title":{"rendered":"Anillo de metal Tellerette"},"content":{"rendered":"<h2>Par\u00e1metros del anillo de metal Tellerette<\/h2>\n<div class=\"overflow_x\">\n<table>\n<tbody>\n<tr class=\"firstRow\">\n<td colspan=\"1\" rowspan=\"1\" height=\"20\">\n<div data-spm-anchor-id=\"a2700.details.pronpeci14.i2.5c9eebfdRu81dA\">Nombre del producto<\/div>\n<\/td>\n<td colspan=\"1\" rowspan=\"1\" height=\"20\">\n<div>Art\u00edculo<\/div>\n<\/td>\n<td colspan=\"1\" rowspan=\"1\" height=\"20\">\n<div>Tama\u00f1o D*H*T(mm)<\/div>\n<\/td>\n<td colspan=\"1\" rowspan=\"1\" height=\"20\">\n<div>N\u00famero por m\u00b3<\/div>\n<\/td>\n<td colspan=\"1\" rowspan=\"1\" height=\"20\">\n<div data-spm-anchor-id=\"a2700.details.pronpeci14.i3.5c9eebfdRu81dA\">Superficie m2\/m\u00b3<\/div>\n<\/td>\n<td colspan=\"1\" rowspan=\"1\" height=\"20\">\n<div>Volumen libre<br \/>\n%<\/div>\n<\/td>\n<\/tr>\n<tr>\n<td colspan=\"1\" rowspan=\"4\" height=\"20\">\n<div>\n<div data-spm-anchor-id=\"0.0.0.i18.3a524f05AJX782\">Anillo de Metal Teller Rosette<\/div>\n<\/div>\n<\/td>\n<td colspan=\"1\" rowspan=\"1\" height=\"20\">\n<div>Dg50<\/div>\n<\/td>\n<td colspan=\"1\" rowspan=\"1\" height=\"20\">\n<div>50&#215;25<\/div>\n<\/td>\n<td colspan=\"1\" rowspan=\"1\" height=\"20\">\n<div>19180<\/div>\n<\/td>\n<td colspan=\"1\" rowspan=\"1\" height=\"20\">\n<div>112.8<\/div>\n<\/td>\n<td colspan=\"1\" rowspan=\"1\" height=\"20\">\n<div>96<\/div>\n<\/td>\n<\/tr>\n<tr>\n<td colspan=\"1\" rowspan=\"1\" height=\"20\">\n<div>Dg75<\/div>\n<\/td>\n<td colspan=\"1\" rowspan=\"1\" height=\"20\">\n<div>75&#215;27.5<\/div>\n<\/td>\n<td colspan=\"1\" rowspan=\"1\" height=\"20\">\n<div>8000<\/div>\n<\/td>\n<td colspan=\"1\" rowspan=\"1\" height=\"20\">\n<div>136<\/div>\n<\/td>\n<td colspan=\"1\" rowspan=\"1\" height=\"20\">\n<div>97<\/div>\n<\/td>\n<\/tr>\n<tr>\n<td colspan=\"1\" rowspan=\"1\" height=\"20\">\n<div>Dg100<\/div>\n<\/td>\n<td colspan=\"1\" rowspan=\"1\" height=\"20\">\n<div>100&#215;40<\/div>\n<\/td>\n<td colspan=\"1\" rowspan=\"1\" height=\"20\">\n<div>2600<\/div>\n<\/td>\n<td colspan=\"1\" rowspan=\"1\" height=\"20\">\n<div>140<\/div>\n<\/td>\n<td colspan=\"1\" rowspan=\"1\" height=\"20\">\n<div>96.5<\/div>\n<\/td>\n<\/tr>\n<tr>\n<td colspan=\"1\" rowspan=\"1\" height=\"20\">\n<div>Dg108<\/div>\n<\/td>\n<td colspan=\"1\" rowspan=\"1\" height=\"20\">\n<div>108&#215;45<\/div>\n<\/td>\n<td colspan=\"1\" rowspan=\"1\" height=\"20\">\n<div>1760<\/div>\n<\/td>\n<td colspan=\"1\" rowspan=\"1\" height=\"20\">\n<div>53.4<\/div>\n<\/td>\n<td colspan=\"1\" rowspan=\"1\" height=\"20\">\n<div>95<\/div>\n<\/td>\n<\/tr>\n<\/tbody>\n<\/table>\n<\/div>\n<h2>Ventajas del anillo de metal Tellerette<\/h2>\n<ul class=\"list-paddingleft-2\">\n<li>Baja ca\u00edda de presi\u00f3n<\/li>\n<li>Punto alto de inundaci\u00f3n<\/li>\n<li>Alta eficacia<\/li>\n<li>Contacto uniforme gas-l\u00edquido<\/li>\n<\/ul>","protected":false},"excerpt":{"rendered":"<p>La empaquetadura met\u00e1lica Tellerette se asemeja a una elipse formada por muchos c\u00edrculos entrelazados. Debido a su alto almacenamiento de l\u00edquido en la laguna de la empaquetadura, prolonga el tiempo de contacto gas-l\u00edquido y mejora la eficacia de la transferencia. Tiene la caracter\u00edstica de gran vac\u00edo, baja ca\u00edda de presi\u00f3n, suficiente contacto gas-l\u00edquido, peso ligero. El relleno de torre Tellerette de metal se estampa con una hoja delgada de metal, se estira en una malla de calandrado espec\u00edfica, la superficie en una malla regular en forma de diamante, para mantener las reglas geom\u00e9tricas de la malla de alambre corrugado. Relleno Tellerette se puede procesar con una variedad de materiales, y por lo tanto una buena resistencia a la corrosi\u00f3n.<\/p>","protected":false},"featured_media":3053,"template":"","meta":{"_seopress_robots_primary_cat":"","_monsterinsights_skip_tracking":false,"_monsterinsights_sitenote_active":false,"_monsterinsights_sitenote_note":"","_monsterinsights_sitenote_category":0,"_joinchat":[]},"product_cat":[103,96],"product_tag":[],"class_list":["post-3525","product","type-product","status-publish","has-post-thumbnail","hentry","product_cat-metal-tower-packing","product_cat-tellerette-ring"],"featured_image_urls":{"full":["https:\/\/www.laiko.net\/wp-content\/uploads\/2023\/10\/frc-62654b1bd8f54d962b8fa03a9a027622.jpg",600,350,false],"thumbnail":["https:\/\/www.laiko.net\/wp-content\/uploads\/2023\/10\/frc-62654b1bd8f54d962b8fa03a9a027622-150x150.jpg",150,150,true],"medium":["https:\/\/www.laiko.net\/wp-content\/uploads\/2023\/10\/frc-62654b1bd8f54d962b8fa03a9a027622-300x175.jpg",300,175,true],"medium_large":["https:\/\/www.laiko.net\/wp-content\/uploads\/2023\/10\/frc-62654b1bd8f54d962b8fa03a9a027622.jpg",600,350,false],"large":["https:\/\/www.laiko.net\/wp-content\/uploads\/2023\/10\/frc-62654b1bd8f54d962b8fa03a9a027622.jpg",600,350,false],"1536x1536":["https:\/\/www.laiko.net\/wp-content\/uploads\/2023\/10\/frc-62654b1bd8f54d962b8fa03a9a027622.jpg",600,350,false],"2048x2048":["https:\/\/www.laiko.net\/wp-content\/uploads\/2023\/10\/frc-62654b1bd8f54d962b8fa03a9a027622.jpg",600,350,false],"trp-custom-language-flag":["https:\/\/www.laiko.net\/wp-content\/uploads\/2023\/10\/frc-62654b1bd8f54d962b8fa03a9a027622.jpg",18,12,false],"woocommerce_thumbnail":["https:\/\/www.laiko.net\/wp-content\/uploads\/2023\/10\/frc-62654b1bd8f54d962b8fa03a9a027622-300x175.jpg",300,175,true],"woocommerce_single":["https:\/\/www.laiko.net\/wp-content\/uploads\/2023\/10\/frc-62654b1bd8f54d962b8fa03a9a027622.jpg",600,350,false],"woocommerce_gallery_thumbnail":["https:\/\/www.laiko.net\/wp-content\/uploads\/2023\/10\/frc-62654b1bd8f54d962b8fa03a9a027622-100x100.jpg",100,100,true]},"post_excerpt_stackable":"<p>Metal Tellerette Packing like ellipse that made of many enlaced cirques. Due to its high liquid storage in lacuna of packing, it prolongs time of gas-liquid contact, enhances transfer efficiency. It has the characteristic of large voidage, low pressure drop, sufficiency gas-liquid contact, light weight. Metal Tellerette Tower Packing is stamped with a thin sheet of metal, stretched into a specific calendaring mesh, the surface into a regular diamond-shaped mesh, to maintain the geometric rules of the corrugated wire mesh. Tellerette filler can be processed with a variety of materials, and thus good corrosion resistance.<\/p>\n","category_list":"","author_info":{"name":"","url":""},"comments_num":"0 comentarios","_links":{"self":[{"href":"https:\/\/www.laiko.net\/es\/wp-json\/wp\/v2\/product\/3525","targetHints":{"allow":["GET"]}}],"collection":[{"href":"https:\/\/www.laiko.net\/es\/wp-json\/wp\/v2\/product"}],"about":[{"href":"https:\/\/www.laiko.net\/es\/wp-json\/wp\/v2\/types\/product"}],"wp:featuredmedia":[{"embeddable":true,"href":"https:\/\/www.laiko.net\/es\/wp-json\/wp\/v2\/media\/3053"}],"wp:attachment":[{"href":"https:\/\/www.laiko.net\/es\/wp-json\/wp\/v2\/media?parent=3525"}],"wp:term":[{"taxonomy":"product_cat","embeddable":true,"href":"https:\/\/www.laiko.net\/es\/wp-json\/wp\/v2\/product_cat?post=3525"},{"taxonomy":"product_tag","embeddable":true,"href":"https:\/\/www.laiko.net\/es\/wp-json\/wp\/v2\/product_tag?post=3525"}],"curies":[{"name":"wp","href":"https:\/\/api.w.org\/{rel}","templated":true}]}}