{"id":3524,"date":"2023-10-28T14:41:51","date_gmt":"2023-10-28T06:41:51","guid":{"rendered":"http:\/\/www3.laiko.net\/?post_type=product&#038;p=3524"},"modified":"2023-10-31T15:57:49","modified_gmt":"2023-10-31T07:57:49","slug":"ceramic-super-intalox-saddle-ring","status":"publish","type":"product","link":"https:\/\/www.laiko.net\/es\/producto\/anillo-ceramico-super-intalox\/","title":{"rendered":"Anillo Cer\u00e1mico Super Intalox"},"content":{"rendered":"<p><strong>Par\u00e1metros del anillo Ceramic Super Intalox Saddle Ring<\/strong><\/p>\n<div class=\"overflow_x\">\n<table cellspacing=\"0\" cellpadding=\"0\">\n<tbody>\n<tr class=\"firstRow\">\n<td>Nombre<\/td>\n<td>Normal<br \/>\nmm<\/td>\n<td>\nDi\u00e1metro*Altura*<br \/>\nEspesor mm<\/td>\n<td>Superficie<br \/>\nm<sup>2<\/sup>\/m<sup>3<\/sup><\/td>\n<td>\nEspacio vac\u00edo<br \/>\n%<\/td>\n<td>Densidad aparente<br \/>\nkg\/m<sup>3<\/sup><\/td>\n<td>\nNo.elementos<br \/>\npor\/m<sup>3<\/sup><\/td>\n<td>\nFactor de embalaje<br \/>\nm<sup>-1<\/sup><\/td>\n<\/tr>\n<tr>\n<td rowspan=\"4\">Super Intalox<\/td>\n<td>\u00f825<\/td>\n<td>25*19*3<\/td>\n<td>160<\/td>\n<td>78<\/td>\n<td>530<\/td>\n<td>52000<\/td>\n<td>337<\/td>\n<\/tr>\n<tr>\n<td>\u00f838<\/td>\n<td>38*30*4<\/td>\n<td>102<\/td>\n<td>80<\/td>\n<td>480<\/td>\n<td>16000<\/td>\n<td>199<\/td>\n<\/tr>\n<tr>\n<td>\u00f850<\/td>\n<td>50*40*5<\/td>\n<td>88<\/td>\n<td>81<\/td>\n<td>450<\/td>\n<td>7300<\/td>\n<td>166<\/td>\n<\/tr>\n<tr>\n<td>\u00f876<\/td>\n<td>76*57*9<\/td>\n<td>58<\/td>\n<td>82<\/td>\n<td>430<\/td>\n<td>1600<\/td>\n<td>105<\/td>\n<\/tr>\n<\/tbody>\n<\/table>\n<\/div>","protected":false},"excerpt":{"rendered":"<p>Ceramic Super Intalox es un tipo de embalaje aleatorio desarrollado sobre la base de Saddle Ring, en el que los bordes lisos se cambian por bordes ondulados. En comparaci\u00f3n con el sill\u00edn normal, esta estructura del s\u00faper sill\u00edn puede garantizar que el espacio intermedio aumente mucho cuando los sillines se apilan en la columna de forma aleatoria.<\/p>\n<p>Por lo tanto, la resistencia al vapor-l\u00edquido disminuye y facilita el flujo y la distribuci\u00f3n del vapor-l\u00edquido a trav\u00e9s del lecho de empaquetamiento. Como resultado, la ca\u00edda de presi\u00f3n es baja y la eficiencia de transferencia de masa es alta.<\/p>\n<p>Con las caracter\u00edsticas de alta resistencia mec\u00e1nica, alta estabilidad qu\u00edmica y excelente resistencia al calor, Super Saddle puede resistir temperaturas altas o bajas, \u00e1cidos (excepto HF), \u00e1lcalis, sales y diversos disolventes org\u00e1nicos. Se aplica ampliamente en varias torres de empaquetadura de desecaci\u00f3n, absorci\u00f3n, refrigeraci\u00f3n, lavado y regeneraci\u00f3n en industrias petroqu\u00edmicas, qu\u00edmicas, metal\u00fargicas y de generaci\u00f3n de gas y ox\u00edgeno.<\/p>","protected":false},"featured_media":2906,"template":"","meta":{"_seopress_robots_primary_cat":"","_monsterinsights_skip_tracking":false,"_monsterinsights_sitenote_active":false,"_monsterinsights_sitenote_note":"","_monsterinsights_sitenote_category":0,"_joinchat":[]},"product_cat":[102,92],"product_tag":[],"class_list":["post-3524","product","type-product","status-publish","has-post-thumbnail","hentry","product_cat-ceramic-tower-packing","product_cat-intalox-saddle"],"featured_image_urls":{"full":["https:\/\/www.laiko.net\/wp-content\/uploads\/2023\/10\/frc-1d4835e6a120ba0f2677beb9903049f8.jpg",600,350,false],"thumbnail":["https:\/\/www.laiko.net\/wp-content\/uploads\/2023\/10\/frc-1d4835e6a120ba0f2677beb9903049f8-150x150.jpg",150,150,true],"medium":["https:\/\/www.laiko.net\/wp-content\/uploads\/2023\/10\/frc-1d4835e6a120ba0f2677beb9903049f8-300x175.jpg",300,175,true],"medium_large":["https:\/\/www.laiko.net\/wp-content\/uploads\/2023\/10\/frc-1d4835e6a120ba0f2677beb9903049f8.jpg",600,350,false],"large":["https:\/\/www.laiko.net\/wp-content\/uploads\/2023\/10\/frc-1d4835e6a120ba0f2677beb9903049f8.jpg",600,350,false],"1536x1536":["https:\/\/www.laiko.net\/wp-content\/uploads\/2023\/10\/frc-1d4835e6a120ba0f2677beb9903049f8.jpg",600,350,false],"2048x2048":["https:\/\/www.laiko.net\/wp-content\/uploads\/2023\/10\/frc-1d4835e6a120ba0f2677beb9903049f8.jpg",600,350,false],"trp-custom-language-flag":["https:\/\/www.laiko.net\/wp-content\/uploads\/2023\/10\/frc-1d4835e6a120ba0f2677beb9903049f8.jpg",18,12,false],"woocommerce_thumbnail":["https:\/\/www.laiko.net\/wp-content\/uploads\/2023\/10\/frc-1d4835e6a120ba0f2677beb9903049f8-300x175.jpg",300,175,true],"woocommerce_single":["https:\/\/www.laiko.net\/wp-content\/uploads\/2023\/10\/frc-1d4835e6a120ba0f2677beb9903049f8.jpg",600,350,false],"woocommerce_gallery_thumbnail":["https:\/\/www.laiko.net\/wp-content\/uploads\/2023\/10\/frc-1d4835e6a120ba0f2677beb9903049f8-100x100.jpg",100,100,true]},"post_excerpt_stackable":"<p>Ceramic Super Intalox is a kind of random packing further developed on the basis of Saddle Ring, which both smooth edges are changed to hackly or ripple edges. Comparing with normal saddle, such structure of super saddle can ensure that interspace will be increased a lot when saddles are stacked in the column randomly.<\/p>\n<p>Therefore, the resistance to vapor-liquid is decreased and it facilitates flow and distribution of vapor-liquid through the packing bed. As a result, pressure drop is low and mass transfer efficiency is high.<\/p>\n<p>With the characters of high mechanical strength, high chemical stability, and excellent heat endurance, Super Saddle can resist high or low temperature, acid (except HF), alkali, salt and various organic solvents. It&#8217;s widely applied in various packing towers of desiccation, absorption, cooling, washing, and regeneration in industries of petrochemical, chemical, metallurgy, gas and oxygen generation.<\/p>\n","category_list":"","author_info":{"name":"","url":""},"comments_num":"0 comentarios","_links":{"self":[{"href":"https:\/\/www.laiko.net\/es\/wp-json\/wp\/v2\/product\/3524","targetHints":{"allow":["GET"]}}],"collection":[{"href":"https:\/\/www.laiko.net\/es\/wp-json\/wp\/v2\/product"}],"about":[{"href":"https:\/\/www.laiko.net\/es\/wp-json\/wp\/v2\/types\/product"}],"wp:featuredmedia":[{"embeddable":true,"href":"https:\/\/www.laiko.net\/es\/wp-json\/wp\/v2\/media\/2906"}],"wp:attachment":[{"href":"https:\/\/www.laiko.net\/es\/wp-json\/wp\/v2\/media?parent=3524"}],"wp:term":[{"taxonomy":"product_cat","embeddable":true,"href":"https:\/\/www.laiko.net\/es\/wp-json\/wp\/v2\/product_cat?post=3524"},{"taxonomy":"product_tag","embeddable":true,"href":"https:\/\/www.laiko.net\/es\/wp-json\/wp\/v2\/product_tag?post=3524"}],"curies":[{"name":"wp","href":"https:\/\/api.w.org\/{rel}","templated":true}]}}