{"id":3517,"date":"2023-10-28T14:35:47","date_gmt":"2023-10-28T06:35:47","guid":{"rendered":"http:\/\/www3.laiko.net\/?post_type=product&#038;p=3517"},"modified":"2023-10-31T15:57:56","modified_gmt":"2023-10-31T07:57:56","slug":"ceramic-saddle-packing","status":"publish","type":"product","link":"https:\/\/www.laiko.net\/es\/producto\/empaquetadura-ceramica\/","title":{"rendered":"Empaquetadura de cer\u00e1mica"},"content":{"rendered":"<h2>Par\u00e1metros de la empaquetadura cer\u00e1mica de asiento<\/h2>\n<div class=\"overflow_x\">\n<table cellspacing=\"0\" cellpadding=\"0\">\n<colgroup>\n<col \/>\n<col \/>\n<col \/>\n<col \/>\n<col \/>\n<col \/>\n<col \/><\/colgroup>\n<tbody>\n<tr class=\"firstRow\">\n<td height=\"16\">Nombre<\/td>\n<td>Sze<\/td>\n<td>Di\u00e1metro (mm)<\/td>\n<td>Peso (kg\/m3)<\/td>\n<td>Piezas(m3)<\/td>\n<td>Superficie(m2\/m3)<\/td>\n<td>Vac\u00edo(%)<\/td>\n<\/tr>\n<tr>\n<td rowspan=\"6\" height=\"99\">Anillo cer\u00e1mico intalox<\/td>\n<td>\u03a613<\/td>\n<td>13*13*2<\/td>\n<td>880<\/td>\n<td align=\"right\">450000<\/td>\n<td align=\"right\">480<\/td>\n<td align=\"right\">65<\/td>\n<\/tr>\n<tr>\n<td>\u03a616<\/td>\n<td>16*12*2<\/td>\n<td>710<\/td>\n<td align=\"right\">382000<\/td>\n<td align=\"right\">450<\/td>\n<td align=\"right\">70<\/td>\n<\/tr>\n<tr>\n<td>\u03a625<\/td>\n<td>25*19*3<\/td>\n<td>680<\/td>\n<td align=\"right\">84000<\/td>\n<td align=\"right\">250<\/td>\n<td align=\"right\">74<\/td>\n<\/tr>\n<tr>\n<td>\u03a638<\/td>\n<td>38*30*4<\/td>\n<td>630<\/td>\n<td align=\"right\">25000<\/td>\n<td align=\"right\">164<\/td>\n<td align=\"right\">75<\/td>\n<\/tr>\n<tr>\n<td>\u03a650<\/td>\n<td>50*40*5<\/td>\n<td>580<\/td>\n<td align=\"right\">9300<\/td>\n<td align=\"right\">142<\/td>\n<td align=\"right\">76<\/td>\n<\/tr>\n<tr>\n<td>\u03a676<\/td>\n<td>76*57*9<\/td>\n<td>520<\/td>\n<td align=\"right\">1800<\/td>\n<td align=\"right\">92<\/td>\n<td align=\"right\">78<\/td>\n<\/tr>\n<\/tbody>\n<\/table>\n<\/div>\n<h2>Ventajas de las empaquetaduras cer\u00e1micas<\/h2>\n<ul class=\"list-paddingleft-2\">\n<li>\n<div>Baja ca\u00edda de presi\u00f3n y alta eficiencia<\/div>\n<\/li>\n<li>\n<div>Gran \u00e1rea interfacial efectiva<\/div>\n<\/li>\n<li>\n<div>Alta resistencia mec\u00e1nica<\/div>\n<\/li>\n<li>\n<div>Bajo coste<\/div>\n<\/li>\n<\/ul>\n<h2>Sill\u00edn cer\u00e1mico Material de empaquetadura<\/h2>\n<p>La empaquetadura cer\u00e1mica en forma de silla de montar es un tipo de empaquetadura aleatoria utilizada en las columnas de destilaci\u00f3n y absorci\u00f3n de las industrias qu\u00edmica y petroqu\u00edmica. Consiste en peque\u00f1as piezas cer\u00e1micas en forma de silla de montar que se apilan en capas para crear una gran superficie de contacto entre las fases gaseosa y l\u00edquida.<\/p>\n<p>El material cer\u00e1mico ofrece varias ventajas sobre otros tipos de materiales de empaquetadura, como el pl\u00e1stico o el metal. Por ejemplo, la empaquetadura cer\u00e1mica de la silla de montar tiene una gran resistencia al choque t\u00e9rmico y a la corrosi\u00f3n, lo que la hace adecuada para su uso en entornos de altas temperaturas y productos qu\u00edmicos agresivos. Adem\u00e1s, su forma \u00fanica permite una distribuci\u00f3n eficaz del l\u00edquido y una baja ca\u00edda de presi\u00f3n, lo que mejora la eficacia y el rendimiento de la columna.<\/p>\n<p>El material cer\u00e1mico de las empaquetaduras de los sillines est\u00e1 disponible en varios tama\u00f1os y formas para adaptarse a los distintos tama\u00f1os de columna y requisitos del proceso. El material cer\u00e1mico m\u00e1s utilizado es la al\u00famina, aunque tambi\u00e9n pueden emplearse otros materiales como la circonia y la titania. La elecci\u00f3n del material depende de los requisitos espec\u00edficos del proceso, como la resistencia qu\u00edmica y el rango de temperaturas.<\/p>\n<h2>Sillines cer\u00e1micos Aplicaci\u00f3n<\/h2>\n<p>Los asientos cer\u00e1micos se utilizan habitualmente como material de relleno en columnas de destilaci\u00f3n y absorci\u00f3n en las industrias qu\u00edmica y petroqu\u00edmica. Proporcionan una gran superficie de contacto entre las fases gaseosa y l\u00edquida, lo que permite una separaci\u00f3n y purificaci\u00f3n eficaces de diversos compuestos qu\u00edmicos.<\/p>\n<p>Algunas de las aplicaciones de los sillines cer\u00e1micos son:<\/p>\n<p><strong>Destilaci\u00f3n de petr\u00f3leo crudo:<\/strong>\u00a0Los asientos cer\u00e1micos se utilizan en las columnas de destilaci\u00f3n de petr\u00f3leo crudo para separar las distintas fracciones del crudo en funci\u00f3n de sus puntos de ebullici\u00f3n. La gran superficie de las silletas permite separar eficazmente los distintos componentes del crudo, como la gasolina, el gas\u00f3leo y los lubricantes.<\/p>\n<p><strong>Absorci\u00f3n de gases:<\/strong>\u00a0Las silletas cer\u00e1micas pueden utilizarse para eliminar impurezas o gases no deseados de las corrientes de gas. La corriente de gas se hace pasar a trav\u00e9s de una columna llena de silletas cer\u00e1micas, y las impurezas se absorben en la superficie de las silletas.<\/p>\n<p><strong>Procesamiento qu\u00edmico:\u00a0<\/strong>Las silletas cer\u00e1micas se utilizan en el procesamiento qu\u00edmico para separar y purificar diversos compuestos qu\u00edmicos. Pueden utilizarse para la recuperaci\u00f3n de disolventes, la deshidrataci\u00f3n y la eliminaci\u00f3n de impurezas de corrientes qu\u00edmicas.<\/p>\n<p><strong>Tratamiento del agua:\u00a0<\/strong>Las silletas cer\u00e1micas pueden utilizarse en procesos de tratamiento de aguas para eliminar impurezas y contaminantes del agua. Se utilizan habitualmente en procesos de desalinizaci\u00f3n para eliminar la sal y otros minerales del agua de mar.<\/p>\n<p>En general, los sillines cer\u00e1micos ofrecen una elevada superficie, una baja ca\u00edda de presi\u00f3n y una excelente resistencia qu\u00edmica, lo que los convierte en una opci\u00f3n popular para diversas aplicaciones en las industrias qu\u00edmica y petroqu\u00edmica.<\/p>","protected":false},"excerpt":{"rendered":"<p>Las empaquetaduras cer\u00e1micas Intalox Saddle se dividen en dos tipos diferentes de productos seg\u00fan sus propiedades, uno se utiliza a menudo en el campo de la industria qu\u00edmica y petroqu\u00edmica, otro se utiliza principalmente en \u00e1reas medioambientales como los equipos RTO (Oxidadores T\u00e9rmicos Regenerativos). Pero ambas son las empaquetaduras de alto rendimiento m\u00e1s utilizadas y presentan ventajas para la mayor\u00eda de las aplicaciones en comparaci\u00f3n con otras formas. Su superficie lisa les confiere una gran resistencia qu\u00edmica y proporciona a las empaquetaduras cer\u00e1micas Intalox (Ceramic Intalox Saddle) un alto nivel de estabilidad. Debido a su forma simple, la empaquetadura cer\u00e1mica Intalox Saddle puede ser producida por el fabricante de monturas cer\u00e1micas a un coste relativamente bajo.<\/p>","protected":false},"featured_media":2957,"template":"","meta":{"_seopress_robots_primary_cat":"","_monsterinsights_skip_tracking":false,"_monsterinsights_sitenote_active":false,"_monsterinsights_sitenote_note":"","_monsterinsights_sitenote_category":0,"_joinchat":[]},"product_cat":[102,92],"product_tag":[],"class_list":["post-3517","product","type-product","status-publish","has-post-thumbnail","hentry","product_cat-ceramic-tower-packing","product_cat-intalox-saddle"],"featured_image_urls":{"full":["https:\/\/www.laiko.net\/wp-content\/uploads\/2023\/10\/frc-32baeda9b47d5c753b2ec970a8f20c29.jpg",600,350,false],"thumbnail":["https:\/\/www.laiko.net\/wp-content\/uploads\/2023\/10\/frc-32baeda9b47d5c753b2ec970a8f20c29-150x150.jpg",150,150,true],"medium":["https:\/\/www.laiko.net\/wp-content\/uploads\/2023\/10\/frc-32baeda9b47d5c753b2ec970a8f20c29-300x175.jpg",300,175,true],"medium_large":["https:\/\/www.laiko.net\/wp-content\/uploads\/2023\/10\/frc-32baeda9b47d5c753b2ec970a8f20c29.jpg",600,350,false],"large":["https:\/\/www.laiko.net\/wp-content\/uploads\/2023\/10\/frc-32baeda9b47d5c753b2ec970a8f20c29.jpg",600,350,false],"1536x1536":["https:\/\/www.laiko.net\/wp-content\/uploads\/2023\/10\/frc-32baeda9b47d5c753b2ec970a8f20c29.jpg",600,350,false],"2048x2048":["https:\/\/www.laiko.net\/wp-content\/uploads\/2023\/10\/frc-32baeda9b47d5c753b2ec970a8f20c29.jpg",600,350,false],"trp-custom-language-flag":["https:\/\/www.laiko.net\/wp-content\/uploads\/2023\/10\/frc-32baeda9b47d5c753b2ec970a8f20c29.jpg",18,12,false],"woocommerce_thumbnail":["https:\/\/www.laiko.net\/wp-content\/uploads\/2023\/10\/frc-32baeda9b47d5c753b2ec970a8f20c29-300x175.jpg",300,175,true],"woocommerce_single":["https:\/\/www.laiko.net\/wp-content\/uploads\/2023\/10\/frc-32baeda9b47d5c753b2ec970a8f20c29.jpg",600,350,false],"woocommerce_gallery_thumbnail":["https:\/\/www.laiko.net\/wp-content\/uploads\/2023\/10\/frc-32baeda9b47d5c753b2ec970a8f20c29-100x100.jpg",100,100,true]},"post_excerpt_stackable":"<p>Ceramic Intalox Saddle Packing is divided into two different types of products according to their properties, one is often used in the field of Chemical and Petrochemical industries, another is mainly used in environmental areas such as RTO (Regenerative Thermal Oxidizers) equipment. But both of them are the most frequently used high-performance packing and exhibit advantages for most applications in comparison with other shapes. Their smooth surface imparts a high chemical resistance and provides Ceramic Intalox saddle rings (Ceramic Intalox Saddle) with a high level of stability. Due to their simple form, ceramic Intalox Saddle packing can be produced by ceramic saddles manufacturer at a relatively low cost.<\/p>\n","category_list":"","author_info":{"name":"","url":""},"comments_num":"0 comentarios","_links":{"self":[{"href":"https:\/\/www.laiko.net\/es\/wp-json\/wp\/v2\/product\/3517","targetHints":{"allow":["GET"]}}],"collection":[{"href":"https:\/\/www.laiko.net\/es\/wp-json\/wp\/v2\/product"}],"about":[{"href":"https:\/\/www.laiko.net\/es\/wp-json\/wp\/v2\/types\/product"}],"wp:featuredmedia":[{"embeddable":true,"href":"https:\/\/www.laiko.net\/es\/wp-json\/wp\/v2\/media\/2957"}],"wp:attachment":[{"href":"https:\/\/www.laiko.net\/es\/wp-json\/wp\/v2\/media?parent=3517"}],"wp:term":[{"taxonomy":"product_cat","embeddable":true,"href":"https:\/\/www.laiko.net\/es\/wp-json\/wp\/v2\/product_cat?post=3517"},{"taxonomy":"product_tag","embeddable":true,"href":"https:\/\/www.laiko.net\/es\/wp-json\/wp\/v2\/product_tag?post=3517"}],"curies":[{"name":"wp","href":"https:\/\/api.w.org\/{rel}","templated":true}]}}