{"id":3512,"date":"2023-10-28T14:22:51","date_gmt":"2023-10-28T06:22:51","guid":{"rendered":"http:\/\/www3.laiko.net\/?post_type=product&#038;p=3512"},"modified":"2023-10-28T14:22:51","modified_gmt":"2023-10-28T06:22:51","slug":"packing-support-grid-support","status":"publish","type":"product","link":"https:\/\/www.laiko.net\/es\/producto\/soporte-de-embalaje-soporte-de-rejilla\/","title":{"rendered":"Apoyo al embalaje\/Apoyo a la red"},"content":{"rendered":"<h2>Ventajas del soporte para embalajes\/rejillas<\/h2>\n<p>El soporte de empaquetado multihaz se considera una de las mejores rejillas de soporte de empaquetado aleatorio.<\/p>\n<ul class=\"list-paddingleft-2\">\n<li>Anchura fija de 290 mm. Se monta con varias vigas de soporte, que tiene 290 mm de ancho y 250-300 mm de altura.<\/li>\n<li>Distancia fija de 10 mm para el drenaje de l\u00edquidos. Cada viga vecina se fija a un paso de 10 mm para el drenaje de l\u00edquidos.<\/li>\n<li>Tama\u00f1o de abertura inferior a 10 mm. Las aberturas de ranura, cuadradas o redondas de la viga son m\u00e1s peque\u00f1as que 10 mm, lo que puede evitar que la empaquetadura de 10 mm tenga fugas.<\/li>\n<li>Dise\u00f1o seccional. Dise\u00f1o seccional para facilitar el transporte, la instalaci\u00f3n y la entrada desde la boca de hombre.<\/li>\n<li>Canal separado para l\u00edquido y gas. El gas sube por la parte superior de la viga y el l\u00edquido baja por la parte plana para suministrar una ca\u00edda de presi\u00f3n extremadamente baja.<\/li>\n<li>Con o sin bastidor exterior. El soporte de embalaje multihaz puede dise\u00f1arse con o sin bastidor exterior para adaptarse a diferentes di\u00e1metros de la torre de embalaje.<\/li>\n<li>El tama\u00f1o y la estructura pueden personalizarse seg\u00fan los planos del cliente.<\/li>\n<\/ul>\n<h2>Material del soporte de embalaje\/soporte de rejilla<\/h2>\n<p>Acero al carbono,Acero inoxidable incluyendo 304,304L,316,316L,321,410 etc.<\/p>\n<p>Seg\u00fan el material, el soporte de embalaje multihaz tiene el soporte de metal y el soporte de pl\u00e1stico.<\/p>\n<h2>Temperatura de funcionamiento del soporte de embalaje\/soporte de rejilla<\/h2>\n<p>Soporte de la empaquetadura de acero inoxidable &lt; 300 \u00b0C.<br \/>\nSoporte de la empaquetadura de acero al carbono &lt; 200 \u00b0C.<br \/>\nPl\u00e1stico Soporte de la empaquetadura&lt;100 \u00b0C (PTFE para 250 \u00b0C)<\/p>","protected":false},"excerpt":{"rendered":"<p>El soporte de embalaje multihaz, tambi\u00e9n llamado soporte de joroba, como su nombre indica, est\u00e1 formado por varias vigas de soporte. Puede estar hecho de metal (acero al carbono, acero inoxidable), pl\u00e1stico (PP, PVDF, CPVC), pl\u00e1stico reforzado con fibra (FRP) y materiales cer\u00e1micos. El soporte de empaquetadura multihaz se utiliza ampliamente en la torre de absorci\u00f3n, la torre de lavado y las torres de destilaci\u00f3n como soporte de empaquetadura aleatoria. Tiene una gran \u00e1rea abierta, una ca\u00edda de presi\u00f3n extremadamente baja y trayectorias separadas de gas y l\u00edquido para una gran eficacia de transferencia de masa.<\/p>","protected":false},"featured_media":1964,"template":"","meta":{"_seopress_robots_primary_cat":"","_monsterinsights_skip_tracking":false,"_monsterinsights_sitenote_active":false,"_monsterinsights_sitenote_note":"","_monsterinsights_sitenote_category":0,"_joinchat":[]},"product_cat":[90],"product_tag":[],"class_list":["post-3512","product","type-product","status-publish","has-post-thumbnail","hentry","product_cat-column-internals"],"featured_image_urls":{"full":["https:\/\/www.laiko.net\/wp-content\/uploads\/2023\/10\/frc-7860bc0ad37d6bd7028f2dab54e988cd.jpg",1000,607,false],"thumbnail":["https:\/\/www.laiko.net\/wp-content\/uploads\/2023\/10\/frc-7860bc0ad37d6bd7028f2dab54e988cd-150x150.jpg",150,150,true],"medium":["https:\/\/www.laiko.net\/wp-content\/uploads\/2023\/10\/frc-7860bc0ad37d6bd7028f2dab54e988cd-300x182.jpg",300,182,true],"medium_large":["https:\/\/www.laiko.net\/wp-content\/uploads\/2023\/10\/frc-7860bc0ad37d6bd7028f2dab54e988cd-768x466.jpg",768,466,true],"large":["https:\/\/www.laiko.net\/wp-content\/uploads\/2023\/10\/frc-7860bc0ad37d6bd7028f2dab54e988cd.jpg",1000,607,false],"1536x1536":["https:\/\/www.laiko.net\/wp-content\/uploads\/2023\/10\/frc-7860bc0ad37d6bd7028f2dab54e988cd.jpg",1000,607,false],"2048x2048":["https:\/\/www.laiko.net\/wp-content\/uploads\/2023\/10\/frc-7860bc0ad37d6bd7028f2dab54e988cd.jpg",1000,607,false],"trp-custom-language-flag":["https:\/\/www.laiko.net\/wp-content\/uploads\/2023\/10\/frc-7860bc0ad37d6bd7028f2dab54e988cd.jpg",18,12,false],"woocommerce_thumbnail":["https:\/\/www.laiko.net\/wp-content\/uploads\/2023\/10\/frc-7860bc0ad37d6bd7028f2dab54e988cd-300x182.jpg",300,182,true],"woocommerce_single":["https:\/\/www.laiko.net\/wp-content\/uploads\/2023\/10\/frc-7860bc0ad37d6bd7028f2dab54e988cd-600x364.jpg",600,364,true],"woocommerce_gallery_thumbnail":["https:\/\/www.laiko.net\/wp-content\/uploads\/2023\/10\/frc-7860bc0ad37d6bd7028f2dab54e988cd-100x100.jpg",100,100,true]},"post_excerpt_stackable":"<p>Multi-beam packing support, also named as hump support, as its name says, is made of several support beams. It can be made of metallic (carbon steel, stainless steel), plastic (PP, PVDF, CPVC), fibre-reinforced plastic (FRP) and ceramic materials. Multi-beam packing support is widely used in the absorption tower, washing tower and Distillation towers for random packing support. It has a high open area, extremely low-pressure drop and separated gas and liquid paths for high mass transfer efficiency.<\/p>\n","category_list":"","author_info":{"name":"","url":""},"comments_num":"0 comentarios","_links":{"self":[{"href":"https:\/\/www.laiko.net\/es\/wp-json\/wp\/v2\/product\/3512","targetHints":{"allow":["GET"]}}],"collection":[{"href":"https:\/\/www.laiko.net\/es\/wp-json\/wp\/v2\/product"}],"about":[{"href":"https:\/\/www.laiko.net\/es\/wp-json\/wp\/v2\/types\/product"}],"wp:featuredmedia":[{"embeddable":true,"href":"https:\/\/www.laiko.net\/es\/wp-json\/wp\/v2\/media\/1964"}],"wp:attachment":[{"href":"https:\/\/www.laiko.net\/es\/wp-json\/wp\/v2\/media?parent=3512"}],"wp:term":[{"taxonomy":"product_cat","embeddable":true,"href":"https:\/\/www.laiko.net\/es\/wp-json\/wp\/v2\/product_cat?post=3512"},{"taxonomy":"product_tag","embeddable":true,"href":"https:\/\/www.laiko.net\/es\/wp-json\/wp\/v2\/product_tag?post=3512"}],"curies":[{"name":"wp","href":"https:\/\/api.w.org\/{rel}","templated":true}]}}