{"id":3510,"date":"2023-10-28T14:18:13","date_gmt":"2023-10-28T06:18:13","guid":{"rendered":"http:\/\/www3.laiko.net\/?post_type=product&#038;p=3510"},"modified":"2023-11-10T10:53:03","modified_gmt":"2023-11-10T02:53:03","slug":"liquid-collector-liquid-distributor","status":"publish","type":"product","link":"https:\/\/www.laiko.net\/es\/producto\/colector-de-liquido-distribuidor-de-liquido\/","title":{"rendered":"Colector de l\u00edquido\/Distribuidor de l\u00edquido"},"content":{"rendered":"<p><strong>Par\u00e1metros del colector\/distribuidor de l\u00edquido<\/strong><\/p>\n<div class=\"overflow_x\">\n<table cellspacing=\"0\" cellpadding=\"0\">\n<colgroup>\n<col \/>\n<col \/>\n<col \/>\n<col \/>\n<col \/>\n<col \/>\n<col span=\"2\" \/><\/colgroup>\n<tbody>\n<tr class=\"firstRow\">\n<td colspan=\"8\" height=\"16\">Datos t\u00e9cnicos<\/td>\n<\/tr>\n<tr>\n<td height=\"36\">PUNTO<\/td>\n<td colspan=\"2\">Distribuidor de l\u00edquido de escalera de orificios<\/td>\n<td>Boquilla pulverizadora Distribuidor de l\u00edquido<\/td>\n<td>Distribuidor de l\u00edquido de bandeja de orificio<\/td>\n<td>Distribuidor de l\u00edquido con orificio de vertedero<\/td>\n<td>Distribuidor de l\u00edquido por orificio<\/td>\n<td>Distribuidor de l\u00edquido de vertedero<\/td>\n<\/tr>\n<tr>\n<td height=\"16\">Fuerza motriz<\/td>\n<td colspan=\"2\">presi\u00f3n<\/td>\n<td>presi\u00f3n<\/td>\n<td>gravedad<\/td>\n<td>gravedad<\/td>\n<td>gravedad<\/td>\n<td>gravedad<\/td>\n<\/tr>\n<tr>\n<td height=\"16\">Distribuir la capacidad<\/td>\n<td colspan=\"2\">medio<\/td>\n<td>Bajo a medio<\/td>\n<td>alta<\/td>\n<td>alta<\/td>\n<td>medio<\/td>\n<td>medio<\/td>\n<\/tr>\n<tr>\n<td height=\"16\">Rango de carga<\/td>\n<td colspan=\"2\">bajo<\/td>\n<td>bajo<\/td>\n<td>medio<\/td>\n<td>medio<\/td>\n<td>medio<\/td>\n<td>alta<\/td>\n<\/tr>\n<tr>\n<td height=\"16\">Carga l\u00edquida (m3\/m2.h)<\/td>\n<td colspan=\"2\">0.25~1.5<\/td>\n<td>Amplia gama<\/td>\n<td>Amplia gama<\/td>\n<td>Amplia gama<\/td>\n<td>Amplia gama<\/td>\n<td>Amplia gama<\/td>\n<\/tr>\n<tr>\n<td height=\"16\">Di\u00e1metro (m)<\/td>\n<td colspan=\"2\">&gt; 0.45<\/td>\n<td>al azar<\/td>\n<td>aleatorio normal &lt; 1.2<\/td>\n<td>aleatorio normal &lt; 1.2<\/td>\n<td>al azar<\/td>\n<td>al azar<\/td>\n<\/tr>\n<tr>\n<td height=\"16\">Resistente al ensuciamiento<\/td>\n<td colspan=\"2\">alta<\/td>\n<td>Bajo a medio<\/td>\n<td>alta<\/td>\n<td>medio<\/td>\n<td>bajo<\/td>\n<td>bajo<\/td>\n<\/tr>\n<tr>\n<td height=\"16\">Resistencia a los gases<\/td>\n<td colspan=\"2\">bajo<\/td>\n<td>bajo<\/td>\n<td>alta<\/td>\n<td>Bajo a medio<\/td>\n<td>alta<\/td>\n<td>alta<\/td>\n<\/tr>\n<tr>\n<td height=\"16\">Requisito de nivelaci\u00f3n<\/td>\n<td colspan=\"2\">no<\/td>\n<td>no<\/td>\n<td>s\u00ed<\/td>\n<td>s\u00ed<\/td>\n<td>s\u00ed<\/td>\n<td>s\u00ed<\/td>\n<\/tr>\n<tr>\n<td height=\"16\">Efecto sobre la corrosi\u00f3n<\/td>\n<td colspan=\"2\">alta<\/td>\n<td>bajo<\/td>\n<td>alta<\/td>\n<td>alta<\/td>\n<td>bajo<\/td>\n<td>bajo<\/td>\n<\/tr>\n<tr>\n<td height=\"16\">Efecto sobre el espesor del l\u00edquido<\/td>\n<td colspan=\"2\">no<\/td>\n<td>no<\/td>\n<td>s\u00ed<\/td>\n<td>s\u00ed<\/td>\n<td>s\u00ed<\/td>\n<td>s\u00ed<\/td>\n<\/tr>\n<tr>\n<td height=\"16\">Arrastre de l\u00edquidos<\/td>\n<td colspan=\"2\">s\u00ed<\/td>\n<td>s\u00ed<\/td>\n<td>no<\/td>\n<td>no<\/td>\n<td>no<\/td>\n<td>no<\/td>\n<\/tr>\n<tr>\n<td height=\"16\">Arrastre de l\u00edquidos<\/td>\n<td colspan=\"2\">bajo<\/td>\n<td>bajo<\/td>\n<td>alta<\/td>\n<td>medio<\/td>\n<td>medio<\/td>\n<td>medio<\/td>\n<\/tr>\n<\/tbody>\n<\/table>\n<\/div>","protected":false},"excerpt":{"rendered":"<p>Desde el punto de vista del proceso, el elemento interno m\u00e1s importante de la columna son los distribuidores de l\u00edquido. Se necesita un distribuidor de l\u00edquido en todos los puntos de la columna en los que se introduce una corriente externa de l\u00edquido. Desde el punto de vista del proceso, los componentes internos m\u00e1s importantes de la columna son los distribuidores de l\u00edquido. Se necesita un distribuidor de l\u00edquido en todos los puntos de la columna en los que se introduce una corriente de l\u00edquido externa. Adem\u00e1s de proporcionar un patr\u00f3n de distribuci\u00f3n de l\u00edquido uniforme a la parte superior del lecho empaquetado, el distribuidor debe proporcionar suficiente \u00e1rea de paso de gas para evitar una ca\u00edda de alta presi\u00f3n o arrastre de l\u00edquido. El distribuidor de l\u00edquido debe tener una elevada relaci\u00f3n de reducci\u00f3n y ser resistente al ensuciamiento. Para que el l\u00edquido se distribuya uniformemente por la parte superior del lecho compacto, el distribuidor debe tener una superficie de paso de gas suficiente para evitar una ca\u00edda de presi\u00f3n o el arrastre de l\u00edquido. El distribuidor de l\u00edquido debe tener una elevada relaci\u00f3n de reducci\u00f3n y ser resistente al ensuciamiento. En la tabla siguiente se indican algunos distribuidores convencionales.<\/p>","protected":false},"featured_media":4006,"template":"","meta":{"_seopress_robots_primary_cat":"","_monsterinsights_skip_tracking":false,"_monsterinsights_sitenote_active":false,"_monsterinsights_sitenote_note":"","_monsterinsights_sitenote_category":0,"_joinchat":[]},"product_cat":[90],"product_tag":[],"class_list":["post-3510","product","type-product","status-publish","has-post-thumbnail","hentry","product_cat-column-internals"],"featured_image_urls":{"full":["https:\/\/www.laiko.net\/wp-content\/uploads\/2023\/10\/Liquid-Collector.jpg",600,350,false],"thumbnail":["https:\/\/www.laiko.net\/wp-content\/uploads\/2023\/10\/Liquid-Collector-150x150.jpg",150,150,true],"medium":["https:\/\/www.laiko.net\/wp-content\/uploads\/2023\/10\/Liquid-Collector-300x175.jpg",300,175,true],"medium_large":["https:\/\/www.laiko.net\/wp-content\/uploads\/2023\/10\/Liquid-Collector.jpg",600,350,false],"large":["https:\/\/www.laiko.net\/wp-content\/uploads\/2023\/10\/Liquid-Collector.jpg",600,350,false],"1536x1536":["https:\/\/www.laiko.net\/wp-content\/uploads\/2023\/10\/Liquid-Collector.jpg",600,350,false],"2048x2048":["https:\/\/www.laiko.net\/wp-content\/uploads\/2023\/10\/Liquid-Collector.jpg",600,350,false],"trp-custom-language-flag":["https:\/\/www.laiko.net\/wp-content\/uploads\/2023\/10\/Liquid-Collector.jpg",18,12,false],"woocommerce_thumbnail":["https:\/\/www.laiko.net\/wp-content\/uploads\/2023\/10\/Liquid-Collector-300x175.jpg",300,175,true],"woocommerce_single":["https:\/\/www.laiko.net\/wp-content\/uploads\/2023\/10\/Liquid-Collector.jpg",600,350,false],"woocommerce_gallery_thumbnail":["https:\/\/www.laiko.net\/wp-content\/uploads\/2023\/10\/Liquid-Collector-100x100.jpg",100,100,true]},"post_excerpt_stackable":"<p>From a process standpoint, the most important column internals is liquid distributors. A liquid distributor is required at all locations in the column where an external liquid stream is introduced. In addition to pFrom a process standpoint, the most important column internals is liquid distributors. A liquid distributor is required at all locations in the column where an external liquid stream is introduced. In addition to providing a uniform liquid distribution pattern to the top of the packed bed, the distributor must provide sufficient gas passage area to avoid a high-pressure drop or liquid entrainment. The liquid distributor should have a high turndown ratio and be resistant to fouling. The table listed below gives some conventional distributors.roviding a uniform liquid distribution pattern to the top of the packed bed, the distributor must provide sufficient gas passage area to avoid a high-pressure drop or liquid entrainment. The liquid distributor should have a high turndown ratio and be resistant to fouling. The table listed below gives some conventional distributors.<\/p>\n","category_list":"","author_info":{"name":"","url":""},"comments_num":"0 comentarios","_links":{"self":[{"href":"https:\/\/www.laiko.net\/es\/wp-json\/wp\/v2\/product\/3510","targetHints":{"allow":["GET"]}}],"collection":[{"href":"https:\/\/www.laiko.net\/es\/wp-json\/wp\/v2\/product"}],"about":[{"href":"https:\/\/www.laiko.net\/es\/wp-json\/wp\/v2\/types\/product"}],"wp:featuredmedia":[{"embeddable":true,"href":"https:\/\/www.laiko.net\/es\/wp-json\/wp\/v2\/media\/4006"}],"wp:attachment":[{"href":"https:\/\/www.laiko.net\/es\/wp-json\/wp\/v2\/media?parent=3510"}],"wp:term":[{"taxonomy":"product_cat","embeddable":true,"href":"https:\/\/www.laiko.net\/es\/wp-json\/wp\/v2\/product_cat?post=3510"},{"taxonomy":"product_tag","embeddable":true,"href":"https:\/\/www.laiko.net\/es\/wp-json\/wp\/v2\/product_tag?post=3510"}],"curies":[{"name":"wp","href":"https:\/\/api.w.org\/{rel}","templated":true}]}}