{"id":3508,"date":"2023-10-28T14:12:10","date_gmt":"2023-10-28T06:12:10","guid":{"rendered":"http:\/\/www3.laiko.net\/?post_type=product&#038;p=3508"},"modified":"2023-10-28T14:12:10","modified_gmt":"2023-10-28T06:12:10","slug":"pad-demister-with-frame-mist-eliminator-with-frame","status":"publish","type":"product","link":"https:\/\/www.laiko.net\/es\/producto\/pad-demister-con-marco-mist-eliminator-con-marco\/","title":{"rendered":"Desempa\u00f1ador de almohadillas con marco\/eliminador de vaho con marco"},"content":{"rendered":"<h2>Par\u00e1metros del Pad Demister<\/h2>\n<h2>Con marco\/eliminador de vaho Con marco<\/h2>\n<table cellspacing=\"0\" cellpadding=\"0\">\n<colgroup>\n<col \/>\n<col \/>\n<col \/>\n<col \/><\/colgroup>\n<tbody>\n<tr class=\"firstRow\">\n<td height=\"22\">Modelo<\/td>\n<td colspan=\"3\">40-100 60-150 ,140-400<\/td>\n<\/tr>\n<tr>\n<td height=\"22\">Capacidad de carga<\/td>\n<td colspan=\"3\">168 Kg\/m3<\/td>\n<\/tr>\n<tr>\n<td height=\"22\">Superficie espec\u00edfica<\/td>\n<td colspan=\"3\">529,6 m2\/m3<\/td>\n<\/tr>\n<tr>\n<td height=\"22\">Porosidad<\/td>\n<td colspan=\"3\">0.9788\u03b5<\/td>\n<\/tr>\n<tr>\n<td colspan=\"4\" height=\"22\">Tipo de alta eficiencia<\/td>\n<\/tr>\n<tr>\n<td height=\"18\">Modelo<\/td>\n<td colspan=\"3\">60-100 80-150 200-400 80-100<\/td>\n<\/tr>\n<tr>\n<td height=\"18\">Capacidad de carga<\/td>\n<td colspan=\"3\">128 Kg\/m3<\/td>\n<\/tr>\n<tr>\n<td height=\"18\">Superficie espec\u00edfica<\/td>\n<td colspan=\"3\">403,5 m2\/m3<\/td>\n<\/tr>\n<tr>\n<td height=\"18\">Porosidad<\/td>\n<td colspan=\"3\">0.9839\u03b5<\/td>\n<\/tr>\n<tr>\n<td colspan=\"4\" height=\"18\">Alto Tipo de funcionamiento<\/td>\n<\/tr>\n<tr>\n<td height=\"18\">Modelo<\/td>\n<td colspan=\"3\">20-40, 30-80, 40-120,50-120<\/td>\n<\/tr>\n<tr>\n<td height=\"18\">C\u00f3digo del formulario<\/td>\n<td colspan=\"3\">RRHH<\/td>\n<\/tr>\n<tr>\n<td height=\"18\">Capacidad de carga<\/td>\n<td colspan=\"3\">168 Kg\/m3<\/td>\n<\/tr>\n<tr>\n<td height=\"18\">Superficie espec\u00edfica<\/td>\n<td colspan=\"3\">529,6m2\/m3<\/td>\n<\/tr>\n<tr>\n<td height=\"18\">Porosidad<\/td>\n<td colspan=\"3\">0.9788\u03b5<\/td>\n<\/tr>\n<\/tbody>\n<\/table>\n<h2><\/h2>\n<h2>Material de la almohadilla antivaho<\/h2>\n<p>Las almohadillas antivaho se utilizan habitualmente en los procesos industriales para eliminar las gotas de l\u00edquido de las corrientes de gas. Consisten en una malla de alambres met\u00e1licos tejidos o fibras sint\u00e9ticas que proporcionan una gran superficie para que las gotas se fusionen y formen gotas m\u00e1s grandes que puedan eliminarse de la corriente de gas.<\/p>\n<p>Los materiales m\u00e1s utilizados para las almohadillas antivaho son el acero inoxidable y el polipropileno. El acero inoxidable es un material duradero y resistente a la corrosi\u00f3n que soporta altas temperaturas y entornos qu\u00edmicos agresivos, por lo que es adecuado para una amplia gama de aplicaciones. El polipropileno, por su parte, es un material ligero y econ\u00f3mico que suele utilizarse en aplicaciones menos exigentes.<\/p>\n<p>Otros materiales que pueden utilizarse para las almohadillas antivaho son el cobre, el aluminio y diversos tipos de fibras sint\u00e9ticas, como el poli\u00e9ster y el nailon. La elecci\u00f3n del material depende de los requisitos espec\u00edficos de la aplicaci\u00f3n, como el caudal de gas, la temperatura y la composici\u00f3n qu\u00edmica.<\/p>\n<h2>Instalaci\u00f3n de paneles antivaho<\/h2>\n<p>La instalaci\u00f3n de un coj\u00edn antivaho requiere una cuidadosa consideraci\u00f3n de varios factores, como el tipo de equipo en el que se va a utilizar, el caudal de gas y el nivel de eficiencia deseado. A continuaci\u00f3n se indican algunos pasos generales que deben seguirse al instalar un coj\u00edn antivaho:<\/p>\n<p>Determine el tama\u00f1o y la forma adecuados de la almohadilla antivaho en funci\u00f3n de los requisitos del equipo y del proceso.<\/p>\n<p>Instale la almohadilla antivaho en la ubicaci\u00f3n designada, asegur\u00e1ndose de que est\u00e9 bien sujeta y apoyada para evitar movimientos o da\u00f1os.<\/p>\n<p>Aseg\u00farese de que la direcci\u00f3n del flujo de gas es perpendicular a la cara de la almohadilla antivaho para maximizar su eficacia.<\/p>\n<p>Proporcione un espacio libre adecuado alrededor de la almohadilla antivaho para permitir un flujo de gas adecuado y evitar cualquier interferencia con equipos o estructuras adyacentes.<\/p>\n<p>Compruebe regularmente si la almohadilla antivaho presenta signos de desgaste o da\u00f1os, y sustit\u00fayala si es necesario para mantener un rendimiento \u00f3ptimo.<\/p>","protected":false},"excerpt":{"rendered":"<p>Knitted Wire Mesh es un tipo de malla de alambre de punto de tipo particular. Se utiliza para desempa\u00f1ador de malla de alambre, separador de aceite-gas, removedor de polvo, aparato de desempolvado, dispositivo de protecci\u00f3n del medio ambiente, varios dispositivos de separaci\u00f3n y filtrado, filtrado eliminar para auto y tractor, sellado, absorci\u00f3n de choque, silenciamiento y purificaci\u00f3n de componentes para el autom\u00f3vil, as\u00ed como utilizado para la interferencia electromagn\u00e9tica y dispositivos de blindaje para aparatos el\u00e9ctricos.<\/p>","protected":false},"featured_media":1641,"template":"","meta":{"_seopress_robots_primary_cat":"","_monsterinsights_skip_tracking":false,"_monsterinsights_sitenote_active":false,"_monsterinsights_sitenote_note":"","_monsterinsights_sitenote_category":0,"_joinchat":[]},"product_cat":[90],"product_tag":[],"class_list":["post-3508","product","type-product","status-publish","has-post-thumbnail","hentry","product_cat-column-internals"],"featured_image_urls":{"full":["https:\/\/www.laiko.net\/wp-content\/uploads\/2023\/10\/frc-6149feba05627db2f1d1d1efa5d1a92f.jpg",600,350,false],"thumbnail":["https:\/\/www.laiko.net\/wp-content\/uploads\/2023\/10\/frc-6149feba05627db2f1d1d1efa5d1a92f-150x150.jpg",150,150,true],"medium":["https:\/\/www.laiko.net\/wp-content\/uploads\/2023\/10\/frc-6149feba05627db2f1d1d1efa5d1a92f-300x175.jpg",300,175,true],"medium_large":["https:\/\/www.laiko.net\/wp-content\/uploads\/2023\/10\/frc-6149feba05627db2f1d1d1efa5d1a92f.jpg",600,350,false],"large":["https:\/\/www.laiko.net\/wp-content\/uploads\/2023\/10\/frc-6149feba05627db2f1d1d1efa5d1a92f.jpg",600,350,false],"1536x1536":["https:\/\/www.laiko.net\/wp-content\/uploads\/2023\/10\/frc-6149feba05627db2f1d1d1efa5d1a92f.jpg",600,350,false],"2048x2048":["https:\/\/www.laiko.net\/wp-content\/uploads\/2023\/10\/frc-6149feba05627db2f1d1d1efa5d1a92f.jpg",600,350,false],"trp-custom-language-flag":["https:\/\/www.laiko.net\/wp-content\/uploads\/2023\/10\/frc-6149feba05627db2f1d1d1efa5d1a92f.jpg",18,12,false],"woocommerce_thumbnail":["https:\/\/www.laiko.net\/wp-content\/uploads\/2023\/10\/frc-6149feba05627db2f1d1d1efa5d1a92f-300x175.jpg",300,175,true],"woocommerce_single":["https:\/\/www.laiko.net\/wp-content\/uploads\/2023\/10\/frc-6149feba05627db2f1d1d1efa5d1a92f.jpg",600,350,false],"woocommerce_gallery_thumbnail":["https:\/\/www.laiko.net\/wp-content\/uploads\/2023\/10\/frc-6149feba05627db2f1d1d1efa5d1a92f-100x100.jpg",100,100,true]},"post_excerpt_stackable":"<p>Knitted Wire Mesh is a kind of wire mesh knitted in particular type. It is used for wire mesh demister, oil-gas separator, dust remover, dedusting apparatus, environmental protection device, various separating and filtering devices, filtering eliminate for auto and tractor, sealing, shock absorption, muffling and purifying components for auto, as well as used for electromagnetic interference and shielding devices for electric apparatus.<\/p>\n","category_list":"","author_info":{"name":"","url":""},"comments_num":"0 comentarios","_links":{"self":[{"href":"https:\/\/www.laiko.net\/es\/wp-json\/wp\/v2\/product\/3508","targetHints":{"allow":["GET"]}}],"collection":[{"href":"https:\/\/www.laiko.net\/es\/wp-json\/wp\/v2\/product"}],"about":[{"href":"https:\/\/www.laiko.net\/es\/wp-json\/wp\/v2\/types\/product"}],"wp:featuredmedia":[{"embeddable":true,"href":"https:\/\/www.laiko.net\/es\/wp-json\/wp\/v2\/media\/1641"}],"wp:attachment":[{"href":"https:\/\/www.laiko.net\/es\/wp-json\/wp\/v2\/media?parent=3508"}],"wp:term":[{"taxonomy":"product_cat","embeddable":true,"href":"https:\/\/www.laiko.net\/es\/wp-json\/wp\/v2\/product_cat?post=3508"},{"taxonomy":"product_tag","embeddable":true,"href":"https:\/\/www.laiko.net\/es\/wp-json\/wp\/v2\/product_tag?post=3508"}],"curies":[{"name":"wp","href":"https:\/\/api.w.org\/{rel}","templated":true}]}}