{"id":3507,"date":"2023-10-28T14:07:13","date_gmt":"2023-10-28T06:07:13","guid":{"rendered":"http:\/\/www3.laiko.net\/?post_type=product&#038;p=3507"},"modified":"2023-10-31T16:44:20","modified_gmt":"2023-10-31T08:44:20","slug":"vane-type-demister","status":"publish","type":"product","link":"https:\/\/www.laiko.net\/es\/producto\/antivaho-de-paletas\/","title":{"rendered":"Desempa\u00f1ador de paletas"},"content":{"rendered":"<h2>Par\u00e1metros del antivaho de paletas<\/h2>\n<div class=\"overflow_x\">\n<table cellspacing=\"0\" cellpadding=\"0\">\n<colgroup>\n<col \/>\n<col \/>\n<col \/>\n<col \/><\/colgroup>\n<tbody>\n<tr class=\"firstRow\">\n<td height=\"16\">art\u00edculos<\/td>\n<td colspan=\"3\">Introducci\u00f3n espec\u00edfica<\/td>\n<\/tr>\n<tr>\n<td height=\"16\">Materiales del eliminador de gotas de paletas<\/td>\n<td>PP<\/td>\n<td>Acero inoxidable<\/td>\n<td>Fibra de vidrio<\/td>\n<\/tr>\n<tr>\n<td height=\"16\">Resistencia a la temperatura<\/td>\n<td>70-80\u2103<\/td>\n<td align=\"right\">200\u2103<\/td>\n<td>130\u2103<\/td>\n<\/tr>\n<tr>\n<td height=\"16\">Espesor de la placa deflectora<\/td>\n<td colspan=\"3\">1-3 mm o personalizado<\/td>\n<\/tr>\n<tr>\n<td height=\"16\">Intervalo entre placas deflectoras<\/td>\n<td colspan=\"3\">20 mm, 25 mm, 30 mm o personalizado<\/td>\n<\/tr>\n<\/tbody>\n<\/table>\n<\/div>\n<h2>Caracter\u00edsticas del antivaho de paletas<\/h2>\n<ul class=\"list-paddingleft-2\">\n<li>M\u00e1xima captura de la deriva gracias a un dise\u00f1o eficiente<\/li>\n<li>No se obstruye y es f\u00e1cil de limpiar<\/li>\n<li>F\u00e1cil de manipular, levantar y retirar para la inspecci\u00f3n y el mantenimiento del sistema de distribuci\u00f3n de agua y en la superficie de transferencia<\/li>\n<li>M\u00f3dulos anidados para garantizar la estanqueidad de la junta<\/li>\n<li>Resistencia a la corrosi\u00f3n<\/li>\n<li>Ajuste perfecto: kits de tallas espec\u00edficos para cada modelo<\/li>\n<\/ul>\n<h2>Ventajas del antivaho de paletas<\/h2>\n<p>Gran resistencia al desgaste y larga vida \u00fatil.<\/p>","protected":false},"excerpt":{"rendered":"<p>El separador de gotas tipo paletas se utiliza normalmente en condiciones de funcionamiento sucio o de bloqueo. Las paletas se pueden dividir en poligonal y aerodin\u00e1mico por geometr\u00eda.<\/p>","protected":false},"featured_media":1655,"template":"","meta":{"_seopress_robots_primary_cat":"","_monsterinsights_skip_tracking":false,"_monsterinsights_sitenote_active":false,"_monsterinsights_sitenote_note":"","_monsterinsights_sitenote_category":0,"_joinchat":[]},"product_cat":[90],"product_tag":[],"class_list":["post-3507","product","type-product","status-publish","has-post-thumbnail","hentry","product_cat-column-internals"],"featured_image_urls":{"full":["https:\/\/www.laiko.net\/wp-content\/uploads\/2023\/10\/frc-a786946560dbffe004195f3b006fc054.jpg",600,350,false],"thumbnail":["https:\/\/www.laiko.net\/wp-content\/uploads\/2023\/10\/frc-a786946560dbffe004195f3b006fc054-150x150.jpg",150,150,true],"medium":["https:\/\/www.laiko.net\/wp-content\/uploads\/2023\/10\/frc-a786946560dbffe004195f3b006fc054-300x175.jpg",300,175,true],"medium_large":["https:\/\/www.laiko.net\/wp-content\/uploads\/2023\/10\/frc-a786946560dbffe004195f3b006fc054.jpg",600,350,false],"large":["https:\/\/www.laiko.net\/wp-content\/uploads\/2023\/10\/frc-a786946560dbffe004195f3b006fc054.jpg",600,350,false],"1536x1536":["https:\/\/www.laiko.net\/wp-content\/uploads\/2023\/10\/frc-a786946560dbffe004195f3b006fc054.jpg",600,350,false],"2048x2048":["https:\/\/www.laiko.net\/wp-content\/uploads\/2023\/10\/frc-a786946560dbffe004195f3b006fc054.jpg",600,350,false],"trp-custom-language-flag":["https:\/\/www.laiko.net\/wp-content\/uploads\/2023\/10\/frc-a786946560dbffe004195f3b006fc054.jpg",18,12,false],"woocommerce_thumbnail":["https:\/\/www.laiko.net\/wp-content\/uploads\/2023\/10\/frc-a786946560dbffe004195f3b006fc054-300x175.jpg",300,175,true],"woocommerce_single":["https:\/\/www.laiko.net\/wp-content\/uploads\/2023\/10\/frc-a786946560dbffe004195f3b006fc054.jpg",600,350,false],"woocommerce_gallery_thumbnail":["https:\/\/www.laiko.net\/wp-content\/uploads\/2023\/10\/frc-a786946560dbffe004195f3b006fc054-100x100.jpg",100,100,true]},"post_excerpt_stackable":"<p>Vane Type Mist Eliminator is usually used in dirty or blocking operating condition. The vanes can be divided into polygonal and streamlined by geometry.<\/p>\n","category_list":"","author_info":{"name":"","url":""},"comments_num":"0 comentarios","_links":{"self":[{"href":"https:\/\/www.laiko.net\/es\/wp-json\/wp\/v2\/product\/3507","targetHints":{"allow":["GET"]}}],"collection":[{"href":"https:\/\/www.laiko.net\/es\/wp-json\/wp\/v2\/product"}],"about":[{"href":"https:\/\/www.laiko.net\/es\/wp-json\/wp\/v2\/types\/product"}],"wp:featuredmedia":[{"embeddable":true,"href":"https:\/\/www.laiko.net\/es\/wp-json\/wp\/v2\/media\/1655"}],"wp:attachment":[{"href":"https:\/\/www.laiko.net\/es\/wp-json\/wp\/v2\/media?parent=3507"}],"wp:term":[{"taxonomy":"product_cat","embeddable":true,"href":"https:\/\/www.laiko.net\/es\/wp-json\/wp\/v2\/product_cat?post=3507"},{"taxonomy":"product_tag","embeddable":true,"href":"https:\/\/www.laiko.net\/es\/wp-json\/wp\/v2\/product_tag?post=3507"}],"curies":[{"name":"wp","href":"https:\/\/api.w.org\/{rel}","templated":true}]}}